{"id":2142,"date":"2025-07-08T14:59:54","date_gmt":"2025-07-08T12:59:54","guid":{"rendered":"https:\/\/yukibeauty.ch\/product\/special-care-mask-foot-set-of-10-masks\/"},"modified":"2025-12-16T21:19:34","modified_gmt":"2025-12-16T20:19:34","slug":"foot-mask","status":"publish","type":"product","link":"https:\/\/yukibeauty.ch\/fr\/shop\/korean-routine\/masks\/foot-mask\/","title":{"rendered":"Set de 10 masques de soins sp\u00e9ciaux pour les pieds"},"content":{"rendered":"<h2 data-start=\"113\" data-end=\"161\"><strong data-start=\"117\" data-end=\"161\">Masque de soins sp\u00e9ciaux pour les pieds - Lot de 10 masques<\/strong><\/h2>\n<p data-start=\"163\" data-end=\"202\">Pieds doux et lisses<\/p>\n<p data-start=\"204\" data-end=\"475\">La version renouvel\u00e9e en 2023 du best-seller Special Care Foot Mask offre une hydratation et une douceur intenses aux pieds secs et rugueux, dans un format pratique semblable \u00e0 celui d'une chaussette. Chaque paire est imbib\u00e9e d'une riche essence laiteuse pour nourrir et restaurer en profondeur la peau fatigu\u00e9e, sans faire de d\u00e9g\u00e2ts.<\/p>\n<h2 data-start=\"482\" data-end=\"498\"><strong data-start=\"486\" data-end=\"498\">\u00a0Masques pour les pieds BeneSpecial Care<\/strong><\/h2>\n<ul data-start=\"500\" data-end=\"925\">\n<li data-start=\"500\" data-end=\"629\">\n<p data-start=\"502\" data-end=\"629\">Complexe de 7 herbes : comprend des extraits de fleur de ch\u00e8vrefeuille, de racine de pivoine et de racine de sophora pour nourrir, calmer et revitaliser.<\/p>\n<\/li>\n<li data-start=\"630\" data-end=\"719\">\n<p data-start=\"632\" data-end=\"719\">Conception de chaussettes portables : Pas de gouttes, pas de glissement - portez-les comme des chaussettes et d\u00e9tendez-vous.<\/p>\n<\/li>\n<li data-start=\"720\" data-end=\"840\">\n<p data-start=\"722\" data-end=\"840\">Hydratation en profondeur + Exfoliation en douceur : La glyc\u00e9rine hydrate, tandis que l'extrait de pamplemousse lisse et affine la peau rugueuse.<\/p>\n<\/li>\n<li data-start=\"841\" data-end=\"925\">\n<p data-start=\"843\" data-end=\"925\">L'exp\u00e9rience d'un spa \u00e0 la maison : Vos pieds sont doux, frais et repos\u00e9s.<\/p>\n<\/li>\n<\/ul>\n<p>&nbsp;<\/p>","protected":false},"excerpt":{"rendered":"<p>Special Care Mask Foot \u2013 Set of 10 Masks Soft, Smooth Feet The 2023 renewed version of the bestselling Special<\/p>","protected":false},"featured_media":3480,"comment_status":"open","ping_status":"closed","template":"","meta":[],"product_brand":[],"product_cat":[49,15,21],"product_tag":[],"class_list":{"0":"post-2142","1":"product","2":"type-product","3":"status-publish","4":"has-post-thumbnail","6":"product_cat-for-men","7":"product_cat-korean-routine","8":"product_cat-masks","10":"first","11":"instock","12":"featured","13":"purchasable","14":"product-type-simple"},"_links":{"self":[{"href":"https:\/\/yukibeauty.ch\/fr\/wp-json\/wp\/v2\/product\/2142","targetHints":{"allow":["GET"]}}],"collection":[{"href":"https:\/\/yukibeauty.ch\/fr\/wp-json\/wp\/v2\/product"}],"about":[{"href":"https:\/\/yukibeauty.ch\/fr\/wp-json\/wp\/v2\/types\/product"}],"replies":[{"embeddable":true,"href":"https:\/\/yukibeauty.ch\/fr\/wp-json\/wp\/v2\/comments?post=2142"}],"wp:featuredmedia":[{"embeddable":true,"href":"https:\/\/yukibeauty.ch\/fr\/wp-json\/wp\/v2\/media\/3480"}],"wp:attachment":[{"href":"https:\/\/yukibeauty.ch\/fr\/wp-json\/wp\/v2\/media?parent=2142"}],"wp:term":[{"taxonomy":"product_brand","embeddable":true,"href":"https:\/\/yukibeauty.ch\/fr\/wp-json\/wp\/v2\/product_brand?post=2142"},{"taxonomy":"product_cat","embeddable":true,"href":"https:\/\/yukibeauty.ch\/fr\/wp-json\/wp\/v2\/product_cat?post=2142"},{"taxonomy":"product_tag","embeddable":true,"href":"https:\/\/yukibeauty.ch\/fr\/wp-json\/wp\/v2\/product_tag?post=2142"}],"curies":[{"name":"wp","href":"https:\/\/api.w.org\/{rel}","templated":true}]}}