{"id":2143,"date":"2025-07-08T14:59:54","date_gmt":"2025-07-08T12:59:54","guid":{"rendered":"https:\/\/yukibeauty.ch\/product\/aha-brightening-and-cleaning-two-step-hand-mask\/"},"modified":"2025-12-16T21:28:17","modified_gmt":"2025-12-16T20:28:17","slug":"aha-brightening-and-cleaning-two-step-hand-mask","status":"publish","type":"product","link":"https:\/\/yukibeauty.ch\/fr\/shop\/korean-routine\/masks\/aha-brightening-and-cleaning-two-step-hand-mask\/","title":{"rendered":"Masque pour les mains en deux \u00e9tapes, \u00e9claircissant et nettoyant AHA"},"content":{"rendered":"<h2 data-start=\"158\" data-end=\"212\"><strong data-start=\"162\" data-end=\"212\">Masque pour les mains en deux \u00e9tapes, \u00e9claircissant et nettoyant AHA<\/strong><\/h2>\n<p data-start=\"214\" data-end=\"511\">Redonnez de la douceur et de l'\u00e9clat \u00e0 vos mains s\u00e8ches et rugueuses gr\u00e2ce \u00e0 ce soin innovant en deux \u00e9tapes. Le masque \u00e9claircissant et nettoyant pour les mains AHA associe un gommage doux \u00e0 un masque profond\u00e9ment hydratant pour rendre vos mains visiblement plus lisses, plus douces et plus \u00e9clatantes apr\u00e8s une seule utilisation.<\/p>\n<h2 data-start=\"518\" data-end=\"535\"><strong data-start=\"518\" data-end=\"535\">Caract\u00e9ristiques principales :<\/strong><\/h2>\n<ul data-start=\"537\" data-end=\"1450\">\n<li data-start=\"537\" data-end=\"677\">\n<p data-start=\"539\" data-end=\"677\">Traitement des mains en deux \u00e9tapes : La conception \u00e0 deux chambres comprend un gommage et un masque pour les mains pour un soin complet - exfoliation suivie d'une hydratation.<\/p>\n<\/li>\n<li data-start=\"678\" data-end=\"820\">\n<p data-start=\"680\" data-end=\"820\">Gommage exfoliant : Enrichi en triples particules exfoliantes et en acides amin\u00e9s, il \u00e9limine en douceur les cellules mortes et la texture rugueuse de la peau.<\/p>\n<\/li>\n<li data-start=\"821\" data-end=\"1028\">\n<p data-start=\"823\" data-end=\"1028\">Complexe AHA \u00e9claircissant : Un m\u00e9lange d'acide glycolique, d'acide lactique et d'acide malique, ainsi que cinq AHA d\u00e9riv\u00e9s de fruits et du niacinamide, permet de lisser, d'\u00e9claircir et d'am\u00e9liorer l'apparence de la peau terne.<\/p>\n<\/li>\n<li data-start=\"1029\" data-end=\"1165\">\n<p data-start=\"1031\" data-end=\"1165\">Soin des cuticules : l'acide hydroxy\u00e9thylpip\u00e9razine \u00e9thane sulfonique adoucit les cuticules rugueuses et favorise la p\u00e9n\u00e9tration des ingr\u00e9dients actifs.<\/p>\n<\/li>\n<li data-start=\"1166\" data-end=\"1307\">\n<p data-start=\"1168\" data-end=\"1307\">Hydratation en profondeur : Infus\u00e9e d'huile de graines de macadamia, la formule nourrissante aide \u00e0 retenir l'humidit\u00e9 et \u00e0 redonner de la douceur aux mains s\u00e8ches.<\/p>\n<\/li>\n<li data-start=\"1308\" data-end=\"1450\">\n<p data-start=\"1310\" data-end=\"1450\">Masque en soie de premi\u00e8re qualit\u00e9 : Doux et respectueux de la peau, le masque en forme de gant de soie assure une distribution uniforme de l'essence pour des r\u00e9sultats optimaux.<\/p>\n<\/li>\n<\/ul>\n<p><strong data-start=\"1457\" data-end=\"1475\">Profil olfactif :<\/strong><br data-start=\"1475\" data-end=\"1478\" \/>Un parfum rafra\u00eechissant d'agrumes verts avec des notes de <strong data-start=\"1528\" data-end=\"1547\">citron vert et agrumes<\/strong>, un c\u0153ur de <strong data-start=\"1560\" data-end=\"1567\">th\u00e9<\/strong>et d'une chaleureuse <strong data-start=\"1580\" data-end=\"1602\">musc et ambre gris<\/strong> base.<\/p>\n<p>Parfait pour <strong data-start=\"1820\" data-end=\"1858\">des mains s\u00e8ches, rugueuses ou d'aspect fatigu\u00e9<\/strong>, ce <strong data-start=\"1865\" data-end=\"1904\">masque exfoliant et hydratant pour les mains<\/strong> est la solution id\u00e9ale pour un rajeunissement instantan\u00e9 des mains. Convient \u00e0 tous les types de peau.<\/p>","protected":false},"excerpt":{"rendered":"<p>AHA Brightening And Cleansing Two-Step Hand Mask Restore softness and glow to dry, rough hands with this innovative two-step hand<\/p>","protected":false},"featured_media":3485,"comment_status":"open","ping_status":"closed","template":"","meta":[],"product_brand":[],"product_cat":[49,15,21],"product_tag":[],"class_list":{"0":"post-2143","1":"product","2":"type-product","3":"status-publish","4":"has-post-thumbnail","6":"product_cat-for-men","7":"product_cat-korean-routine","8":"product_cat-masks","10":"first","11":"instock","12":"purchasable","13":"product-type-simple"},"_links":{"self":[{"href":"https:\/\/yukibeauty.ch\/fr\/wp-json\/wp\/v2\/product\/2143","targetHints":{"allow":["GET"]}}],"collection":[{"href":"https:\/\/yukibeauty.ch\/fr\/wp-json\/wp\/v2\/product"}],"about":[{"href":"https:\/\/yukibeauty.ch\/fr\/wp-json\/wp\/v2\/types\/product"}],"replies":[{"embeddable":true,"href":"https:\/\/yukibeauty.ch\/fr\/wp-json\/wp\/v2\/comments?post=2143"}],"wp:featuredmedia":[{"embeddable":true,"href":"https:\/\/yukibeauty.ch\/fr\/wp-json\/wp\/v2\/media\/3485"}],"wp:attachment":[{"href":"https:\/\/yukibeauty.ch\/fr\/wp-json\/wp\/v2\/media?parent=2143"}],"wp:term":[{"taxonomy":"product_brand","embeddable":true,"href":"https:\/\/yukibeauty.ch\/fr\/wp-json\/wp\/v2\/product_brand?post=2143"},{"taxonomy":"product_cat","embeddable":true,"href":"https:\/\/yukibeauty.ch\/fr\/wp-json\/wp\/v2\/product_cat?post=2143"},{"taxonomy":"product_tag","embeddable":true,"href":"https:\/\/yukibeauty.ch\/fr\/wp-json\/wp\/v2\/product_tag?post=2143"}],"curies":[{"name":"wp","href":"https:\/\/api.w.org\/{rel}","templated":true}]}}