{"id":2147,"date":"2025-07-08T14:59:00","date_gmt":"2025-07-08T12:59:00","guid":{"rendered":"https:\/\/yukibeauty.ch\/product\/vt-cosmetics-cica-reedle-shot-100-50ml\/"},"modified":"2026-02-10T10:03:23","modified_gmt":"2026-02-10T09:03:23","slug":"vt-reedle-shot-100","status":"publish","type":"product","link":"https:\/\/yukibeauty.ch\/fr\/shop\/korean-routine\/serum\/vt-reedle-shot-100\/","title":{"rendered":"VT cosmetics Cica reedle shot 100 50ml"},"content":{"rendered":"<h2 data-section-id=\"90g32w\" data-start=\"150\" data-end=\"189\">VT Cosmetics Cica Reedle Shot 100<\/h2>\n<p data-start=\"190\" data-end=\"238\">Soin apaisant cibl\u00e9 avec distribution de micro-aiguilles<\/p>\n<p data-start=\"240\" data-end=\"531\">VT Cica Reedle Shot 100 est un stimulant cutan\u00e9 concentr\u00e9 con\u00e7u pour les peaux irrit\u00e9es, sensibles et sujettes aux imperfections. Infus\u00e9e du pouvoir apaisant de la Centella Asiatica, cette formule renforce la barri\u00e8re cutan\u00e9e, calme les irritations et am\u00e9liore la clart\u00e9 de la peau - tout cela dans le confort de votre maison.<\/p>\n<h2 data-section-id=\"ycgkk5\" data-start=\"533\" data-end=\"549\">Principaux avantages<\/h2>\n<ul>\n<li data-start=\"551\" data-end=\"995\">Favorise le renouvellement naturel de la peau, pour un teint plus clair et plus lisse.<\/li>\n<li data-start=\"551\" data-end=\"995\">Aide \u00e0 \u00e9liminer en douceur les impuret\u00e9s accumul\u00e9es dans les pores.<\/li>\n<li data-start=\"551\" data-end=\"995\">Con\u00e7u pour les peaux sensibles et acn\u00e9iques, y compris les d\u00e9butants en soins actifs<\/li>\n<li data-start=\"551\" data-end=\"995\">Am\u00e9liore l'absorption des \u00e9tapes suivantes du soin de la peau pour de meilleurs r\u00e9sultats<\/li>\n<li data-start=\"551\" data-end=\"995\">Contient de l'acide hyaluronique triple, du complexe Centella 4X et de l'extrait de propolis verte.<\/li>\n<li data-start=\"551\" data-end=\"995\">Fournit une d\u00e9livrance inspir\u00e9e des micro-aiguilles sans proc\u00e9dures invasives<\/li>\n<\/ul>\n<h3 data-section-id=\"tem817\" data-start=\"997\" data-end=\"1030\"><strong>Booster doux pour la peau de verre<\/strong><\/h3>\n<p data-start=\"1032\" data-end=\"1296\">Cica Reedle Shot 100 associe des ingr\u00e9dients de type micro-aiguilles \u00e0 des actifs botaniques pour cr\u00e9er des canaux d'absorption dans la peau tout en maintenant un effet apaisant. Il rend les soins de la peau de haute performance accessibles et efficaces \u00e0 la maison - sans outils compliqu\u00e9s ni temps d'arr\u00eat.<\/p>","protected":false},"excerpt":{"rendered":"<p>VT Cosmetics Cica Reedle Shot 100 Targeted soothing care with microneedle delivery VT Cica Reedle Shot 100 is a concentrated<\/p>","protected":false},"featured_media":3499,"comment_status":"open","ping_status":"closed","template":"","meta":[],"product_brand":[],"product_cat":[49,15,312],"product_tag":[],"class_list":{"0":"post-2147","1":"product","2":"type-product","3":"status-publish","4":"has-post-thumbnail","6":"product_cat-for-men","7":"product_cat-korean-routine","8":"product_cat-serum","10":"first","11":"instock","12":"sale","13":"featured","14":"purchasable","15":"product-type-simple"},"_links":{"self":[{"href":"https:\/\/yukibeauty.ch\/fr\/wp-json\/wp\/v2\/product\/2147","targetHints":{"allow":["GET"]}}],"collection":[{"href":"https:\/\/yukibeauty.ch\/fr\/wp-json\/wp\/v2\/product"}],"about":[{"href":"https:\/\/yukibeauty.ch\/fr\/wp-json\/wp\/v2\/types\/product"}],"replies":[{"embeddable":true,"href":"https:\/\/yukibeauty.ch\/fr\/wp-json\/wp\/v2\/comments?post=2147"}],"wp:featuredmedia":[{"embeddable":true,"href":"https:\/\/yukibeauty.ch\/fr\/wp-json\/wp\/v2\/media\/3499"}],"wp:attachment":[{"href":"https:\/\/yukibeauty.ch\/fr\/wp-json\/wp\/v2\/media?parent=2147"}],"wp:term":[{"taxonomy":"product_brand","embeddable":true,"href":"https:\/\/yukibeauty.ch\/fr\/wp-json\/wp\/v2\/product_brand?post=2147"},{"taxonomy":"product_cat","embeddable":true,"href":"https:\/\/yukibeauty.ch\/fr\/wp-json\/wp\/v2\/product_cat?post=2147"},{"taxonomy":"product_tag","embeddable":true,"href":"https:\/\/yukibeauty.ch\/fr\/wp-json\/wp\/v2\/product_tag?post=2147"}],"curies":[{"name":"wp","href":"https:\/\/api.w.org\/{rel}","templated":true}]}}