{"id":2148,"date":"2025-07-08T14:59:00","date_gmt":"2025-07-08T12:59:00","guid":{"rendered":"https:\/\/yukibeauty.ch\/product\/vt-cosmetics-cica-reedle-shot-300-50ml\/"},"modified":"2025-12-23T18:08:38","modified_gmt":"2025-12-23T17:08:38","slug":"vt-reedle-shot-300","status":"publish","type":"product","link":"https:\/\/yukibeauty.ch\/fr\/shop\/korean-routine\/serum\/vt-reedle-shot-300\/","title":{"rendered":"VT cosmetics Cica reedle shot 300 50ml"},"content":{"rendered":"<h2 data-section-id=\"yagr9u\" data-start=\"166\" data-end=\"200\">VT Cosmetics Reedle Shot 300<\/h2>\n<p data-start=\"201\" data-end=\"252\">Booster facial pour l'affinement de la texture et le soin des pores<\/p>\n<p data-start=\"254\" data-end=\"584\">Reedle Shot 300 est un booster de nouvelle g\u00e9n\u00e9ration qui exploite la technologie des micro-aiguilles pour am\u00e9liorer l'absorption des ingr\u00e9dients et stimuler le renouvellement de la peau - tout en restant suffisamment doux pour une utilisation r\u00e9guli\u00e8re. Con\u00e7u pour les peaux sensibles et sujettes aux imperfections, il offre de puissants effets \u00e9claircissants, raffermissants et apaisants \u00e0 chaque application.<\/p>\n<h2 data-section-id=\"ycgkk5\" data-start=\"586\" data-end=\"602\">Principaux avantages<\/h2>\n<ul>\n<li data-start=\"604\" data-end=\"956\">Am\u00e9liore la texture de la peau et resserre les pores<\/li>\n<li data-start=\"604\" data-end=\"956\">Am\u00e9liore l'absorption des produits de soin gr\u00e2ce \u00e0 la technologie des micro-aiguilles<\/li>\n<li data-start=\"604\" data-end=\"956\">Lisse et hydrate tout en r\u00e9duisant les rougeurs et les irritations.<\/li>\n<li data-start=\"604\" data-end=\"956\">Contient des ingr\u00e9dients anti-\u00e2ge et \u00e9claircissants pour un teint radieux et uniforme.<\/li>\n<li data-start=\"604\" data-end=\"956\">Id\u00e9al pour les peaux sensibles et congestionn\u00e9es<\/li>\n<li data-start=\"604\" data-end=\"956\">Utilisation recommand\u00e9e tous les deux jours<\/li>\n<\/ul>\n<h2 data-section-id=\"64sk0r\" data-start=\"958\" data-end=\"1000\">Formule avanc\u00e9e avec des actifs cibl\u00e9s<\/h2>\n<ul>\n<li data-start=\"1002\" data-end=\"1470\"><strong data-start=\"1004\" data-end=\"1019\">Niacinamide<\/strong> - \u00c9claircit la peau terne, r\u00e9gule le s\u00e9bum, calme l'inflammation et renforce la barri\u00e8re cutan\u00e9e.<\/li>\n<li data-start=\"1002\" data-end=\"1470\"><strong data-start=\"1115\" data-end=\"1128\">Ad\u00e9nosine<\/strong> - Lisse les rides, am\u00e9liore l'\u00e9lasticit\u00e9 et favorise la r\u00e9g\u00e9n\u00e9ration.<\/li>\n<li data-start=\"1002\" data-end=\"1470\"><strong data-start=\"1200\" data-end=\"1224\">Cica Reedle\u2122 Complex<\/strong> - Syst\u00e8me de diffusion de microparticules qui active le renouvellement de la peau et apaise en profondeur.<\/li>\n<li data-start=\"1002\" data-end=\"1470\"><strong data-start=\"1308\" data-end=\"1323\">Acides amin\u00e9s<\/strong> - Fournit une hydratation, un soutien antioxydant et stimule la production de collag\u00e8ne.<\/li>\n<li data-start=\"1002\" data-end=\"1470\"><strong data-start=\"1404\" data-end=\"1424\">Extrait de propolis<\/strong> - Apaise, prot\u00e8ge et r\u00e9duit l'inflammation<\/li>\n<\/ul>\n<p data-start=\"1891\" data-end=\"2027\">Reedle Shot 300 offre un soin de niveau professionnel dans le cadre d'une simple routine \u00e0 domicile - une solution r\u00e9volutionnaire pour une peau lisse, \u00e9clatante et raffin\u00e9e.<\/p>","protected":false},"excerpt":{"rendered":"<p>VT Cosmetics Reedle Shot 300 Facial Booster for Texture Refinement and Pore Care Reedle Shot 300 is a next-generation booster<\/p>","protected":false},"featured_media":3510,"comment_status":"open","ping_status":"closed","template":"","meta":[],"product_brand":[],"product_cat":[49,15,312],"product_tag":[],"class_list":{"0":"post-2148","1":"product","2":"type-product","3":"status-publish","4":"has-post-thumbnail","6":"product_cat-for-men","7":"product_cat-korean-routine","8":"product_cat-serum","10":"first","11":"instock","12":"sale","13":"featured","14":"purchasable","15":"product-type-simple"},"_links":{"self":[{"href":"https:\/\/yukibeauty.ch\/fr\/wp-json\/wp\/v2\/product\/2148","targetHints":{"allow":["GET"]}}],"collection":[{"href":"https:\/\/yukibeauty.ch\/fr\/wp-json\/wp\/v2\/product"}],"about":[{"href":"https:\/\/yukibeauty.ch\/fr\/wp-json\/wp\/v2\/types\/product"}],"replies":[{"embeddable":true,"href":"https:\/\/yukibeauty.ch\/fr\/wp-json\/wp\/v2\/comments?post=2148"}],"wp:featuredmedia":[{"embeddable":true,"href":"https:\/\/yukibeauty.ch\/fr\/wp-json\/wp\/v2\/media\/3510"}],"wp:attachment":[{"href":"https:\/\/yukibeauty.ch\/fr\/wp-json\/wp\/v2\/media?parent=2148"}],"wp:term":[{"taxonomy":"product_brand","embeddable":true,"href":"https:\/\/yukibeauty.ch\/fr\/wp-json\/wp\/v2\/product_brand?post=2148"},{"taxonomy":"product_cat","embeddable":true,"href":"https:\/\/yukibeauty.ch\/fr\/wp-json\/wp\/v2\/product_cat?post=2148"},{"taxonomy":"product_tag","embeddable":true,"href":"https:\/\/yukibeauty.ch\/fr\/wp-json\/wp\/v2\/product_tag?post=2148"}],"curies":[{"name":"wp","href":"https:\/\/api.w.org\/{rel}","templated":true}]}}