{"id":2149,"date":"2025-07-08T14:59:00","date_gmt":"2025-07-08T12:59:00","guid":{"rendered":"https:\/\/yukibeauty.ch\/product\/vt-cosmetics-cica-reedle-shot-700-50ml\/"},"modified":"2025-12-18T20:31:21","modified_gmt":"2025-12-18T19:31:21","slug":"vt-reedle-shot-700","status":"publish","type":"product","link":"https:\/\/yukibeauty.ch\/fr\/shop\/korean-routine\/serum\/vt-reedle-shot-700\/","title":{"rendered":"VT cosmetics Cica reedle shot 700"},"content":{"rendered":"<h2 data-section-id=\"ydafiu\" data-start=\"173\" data-end=\"207\">VT Cosmetics Reedle Shot 700<\/h2>\n<p data-start=\"208\" data-end=\"270\">Traitement hebdomadaire avanc\u00e9 avec absorption inspir\u00e9e des micro-aiguilles<\/p>\n<p data-start=\"272\" data-end=\"594\">Renouvelez votre peau avec Reedle Shot 700 - une solution innovante qui imite le microneedling pour am\u00e9liorer la diffusion d'ingr\u00e9dients actifs en profondeur dans la peau. Ce traitement de haute intensit\u00e9 est aliment\u00e9 par l'extrait de Centella Asiatica et l'acide hyaluronique \u00e0 faible poids mol\u00e9culaire pour hydrater, apaiser et renforcer la barri\u00e8re cutan\u00e9e.<\/p>\n<h2 data-section-id=\"ycgkk5\" data-start=\"596\" data-end=\"612\">Principaux avantages<\/h2>\n<ul>\n<li data-start=\"614\" data-end=\"1025\">Am\u00e9liore l'absorption gr\u00e2ce \u00e0 la technologie des micro-aiguilles pour des r\u00e9sultats visibles<\/li>\n<li data-start=\"614\" data-end=\"1025\">Aide \u00e0 am\u00e9liorer l'\u00e9clat, l'hydratation et la texture de la peau<\/li>\n<li data-start=\"614\" data-end=\"1025\">Formul\u00e9 \u00e0 base de Centella Asiatica pour calmer les irritations et favoriser la r\u00e9g\u00e9n\u00e9ration de la peau.<\/li>\n<li data-start=\"614\" data-end=\"1025\">Contient de l'acide hyaluronique \u00e0 petites mol\u00e9cules pour une hydratation profonde et durable.<\/li>\n<li data-start=\"614\" data-end=\"1025\">Convient pour une utilisation hebdomadaire en tant que traitement de nuit puissant<\/li>\n<li data-start=\"614\" data-end=\"1025\">Test\u00e9 par patch cutan\u00e9 ; un l\u00e9ger picotement est un effet normal de l'action.<\/li>\n<\/ul>\n<h3 data-section-id=\"1ljz12d\" data-start=\"1027\" data-end=\"1072\"><strong>Renouvellement hebdomadaire de la peau avec p\u00e9n\u00e9tration en profondeur<\/strong><\/h3>\n<p data-start=\"1074\" data-end=\"1371\">Reedle Shot 700 diffuse des ingr\u00e9dients actifs dans les couches plus profondes de la peau en utilisant une structure semblable \u00e0 celle des micro-aiguilles. Cela am\u00e9liore l'efficacit\u00e9 tout en favorisant le renouvellement, l'\u00e9clat et la r\u00e9sistance de la peau. Il est id\u00e9al pour les personnes qui recherchent une option de resurfa\u00e7age de la peau plus intensive, \u00e0 domicile, sans outils invasifs.<\/p>\n<p data-start=\"1747\" data-end=\"1900\">Reedle Shot 700 est con\u00e7u pour les utilisateurs qui souhaitent obtenir des r\u00e9sultats de niveau professionnel \u00e0 domicile - un l\u00e9ger picotement est le signe que les ingr\u00e9dients actifs agissent.<\/p>","protected":false},"excerpt":{"rendered":"<p>VT Cosmetics Reedle Shot 700 Advanced weekly treatment with microneedle-inspired absorption Renew your skin with Reedle Shot 700 \u2014 an<\/p>","protected":false},"featured_media":3514,"comment_status":"open","ping_status":"closed","template":"","meta":[],"product_brand":[],"product_cat":[49,15,312],"product_tag":[],"class_list":{"0":"post-2149","1":"product","2":"type-product","3":"status-publish","4":"has-post-thumbnail","6":"product_cat-for-men","7":"product_cat-korean-routine","8":"product_cat-serum","10":"first","11":"instock","12":"sale","13":"featured","14":"purchasable","15":"product-type-simple"},"_links":{"self":[{"href":"https:\/\/yukibeauty.ch\/fr\/wp-json\/wp\/v2\/product\/2149","targetHints":{"allow":["GET"]}}],"collection":[{"href":"https:\/\/yukibeauty.ch\/fr\/wp-json\/wp\/v2\/product"}],"about":[{"href":"https:\/\/yukibeauty.ch\/fr\/wp-json\/wp\/v2\/types\/product"}],"replies":[{"embeddable":true,"href":"https:\/\/yukibeauty.ch\/fr\/wp-json\/wp\/v2\/comments?post=2149"}],"wp:featuredmedia":[{"embeddable":true,"href":"https:\/\/yukibeauty.ch\/fr\/wp-json\/wp\/v2\/media\/3514"}],"wp:attachment":[{"href":"https:\/\/yukibeauty.ch\/fr\/wp-json\/wp\/v2\/media?parent=2149"}],"wp:term":[{"taxonomy":"product_brand","embeddable":true,"href":"https:\/\/yukibeauty.ch\/fr\/wp-json\/wp\/v2\/product_brand?post=2149"},{"taxonomy":"product_cat","embeddable":true,"href":"https:\/\/yukibeauty.ch\/fr\/wp-json\/wp\/v2\/product_cat?post=2149"},{"taxonomy":"product_tag","embeddable":true,"href":"https:\/\/yukibeauty.ch\/fr\/wp-json\/wp\/v2\/product_tag?post=2149"}],"curies":[{"name":"wp","href":"https:\/\/api.w.org\/{rel}","templated":true}]}}