{"id":2153,"date":"2025-07-08T14:59:54","date_gmt":"2025-07-08T12:59:54","guid":{"rendered":"https:\/\/yukibeauty.ch\/product\/retinol-intense-reactivating-serum\/"},"modified":"2025-12-23T17:39:09","modified_gmt":"2025-12-23T16:39:09","slug":"retinol-intense-serum","status":"publish","type":"product","link":"https:\/\/yukibeauty.ch\/fr\/shop\/korean-routine\/serum\/retinol-intense-serum\/","title":{"rendered":"S\u00e9rum r\u00e9activant intense au r\u00e9tinol"},"content":{"rendered":"<h2 data-section-id=\"gvfb28\" data-start=\"157\" data-end=\"212\"><strong data-start=\"161\" data-end=\"210\">SOMEBYMI - S\u00e9rum r\u00e9activant intense au r\u00e9tinol<\/strong><\/h2>\n<p data-start=\"213\" data-end=\"276\"><strong data-start=\"213\" data-end=\"276\">Triple puissance du r\u00e9tinol pour une peau ferme, lisse et rajeunie<\/strong><\/p>\n<p data-start=\"278\" data-end=\"686\">Un s\u00e9rum anti-\u00e2ge avanc\u00e9 aliment\u00e9 par un trio synergique : R\u00e9tinol (0,1%), R\u00e9tinal et Bakuchiol. Cette formule l\u00e9g\u00e8re mais puissante apporte des am\u00e9liorations visibles en termes de fermet\u00e9, de texture et d'\u00e9lasticit\u00e9 de la peau, le tout sans irritation. D\u00e9velopp\u00e9e avec la technologie Re-active et un syst\u00e8me de liposomes \u00e9lastiques, elle assure une diffusion s\u00fbre et profonde des ingr\u00e9dients actifs, m\u00eame pour les peaux sensibles.<\/p>\n<h2 data-section-id=\"3u00wt\" data-start=\"693\" data-end=\"715\"><strong data-start=\"699\" data-end=\"715\">Principaux avantages<\/strong><\/h2>\n<p data-start=\"717\" data-end=\"902\">- <strong data-start=\"719\" data-end=\"777\">Complexe triple r\u00e9tinol (r\u00e9tinol + r\u00e9tinal + bakuchiol)<\/strong><br data-start=\"777\" data-end=\"780\" \/>Cible les ridules, les rides et le rel\u00e2chement cutan\u00e9 et stimule la production de collag\u00e8ne et d'\u00e9lastine pour une peau plus lisse et plus r\u00e9sistante.<\/p>\n<p data-start=\"904\" data-end=\"1103\">- <strong data-start=\"906\" data-end=\"948\">Apaise et renforce les peaux sensibles<\/strong><br data-start=\"948\" data-end=\"951\" \/>Formul\u00e9 avec TruCica\u2122, du panth\u00e9nol, du b\u00eata-glucane et des c\u00e9ramides, il calme les irritations et r\u00e9pare la barri\u00e8re cutan\u00e9e tout en r\u00e9tablissant une hydratation optimale.<\/p>\n<p data-start=\"1105\" data-end=\"1289\">- <strong data-start=\"1107\" data-end=\"1134\">Bakuchiol d'origine v\u00e9g\u00e9tale<\/strong><br data-start=\"1134\" data-end=\"1137\" \/>Une alternative naturelle et douce au r\u00e9tinol qui offre des avantages similaires, sans risque de sensibilit\u00e9. Parfait pour une utilisation quotidienne, m\u00eame sur les peaux r\u00e9actives.<\/p>\n<p data-start=\"1291\" data-end=\"1434\">- <strong data-start=\"1293\" data-end=\"1329\">Syst\u00e8me d'administration de liposomes \u00e9lastiques<\/strong><br data-start=\"1329\" data-end=\"1332\" \/>Encapsule les ingr\u00e9dients actifs pour qu'ils p\u00e9n\u00e8trent plus profond\u00e9ment, am\u00e9liorant l'efficacit\u00e9 et minimisant l'irritation.<\/p>\n<p data-start=\"1436\" data-end=\"1541\">- <strong data-start=\"1438\" data-end=\"1494\">Non com\u00e9dog\u00e8ne et exempt de 20 ingr\u00e9dients nocifs<\/strong><br data-start=\"1494\" data-end=\"1497\" \/>Sans danger pour les peaux acn\u00e9iques et d\u00e9licates.<\/p>\n<h2 data-section-id=\"1cu2wuc\" data-start=\"1548\" data-end=\"1574\"><strong data-start=\"1555\" data-end=\"1574\">Ingr\u00e9dients cl\u00e9s<\/strong><\/h2>\n<ul data-start=\"1576\" data-end=\"2046\">\n<li data-start=\"1576\" data-end=\"1695\">\n<p data-start=\"1578\" data-end=\"1695\">R\u00e9tinol (0,1%) + R\u00e9tinal (1ppm) - r\u00e9duit visiblement les rides, am\u00e9liore l'\u00e9lasticit\u00e9 et acc\u00e9l\u00e8re la r\u00e9g\u00e9n\u00e9ration de la peau.<\/p>\n<\/li>\n<li data-start=\"1696\" data-end=\"1800\">\n<p data-start=\"1698\" data-end=\"1800\">Bakuchiol (5 000 ppm) - alternative v\u00e9g\u00e9tale au r\u00e9tinol avec des effets \u00e9claircissants et lissants.<\/p>\n<\/li>\n<li data-start=\"1801\" data-end=\"1871\">\n<p data-start=\"1803\" data-end=\"1871\">Panth\u00e9nol + Beta-Glucan - apaise et hydrate la peau irrit\u00e9e<\/p>\n<\/li>\n<li data-start=\"1872\" data-end=\"1944\">\n<p data-start=\"1874\" data-end=\"1944\">C\u00e9ramides - renforcent la barri\u00e8re cutan\u00e9e et pr\u00e9viennent la perte d'hydratation<\/p>\n<\/li>\n<li data-start=\"1945\" data-end=\"2046\">\n<p data-start=\"1947\" data-end=\"2046\">TruCica\u2122 - un m\u00e9lange calmant de d\u00e9riv\u00e9s de Centella Asiatica pour soulager les rougeurs et l'inflammation.<\/p>\n<\/li>\n<\/ul>\n<h2 data-section-id=\"1k2c371\" data-start=\"2053\" data-end=\"2080\"><strong data-start=\"2059\" data-end=\"2078\">Recommand\u00e9 pour<\/strong><\/h2>\n<p data-start=\"2081\" data-end=\"2348\">- Signes pr\u00e9coces de vieillissement : ridules, teint terne, perte de fermet\u00e9<br data-start=\"2147\" data-end=\"2150\" \/>- Peau sensible \u00e0 la recherche d'un soin au r\u00e9tinol doux mais efficace<br data-start=\"2212\" data-end=\"2215\" \/>- Peau sujette \u00e0 l'acn\u00e9 avec des probl\u00e8mes de post-\u00e9ruption ou de texture<br data-start=\"2282\" data-end=\"2285\" \/>- Routine anti-\u00e2ge quotidienne pour les peaux s\u00e8ches, irrit\u00e9es ou fragilis\u00e9es<\/p>","protected":false},"excerpt":{"rendered":"<p>SOMEBYMI \u2013 Retinol Intense Reactivating Serum Triple Retinol Power for Firm, Smooth, and Rejuvenated Skin An advanced anti-aging serum powered<\/p>","protected":false},"featured_media":3664,"comment_status":"open","ping_status":"closed","template":"","meta":[],"product_brand":[],"product_cat":[49,15,312],"product_tag":[],"class_list":{"0":"post-2153","1":"product","2":"type-product","3":"status-publish","4":"has-post-thumbnail","6":"product_cat-for-men","7":"product_cat-korean-routine","8":"product_cat-serum","10":"first","11":"instock","12":"featured","13":"purchasable","14":"product-type-simple"},"_links":{"self":[{"href":"https:\/\/yukibeauty.ch\/fr\/wp-json\/wp\/v2\/product\/2153","targetHints":{"allow":["GET"]}}],"collection":[{"href":"https:\/\/yukibeauty.ch\/fr\/wp-json\/wp\/v2\/product"}],"about":[{"href":"https:\/\/yukibeauty.ch\/fr\/wp-json\/wp\/v2\/types\/product"}],"replies":[{"embeddable":true,"href":"https:\/\/yukibeauty.ch\/fr\/wp-json\/wp\/v2\/comments?post=2153"}],"wp:featuredmedia":[{"embeddable":true,"href":"https:\/\/yukibeauty.ch\/fr\/wp-json\/wp\/v2\/media\/3664"}],"wp:attachment":[{"href":"https:\/\/yukibeauty.ch\/fr\/wp-json\/wp\/v2\/media?parent=2153"}],"wp:term":[{"taxonomy":"product_brand","embeddable":true,"href":"https:\/\/yukibeauty.ch\/fr\/wp-json\/wp\/v2\/product_brand?post=2153"},{"taxonomy":"product_cat","embeddable":true,"href":"https:\/\/yukibeauty.ch\/fr\/wp-json\/wp\/v2\/product_cat?post=2153"},{"taxonomy":"product_tag","embeddable":true,"href":"https:\/\/yukibeauty.ch\/fr\/wp-json\/wp\/v2\/product_tag?post=2153"}],"curies":[{"name":"wp","href":"https:\/\/api.w.org\/{rel}","templated":true}]}}