{"id":2154,"date":"2025-07-08T14:59:54","date_gmt":"2025-07-08T12:59:54","guid":{"rendered":"https:\/\/yukibeauty.ch\/product\/full-fit-propolis-light-ampoule\/"},"modified":"2025-12-16T21:39:46","modified_gmt":"2025-12-16T20:39:46","slug":"cosrx-full-fit-propolis-light-ampoule","status":"publish","type":"product","link":"https:\/\/yukibeauty.ch\/fr\/shop\/korean-routine\/serum\/cosrx-full-fit-propolis-light-ampoule\/","title":{"rendered":"Full Fit Propolis Light Ampoule"},"content":{"rendered":"<h2 data-start=\"79\" data-end=\"126\"><strong data-start=\"83\" data-end=\"124\">COSRX Full Fit Propolis Light Ampoule<\/strong><\/h2>\n<p data-start=\"127\" data-end=\"191\"><strong data-start=\"127\" data-end=\"191\">Ampoule Glow-Boosting avec 83.25% Extrait de Propolis d'Abeille Noire<\/strong><\/p>\n<p data-start=\"193\" data-end=\"527\">Obtenez une peau visiblement plus saine et plus \u00e9clatante gr\u00e2ce \u00e0 cette ampoule culte de COSRX. Enrichie en extrait de propolis d'abeille noire 83.25%, elle offre de puissants avantages antioxydants, antibact\u00e9riens et anti-inflammatoires, aidant \u00e0 apaiser l'irritation, \u00e0 r\u00e9duire les rougeurs et \u00e0 fortifier la barri\u00e8re cutan\u00e9e - le tout sans effet collant ni gras.<\/p>\n<p data-start=\"529\" data-end=\"657\">Id\u00e9ale pour les peaux sensibles, ternes ou stress\u00e9es, cette ampoule hydrate en profondeur, am\u00e9liore la texture et laisse un \u00e9clat de ros\u00e9e et de peau de verre.<\/p>\n<h2 data-start=\"664\" data-end=\"682\">Principaux avantages<\/h2>\n<ul data-start=\"684\" data-end=\"896\">\n<li data-start=\"684\" data-end=\"723\">\n<p data-start=\"686\" data-end=\"723\">Apaise les peaux irrit\u00e9es et stress\u00e9es<\/p>\n<\/li>\n<li data-start=\"724\" data-end=\"760\">\n<p data-start=\"726\" data-end=\"760\">R\u00e9duit les rougeurs et l'inflammation<\/p>\n<\/li>\n<li data-start=\"761\" data-end=\"798\">\n<p data-start=\"763\" data-end=\"798\">Renforce l'\u00e9clat et la vitalit\u00e9 de la peau<\/p>\n<\/li>\n<li data-start=\"799\" data-end=\"831\">\n<p data-start=\"801\" data-end=\"831\">Renforce la barri\u00e8re cutan\u00e9e<\/p>\n<\/li>\n<li data-start=\"832\" data-end=\"896\">\n<p data-start=\"834\" data-end=\"896\">Finition l\u00e9g\u00e8re et non collante qui se glisse bien sous le maquillage.<\/p>\n<\/li>\n<\/ul>\n<h2 data-start=\"903\" data-end=\"925\">Ingr\u00e9dients cl\u00e9s<\/h2>\n<ul data-start=\"927\" data-end=\"1264\">\n<li data-start=\"927\" data-end=\"1054\">\n<p data-start=\"929\" data-end=\"1054\">Extrait de propolis d'abeille noire (83.25%) - Agent antibact\u00e9rien et anti-inflammatoire naturel qui soigne et renforce la peau.<\/p>\n<\/li>\n<li data-start=\"1055\" data-end=\"1151\">\n<p data-start=\"1057\" data-end=\"1151\">1,2-Hexanediol - Agent de conditionnement de la peau qui am\u00e9liore la diffusion des ingr\u00e9dients et l'hydratation.<\/p>\n<\/li>\n<li data-start=\"1152\" data-end=\"1264\">\n<p data-start=\"1154\" data-end=\"1264\">Extrait de graines de Cassia Obtusifolia - Riche en polysaccharides, aide \u00e0 retenir l'humidit\u00e9 et \u00e0 lisser la texture de la peau.<\/p>\n<\/li>\n<\/ul>\n<p data-start=\"1266\" data-end=\"1443\">Seulement 11 ingr\u00e9dients - sans additifs inutiles. Tous les ingr\u00e9dients sont de cat\u00e9gorie verte EWG et la formule est hypoallerg\u00e9nique, ce qui la rend s\u00fbre m\u00eame pour les peaux sensibles.<\/p>","protected":false},"excerpt":{"rendered":"<p>COSRX Full Fit Propolis Light Ampoule Glow-Boosting Ampoule with 83.25% Black Bee Propolis Extract Achieve visibly healthier, more radiant skin<\/p>","protected":false},"featured_media":3524,"comment_status":"open","ping_status":"closed","template":"","meta":[],"product_brand":[],"product_cat":[49,15,312],"product_tag":[],"class_list":{"0":"post-2154","1":"product","2":"type-product","3":"status-publish","4":"has-post-thumbnail","6":"product_cat-for-men","7":"product_cat-korean-routine","8":"product_cat-serum","10":"first","11":"instock","12":"featured","13":"purchasable","14":"product-type-simple"},"_links":{"self":[{"href":"https:\/\/yukibeauty.ch\/fr\/wp-json\/wp\/v2\/product\/2154","targetHints":{"allow":["GET"]}}],"collection":[{"href":"https:\/\/yukibeauty.ch\/fr\/wp-json\/wp\/v2\/product"}],"about":[{"href":"https:\/\/yukibeauty.ch\/fr\/wp-json\/wp\/v2\/types\/product"}],"replies":[{"embeddable":true,"href":"https:\/\/yukibeauty.ch\/fr\/wp-json\/wp\/v2\/comments?post=2154"}],"wp:featuredmedia":[{"embeddable":true,"href":"https:\/\/yukibeauty.ch\/fr\/wp-json\/wp\/v2\/media\/3524"}],"wp:attachment":[{"href":"https:\/\/yukibeauty.ch\/fr\/wp-json\/wp\/v2\/media?parent=2154"}],"wp:term":[{"taxonomy":"product_brand","embeddable":true,"href":"https:\/\/yukibeauty.ch\/fr\/wp-json\/wp\/v2\/product_brand?post=2154"},{"taxonomy":"product_cat","embeddable":true,"href":"https:\/\/yukibeauty.ch\/fr\/wp-json\/wp\/v2\/product_cat?post=2154"},{"taxonomy":"product_tag","embeddable":true,"href":"https:\/\/yukibeauty.ch\/fr\/wp-json\/wp\/v2\/product_tag?post=2154"}],"curies":[{"name":"wp","href":"https:\/\/api.w.org\/{rel}","templated":true}]}}