{"id":2155,"date":"2025-07-08T14:59:54","date_gmt":"2025-07-08T12:59:54","guid":{"rendered":"https:\/\/yukibeauty.ch\/product\/azelaic-acid-10-hyaluron-redness-soothing-serum\/"},"modified":"2025-12-23T17:39:48","modified_gmt":"2025-12-23T16:39:48","slug":"azelaic-acid-10-hyaluron-redness-soothing-serum","status":"publish","type":"product","link":"https:\/\/yukibeauty.ch\/fr\/shop\/korean-routine\/serum\/azelaic-acid-10-hyaluron-redness-soothing-serum\/","title":{"rendered":"Acide az\u00e9la\u00efque 10 Hyaluron S\u00e9rum apaisant les rougeurs"},"content":{"rendered":"<h2 data-start=\"187\" data-end=\"245\">Anua Azelaic Acid 10% Hyaluron Redness Soothing Serum<\/h2>\n<p data-start=\"246\" data-end=\"329\"><strong data-start=\"246\" data-end=\"329\">Hydratez, apaisez et r\u00e9duisez visiblement les rougeurs gr\u00e2ce \u00e0 ce s\u00e9rum l\u00e9ger et apaisant.<\/strong><\/p>\n<p data-start=\"331\" data-end=\"741\">Ciblez les rougeurs, les irritations et les teintes in\u00e9gales avec le produit <strong data-start=\"384\" data-end=\"440\">Anua Acide az\u00e9la\u00efque 10 Hyaluron S\u00e9rum apaisant les rougeurs<\/strong> - Une formule test\u00e9e cliniquement, con\u00e7ue pour apaiser les peaux sensibles, offrir une hydratation profonde et favoriser un teint visiblement plus clair. Gr\u00e2ce \u00e0 <strong data-start=\"583\" data-end=\"603\">10% acide az\u00e9la\u00efque<\/strong> et un <strong data-start=\"610\" data-end=\"637\">Complexe calmant doux\u2122<\/strong>Ce s\u00e9rum allie une efficacit\u00e9 prouv\u00e9e \u00e0 une texture l\u00e9g\u00e8re et rapidement absorb\u00e9e, parfaite pour un usage quotidien.<\/p>\n<h2 data-start=\"748\" data-end=\"767\">Principaux avantages<\/h2>\n<ul data-start=\"769\" data-end=\"1193\">\n<li data-start=\"769\" data-end=\"827\">\n<p data-start=\"771\" data-end=\"827\"><strong data-start=\"771\" data-end=\"790\">R\u00e9duit les rougeurs<\/strong> et la pigmentation post-inflammatoire<\/p>\n<\/li>\n<li data-start=\"828\" data-end=\"906\">\n<p data-start=\"830\" data-end=\"906\"><strong data-start=\"830\" data-end=\"867\">Apaise les peaux sensibles et irrit\u00e9es<\/strong> \u00e0 la tanaisie bleue, au th\u00e9 vert et \u00e0 l'alo\u00e8s<\/p>\n<\/li>\n<li data-start=\"907\" data-end=\"969\">\n<p data-start=\"909\" data-end=\"969\"><strong data-start=\"909\" data-end=\"928\">Hydrate en profondeur<\/strong> avec un triple m\u00e9lange d'acide hyaluronique<\/p>\n<\/li>\n<li data-start=\"970\" data-end=\"1050\">\n<p data-start=\"972\" data-end=\"1050\"><strong data-start=\"972\" data-end=\"996\">\u00c9quilibre les in\u00e9galit\u00e9s de ton<\/strong> avec une teinte verte naturelle pour un calme visuel imm\u00e9diat<\/p>\n<\/li>\n<li data-start=\"1051\" data-end=\"1114\">\n<p data-start=\"1053\" data-end=\"1114\">L\u00e9ger, non collant, <strong data-start=\"1078\" data-end=\"1096\">texture aqueuse<\/strong> absorbe rapidement<\/p>\n<\/li>\n<li data-start=\"1115\" data-end=\"1193\">\n<p data-start=\"1117\" data-end=\"1193\">Test\u00e9 cliniquement, <strong data-start=\"1136\" data-end=\"1155\">non com\u00e9dog\u00e8ne<\/strong> formule - convient \u00e0 tous les types de peau<\/p>\n<\/li>\n<\/ul>\n<h2 data-start=\"1697\" data-end=\"1723\">Texture et type de peau<\/h2>\n<ul data-start=\"1725\" data-end=\"1919\">\n<li data-start=\"1725\" data-end=\"1783\">\n<p data-start=\"1727\" data-end=\"1783\"><strong data-start=\"1727\" data-end=\"1742\">Ultra-l\u00e9ger<\/strong>Texture aqueuse sans r\u00e9sidu gras<\/p>\n<\/li>\n<li data-start=\"1784\" data-end=\"1836\">\n<p data-start=\"1786\" data-end=\"1836\">Absorbe instantan\u00e9ment pour un fini frais et respirant<\/p>\n<\/li>\n<li data-start=\"1837\" data-end=\"1919\">\n<p data-start=\"1839\" data-end=\"1919\">Convient pour <strong data-start=\"1852\" data-end=\"1870\">tous les types de peau<\/strong>, y compris <strong data-start=\"1882\" data-end=\"1895\">sensible<\/strong> et <strong data-start=\"1900\" data-end=\"1919\">peau acn\u00e9ique<\/strong><\/p>\n<\/li>\n<\/ul>\n<h2 data-start=\"1200\" data-end=\"1221\">Ingr\u00e9dients cl\u00e9s<\/h2>\n<ul data-start=\"1223\" data-end=\"1690\">\n<li data-start=\"1223\" data-end=\"1342\">\n<p data-start=\"1225\" data-end=\"1342\"><strong data-start=\"1225\" data-end=\"1245\">10% Acide az\u00e9la\u00efque<\/strong> - Aide \u00e0 calmer les rougeurs, \u00e0 estomper les marques post-acn\u00e9iques, \u00e0 lisser la texture et \u00e0 favoriser un teint plus uniforme.<\/p>\n<\/li>\n<li data-start=\"1343\" data-end=\"1502\">\n<p data-start=\"1345\" data-end=\"1502\"><strong data-start=\"1345\" data-end=\"1372\">Complexe calmant doux\u2122<\/strong> - Un m\u00e9lange de <strong data-start=\"1386\" data-end=\"1404\">huile de tanaisie bleue<\/strong>, <strong data-start=\"1406\" data-end=\"1427\">extrait de th\u00e9 vert<\/strong>et <strong data-start=\"1433\" data-end=\"1446\">aloe vera<\/strong> pour soulager les irritations et favoriser la sant\u00e9 de la barri\u00e8re cutan\u00e9e<\/p>\n<\/li>\n<li data-start=\"1503\" data-end=\"1624\">\n<p data-start=\"1505\" data-end=\"1624\"><strong data-start=\"1505\" data-end=\"1535\">3 types d'acide hyaluronique<\/strong> - Hydrate plusieurs couches de la peau pour une hydratation durable et une sensation de pl\u00e9nitude et de fra\u00eecheur.<\/p>\n<\/li>\n<li data-start=\"1625\" data-end=\"1690\">\n<p data-start=\"1627\" data-end=\"1690\"><strong data-start=\"1627\" data-end=\"1654\">Extraits de bl\u00e9 et d'orge<\/strong> - Nourrir et favoriser le r\u00e9tablissement de la peau<\/p>\n<\/li>\n<\/ul>","protected":false},"excerpt":{"rendered":"<p>Anua Azelaic Acid 10% Hyaluron Redness Soothing Serum Hydrate, soothe, and visibly reduce redness with this lightweight calming serum Target<\/p>","protected":false},"featured_media":3319,"comment_status":"open","ping_status":"closed","template":"","meta":[],"product_brand":[],"product_cat":[49,15,312,315],"product_tag":[],"class_list":{"0":"post-2155","1":"product","2":"type-product","3":"status-publish","4":"has-post-thumbnail","6":"product_cat-for-men","7":"product_cat-korean-routine","8":"product_cat-serum","9":"product_cat-serum-for-men","11":"first","12":"instock","13":"purchasable","14":"product-type-simple"},"_links":{"self":[{"href":"https:\/\/yukibeauty.ch\/fr\/wp-json\/wp\/v2\/product\/2155","targetHints":{"allow":["GET"]}}],"collection":[{"href":"https:\/\/yukibeauty.ch\/fr\/wp-json\/wp\/v2\/product"}],"about":[{"href":"https:\/\/yukibeauty.ch\/fr\/wp-json\/wp\/v2\/types\/product"}],"replies":[{"embeddable":true,"href":"https:\/\/yukibeauty.ch\/fr\/wp-json\/wp\/v2\/comments?post=2155"}],"wp:featuredmedia":[{"embeddable":true,"href":"https:\/\/yukibeauty.ch\/fr\/wp-json\/wp\/v2\/media\/3319"}],"wp:attachment":[{"href":"https:\/\/yukibeauty.ch\/fr\/wp-json\/wp\/v2\/media?parent=2155"}],"wp:term":[{"taxonomy":"product_brand","embeddable":true,"href":"https:\/\/yukibeauty.ch\/fr\/wp-json\/wp\/v2\/product_brand?post=2155"},{"taxonomy":"product_cat","embeddable":true,"href":"https:\/\/yukibeauty.ch\/fr\/wp-json\/wp\/v2\/product_cat?post=2155"},{"taxonomy":"product_tag","embeddable":true,"href":"https:\/\/yukibeauty.ch\/fr\/wp-json\/wp\/v2\/product_tag?post=2155"}],"curies":[{"name":"wp","href":"https:\/\/api.w.org\/{rel}","templated":true}]}}