{"id":2156,"date":"2025-07-08T14:59:54","date_gmt":"2025-07-08T12:59:54","guid":{"rendered":"https:\/\/yukibeauty.ch\/product\/niacinamide-10txa-4-serum\/"},"modified":"2025-12-28T11:07:11","modified_gmt":"2025-12-28T10:07:11","slug":"niacinamide-serum","status":"publish","type":"product","link":"https:\/\/yukibeauty.ch\/fr\/shop\/korean-routine\/serum\/niacinamide-serum\/","title":{"rendered":"NIACINAMIDE 10% + TXA 4% S\u00e9rum"},"content":{"rendered":"<h2 data-start=\"179\" data-end=\"219\">Anua Niacinamide 10% + TXA 4% Serum<\/h2>\n<p data-start=\"220\" data-end=\"310\"><strong data-start=\"220\" data-end=\"310\">Cible les taches sombres, les cicatrices d'acn\u00e9 et les rougeurs gr\u00e2ce \u00e0 une formule \u00e9claircissante puissante et douce.<\/strong><\/p>\n<p data-start=\"312\" data-end=\"735\">Vous \u00eates aux prises avec un teint in\u00e9gal, des marques post-acn\u00e9iques ou des taches fonc\u00e9es tenaces ? La m\u00e9thode <strong data-start=\"386\" data-end=\"425\">Anua Niacinamide 10% + TXA 4% Serum<\/strong>est la solution id\u00e9ale pour une peau visiblement plus claire, plus lumineuse et plus lisse, sans irritation. Ce s\u00e9rum haute performance contient une combinaison puissante mais douce de <strong data-start=\"592\" data-end=\"607\">niacinamide<\/strong>, <strong data-start=\"609\" data-end=\"628\">acide tranexamique<\/strong>et <strong data-start=\"634\" data-end=\"645\">arbutine<\/strong> pour r\u00e9duire l'hyperpigmentation, lisser la texture de la peau et favoriser un teint radieux et uniforme.<\/p>\n<h2 data-start=\"742\" data-end=\"760\">Principaux avantages<\/h2>\n<ul data-start=\"762\" data-end=\"1177\">\n<li data-start=\"762\" data-end=\"828\">\n<p data-start=\"764\" data-end=\"828\"><strong data-start=\"764\" data-end=\"826\">R\u00e9duit les cicatrices d'acn\u00e9, les taches sombres et les rougeurs post-inflammatoires<\/strong><\/p>\n<\/li>\n<li data-start=\"829\" data-end=\"900\">\n<p data-start=\"831\" data-end=\"900\"><strong data-start=\"831\" data-end=\"864\">\u00c9claircit et unifie le teint<\/strong> sans irriter les peaux sensibles<\/p>\n<\/li>\n<li data-start=\"901\" data-end=\"966\">\n<p data-start=\"903\" data-end=\"966\"><strong data-start=\"903\" data-end=\"922\">Minimise les pores<\/strong> et am\u00e9liore la texture gr\u00e2ce au niacinamide 10%<\/p>\n<\/li>\n<li data-start=\"967\" data-end=\"1049\">\n<p data-start=\"969\" data-end=\"1049\"><strong data-start=\"969\" data-end=\"1014\">Hydrate et renforce la barri\u00e8re cutan\u00e9e<\/strong> aux c\u00e9ramides et \u00e0 l'acide hyaluronique<\/p>\n<\/li>\n<li data-start=\"1050\" data-end=\"1109\">\n<p data-start=\"1052\" data-end=\"1109\">L\u00e9ger, <strong data-start=\"1065\" data-end=\"1079\">non collant<\/strong>Texture sans parfum<\/p>\n<\/li>\n<li data-start=\"1110\" data-end=\"1177\">\n<p data-start=\"1112\" data-end=\"1177\">Absorbe rapidement - parfait sous le maquillage ou en superposition dans votre routine.<\/p>\n<\/li>\n<\/ul>\n<h2 data-start=\"1184\" data-end=\"1207\">Ingr\u00e9dients<\/h2>\n<ul data-start=\"1209\" data-end=\"1640\">\n<li data-start=\"1209\" data-end=\"1308\">\n<p data-start=\"1211\" data-end=\"1308\"><strong data-start=\"1211\" data-end=\"1230\">10% Niacinamide<\/strong> - Lisse visiblement la peau, r\u00e9duit les rougeurs et l'exc\u00e8s de s\u00e9bum, et affine les pores.<\/p>\n<\/li>\n<li data-start=\"1309\" data-end=\"1413\">\n<p data-start=\"1311\" data-end=\"1413\"><strong data-start=\"1311\" data-end=\"1339\">4% Acide tranexamique (TXA)<\/strong> - Att\u00e9nue l'hyperpigmentation et les taches sombres, en r\u00e9tablissant la clart\u00e9 et l'\u00e9quilibre.<\/p>\n<\/li>\n<li data-start=\"1414\" data-end=\"1494\">\n<p data-start=\"1416\" data-end=\"1494\"><strong data-start=\"1416\" data-end=\"1430\">2% Arbutin<\/strong> - R\u00e9duit en douceur la production de m\u00e9lanine et am\u00e9liore l'\u00e9clat naturel.<\/p>\n<\/li>\n<li data-start=\"1495\" data-end=\"1570\">\n<p data-start=\"1497\" data-end=\"1570\"><strong data-start=\"1497\" data-end=\"1516\">Acide hyaluronique<\/strong> - Hydratation en profondeur pour une peau rebondie et rafra\u00eechie<\/p>\n<\/li>\n<li data-start=\"1571\" data-end=\"1640\">\n<p data-start=\"1573\" data-end=\"1640\"><strong data-start=\"1573\" data-end=\"1586\">C\u00e9ramides<\/strong> - Renforce la barri\u00e8re cutan\u00e9e et aide \u00e0 retenir l'humidit\u00e9<\/p>\n<\/li>\n<\/ul>\n<h2 data-start=\"1647\" data-end=\"1673\">Texture et type de peau<\/h2>\n<ul data-start=\"1675\" data-end=\"1877\">\n<li data-start=\"1675\" data-end=\"1737\">\n<p data-start=\"1677\" data-end=\"1737\">L\u00e9ger, <strong data-start=\"1690\" data-end=\"1712\">consistance aqueuse<\/strong> avec une teinte rose subtile<\/p>\n<\/li>\n<li data-start=\"1738\" data-end=\"1802\">\n<p data-start=\"1740\" data-end=\"1802\"><strong data-start=\"1740\" data-end=\"1770\">Non gras, absorption rapide<\/strong>La peau est plus souple, plus souple et id\u00e9ale pour tous les types de peaux.<\/p>\n<\/li>\n<li data-start=\"1803\" data-end=\"1877\">\n<p data-start=\"1805\" data-end=\"1877\">Particuli\u00e8rement adapt\u00e9 pour <strong data-start=\"1827\" data-end=\"1835\">terne<\/strong>, <strong data-start=\"1837\" data-end=\"1854\">sujet aux taches<\/strong>ou <strong data-start=\"1859\" data-end=\"1877\">ski sensible<\/strong><\/p>\n<\/li>\n<\/ul>\n<p><em data-start=\"2613\" data-end=\"2705\">Un trio puissant pour une peau visiblement plus claire, plus lumineuse et plus \u00e9quilibr\u00e9e - \u00e0 chaque goutte.<\/em><\/p>","protected":false},"excerpt":{"rendered":"<p>Anua Niacinamide 10% + TXA 4% Serum Target dark spots, acne scars &amp; redness with a powerful yet gentle brightening<\/p>","protected":false},"featured_media":3331,"comment_status":"open","ping_status":"closed","template":"","meta":[],"product_brand":[],"product_cat":[49,15,312,315],"product_tag":[],"class_list":{"0":"post-2156","1":"product","2":"type-product","3":"status-publish","4":"has-post-thumbnail","6":"product_cat-for-men","7":"product_cat-korean-routine","8":"product_cat-serum","9":"product_cat-serum-for-men","11":"first","12":"instock","13":"sale","14":"featured","15":"purchasable","16":"product-type-simple"},"_links":{"self":[{"href":"https:\/\/yukibeauty.ch\/fr\/wp-json\/wp\/v2\/product\/2156","targetHints":{"allow":["GET"]}}],"collection":[{"href":"https:\/\/yukibeauty.ch\/fr\/wp-json\/wp\/v2\/product"}],"about":[{"href":"https:\/\/yukibeauty.ch\/fr\/wp-json\/wp\/v2\/types\/product"}],"replies":[{"embeddable":true,"href":"https:\/\/yukibeauty.ch\/fr\/wp-json\/wp\/v2\/comments?post=2156"}],"wp:featuredmedia":[{"embeddable":true,"href":"https:\/\/yukibeauty.ch\/fr\/wp-json\/wp\/v2\/media\/3331"}],"wp:attachment":[{"href":"https:\/\/yukibeauty.ch\/fr\/wp-json\/wp\/v2\/media?parent=2156"}],"wp:term":[{"taxonomy":"product_brand","embeddable":true,"href":"https:\/\/yukibeauty.ch\/fr\/wp-json\/wp\/v2\/product_brand?post=2156"},{"taxonomy":"product_cat","embeddable":true,"href":"https:\/\/yukibeauty.ch\/fr\/wp-json\/wp\/v2\/product_cat?post=2156"},{"taxonomy":"product_tag","embeddable":true,"href":"https:\/\/yukibeauty.ch\/fr\/wp-json\/wp\/v2\/product_tag?post=2156"}],"curies":[{"name":"wp","href":"https:\/\/api.w.org\/{rel}","templated":true}]}}