{"id":2157,"date":"2025-07-08T14:59:54","date_gmt":"2025-07-08T12:59:54","guid":{"rendered":"https:\/\/yukibeauty.ch\/product\/pdrn-pink-one-day-serum-set\/"},"modified":"2026-02-10T10:03:35","modified_gmt":"2026-02-10T09:03:35","slug":"one-day-salmon-pdrn-ampoule","status":"publish","type":"product","link":"https:\/\/yukibeauty.ch\/fr\/shop\/korean-routine\/serum\/one-day-salmon-pdrn-ampoule\/","title":{"rendered":"Set de s\u00e9rum d'un jour PDRN Pink"},"content":{"rendered":"<h2 data-section-id=\"j9k28v\" data-start=\"210\" data-end=\"287\"><strong data-start=\"214\" data-end=\"287\">One-Day Salmon PDRN Ampoule - Renouvellement intense de la peau avec 99% Pure PDRN [10pcs]<\/strong><\/h2>\n<p data-start=\"289\" data-end=\"567\">D\u00e9couvrez un \u00e9clat visible en seulement deux semaines gr\u00e2ce \u00e0 l'ampoule One-Day Salmon PDRN, con\u00e7ue pour revitaliser les peaux ternes, fatigu\u00e9es et irr\u00e9guli\u00e8res. Aliment\u00e9e par le PDRN saumon de haute puret\u00e9 99%, cette ampoule intensive stimule l'hydratation, la densit\u00e9 de la peau et l'\u00e9clat, le tout dans un flacon \u00e0 usage unique.<\/p>\n<h2 data-section-id=\"1xvlymn\" data-start=\"574\" data-end=\"595\"><strong data-start=\"578\" data-end=\"595\">Principaux avantages :<\/strong><\/h2>\n<ul data-start=\"597\" data-end=\"1319\">\n<li data-start=\"597\" data-end=\"772\">\n<p data-start=\"599\" data-end=\"772\">99% Salmon PDRN : Ingr\u00e9dient d\u00e9riv\u00e9 de l'ADN hautement purifi\u00e9, connu pour ses effets r\u00e9g\u00e9n\u00e9rants et anti-\u00e2ge sur la peau. Favorise une peau plus ferme, plus lumineuse et plus r\u00e9sistante.<\/p>\n<\/li>\n<li data-start=\"773\" data-end=\"911\">\n<p data-start=\"775\" data-end=\"911\">Des r\u00e9sultats cliniquement prouv\u00e9s <em data-start=\"805\" data-end=\"822\">(apr\u00e8s 2 semaines)<\/em>:<br data-start=\"823\" data-end=\"826\" \/>- +58,7% dans l'hydratation de la peau<br data-start=\"853\" data-end=\"856\" \/>- +38,8% dans la lumi\u00e8re visible<br data-start=\"882\" data-end=\"885\" \/>- +0,484 pour la densit\u00e9 de la peau<\/p>\n<\/li>\n<li data-start=\"912\" data-end=\"1091\">\n<p data-start=\"914\" data-end=\"1091\">Ingr\u00e9dients de qualit\u00e9 ophtalmique : Comprend sept types d'acide hyaluronique et du carbom\u00e8re, couramment utilis\u00e9s dans les gouttes ophtalmiques, pour garantir une hydratation en profondeur et une s\u00e9curit\u00e9 maximale pour la peau.<\/p>\n<\/li>\n<li data-start=\"1092\" data-end=\"1214\">\n<p data-start=\"1094\" data-end=\"1214\">Embout de pr\u00e9cision : Un embout \u00e9troit et fin permet une application fra\u00eeche et hygi\u00e9nique et une diffusion cibl\u00e9e sur la peau.<\/p>\n<\/li>\n<li data-start=\"1215\" data-end=\"1319\">\n<p data-start=\"1217\" data-end=\"1319\">Hypoallerg\u00e9nique et test\u00e9 par des dermatologues : Sans danger pour les peaux sensibles, avec un faible potentiel d'irritation.<\/p>\n<\/li>\n<\/ul>\n<h2 data-section-id=\"52sl3o\" data-start=\"1326\" data-end=\"1346\"><strong data-start=\"1330\" data-end=\"1346\">Parfait pour :<\/strong><\/h2>\n<ul data-start=\"1347\" data-end=\"1495\">\n<li data-start=\"1347\" data-end=\"1384\">\n<p data-start=\"1349\" data-end=\"1384\">Peau terne, fonc\u00e9e ou d'aspect fatigu\u00e9<\/p>\n<\/li>\n<li data-start=\"1385\" data-end=\"1431\">\n<p data-start=\"1387\" data-end=\"1431\">Peau sensible n\u00e9cessitant des soins doux et puissants<\/p>\n<\/li>\n<li data-start=\"1432\" data-end=\"1495\">\n<p data-start=\"1434\" data-end=\"1495\">Tous ceux qui recherchent un \u00e9clat et une hydratation visibles en peu de temps<\/p>\n<\/li>\n<\/ul>\n<p>Sans parab\u00e8nes. Sans parfum artificiel. Sans alcool dess\u00e9chant.<br data-start=\"1790\" data-end=\"1793\" \/>Convient pour <strong data-start=\"1806\" data-end=\"1819\">utilisation quotidienne<\/strong>surtout pendant les p\u00e9riodes de r\u00e9cup\u00e9ration intensive des soins de la peau.<\/p>\n<p>Transformez votre peau en un jour - et voyez la diff\u00e9rence en deux semaines.<\/p>","protected":false},"excerpt":{"rendered":"<p>One-Day Salmon PDRN Ampoule \u2013 Intense Skin Renewal with 99% Pure PDRN [10pcs] Experience a visible glow in just two<\/p>","protected":false},"featured_media":3582,"comment_status":"open","ping_status":"closed","template":"","meta":[],"product_brand":[],"product_cat":[49,15,312],"product_tag":[],"class_list":{"0":"post-2157","1":"product","2":"type-product","3":"status-publish","4":"has-post-thumbnail","6":"product_cat-for-men","7":"product_cat-korean-routine","8":"product_cat-serum","10":"first","11":"instock","12":"featured","13":"purchasable","14":"product-type-simple"},"_links":{"self":[{"href":"https:\/\/yukibeauty.ch\/fr\/wp-json\/wp\/v2\/product\/2157","targetHints":{"allow":["GET"]}}],"collection":[{"href":"https:\/\/yukibeauty.ch\/fr\/wp-json\/wp\/v2\/product"}],"about":[{"href":"https:\/\/yukibeauty.ch\/fr\/wp-json\/wp\/v2\/types\/product"}],"replies":[{"embeddable":true,"href":"https:\/\/yukibeauty.ch\/fr\/wp-json\/wp\/v2\/comments?post=2157"}],"wp:featuredmedia":[{"embeddable":true,"href":"https:\/\/yukibeauty.ch\/fr\/wp-json\/wp\/v2\/media\/3582"}],"wp:attachment":[{"href":"https:\/\/yukibeauty.ch\/fr\/wp-json\/wp\/v2\/media?parent=2157"}],"wp:term":[{"taxonomy":"product_brand","embeddable":true,"href":"https:\/\/yukibeauty.ch\/fr\/wp-json\/wp\/v2\/product_brand?post=2157"},{"taxonomy":"product_cat","embeddable":true,"href":"https:\/\/yukibeauty.ch\/fr\/wp-json\/wp\/v2\/product_cat?post=2157"},{"taxonomy":"product_tag","embeddable":true,"href":"https:\/\/yukibeauty.ch\/fr\/wp-json\/wp\/v2\/product_tag?post=2157"}],"curies":[{"name":"wp","href":"https:\/\/api.w.org\/{rel}","templated":true}]}}