{"id":2158,"date":"2025-07-08T14:59:54","date_gmt":"2025-07-08T12:59:54","guid":{"rendered":"https:\/\/yukibeauty.ch\/product\/glutathione-glow-serum\/"},"modified":"2026-02-10T10:03:00","modified_gmt":"2026-02-10T09:03:00","slug":"medicube-glutathione-glow-serum","status":"publish","type":"product","link":"https:\/\/yukibeauty.ch\/fr\/shop\/korean-routine\/serum\/medicube-glutathione-glow-serum\/","title":{"rendered":"Medicube Glutathione Glow Serum"},"content":{"rendered":"<h2 data-section-id=\"51xq37\" data-start=\"128\" data-end=\"156\">S\u00e9rum Glutathione Glow<\/h2>\n<p data-start=\"157\" data-end=\"203\">\u00c9clat. Protection. Correction des tons visibles.<\/p>\n<p data-start=\"205\" data-end=\"472\">R\u00e9v\u00e9ler une peau plus lumineuse, plus lisse et plus jeune avec le s\u00e9rum Glutathione Glow de medicube - une formule puissante riche en antioxydants con\u00e7ue pour restaurer la luminosit\u00e9, r\u00e9duire la pigmentation et soutenir les d\u00e9fenses naturelles de la peau. Id\u00e9al pour les peaux ternes, irr\u00e9guli\u00e8res ou d'apparence fatigu\u00e9e.<\/p>\n<p data-section-id=\"1bpq24i\" data-start=\"474\" data-end=\"511\"><strong>\u00c9claircissement et correction des tons<\/strong><\/p>\n<p data-start=\"512\" data-end=\"623\">Infus\u00e9 de 50 000 ppm de glutathion, de niacinamide et de lysat de ferment de Bifida, ce s\u00e9rum aide \u00e0.. :<\/p>\n<ul data-start=\"624\" data-end=\"765\">\n<li data-start=\"624\" data-end=\"675\">\n<p data-start=\"626\" data-end=\"675\">R\u00e9duit visiblement les taches brunes et l'hyperpigmentation<\/p>\n<\/li>\n<li data-start=\"676\" data-end=\"715\">\n<p data-start=\"678\" data-end=\"715\">Uniformise le teint et redonne de l'\u00e9clat \u00e0 la peau<\/p>\n<\/li>\n<li data-start=\"716\" data-end=\"765\">\n<p data-start=\"718\" data-end=\"765\">\u00c9claircir la peau terne et fatigu\u00e9e pour un fini lumineux<\/p>\n<\/li>\n<\/ul>\n<p data-section-id=\"1f9daah\" data-start=\"767\" data-end=\"800\"><strong>Soins de l'\u00e9lasticit\u00e9 et des rides<\/strong><\/p>\n<p data-start=\"801\" data-end=\"872\">Formul\u00e9 avec du collag\u00e8ne et de l'ad\u00e9nosine brevet\u00e9s, il agit pour :<\/p>\n<ul data-start=\"873\" data-end=\"1029\">\n<li data-start=\"873\" data-end=\"907\">\n<p data-start=\"875\" data-end=\"907\">Lisser les rides et ridules<\/p>\n<\/li>\n<li data-start=\"908\" data-end=\"988\">\n<p data-start=\"910\" data-end=\"988\">Am\u00e9liorer l'\u00e9lasticit\u00e9, en particulier au niveau des rides du sourire, des pattes d'oie et du front.<\/p>\n<\/li>\n<li data-start=\"989\" data-end=\"1029\">\n<p data-start=\"991\" data-end=\"1029\">Une texture de peau plus ferme et plus rebondie<\/p>\n<\/li>\n<\/ul>\n<p data-section-id=\"knb3kb\" data-start=\"1031\" data-end=\"1057\"><strong>Soutien de la barri\u00e8re cutan\u00e9e<\/strong><\/p>\n<p data-start=\"1058\" data-end=\"1120\">A base de collag\u00e8ne et de lysat de ferment bifide, ce s\u00e9rum :<\/p>\n<ul data-start=\"1121\" data-end=\"1248\">\n<li data-start=\"1121\" data-end=\"1163\">\n<p data-start=\"1123\" data-end=\"1163\">Renforce la barri\u00e8re d'hydratation de la peau<\/p>\n<\/li>\n<li data-start=\"1164\" data-end=\"1202\">\n<p data-start=\"1166\" data-end=\"1202\">Aide la peau \u00e0 conserver son hydratation plus longtemps<\/p>\n<\/li>\n<li data-start=\"1203\" data-end=\"1248\">\n<p data-start=\"1205\" data-end=\"1248\">Favorise la r\u00e9sistance aux facteurs de stress quotidiens<\/p>\n<\/li>\n<\/ul>\n<p data-section-id=\"1fa8v9u\" data-start=\"1250\" data-end=\"1276\"><strong>Douceur et efficacit\u00e9<\/strong><\/p>\n<ul data-start=\"1277\" data-end=\"1411\">\n<li data-start=\"1277\" data-end=\"1317\">\n<p data-start=\"1279\" data-end=\"1317\">Test\u00e9 cliniquement pour une faible irritation<\/p>\n<\/li>\n<li data-start=\"1318\" data-end=\"1370\">\n<p data-start=\"1320\" data-end=\"1370\">Convient \u00e0 tous les types de peau, y compris les peaux sensibles<\/p>\n<\/li>\n<li data-start=\"1371\" data-end=\"1411\">\n<p data-start=\"1373\" data-end=\"1411\">Id\u00e9al pour une utilisation quotidienne, matin et soir<\/p>\n<\/li>\n<\/ul>\n<p data-start=\"1413\" data-end=\"1529\"><em data-start=\"1413\" data-end=\"1529\">Conseil : Pour des r\u00e9sultats optimaux, associez le dispositif Booster Pro pour am\u00e9liorer l'absorption et tripler l'effet booster d'\u00e9clat.<\/em><\/p>\n<h2 data-section-id=\"a7idu5\" data-start=\"1708\" data-end=\"1721\">Attention<\/h2>\n<ul data-start=\"1722\" data-end=\"1975\">\n<li data-start=\"1722\" data-end=\"1747\">\n<p data-start=\"1724\" data-end=\"1747\">Pour usage externe uniquement<\/p>\n<\/li>\n<li data-start=\"1748\" data-end=\"1775\">\n<p data-start=\"1750\" data-end=\"1775\">\u00c9viter le contact avec les yeux<\/p>\n<\/li>\n<li data-start=\"1776\" data-end=\"1837\">\n<p data-start=\"1778\" data-end=\"1837\">Cesser l'utilisation en cas de rougeur, de d\u00e9mangeaison ou d'irritation.<\/p>\n<\/li>\n<li data-start=\"1838\" data-end=\"1886\">\n<p data-start=\"1840\" data-end=\"1886\">Effectuer un test \u00e9picutan\u00e9 avant l'application compl\u00e8te<\/p>\n<\/li>\n<li data-start=\"1887\" data-end=\"1943\">\n<p data-start=\"1889\" data-end=\"1943\">Conserver dans un endroit frais et sec, \u00e0 l'abri de la lumi\u00e8re directe du soleil.<\/p>\n<\/li>\n<li data-start=\"1944\" data-end=\"1975\">\n<p data-start=\"1946\" data-end=\"1975\">Tenir hors de port\u00e9e des enfants<\/p>\n<\/li>\n<\/ul>","protected":false},"excerpt":{"rendered":"<p>Glutathione Glow Serum Radiance. Protection. Visible Tone Correction. Reveal brighter, smoother, and more youthful skin with medicube&#8217;s Glutathione Glow Serum<\/p>","protected":false},"featured_media":3587,"comment_status":"open","ping_status":"closed","template":"","meta":[],"product_brand":[],"product_cat":[49,15,312],"product_tag":[],"class_list":{"0":"post-2158","1":"product","2":"type-product","3":"status-publish","4":"has-post-thumbnail","6":"product_cat-for-men","7":"product_cat-korean-routine","8":"product_cat-serum","10":"first","11":"instock","12":"featured","13":"purchasable","14":"product-type-simple"},"_links":{"self":[{"href":"https:\/\/yukibeauty.ch\/fr\/wp-json\/wp\/v2\/product\/2158","targetHints":{"allow":["GET"]}}],"collection":[{"href":"https:\/\/yukibeauty.ch\/fr\/wp-json\/wp\/v2\/product"}],"about":[{"href":"https:\/\/yukibeauty.ch\/fr\/wp-json\/wp\/v2\/types\/product"}],"replies":[{"embeddable":true,"href":"https:\/\/yukibeauty.ch\/fr\/wp-json\/wp\/v2\/comments?post=2158"}],"wp:featuredmedia":[{"embeddable":true,"href":"https:\/\/yukibeauty.ch\/fr\/wp-json\/wp\/v2\/media\/3587"}],"wp:attachment":[{"href":"https:\/\/yukibeauty.ch\/fr\/wp-json\/wp\/v2\/media?parent=2158"}],"wp:term":[{"taxonomy":"product_brand","embeddable":true,"href":"https:\/\/yukibeauty.ch\/fr\/wp-json\/wp\/v2\/product_brand?post=2158"},{"taxonomy":"product_cat","embeddable":true,"href":"https:\/\/yukibeauty.ch\/fr\/wp-json\/wp\/v2\/product_cat?post=2158"},{"taxonomy":"product_tag","embeddable":true,"href":"https:\/\/yukibeauty.ch\/fr\/wp-json\/wp\/v2\/product_tag?post=2158"}],"curies":[{"name":"wp","href":"https:\/\/api.w.org\/{rel}","templated":true}]}}