{"id":2159,"date":"2025-07-08T15:00:01","date_gmt":"2025-07-08T13:00:01","guid":{"rendered":"https:\/\/yukibeauty.ch\/product\/peach-70-niacin-serum\/"},"modified":"2025-12-16T21:38:54","modified_gmt":"2025-12-16T20:38:54","slug":"anua-peach-70-serum","status":"publish","type":"product","link":"https:\/\/yukibeauty.ch\/fr\/shop\/korean-routine\/serum\/anua-peach-70-serum\/","title":{"rendered":"S\u00e9rum \u00e0 la p\u00eache et \u00e0 la niacine 70"},"content":{"rendered":"<h2 data-start=\"176\" data-end=\"208\">Anua Peach 70% S\u00e9rum \u00e0 la Niacine<\/h2>\n<p data-start=\"209\" data-end=\"271\"><strong>S\u00e9rum \u00e9claircissant et hydratant pour une peau \u00e9clatante et uniforme<\/strong><\/p>\n<p data-start=\"273\" data-end=\"510\">Ravivez les peaux ternes et fatigu\u00e9es avec le <strong data-start=\"306\" data-end=\"337\">Anua Peach 70% S\u00e9rum \u00e0 la Niacine<\/strong> - un s\u00e9rum nourrissant et rehaussant l'\u00e9clat, infus\u00e9 de <strong data-start=\"387\" data-end=\"414\">70% extrait de fruit de p\u00eache<\/strong> et <strong data-start=\"419\" data-end=\"437\">5% niacinamide<\/strong> pour \u00e9claircir, hydrater et am\u00e9liorer visiblement le teint et la texture de la peau.<\/p>\n<p data-start=\"512\" data-end=\"693\">Id\u00e9al pour les peaux s\u00e8ches ou irr\u00e9guli\u00e8res, ce s\u00e9rum doux et puissant cible la pigmentation, les rugosit\u00e9s et la d\u00e9shydratation pour offrir \u00e0 la peau un aspect plus lisse. <strong data-start=\"635\" data-end=\"666\">finition lumineuse, peau de verre<\/strong> - instantan\u00e9ment et dans la dur\u00e9e.<\/p>\n<h2 data-start=\"700\" data-end=\"719\">Principaux avantages<\/h2>\n<ul data-start=\"721\" data-end=\"1291\">\n<li data-start=\"721\" data-end=\"819\">\n<p data-start=\"723\" data-end=\"819\"><strong data-start=\"723\" data-end=\"760\">R\u00e9duit visiblement la m\u00e9lanine de 22.46%<\/strong> et <strong data-start=\"765\" data-end=\"797\">imperfections de la peau par 13.57%<\/strong> (test\u00e9 cliniquement)<\/p>\n<\/li>\n<li data-start=\"820\" data-end=\"892\">\n<p data-start=\"822\" data-end=\"892\"><strong data-start=\"822\" data-end=\"845\">\u00c9claircit la peau terne<\/strong> et estompe les taches sombres avec 5% <strong data-start=\"875\" data-end=\"890\">niacinamide<\/strong><\/p>\n<\/li>\n<li data-start=\"893\" data-end=\"973\">\n<p data-start=\"895\" data-end=\"973\"><strong data-start=\"895\" data-end=\"914\">Hydrate en profondeur<\/strong> avec <strong data-start=\"920\" data-end=\"946\">Acide hyaluronique triple<\/strong> et <strong data-start=\"951\" data-end=\"971\">Huile de levure du d\u00e9sert<\/strong><\/p>\n<\/li>\n<li data-start=\"974\" data-end=\"1084\">\n<p data-start=\"976\" data-end=\"1084\"><strong data-start=\"976\" data-end=\"1022\">Exfolie en douceur et lisse le grain de la peau<\/strong> avec le complexe Peach Yogurt (extrait de fleur de p\u00eacher + b\u00e9ta\u00efne)<\/p>\n<\/li>\n<li data-start=\"1085\" data-end=\"1136\">\n<p data-start=\"1087\" data-end=\"1136\">Laisse un fini doux et \u00e9clatant sans lourdeur<\/p>\n<\/li>\n<li data-start=\"1137\" data-end=\"1205\">\n<p data-start=\"1139\" data-end=\"1205\">Teinte naturellement rose de <strong data-start=\"1163\" data-end=\"1178\">Vitamine B12<\/strong> - sans colorant artificiel<\/p>\n<\/li>\n<li data-start=\"1206\" data-end=\"1291\">\n<p data-start=\"1208\" data-end=\"1291\"><strong data-start=\"1208\" data-end=\"1238\">Fabriqu\u00e9 \u00e0 partir de p\u00eaches recycl\u00e9es<\/strong> cultiv\u00e9s dans des exploitations propres et durables <strong data-start=\"1276\" data-end=\"1291\">\u00cele de Jeju<\/strong><\/p>\n<\/li>\n<\/ul>\n<h2 data-start=\"1901\" data-end=\"1927\">Texture et type de peau<\/h2>\n<ul data-start=\"1929\" data-end=\"2108\">\n<li data-start=\"1929\" data-end=\"1979\">\n<p data-start=\"1931\" data-end=\"1979\">S\u00e9rum l\u00e9ger, non collant et \u00e0 absorption rapide<\/p>\n<\/li>\n<li data-start=\"1980\" data-end=\"2051\">\n<p data-start=\"1982\" data-end=\"2051\">Convient pour <strong data-start=\"1995\" data-end=\"2002\">sec<\/strong>, <strong data-start=\"2004\" data-end=\"2012\">terne<\/strong>, <strong data-start=\"2014\" data-end=\"2024\">in\u00e9gale<\/strong>et <strong data-start=\"2030\" data-end=\"2044\">d\u00e9shydrat\u00e9<\/strong> peau<\/p>\n<\/li>\n<li data-start=\"2052\" data-end=\"2108\">\n<p data-start=\"2054\" data-end=\"2108\">Permet d'atteindre un <strong data-start=\"2070\" data-end=\"2091\">effet peau de verre<\/strong> en cas d'utilisation r\u00e9guli\u00e8re<\/p>\n<\/li>\n<\/ul>","protected":false},"excerpt":{"rendered":"<p>Anua Peach 70% Niacin Serum Brightening &amp; hydrating serum for radiant, even-toned skin Revive dull, tired skin with the Anua<\/p>","protected":false},"featured_media":3284,"comment_status":"open","ping_status":"closed","template":"","meta":[],"product_brand":[],"product_cat":[49,15,312,315],"product_tag":[],"class_list":{"0":"post-2159","1":"product","2":"type-product","3":"status-publish","4":"has-post-thumbnail","6":"product_cat-for-men","7":"product_cat-korean-routine","8":"product_cat-serum","9":"product_cat-serum-for-men","11":"first","12":"instock","13":"sale","14":"purchasable","15":"product-type-simple"},"_links":{"self":[{"href":"https:\/\/yukibeauty.ch\/fr\/wp-json\/wp\/v2\/product\/2159","targetHints":{"allow":["GET"]}}],"collection":[{"href":"https:\/\/yukibeauty.ch\/fr\/wp-json\/wp\/v2\/product"}],"about":[{"href":"https:\/\/yukibeauty.ch\/fr\/wp-json\/wp\/v2\/types\/product"}],"replies":[{"embeddable":true,"href":"https:\/\/yukibeauty.ch\/fr\/wp-json\/wp\/v2\/comments?post=2159"}],"wp:featuredmedia":[{"embeddable":true,"href":"https:\/\/yukibeauty.ch\/fr\/wp-json\/wp\/v2\/media\/3284"}],"wp:attachment":[{"href":"https:\/\/yukibeauty.ch\/fr\/wp-json\/wp\/v2\/media?parent=2159"}],"wp:term":[{"taxonomy":"product_brand","embeddable":true,"href":"https:\/\/yukibeauty.ch\/fr\/wp-json\/wp\/v2\/product_brand?post=2159"},{"taxonomy":"product_cat","embeddable":true,"href":"https:\/\/yukibeauty.ch\/fr\/wp-json\/wp\/v2\/product_cat?post=2159"},{"taxonomy":"product_tag","embeddable":true,"href":"https:\/\/yukibeauty.ch\/fr\/wp-json\/wp\/v2\/product_tag?post=2159"}],"curies":[{"name":"wp","href":"https:\/\/api.w.org\/{rel}","templated":true}]}}