{"id":2160,"date":"2025-07-08T15:00:00","date_gmt":"2025-07-08T13:00:00","guid":{"rendered":"https:\/\/yukibeauty.ch\/product\/skin-1004-madagascar-centella-ampoule\/"},"modified":"2026-02-10T10:00:45","modified_gmt":"2026-02-10T09:00:45","slug":"skin1004-madagascar-centella-ampoule","status":"publish","type":"product","link":"https:\/\/yukibeauty.ch\/fr\/shop\/korean-routine\/serum\/skin1004-madagascar-centella-ampoule\/","title":{"rendered":"SKIN 1004 - Ampoule de centella de Madagascar"},"content":{"rendered":"<h2 data-start=\"144\" data-end=\"227\"><strong data-start=\"148\" data-end=\"227\">SKIN1004 Madagascar Centella Ampoule - 100% S\u00e9rum pur apaisant et hydratant<\/strong><\/h2>\n<p data-start=\"229\" data-end=\"559\">Retrouvez l'\u00e9quilibre avec l'Ampoule Centella Madagascar SKIN1004 - un s\u00e9rum calmant polyvalent compos\u00e9 de 100% d'extrait de Centella Asiatica provenant de la nature intacte de Madagascar. Reconnu pour sa puret\u00e9 et sa puissance, cet ingr\u00e9dient h\u00e9ros aide \u00e0 restaurer l'hydratation, \u00e0 apaiser les irritations et \u00e0 renforcer la barri\u00e8re cutan\u00e9e.<\/p>\n<h2 data-start=\"566\" data-end=\"587\"><strong data-start=\"570\" data-end=\"587\">Principaux avantages :<\/strong><\/h2>\n<ul data-start=\"589\" data-end=\"1244\">\n<li data-start=\"589\" data-end=\"756\">\n<p data-start=\"591\" data-end=\"756\">100% Formule \u00e0 ingr\u00e9dient unique : Contient uniquement de l'extrait de Centella Asiatica de premi\u00e8re qualit\u00e9, sans aucun agent de remplissage ou de conservation ajout\u00e9, ce qui garantit des bienfaits maximaux pour la peau.<\/p>\n<\/li>\n<li data-start=\"757\" data-end=\"900\">\n<p data-start=\"759\" data-end=\"900\">Soin apaisant et r\u00e9parateur : calme instantan\u00e9ment les peaux sensibles ou irrit\u00e9es par les facteurs de stress environnementaux, la s\u00e9cheresse ou l'exfoliation excessive.<\/p>\n<\/li>\n<li data-start=\"901\" data-end=\"1013\">\n<p data-start=\"903\" data-end=\"1013\">Hydratation en profondeur : Aide \u00e0 reconstituer l'hydratation et \u00e0 la fixer, laissant la peau douce, souple et rafra\u00eechie tout au long de la journ\u00e9e.<\/p>\n<\/li>\n<li data-start=\"1014\" data-end=\"1124\">\n<p data-start=\"1016\" data-end=\"1124\">\u00c9quilibre huile-eau : Favorise une r\u00e9gulation saine du s\u00e9bum pour traiter les peaux \u00e0 tendance acn\u00e9ique et les peaux d\u00e9shydrat\u00e9es.<\/p>\n<\/li>\n<li data-start=\"1125\" data-end=\"1244\">\n<p data-start=\"1127\" data-end=\"1244\">Soutien anti-\u00e2ge : R\u00e9duit les signes pr\u00e9coces du vieillissement en maintenant l'\u00e9lasticit\u00e9 de la peau et en favorisant une texture plus lisse.<\/p>\n<\/li>\n<\/ul>\n<h2 data-start=\"1251\" data-end=\"1283\"><strong data-start=\"1255\" data-end=\"1283\">Pourquoi la Centella de Madagascar ?<\/strong><\/h2>\n<p data-start=\"1285\" data-end=\"1577\">La Centella Asiatica cultiv\u00e9e \u00e0 Madagascar est riche en actifs apaisants - jusqu'\u00e0 7 fois plus concentr\u00e9s que dans les extraits standard. La m\u00e9thode d'extraction propre de SKIN1004 pr\u00e9serve toute l'int\u00e9grit\u00e9 de la plante, garantissant une efficacit\u00e9 \u00e9lev\u00e9e et une performance douce, m\u00eame pour les peaux les plus sensibles.<\/p>\n<h3><strong data-start=\"1588\" data-end=\"1624\">Texture l\u00e9g\u00e8re et non collante<\/strong><\/h3>\n<p data-start=\"1626\" data-end=\"1819\">Cette ampoule pr\u00e9sente une formule aqueuse \u00e0 absorption rapide qui se superpose sans effort \u00e0 d'autres produits de soin. Id\u00e9ale pour tous les types de peau, en particulier les peaux sensibles, irrit\u00e9es ou sujettes \u00e0 l'acn\u00e9.<\/p>\n<h2 data-start=\"2078\" data-end=\"2098\"><strong data-start=\"2082\" data-end=\"2098\">Ingr\u00e9dients :<\/strong><\/h2>\n<ul data-start=\"2100\" data-end=\"2190\">\n<li data-start=\"2100\" data-end=\"2190\">\n<p data-start=\"2102\" data-end=\"2190\"><strong data-start=\"2102\" data-end=\"2138\">Extrait de Centella Asiatica (100%)<\/strong> - Aide \u00e0 calmer, hydrater et r\u00e9parer la barri\u00e8re cutan\u00e9e.<\/p>\n<\/li>\n<\/ul>\n<p data-start=\"2197\" data-end=\"2359\">Sans : parfum, huiles essentielles, alcool, parab\u00e8nes et colorants artificiels.<br data-start=\"2282\" data-end=\"2285\" \/>Convient \u00e0 : Tous les types de peau, y compris les peaux sensibles et acn\u00e9iques.<\/p>\n<p data-start=\"2366\" data-end=\"2546\">Soutenez le pouvoir de gu\u00e9rison naturel de votre peau gr\u00e2ce \u00e0 ce produit. <strong data-start=\"2418\" data-end=\"2443\">ampoule de Centella pure<\/strong> - un outil indispensable pour tous ceux qui recherchent <strong data-start=\"2477\" data-end=\"2531\">hydratation apaisante, \u00e9quilibre de la peau et beaut\u00e9 propre<\/strong> dans une seule bouteille.<\/p>","protected":false},"excerpt":{"rendered":"<p>SKIN1004 Madagascar Centella Ampoule \u2013 100% Pure Soothing &amp; Hydrating Serum Rediscover balance with the SKIN1004 Madagascar Centella Ampoule \u2014<\/p>","protected":false},"featured_media":3833,"comment_status":"open","ping_status":"closed","template":"","meta":[],"product_brand":[],"product_cat":[49,15,312],"product_tag":[],"class_list":{"0":"post-2160","1":"product","2":"type-product","3":"status-publish","4":"has-post-thumbnail","6":"product_cat-for-men","7":"product_cat-korean-routine","8":"product_cat-serum","10":"first","11":"instock","12":"purchasable","13":"product-type-simple"},"_links":{"self":[{"href":"https:\/\/yukibeauty.ch\/fr\/wp-json\/wp\/v2\/product\/2160","targetHints":{"allow":["GET"]}}],"collection":[{"href":"https:\/\/yukibeauty.ch\/fr\/wp-json\/wp\/v2\/product"}],"about":[{"href":"https:\/\/yukibeauty.ch\/fr\/wp-json\/wp\/v2\/types\/product"}],"replies":[{"embeddable":true,"href":"https:\/\/yukibeauty.ch\/fr\/wp-json\/wp\/v2\/comments?post=2160"}],"wp:featuredmedia":[{"embeddable":true,"href":"https:\/\/yukibeauty.ch\/fr\/wp-json\/wp\/v2\/media\/3833"}],"wp:attachment":[{"href":"https:\/\/yukibeauty.ch\/fr\/wp-json\/wp\/v2\/media?parent=2160"}],"wp:term":[{"taxonomy":"product_brand","embeddable":true,"href":"https:\/\/yukibeauty.ch\/fr\/wp-json\/wp\/v2\/product_brand?post=2160"},{"taxonomy":"product_cat","embeddable":true,"href":"https:\/\/yukibeauty.ch\/fr\/wp-json\/wp\/v2\/product_cat?post=2160"},{"taxonomy":"product_tag","embeddable":true,"href":"https:\/\/yukibeauty.ch\/fr\/wp-json\/wp\/v2\/product_tag?post=2160"}],"curies":[{"name":"wp","href":"https:\/\/api.w.org\/{rel}","templated":true}]}}