{"id":2163,"date":"2025-07-08T15:00:01","date_gmt":"2025-07-08T13:00:01","guid":{"rendered":"https:\/\/yukibeauty.ch\/product\/bean-sun-stick-15g\/"},"modified":"2026-02-10T10:04:36","modified_gmt":"2026-02-10T09:04:36","slug":"bean-sun-stick-15g","status":"publish","type":"product","link":"https:\/\/yukibeauty.ch\/fr\/shop\/korean-routine\/sun-protection\/bean-sun-stick-15g\/","title":{"rendered":"Mixsoon Bean Sun Stick SPF50+ PA++++ (15g)"},"content":{"rendered":"<h2 data-start=\"79\" data-end=\"131\">Mixsoon Bean Sun Stick SPF50+ PA++++ (15g)<\/h2>\n<p data-start=\"132\" data-end=\"292\">Un stick solaire l\u00e9ger et nourrissant pour la peau qui offre une protection UV puissante sans compromettre le confort. Parfait pour une utilisation quotidienne et pour des r\u00e9applications en d\u00e9placement.<\/p>\n<p data-start=\"299\" data-end=\"318\">Caract\u00e9ristiques principales :<\/p>\n<ul data-start=\"319\" data-end=\"923\">\n<li data-start=\"319\" data-end=\"423\">\n<p data-start=\"321\" data-end=\"423\">Protection UV de haut niveau : SPF50+ PA++++ avec filtres chimiques prot\u00e8ge la peau des rayons UVA\/UVB.<\/p>\n<\/li>\n<li data-start=\"424\" data-end=\"563\">\n<p data-start=\"426\" data-end=\"563\">Extraits de plantes ferment\u00e9es : Comprend des jus de soja, d'orge, de grenade et de poire ferment\u00e9s pour hydrater, \u00e9claircir et lisser la peau.<\/p>\n<\/li>\n<li data-start=\"564\" data-end=\"692\">\n<p data-start=\"566\" data-end=\"692\">Nourrissante et lissante : riche en acides amin\u00e9s et en isoflavones, la formule aide \u00e0 am\u00e9liorer l'\u00e9lasticit\u00e9 de la peau et \u00e0 unifier le teint.<\/p>\n<\/li>\n<li data-start=\"693\" data-end=\"813\">\n<p data-start=\"695\" data-end=\"813\">Finition mate, blanche et sans coulures : Glisse sans effort avec une texture douce et poudr\u00e9e - sans graisse ni r\u00e9sidu.<\/p>\n<\/li>\n<li data-start=\"814\" data-end=\"923\">\n<p data-start=\"816\" data-end=\"923\">Convivialit\u00e9 : format mince et portable, id\u00e9al pour une utilisation en ext\u00e9rieur et des retouches rapides tout au long de la journ\u00e9e.<\/p>\n<\/li>\n<\/ul>\n<h2 data-start=\"930\" data-end=\"945\"><strong data-start=\"930\" data-end=\"943\">Avantages :<\/strong><\/h2>\n<ul data-start=\"946\" data-end=\"1230\">\n<li data-start=\"946\" data-end=\"998\">\n<p data-start=\"948\" data-end=\"998\">\u00c9cran solaire chimique sous forme de stick pratique.<\/p>\n<\/li>\n<li data-start=\"999\" data-end=\"1045\">\n<p data-start=\"1001\" data-end=\"1045\">Exfolie en douceur et soigne la peau.<\/p>\n<\/li>\n<li data-start=\"1046\" data-end=\"1100\">\n<p data-start=\"1048\" data-end=\"1100\">Aide \u00e0 am\u00e9liorer l'\u00e9lasticit\u00e9 et la texture g\u00e9n\u00e9rale de la peau.<\/p>\n<\/li>\n<li data-start=\"1101\" data-end=\"1178\">\n<p data-start=\"1103\" data-end=\"1178\">Laisse la peau douce, lisse et fra\u00eeche - sans sensation de collant ou de lourdeur.<\/p>\n<\/li>\n<li data-start=\"1179\" data-end=\"1230\">\n<p data-start=\"1181\" data-end=\"1230\">Convient \u00e0 tous les types de peau, y compris les peaux sensibles.<\/p>\n<\/li>\n<\/ul>","protected":false},"excerpt":{"rendered":"<p>Mixsoon Bean Sun Stick SPF50+ PA++++ (15g) A lightweight, skin-nourishing sun stick that offers powerful UV protection without compromising on<\/p>","protected":false},"featured_media":3556,"comment_status":"open","ping_status":"closed","template":"","meta":[],"product_brand":[],"product_cat":[49,15,24],"product_tag":[],"class_list":{"0":"post-2163","1":"product","2":"type-product","3":"status-publish","4":"has-post-thumbnail","6":"product_cat-for-men","7":"product_cat-korean-routine","8":"product_cat-sun-protection","9":"pa_protection-level-spf50","11":"first","12":"instock","13":"featured","14":"purchasable","15":"product-type-simple"},"_links":{"self":[{"href":"https:\/\/yukibeauty.ch\/fr\/wp-json\/wp\/v2\/product\/2163","targetHints":{"allow":["GET"]}}],"collection":[{"href":"https:\/\/yukibeauty.ch\/fr\/wp-json\/wp\/v2\/product"}],"about":[{"href":"https:\/\/yukibeauty.ch\/fr\/wp-json\/wp\/v2\/types\/product"}],"replies":[{"embeddable":true,"href":"https:\/\/yukibeauty.ch\/fr\/wp-json\/wp\/v2\/comments?post=2163"}],"wp:featuredmedia":[{"embeddable":true,"href":"https:\/\/yukibeauty.ch\/fr\/wp-json\/wp\/v2\/media\/3556"}],"wp:attachment":[{"href":"https:\/\/yukibeauty.ch\/fr\/wp-json\/wp\/v2\/media?parent=2163"}],"wp:term":[{"taxonomy":"product_brand","embeddable":true,"href":"https:\/\/yukibeauty.ch\/fr\/wp-json\/wp\/v2\/product_brand?post=2163"},{"taxonomy":"product_cat","embeddable":true,"href":"https:\/\/yukibeauty.ch\/fr\/wp-json\/wp\/v2\/product_cat?post=2163"},{"taxonomy":"product_tag","embeddable":true,"href":"https:\/\/yukibeauty.ch\/fr\/wp-json\/wp\/v2\/product_tag?post=2163"}],"curies":[{"name":"wp","href":"https:\/\/api.w.org\/{rel}","templated":true}]}}