{"id":2165,"date":"2025-07-08T15:00:01","date_gmt":"2025-07-08T13:00:01","guid":{"rendered":"https:\/\/yukibeauty.ch\/product\/aha-bha-pha-30-days-miracle-toner-150ml\/"},"modified":"2025-12-23T17:51:19","modified_gmt":"2025-12-23T16:51:19","slug":"aha-bha-pha-30-days-miracle-toner-150ml","status":"publish","type":"product","link":"https:\/\/yukibeauty.ch\/fr\/shop\/korean-routine\/toner\/aha-bha-pha-30-days-miracle-toner-150ml\/","title":{"rendered":"Tonique AHA, BHA, PHA 30 Days Miracle Toner [150ml]"},"content":{"rendered":"<h2 data-section-id=\"x4z7vo\" data-start=\"187\" data-end=\"253\"><strong data-start=\"191\" data-end=\"251\">Some By Mi - AHA, BHA, PHA 30 Days Miracle Toner [150ml] (en anglais)<\/strong><\/h2>\n<p data-start=\"254\" data-end=\"315\"><strong data-start=\"254\" data-end=\"315\">Exfoliation en douceur. R\u00e9sultats visibles. Un miracle en bouteille.<\/strong><\/p>\n<p data-start=\"317\" data-end=\"680\">Un tonique K-beauty culte qui a conquis des millions d'utilisateurs dans le monde entier - un flacon se vend toutes les 3 secondes ! Formul\u00e9 avec un m\u00e9lange puissant d'AHA, BHA, PHA, d'extrait d'arbre \u00e0 th\u00e9 et de niacinamide, ce tonique exfoliant \u00e9limine en douceur les cellules mortes de la peau, minimise les \u00e9ruptions, affine les pores et \u00e9claircit le teint, le tout sans irritation.<\/p>\n<h2 data-section-id=\"3u00wt\" data-start=\"687\" data-end=\"709\"><strong data-start=\"693\" data-end=\"709\">Principaux avantages<\/strong><\/h2>\n<ul>\n<li data-start=\"711\" data-end=\"1159\">Exfoliation multi-niveaux avec AHA (surface), BHA (pores) et PHA (exfoliant hydratant)<\/li>\n<li data-start=\"711\" data-end=\"1159\">L'eau de feuilles de th\u00e9ier (10 000 ppm) aide \u00e0 apaiser les peaux sujettes \u00e0 l'acn\u00e9 et \u00e0 r\u00e9duire l'inflammation.<\/li>\n<li data-start=\"711\" data-end=\"1159\">Le niacinamide unifie le teint et \u00e9claircit les zones ternes.<\/li>\n<li data-start=\"711\" data-end=\"1159\">L'ad\u00e9nosine lisse les rides et am\u00e9liore l'\u00e9lasticit\u00e9.<\/li>\n<li data-start=\"711\" data-end=\"1159\">Maintient un pH sain (5,5) pour la protection de la barri\u00e8re cutan\u00e9e<\/li>\n<li data-start=\"711\" data-end=\"1159\">Convient aux peaux sensibles - test\u00e9 dermatologiquement<\/li>\n<\/ul>\n<h2 data-section-id=\"1my4m5j\" data-start=\"1166\" data-end=\"1193\"><strong data-start=\"1173\" data-end=\"1193\">Ingr\u00e9dients \u00e9toil\u00e9s<\/strong><\/h2>\n<ul data-start=\"1195\" data-end=\"1703\">\n<li data-start=\"1195\" data-end=\"1284\">\n<p data-start=\"1197\" data-end=\"1284\"><strong data-start=\"1197\" data-end=\"1220\">AHA (acide glycolique)<\/strong> - exfolie en douceur les cellules mortes et am\u00e9liore la texture de la peau<\/p>\n<\/li>\n<li data-start=\"1285\" data-end=\"1375\">\n<p data-start=\"1287\" data-end=\"1375\"><strong data-start=\"1287\" data-end=\"1311\">BHA (acide salicylique)<\/strong> - nettoie l'int\u00e9rieur des pores, en \u00e9liminant l'exc\u00e8s de s\u00e9bum et les points noirs<\/p>\n<\/li>\n<li data-start=\"1376\" data-end=\"1472\">\n<p data-start=\"1378\" data-end=\"1472\"><strong data-start=\"1378\" data-end=\"1404\">PHA (acide lactobionique)<\/strong> - offre une exfoliation douce avec des b\u00e9n\u00e9fices hydratants et \u00e9claircissants<\/p>\n<\/li>\n<li data-start=\"1473\" data-end=\"1548\">\n<p data-start=\"1475\" data-end=\"1548\"><strong data-start=\"1475\" data-end=\"1495\">Extrait d'arbre \u00e0 th\u00e9<\/strong> - calme les irritations et purifie les peaux sujettes aux imperfections<\/p>\n<\/li>\n<li data-start=\"1549\" data-end=\"1631\">\n<p data-start=\"1551\" data-end=\"1631\"><strong data-start=\"1551\" data-end=\"1584\">Extraits d'hamam\u00e9lis et de papaye<\/strong> - favorise l'exfoliation en douceur et le contr\u00f4le du s\u00e9bum<\/p>\n<\/li>\n<li data-start=\"1632\" data-end=\"1703\">\n<p data-start=\"1634\" data-end=\"1703\"><strong data-start=\"1634\" data-end=\"1661\">Niacinamide + Ad\u00e9nosine<\/strong> - \u00e9claircir la peau et r\u00e9duire les signes de vieillissement<\/p>\n<\/li>\n<\/ul>\n<h2 data-section-id=\"5yxxt7\" data-start=\"1976\" data-end=\"1997\"><strong data-start=\"1982\" data-end=\"1997\">Parfait pour<\/strong><\/h2>\n<p data-start=\"1999\" data-end=\"2176\">- Peau grasse et acn\u00e9ique<br data-start=\"2029\" data-end=\"2032\" \/>- Teint terne ou in\u00e9gal<br data-start=\"2062\" data-end=\"2065\" \/>- Pores obstru\u00e9s, points noirs et \u00e9ruptions cutan\u00e9es<br data-start=\"2111\" data-end=\"2114\" \/>- Peau sensible ayant besoin d'un exfoliant doux mais efficace<\/p>\n<p data-start=\"2183\" data-end=\"2336\">Pr\u00e9parez-vous \u00e0 d\u00e9couvrir une peau plus lisse, plus lumineuse et plus claire en seulement 30 jours, sans aucune agressivit\u00e9. Ce tonique est \u00e0 l'origine d'une r\u00e9volution dans le domaine des soins de la peau.<\/p>","protected":false},"excerpt":{"rendered":"<p>Some By Mi \u2013 AHA, BHA, PHA 30 Days Miracle Toner [150ml] Gentle Exfoliation. Visible Results. Miracle in a Bottle.<\/p>","protected":false},"featured_media":3669,"comment_status":"open","ping_status":"closed","template":"","meta":[],"product_brand":[],"product_cat":[49,15,19],"product_tag":[],"class_list":{"0":"post-2165","1":"product","2":"type-product","3":"status-publish","4":"has-post-thumbnail","6":"product_cat-for-men","7":"product_cat-korean-routine","8":"product_cat-toner","10":"first","11":"instock","12":"purchasable","13":"product-type-simple"},"_links":{"self":[{"href":"https:\/\/yukibeauty.ch\/fr\/wp-json\/wp\/v2\/product\/2165","targetHints":{"allow":["GET"]}}],"collection":[{"href":"https:\/\/yukibeauty.ch\/fr\/wp-json\/wp\/v2\/product"}],"about":[{"href":"https:\/\/yukibeauty.ch\/fr\/wp-json\/wp\/v2\/types\/product"}],"replies":[{"embeddable":true,"href":"https:\/\/yukibeauty.ch\/fr\/wp-json\/wp\/v2\/comments?post=2165"}],"wp:featuredmedia":[{"embeddable":true,"href":"https:\/\/yukibeauty.ch\/fr\/wp-json\/wp\/v2\/media\/3669"}],"wp:attachment":[{"href":"https:\/\/yukibeauty.ch\/fr\/wp-json\/wp\/v2\/media?parent=2165"}],"wp:term":[{"taxonomy":"product_brand","embeddable":true,"href":"https:\/\/yukibeauty.ch\/fr\/wp-json\/wp\/v2\/product_brand?post=2165"},{"taxonomy":"product_cat","embeddable":true,"href":"https:\/\/yukibeauty.ch\/fr\/wp-json\/wp\/v2\/product_cat?post=2165"},{"taxonomy":"product_tag","embeddable":true,"href":"https:\/\/yukibeauty.ch\/fr\/wp-json\/wp\/v2\/product_tag?post=2165"}],"curies":[{"name":"wp","href":"https:\/\/api.w.org\/{rel}","templated":true}]}}