{"id":2166,"date":"2025-07-08T15:00:01","date_gmt":"2025-07-08T13:00:01","guid":{"rendered":"https:\/\/yukibeauty.ch\/product\/anua-heartleaf-77-soothing-toner-250ml\/"},"modified":"2025-12-18T20:32:31","modified_gmt":"2025-12-18T19:32:31","slug":"anua-heartleaf-77-soothing-toner-250ml","status":"publish","type":"product","link":"https:\/\/yukibeauty.ch\/fr\/shop\/korean-routine\/toner\/anua-heartleaf-77-soothing-toner-250ml\/","title":{"rendered":"Anua Heartleaf 77% Tonique apaisant 250ml"},"content":{"rendered":"<h2 data-start=\"173\" data-end=\"211\">Anua Heartle Leaf 77% Tonique apaisant<\/h2>\n<p data-start=\"212\" data-end=\"284\"><strong data-start=\"212\" data-end=\"284\">Tonique apaisant pour le visage pour les peaux sensibles, irrit\u00e9es ou \u00e0 probl\u00e8mes<\/strong><\/p>\n<p data-start=\"286\" data-end=\"626\">Anua Heartle 77% Soothing Toner est un tonique doux mais puissant, formul\u00e9 \u00e0 partir de <strong data-start=\"367\" data-end=\"413\">77% Extrait de Houttuynia Cordata (Heartleaf)<\/strong> pour apaiser les irritations, calmer les rougeurs et r\u00e9tablir l'\u00e9quilibre de la peau. Parfaite pour les peaux sensibles et \u00e0 probl\u00e8mes, cette lotion tonique hydrate en profondeur tout en soutenant la barri\u00e8re naturelle de la peau et en favorisant la cicatrisation. Un tonique cor\u00e9en qui apaise, hydrate et soutient les soins anti-\u00e2ge en minimisant la pigmentation et les ridules.<\/p>\n<h2 data-start=\"628\" data-end=\"647\">Principaux avantages<\/h2>\n<ul data-start=\"649\" data-end=\"942\">\n<li data-start=\"649\" data-end=\"695\">\n<p data-start=\"651\" data-end=\"695\"><strong data-start=\"651\" data-end=\"693\">Apaise les irritations et r\u00e9duit les rougeurs<\/strong><\/p>\n<\/li>\n<li data-start=\"696\" data-end=\"751\">\n<p data-start=\"698\" data-end=\"751\"><strong data-start=\"698\" data-end=\"722\">Hydrate et adoucit<\/strong> la peau sans lourdeur<\/p>\n<\/li>\n<li data-start=\"752\" data-end=\"819\">\n<p data-start=\"754\" data-end=\"819\"><strong data-start=\"754\" data-end=\"789\">Aide \u00e0 restaurer la barri\u00e8re lipidique<\/strong> et acc\u00e9l\u00e9rer la r\u00e9g\u00e9n\u00e9ration<\/p>\n<\/li>\n<li data-start=\"820\" data-end=\"883\">\n<p data-start=\"822\" data-end=\"883\"><strong data-start=\"822\" data-end=\"881\">Minimise l'apparence de la pigmentation et des ridules<\/strong><\/p>\n<\/li>\n<li data-start=\"884\" data-end=\"942\">\n<p data-start=\"886\" data-end=\"942\"><strong data-start=\"886\" data-end=\"942\">Pr\u00e9vient les \u00e9ruptions cutan\u00e9es et favorise la clart\u00e9 g\u00e9n\u00e9rale de la peau<\/strong><\/p>\n<\/li>\n<\/ul>\n<h2 data-start=\"1736\" data-end=\"1763\">Type de peau et pr\u00e9occupations<\/h2>\n<p data-start=\"1765\" data-end=\"1781\">Recommand\u00e9 pour :<\/p>\n<ul data-start=\"1782\" data-end=\"1927\">\n<li data-start=\"1782\" data-end=\"1855\">\n<p data-start=\"1784\" data-end=\"1855\"><strong data-start=\"1784\" data-end=\"1802\">Tous types de peau<\/strong>, en particulier <strong data-start=\"1815\" data-end=\"1828\">sensible<\/strong> et <strong data-start=\"1833\" data-end=\"1848\">probl\u00e9matique<\/strong> peau<\/p>\n<\/li>\n<li data-start=\"1856\" data-end=\"1927\">\n<p data-start=\"1858\" data-end=\"1927\"><strong data-start=\"1858\" data-end=\"1869\">Rougeurs<\/strong>, <strong data-start=\"1871\" data-end=\"1885\">irritation<\/strong>, <strong data-start=\"1887\" data-end=\"1898\">s\u00e9cheresse<\/strong>et <strong data-start=\"1904\" data-end=\"1918\">acn\u00e9ique<\/strong> pr\u00e9occupations<\/p>\n<\/li>\n<\/ul>\n<p>&nbsp;<\/p>\n<p><em data-start=\"2155\" data-end=\"2213\">Un indispensable quotidien pour une peau calme, \u00e9quilibr\u00e9e et hydrat\u00e9e.<\/em><br data-start=\"2213\" data-end=\"2216\" \/><strong data-start=\"2216\" data-end=\"2277\">Sans ingr\u00e9dients agressifs. Suffisamment doux pour un usage quotidien.<\/strong><\/p>","protected":false},"excerpt":{"rendered":"<p>Anua Heartleaf 77% Soothing Toner Calming facial toner for sensitive, irritated, or problem-prone skin Anua Heartleaf 77% Soothing Toner is<\/p>","protected":false},"featured_media":3682,"comment_status":"open","ping_status":"closed","template":"","meta":[],"product_brand":[],"product_cat":[49,15,19,314],"product_tag":[],"class_list":{"0":"post-2166","1":"product","2":"type-product","3":"status-publish","4":"has-post-thumbnail","6":"product_cat-for-men","7":"product_cat-korean-routine","8":"product_cat-toner","9":"product_cat-toner-for-men","11":"first","12":"instock","13":"sale","14":"purchasable","15":"product-type-simple"},"_links":{"self":[{"href":"https:\/\/yukibeauty.ch\/fr\/wp-json\/wp\/v2\/product\/2166","targetHints":{"allow":["GET"]}}],"collection":[{"href":"https:\/\/yukibeauty.ch\/fr\/wp-json\/wp\/v2\/product"}],"about":[{"href":"https:\/\/yukibeauty.ch\/fr\/wp-json\/wp\/v2\/types\/product"}],"replies":[{"embeddable":true,"href":"https:\/\/yukibeauty.ch\/fr\/wp-json\/wp\/v2\/comments?post=2166"}],"wp:featuredmedia":[{"embeddable":true,"href":"https:\/\/yukibeauty.ch\/fr\/wp-json\/wp\/v2\/media\/3682"}],"wp:attachment":[{"href":"https:\/\/yukibeauty.ch\/fr\/wp-json\/wp\/v2\/media?parent=2166"}],"wp:term":[{"taxonomy":"product_brand","embeddable":true,"href":"https:\/\/yukibeauty.ch\/fr\/wp-json\/wp\/v2\/product_brand?post=2166"},{"taxonomy":"product_cat","embeddable":true,"href":"https:\/\/yukibeauty.ch\/fr\/wp-json\/wp\/v2\/product_cat?post=2166"},{"taxonomy":"product_tag","embeddable":true,"href":"https:\/\/yukibeauty.ch\/fr\/wp-json\/wp\/v2\/product_tag?post=2166"}],"curies":[{"name":"wp","href":"https:\/\/api.w.org\/{rel}","templated":true}]}}