{"id":2170,"date":"2025-07-08T15:00:01","date_gmt":"2025-07-08T13:00:01","guid":{"rendered":"https:\/\/yukibeauty.ch\/product\/madagascar-centella-toning-toner-210ml\/"},"modified":"2025-12-18T20:36:04","modified_gmt":"2025-12-18T19:36:04","slug":"skin1004-madagascar-centella-toning-toner","status":"publish","type":"product","link":"https:\/\/yukibeauty.ch\/fr\/shop\/korean-routine\/toner\/skin1004-madagascar-centella-toning-toner\/","title":{"rendered":"Tonique Centella de Madagascar 210ml"},"content":{"rendered":"<h2 data-section-id=\"p8whxp\" data-start=\"222\" data-end=\"275\">SKIN1004 Madagascar Centella Tonifiant 210ml<\/h2>\n<p data-start=\"276\" data-end=\"342\"><strong data-start=\"276\" data-end=\"342\">Exfoliation quotidienne en douceur. Calme, hydrate et affine votre peau.<\/strong><\/p>\n<p data-start=\"344\" data-end=\"665\">Ce tonique l\u00e9ger \u00e0 base d'eau allie le pouvoir de l'eau \u00e0 celui de l'eau. <strong data-start=\"399\" data-end=\"418\">Exfoliation \u00e0 la PHA<\/strong> avec <strong data-start=\"424\" data-end=\"457\">84% Extrait de Centella Asiatica<\/strong> pour \u00e9liminer en douceur les cellules mortes, \u00e9quilibrer le s\u00e9bum et pr\u00e9parer la peau \u00e0 une meilleure absorption des produits de soin. Id\u00e9al pour les peaux sensibles, il apaise tout en am\u00e9liorant le teint et la texture de la peau, sans l'irriter.<\/p>\n<h2 data-section-id=\"haxfjh\" data-start=\"672\" data-end=\"695\">Pourquoi vous l'aimerez :<\/h2>\n<ul>\n<li data-start=\"697\" data-end=\"1059\">Exfolie et lisse en douceur gr\u00e2ce \u00e0 la PHA (gluconolactone).<\/li>\n<li data-start=\"697\" data-end=\"1059\">Calme et hydrate en profondeur gr\u00e2ce \u00e0 la Centella Asiatica \u00e0 haute concentration.<\/li>\n<li data-start=\"697\" data-end=\"1059\">\u00c9claircit et unifie le teint gr\u00e2ce au Niacinamide<\/li>\n<li data-start=\"697\" data-end=\"1059\">Renforce la barri\u00e8re cutan\u00e9e et favorise les soins anti-\u00e2ge<\/li>\n<li data-start=\"697\" data-end=\"1059\">Pr\u00e9pare la peau \u00e0 une meilleure absorption des s\u00e9rums et des cr\u00e8mes<\/li>\n<li data-start=\"697\" data-end=\"1059\">Sans danger pour une utilisation quotidienne, m\u00eame pour les peaux sensibles ou r\u00e9actives<\/li>\n<\/ul>\n<h2 data-section-id=\"vuo8pp\" data-start=\"1066\" data-end=\"1086\">Ingr\u00e9dients cl\u00e9s :<\/h2>\n<ul>\n<li data-start=\"1088\" data-end=\"1460\">Extrait de Centella Asiatica (84%) - Apaise les irritations, hydrate et favorise le r\u00e9tablissement de la peau.<\/li>\n<li data-start=\"1088\" data-end=\"1460\">Niacinamide - Aide \u00e0 estomper les taches brunes, am\u00e9liore l'\u00e9lasticit\u00e9 de la peau et unifie le teint.<\/li>\n<li data-start=\"1088\" data-end=\"1460\">PHA (Gluconolactone) - Un exfoliant doux qui \u00e9limine les cellules mortes de la peau sans perturber les peaux sensibles.<\/li>\n<li data-start=\"1088\" data-end=\"1460\">Acide hyaluronique + b\u00e9ta\u00efne - Renforce l'hydratation et adoucit la peau<\/li>\n<\/ul>\n<h2 data-section-id=\"1duxkir\" data-start=\"1603\" data-end=\"1615\">Texture :<\/h2>\n<ul>\n<li data-start=\"1617\" data-end=\"1711\">Formule l\u00e9g\u00e8re et aqueuse avec une l\u00e9g\u00e8re teinte ambr\u00e9e<\/li>\n<li data-start=\"1617\" data-end=\"1711\">Absorbe rapidement sans coller<\/li>\n<\/ul>\n<h2 data-section-id=\"1el48w0\" data-start=\"1718\" data-end=\"1735\">Pour qui ?<\/h2>\n<ul>\n<li data-start=\"1737\" data-end=\"1891\">Peau sensible, s\u00e8che ou irrit\u00e9e<\/li>\n<li data-start=\"1737\" data-end=\"1891\">Peau au teint, \u00e0 la texture ou \u00e0 la pigmentation irr\u00e9guliersToute personne \u00e0 la recherche d'un tonique exfoliant quotidien et non irritant<\/li>\n<\/ul>\n<p data-start=\"1898\" data-end=\"2026\">Sans parab\u00e8nes, sulfates, huiles min\u00e9rales, parfums synth\u00e9tiques et ingr\u00e9dients agressifs. Tous les composants sont <strong data-start=\"2004\" data-end=\"2025\">S\u00e9curit\u00e9 v\u00e9rifi\u00e9e par l'EWG<\/strong>.<\/p>","protected":false},"excerpt":{"rendered":"<p>SKIN1004 Madagascar Centella Toning Toner 210ml Gentle daily exfoliation. Calm, hydrate, and refine your skin. This lightweight, water-type toner blends<\/p>","protected":false},"featured_media":3677,"comment_status":"open","ping_status":"closed","template":"","meta":[],"product_brand":[],"product_cat":[49,15,19],"product_tag":[],"class_list":{"0":"post-2170","1":"product","2":"type-product","3":"status-publish","4":"has-post-thumbnail","6":"product_cat-for-men","7":"product_cat-korean-routine","8":"product_cat-toner","10":"first","11":"instock","12":"featured","13":"purchasable","14":"product-type-simple"},"_links":{"self":[{"href":"https:\/\/yukibeauty.ch\/fr\/wp-json\/wp\/v2\/product\/2170","targetHints":{"allow":["GET"]}}],"collection":[{"href":"https:\/\/yukibeauty.ch\/fr\/wp-json\/wp\/v2\/product"}],"about":[{"href":"https:\/\/yukibeauty.ch\/fr\/wp-json\/wp\/v2\/types\/product"}],"replies":[{"embeddable":true,"href":"https:\/\/yukibeauty.ch\/fr\/wp-json\/wp\/v2\/comments?post=2170"}],"wp:featuredmedia":[{"embeddable":true,"href":"https:\/\/yukibeauty.ch\/fr\/wp-json\/wp\/v2\/media\/3677"}],"wp:attachment":[{"href":"https:\/\/yukibeauty.ch\/fr\/wp-json\/wp\/v2\/media?parent=2170"}],"wp:term":[{"taxonomy":"product_brand","embeddable":true,"href":"https:\/\/yukibeauty.ch\/fr\/wp-json\/wp\/v2\/product_brand?post=2170"},{"taxonomy":"product_cat","embeddable":true,"href":"https:\/\/yukibeauty.ch\/fr\/wp-json\/wp\/v2\/product_cat?post=2170"},{"taxonomy":"product_tag","embeddable":true,"href":"https:\/\/yukibeauty.ch\/fr\/wp-json\/wp\/v2\/product_tag?post=2170"}],"curies":[{"name":"wp","href":"https:\/\/api.w.org\/{rel}","templated":true}]}}