{"id":2171,"date":"2025-07-08T15:00:01","date_gmt":"2025-07-08T13:00:01","guid":{"rendered":"https:\/\/yukibeauty.ch\/product\/galactomyces-pure-vitamin-c-glow-toner\/"},"modified":"2026-02-10T10:02:45","modified_gmt":"2026-02-10T09:02:45","slug":"galactomyces-pure-vitamin-c-glow-toner","status":"publish","type":"product","link":"https:\/\/yukibeauty.ch\/fr\/shop\/korean-routine\/toner\/galactomyces-pure-vitamin-c-glow-toner\/","title":{"rendered":"Galactomyces Pure Vitamin C Glow Toner"},"content":{"rendered":"<h2 data-section-id=\"15y2q9g\" data-start=\"244\" data-end=\"292\"><strong data-start=\"248\" data-end=\"290\">Galactomyces Pure Vitamin C Glow Toner<\/strong><\/h2>\n<p data-start=\"293\" data-end=\"338\"><strong data-start=\"293\" data-end=\"338\">Solution \u00e9claircissante ing\u00e9nieuse et puissante<\/strong><\/p>\n<p data-start=\"340\" data-end=\"632\">Revitalisez les peaux ternes et fatigu\u00e9es gr\u00e2ce \u00e0 ce tonique ravivant, infus\u00e9 de 88% Galactomyces ferment filtrate et de 10 000 ppm de vitamine C pure. Con\u00e7ue pour offrir un soin intensif \u00e9claircissant, cette formule aide \u00e0 promouvoir un teint radieux et translucide tout en soutenant la sant\u00e9 g\u00e9n\u00e9rale de la peau.<\/p>\n<h2 data-section-id=\"wzvaxh\" data-start=\"639\" data-end=\"661\"><strong data-start=\"643\" data-end=\"659\">Principaux avantages<\/strong><\/h2>\n<p data-start=\"662\" data-end=\"1184\">- \u00c9claircit et unifie le teint - La vitamine C pure am\u00e9liore visiblement l'aspect terne et favorise un \u00e9clat lumineux.<br data-start=\"762\" data-end=\"765\" \/>- Nourrit et raffermit - Le filtrat de ferment Galactomyces aide \u00e0 hydrater, \u00e0 adoucir et \u00e0 am\u00e9liorer la texture et l'\u00e9lasticit\u00e9 de la peau.<br data-start=\"883\" data-end=\"886\" \/>- Apaise et prot\u00e8ge - Calme l'irritation caus\u00e9e par les facteurs de stress environnementaux<br data-start=\"963\" data-end=\"966\" \/>- Cible des pr\u00e9occupations multiples - Le niacinamide am\u00e9liore le teint in\u00e9gal de la peau, tandis que l'ad\u00e9nosine aide \u00e0 r\u00e9duire les rides et ridules.<br data-start=\"1091\" data-end=\"1094\" \/>- Formule propre - Compos\u00e9e d'ingr\u00e9dients d'origine naturelle, elle convient \u00e0 un usage quotidien.<\/p>","protected":false},"excerpt":{"rendered":"<p>Galactomyces Pure Vitamin C Glow Toner Ingenious &amp; Powerful Brightening Solution Revitalize dull, tired skin with this glow-boosting toner infused<\/p>","protected":false},"featured_media":3658,"comment_status":"open","ping_status":"closed","template":"","meta":[],"product_brand":[],"product_cat":[49,15,19],"product_tag":[],"class_list":{"0":"post-2171","1":"product","2":"type-product","3":"status-publish","4":"has-post-thumbnail","6":"product_cat-for-men","7":"product_cat-korean-routine","8":"product_cat-toner","10":"first","11":"instock","12":"purchasable","13":"product-type-simple"},"_links":{"self":[{"href":"https:\/\/yukibeauty.ch\/fr\/wp-json\/wp\/v2\/product\/2171","targetHints":{"allow":["GET"]}}],"collection":[{"href":"https:\/\/yukibeauty.ch\/fr\/wp-json\/wp\/v2\/product"}],"about":[{"href":"https:\/\/yukibeauty.ch\/fr\/wp-json\/wp\/v2\/types\/product"}],"replies":[{"embeddable":true,"href":"https:\/\/yukibeauty.ch\/fr\/wp-json\/wp\/v2\/comments?post=2171"}],"wp:featuredmedia":[{"embeddable":true,"href":"https:\/\/yukibeauty.ch\/fr\/wp-json\/wp\/v2\/media\/3658"}],"wp:attachment":[{"href":"https:\/\/yukibeauty.ch\/fr\/wp-json\/wp\/v2\/media?parent=2171"}],"wp:term":[{"taxonomy":"product_brand","embeddable":true,"href":"https:\/\/yukibeauty.ch\/fr\/wp-json\/wp\/v2\/product_brand?post=2171"},{"taxonomy":"product_cat","embeddable":true,"href":"https:\/\/yukibeauty.ch\/fr\/wp-json\/wp\/v2\/product_cat?post=2171"},{"taxonomy":"product_tag","embeddable":true,"href":"https:\/\/yukibeauty.ch\/fr\/wp-json\/wp\/v2\/product_tag?post=2171"}],"curies":[{"name":"wp","href":"https:\/\/api.w.org\/{rel}","templated":true}]}}