{"id":2172,"date":"2025-07-08T15:00:01","date_gmt":"2025-07-08T13:00:01","guid":{"rendered":"https:\/\/yukibeauty.ch\/product\/rice-70-glow-milky-toner-250ml\/"},"modified":"2025-12-16T21:13:37","modified_gmt":"2025-12-16T20:13:37","slug":"rice-milky-toner","status":"publish","type":"product","link":"https:\/\/yukibeauty.ch\/fr\/shop\/pour-les-hommes\/toner-for-men\/rice-milky-toner\/","title":{"rendered":"Rice 70 Glow Milky Toner 250ml"},"content":{"rendered":"<h2 data-start=\"195\" data-end=\"238\">Anua Rice 70% Glow Milky Toner - 250ml<\/h2>\n<p data-start=\"239\" data-end=\"314\"><strong data-start=\"239\" data-end=\"314\">Tonique \u00e9claircissant, apaisant et hydratant pour une peau \u00e9clatante et uniforme<\/strong><\/p>\n<p data-start=\"316\" data-end=\"656\">R\u00e9v\u00e9lez votre peau la plus lumineuse gr\u00e2ce \u00e0 la gamme de produits <strong data-start=\"360\" data-end=\"393\">Anua Rice 70 Glow Milky Toner<\/strong> - Un tonique doux, sans parfum, enrichi de <strong data-start=\"441\" data-end=\"464\">70% eau de son de riz<\/strong> et <strong data-start=\"469\" data-end=\"484\">niacinamide<\/strong> pour hydrater, \u00e9claircir et affiner le teint. Cette formule laiteuse et l\u00e9g\u00e8re p\u00e9n\u00e8tre rapidement sans coller, laissant la peau douce, \u00e9clatante et parfaitement pr\u00e9par\u00e9e.<\/p>\n<h2 data-start=\"663\" data-end=\"682\">Principaux avantages<\/h2>\n<ul data-start=\"684\" data-end=\"1173\">\n<li data-start=\"684\" data-end=\"766\">\n<p data-start=\"686\" data-end=\"766\"><strong data-start=\"686\" data-end=\"725\">\u00c9claircit le teint terne et in\u00e9gal<\/strong> avec 70% eau de son de riz + niacinamide<\/p>\n<\/li>\n<li data-start=\"767\" data-end=\"818\">\n<p data-start=\"769\" data-end=\"818\"><strong data-start=\"769\" data-end=\"795\">R\u00e9gule l'exc\u00e8s de s\u00e9bum<\/strong> et am\u00e9liore la clart\u00e9<\/p>\n<\/li>\n<li data-start=\"819\" data-end=\"883\">\n<p data-start=\"821\" data-end=\"883\"><strong data-start=\"821\" data-end=\"853\">Renforce la barri\u00e8re cutan\u00e9e<\/strong> avec <strong data-start=\"859\" data-end=\"881\">C\u00e9ramide AP et NP<\/strong><\/p>\n<\/li>\n<li data-start=\"884\" data-end=\"1021\">\n<p data-start=\"886\" data-end=\"1021\"><strong data-start=\"886\" data-end=\"905\">Hydrate en profondeur<\/strong> et apaise les peaux sensibles avec <strong data-start=\"936\" data-end=\"958\">Hyaluronate de sodium<\/strong>, <strong data-start=\"960\" data-end=\"971\">B\u00e9ta\u00efne<\/strong>, <strong data-start=\"973\" data-end=\"986\">Panth\u00e9nol<\/strong>, <strong data-start=\"988\" data-end=\"1000\">Glyc\u00e9rine<\/strong>et <strong data-start=\"1006\" data-end=\"1019\">Allanto\u00efne<\/strong><\/p>\n<\/li>\n<li data-start=\"1022\" data-end=\"1111\">\n<p data-start=\"1024\" data-end=\"1111\">L\u00e9ger, <strong data-start=\"1037\" data-end=\"1051\">non collant<\/strong>et <strong data-start=\"1057\" data-end=\"1075\">sans parfum<\/strong> formule - id\u00e9ale pour <strong data-start=\"1096\" data-end=\"1109\">utilisation quotidienne<\/strong><\/p>\n<\/li>\n<li data-start=\"1112\" data-end=\"1173\">\n<p data-start=\"1114\" data-end=\"1173\">Laisse la peau avec un <strong data-start=\"1133\" data-end=\"1173\">Finition lisse, \u00e9clatante et \u00e9quilibr\u00e9e<\/strong><\/p>\n<\/li>\n<\/ul>\n<h2 data-start=\"1180\" data-end=\"1202\">Ingr\u00e9dients \u00e9toil\u00e9s<\/h2>\n<ul data-start=\"1204\" data-end=\"1750\">\n<li data-start=\"1204\" data-end=\"1323\">\n<p data-start=\"1206\" data-end=\"1323\"><strong data-start=\"1206\" data-end=\"1231\">Eau de son de riz (70%)<\/strong> - Riche en acides amin\u00e9s et en antioxydants, il \u00e9claircit et revitalise la peau pour lui donner un \u00e9clat radieux.<\/p>\n<\/li>\n<li data-start=\"1324\" data-end=\"1440\">\n<p data-start=\"1326\" data-end=\"1440\"><strong data-start=\"1326\" data-end=\"1341\">Niacinamide<\/strong> - Une vitamine multit\u00e2che qui unifie le teint, r\u00e9duit les pores et renforce la barri\u00e8re cutan\u00e9e.<\/p>\n<\/li>\n<li data-start=\"1441\" data-end=\"1541\">\n<p data-start=\"1443\" data-end=\"1541\"><strong data-start=\"1443\" data-end=\"1463\">C\u00e9ramide AP &amp; NP<\/strong> - Aide \u00e0 renforcer la barri\u00e8re naturelle d'hydratation de la peau et \u00e0 am\u00e9liorer son \u00e9lasticit\u00e9.<\/p>\n<\/li>\n<li data-start=\"1542\" data-end=\"1660\">\n<p data-start=\"1544\" data-end=\"1660\"><strong data-start=\"1544\" data-end=\"1576\">Hyaluronate de sodium et b\u00e9ta\u00efne<\/strong> - Fournit une hydratation durable tout en r\u00e9duisant les signes de s\u00e9cheresse et d'inflammation.<\/p>\n<\/li>\n<li data-start=\"1661\" data-end=\"1750\">\n<p data-start=\"1663\" data-end=\"1750\"><strong data-start=\"1663\" data-end=\"1698\">Panth\u00e9nol, glyc\u00e9rine et allanto\u00efne<\/strong> - Calme la peau irrit\u00e9e et favorise la r\u00e9paration quotidienne de la peau<\/p>\n<\/li>\n<\/ul>\n<p><em data-start=\"2520\" data-end=\"2589\">Votre \u00e9clat quotidien commence ici - doux, propre et profond\u00e9ment nourrissant.<\/em><\/p>","protected":false},"excerpt":{"rendered":"<p>Anua Rice 70% Glow Milky Toner \u2013 250ml Brightening, soothing, and hydrating toner for radiant, even-toned skin Reveal your most<\/p>","protected":false},"featured_media":3304,"comment_status":"open","ping_status":"closed","template":"","meta":[],"product_brand":[],"product_cat":[49,15,314,19],"product_tag":[],"class_list":{"0":"post-2172","1":"product","2":"type-product","3":"status-publish","4":"has-post-thumbnail","6":"product_cat-for-men","7":"product_cat-korean-routine","8":"product_cat-toner-for-men","9":"product_cat-toner","11":"first","12":"outofstock","13":"sale","14":"purchasable","15":"product-type-simple"},"_links":{"self":[{"href":"https:\/\/yukibeauty.ch\/fr\/wp-json\/wp\/v2\/product\/2172","targetHints":{"allow":["GET"]}}],"collection":[{"href":"https:\/\/yukibeauty.ch\/fr\/wp-json\/wp\/v2\/product"}],"about":[{"href":"https:\/\/yukibeauty.ch\/fr\/wp-json\/wp\/v2\/types\/product"}],"replies":[{"embeddable":true,"href":"https:\/\/yukibeauty.ch\/fr\/wp-json\/wp\/v2\/comments?post=2172"}],"wp:featuredmedia":[{"embeddable":true,"href":"https:\/\/yukibeauty.ch\/fr\/wp-json\/wp\/v2\/media\/3304"}],"wp:attachment":[{"href":"https:\/\/yukibeauty.ch\/fr\/wp-json\/wp\/v2\/media?parent=2172"}],"wp:term":[{"taxonomy":"product_brand","embeddable":true,"href":"https:\/\/yukibeauty.ch\/fr\/wp-json\/wp\/v2\/product_brand?post=2172"},{"taxonomy":"product_cat","embeddable":true,"href":"https:\/\/yukibeauty.ch\/fr\/wp-json\/wp\/v2\/product_cat?post=2172"},{"taxonomy":"product_tag","embeddable":true,"href":"https:\/\/yukibeauty.ch\/fr\/wp-json\/wp\/v2\/product_tag?post=2172"}],"curies":[{"name":"wp","href":"https:\/\/api.w.org\/{rel}","templated":true}]}}