{"id":2795,"date":"2025-07-25T15:14:22","date_gmt":"2025-07-25T13:14:22","guid":{"rendered":"https:\/\/yukibeauty.ch\/?post_type=product&#038;p=2795"},"modified":"2026-04-08T16:12:40","modified_gmt":"2026-04-08T14:12:40","slug":"the-stem-cell-retinol-mask","status":"publish","type":"product","link":"https:\/\/yukibeauty.ch\/fr\/shop\/korean-routine\/masks\/the-stem-cell-retinol-mask\/","title":{"rendered":"The Stem Cell - Masque au r\u00e9tinol et aux vitamines"},"content":{"rendered":"<h2 data-start=\"0\" data-end=\"99\">The Stem Cell - Masque au r\u00e9tinol et aux vitamines<\/h2>\n<p data-start=\"109\" data-end=\"548\"><strong data-start=\"109\" data-end=\"139\">Masque au r\u00e9tinol et aux cellules souches<\/strong> est un masque-s\u00e9rum haute performance con\u00e7u pour offrir un niveau de rajeunissement sup\u00e9rieur. Il contient du r\u00e9tinol pur et des exosomes d\u00e9riv\u00e9s de cellules souches, issus de recherches reconnues par l'Organisation mondiale de la sant\u00e9 (OMS). <a href=\"https:\/\/www.nobelprize.org\/prizes\/medicine\/2013\/press-release\/\" target=\"_blank\" rel=\"noopener\"><strong>Prix Nobel<\/strong><\/a>Il cible les rides profondes, le teint in\u00e9gal et la perte d'\u00e9lasticit\u00e9. Ce masque r\u00e9parateur avanc\u00e9 agit au niveau cellulaire pour stimuler la production de collag\u00e8ne, lifter et raffermir la peau et lui redonner l'\u00e9clat de la jeunesse \u00e0 chaque utilisation.<\/p>\n<p data-start=\"550\" data-end=\"829\">Offrez-vous un traitement de luxe qui lisse les ridules, affine la texture et ravive les peaux fatigu\u00e9es pour un teint lumineux et revitalis\u00e9. Parfait pour ceux qui recherchent un soin anti-\u00e2ge intensif, ce masque transforme votre peau en une version plus ferme, plus claire et plus jeune d'elle-m\u00eame.<\/p>\n<h2 data-start=\"374\" data-end=\"392\"><strong data-start=\"374\" data-end=\"390\">Ce qu'il fait<\/strong><\/h2>\n<ul data-start=\"393\" data-end=\"622\">\n<li data-start=\"393\" data-end=\"450\">\n<p data-start=\"395\" data-end=\"450\">Lisse les ridules et r\u00e9duit les signes visibles de vieillissement<\/p>\n<\/li>\n<li data-start=\"451\" data-end=\"511\">\n<p data-start=\"453\" data-end=\"511\">Stimule la production de collag\u00e8ne pour une peau plus ferme et plus \u00e9lastique<\/p>\n<\/li>\n<li data-start=\"512\" data-end=\"566\">\n<p data-start=\"514\" data-end=\"566\">\u00c9claircit le teint in\u00e9gal et am\u00e9liore la texture g\u00e9n\u00e9rale.<\/p>\n<\/li>\n<li data-start=\"567\" data-end=\"622\">\n<p data-start=\"569\" data-end=\"622\">Ravive les peaux ternes et fatigu\u00e9es pour un \u00e9clat de jeunesse radieux<\/p>\n<\/li>\n<\/ul>\n<h2 data-start=\"629\" data-end=\"650\"><strong>Ingr\u00e9dients cl\u00e9s<\/strong><\/h2>\n<ul data-start=\"651\" data-end=\"1001\">\n<li data-start=\"651\" data-end=\"777\">\n<p data-start=\"653\" data-end=\"777\">R\u00e9tinol brut - Une forme puissante de vitamine A qui acc\u00e9l\u00e8re le renouvellement cellulaire, r\u00e9duisant visiblement les rides et am\u00e9liorant le tonus.<\/p>\n<\/li>\n<li data-start=\"778\" data-end=\"896\">\n<p data-start=\"780\" data-end=\"896\">Exosomes de culture de cellules souches - Agents de r\u00e9paration cutan\u00e9e avanc\u00e9s qui favorisent la r\u00e9g\u00e9n\u00e9ration, l'hydratation et l'\u00e9lasticit\u00e9.<\/p>\n<\/li>\n<li data-start=\"897\" data-end=\"1001\">\n<p data-start=\"899\" data-end=\"1001\"><a href=\"https:\/\/yukibeauty.ch\/fr\/shop\/korean-routine\/essence\/6-peptide-skin-booster\/\" target=\"_blank\" rel=\"noopener\">Peptides<\/a> &amp; Extraits botaniques - Aident \u00e0 calmer la peau et \u00e0 soutenir les bienfaits anti-\u00e2ge du r\u00e9tinol.<\/p>\n<\/li>\n<\/ul>\n<h3 data-start=\"1008\" data-end=\"1161\"><strong>Convient pour<\/strong><\/h3>\n<p data-start=\"1008\" data-end=\"1161\">Le masque au r\u00e9tinol et aux cellules souches convient \u00e0 tous les types de peau, \u00e0 l'exception des peaux tr\u00e8s sensibles. Il est id\u00e9al pour les peaux matures, fatigu\u00e9es ou irr\u00e9guli\u00e8res pr\u00e9sentant des signes de vieillissement, de ternissement ou de perte de fermet\u00e9.<\/p>\n<p data-start=\"1008\" data-end=\"1161\">","protected":false},"excerpt":{"rendered":"<p>Ce luxueux masque-s\u00e9rum anti-\u00e2ge contient du r\u00e9tinol brut et des exosomes de cellules souches. Il cible les rides, l'aspect terne et le rel\u00e2chement tout en am\u00e9liorant visiblement le teint, la texture et la fermet\u00e9.<\/p>","protected":false},"featured_media":4362,"comment_status":"open","ping_status":"closed","template":"","meta":[],"product_brand":[],"product_cat":[25,21],"product_tag":[],"class_list":{"0":"post-2795","1":"product","2":"type-product","3":"status-publish","4":"has-post-thumbnail","6":"product_cat-exclusive-face-masks","7":"product_cat-masks","9":"first","10":"instock","11":"sale","12":"featured","13":"shipping-taxable","14":"purchasable","15":"product-type-simple"},"_links":{"self":[{"href":"https:\/\/yukibeauty.ch\/fr\/wp-json\/wp\/v2\/product\/2795","targetHints":{"allow":["GET"]}}],"collection":[{"href":"https:\/\/yukibeauty.ch\/fr\/wp-json\/wp\/v2\/product"}],"about":[{"href":"https:\/\/yukibeauty.ch\/fr\/wp-json\/wp\/v2\/types\/product"}],"replies":[{"embeddable":true,"href":"https:\/\/yukibeauty.ch\/fr\/wp-json\/wp\/v2\/comments?post=2795"}],"wp:featuredmedia":[{"embeddable":true,"href":"https:\/\/yukibeauty.ch\/fr\/wp-json\/wp\/v2\/media\/4362"}],"wp:attachment":[{"href":"https:\/\/yukibeauty.ch\/fr\/wp-json\/wp\/v2\/media?parent=2795"}],"wp:term":[{"taxonomy":"product_brand","embeddable":true,"href":"https:\/\/yukibeauty.ch\/fr\/wp-json\/wp\/v2\/product_brand?post=2795"},{"taxonomy":"product_cat","embeddable":true,"href":"https:\/\/yukibeauty.ch\/fr\/wp-json\/wp\/v2\/product_cat?post=2795"},{"taxonomy":"product_tag","embeddable":true,"href":"https:\/\/yukibeauty.ch\/fr\/wp-json\/wp\/v2\/product_tag?post=2795"}],"curies":[{"name":"wp","href":"https:\/\/api.w.org\/{rel}","templated":true}]}}