{"id":2801,"date":"2025-07-25T15:15:18","date_gmt":"2025-07-25T13:15:18","guid":{"rendered":"https:\/\/yukibeauty.ch\/?post_type=product&#038;p=2801"},"modified":"2026-04-08T16:12:32","modified_gmt":"2026-04-08T14:12:32","slug":"the-stem-cell-face-mask","status":"publish","type":"product","link":"https:\/\/yukibeauty.ch\/fr\/shop\/korean-routine\/masks\/the-stem-cell-face-mask\/","title":{"rendered":"The Stem Cell - Masque pour le visage"},"content":{"rendered":"<h2 data-start=\"0\" data-end=\"77\"><strong data-start=\"0\" data-end=\"29\">The Stem Cell - Masque pour le visage<\/strong><\/h2>\n<p data-start=\"0\" data-end=\"77\"><em data-start=\"32\" data-end=\"77\">\u00c9clat instantan\u00e9 pour les peaux fatigu\u00e9es et ternes<\/em><\/p>\n<p data-start=\"79\" data-end=\"415\">Infus\u00e9 d'un puissant m\u00e9lange de <strong data-start=\"110\" data-end=\"149\">vitamines, min\u00e9raux et acides amin\u00e9s<\/strong>Ce masque revitalisant est le traitement de choix pour les peaux ternes et fatigu\u00e9es. En quelques minutes seulement, il redonne de l'\u00e9clat, affine le grain de peau et pr\u00e9pare la peau \u00e0 un maquillage impeccable. Il est donc id\u00e9al pour donner un coup de pouce \u00e0 la beaut\u00e9 avant un \u00e9v\u00e9nement ou chaque fois que le teint a besoin d'\u00eatre rafra\u00eechi.<\/p>\n<h2 data-start=\"422\" data-end=\"440\"><strong data-start=\"422\" data-end=\"438\">Ce qu'il fait<\/strong><\/h2>\n<ul data-start=\"441\" data-end=\"692\">\n<li data-start=\"441\" data-end=\"490\">\n<p data-start=\"443\" data-end=\"490\">Recharge la peau fatigu\u00e9e en nutriments essentiels<\/p>\n<\/li>\n<li data-start=\"491\" data-end=\"537\">\n<p data-start=\"493\" data-end=\"537\">\u00c9claircit et am\u00e9liore instantan\u00e9ment le teint de la peau<\/p>\n<\/li>\n<li data-start=\"538\" data-end=\"588\">\n<p data-start=\"540\" data-end=\"588\">Lisse et raffermit pour un aspect rafra\u00eechi et lift\u00e9<\/p>\n<\/li>\n<li data-start=\"589\" data-end=\"646\">\n<p data-start=\"591\" data-end=\"646\">Traitement pr\u00e9-maquillage parfait pour une application sans faille<\/p>\n<\/li>\n<li data-start=\"647\" data-end=\"692\">\n<p data-start=\"649\" data-end=\"692\">Laisse la peau douce, \u00e9clatante et pr\u00eate \u00e0 \u00eatre maquill\u00e9e.<\/p>\n<\/li>\n<\/ul>\n<h2 data-start=\"699\" data-end=\"720\"><strong data-start=\"699\" data-end=\"718\">Ingr\u00e9dients cl\u00e9s<\/strong><\/h2>\n<ul data-start=\"721\" data-end=\"928\">\n<li data-start=\"721\" data-end=\"785\">\n<p data-start=\"723\" data-end=\"785\"><strong data-start=\"723\" data-end=\"748\">Complexe multi-vitamines<\/strong> - Energise et illumine la peau<\/p>\n<\/li>\n<li data-start=\"786\" data-end=\"870\">\n<p data-start=\"788\" data-end=\"870\"><strong data-start=\"788\" data-end=\"814\">Min\u00e9raux et acides amin\u00e9s<\/strong> - Aide \u00e0 r\u00e9tablir l'\u00e9quilibre, l'hydratation et \u00e0 adoucir la texture.<\/p>\n<\/li>\n<li data-start=\"871\" data-end=\"928\">\n<p data-start=\"873\" data-end=\"928\"><strong data-start=\"873\" data-end=\"895\">Extraits botaniques<\/strong> - Calme et rafra\u00eechit la peau stress\u00e9e<\/p>\n<\/li>\n<\/ul>\n<h3 data-start=\"935\" data-end=\"1086\"><strong data-start=\"935\" data-end=\"951\">Convient pour<\/strong><\/h3>\n<p data-start=\"935\" data-end=\"1086\">Tous les types de peau, en particulier les peaux ternes, fatigu\u00e9es ou irr\u00e9guli\u00e8res. Id\u00e9al pour une utilisation avant le maquillage ou apr\u00e8s un voyage, une nuit tardive ou une journ\u00e9e stressante.<\/p>","protected":false},"excerpt":{"rendered":"<p>Gorg\u00e9 de vitamines, de min\u00e9raux et d'acides amin\u00e9s, ce masque revitalisant nourrit les peaux fatigu\u00e9es et ternes et redonne instantan\u00e9ment de l'\u00e9clat - id\u00e9al avant le maquillage ou lorsque votre peau a besoin d'\u00eatre rafra\u00eechie.<\/p>","protected":false},"featured_media":4354,"comment_status":"open","ping_status":"closed","template":"","meta":[],"product_brand":[],"product_cat":[25,21],"product_tag":[],"class_list":{"0":"post-2801","1":"product","2":"type-product","3":"status-publish","4":"has-post-thumbnail","6":"product_cat-exclusive-face-masks","7":"product_cat-masks","9":"first","10":"instock","11":"sale","12":"shipping-taxable","13":"purchasable","14":"product-type-simple"},"_links":{"self":[{"href":"https:\/\/yukibeauty.ch\/fr\/wp-json\/wp\/v2\/product\/2801","targetHints":{"allow":["GET"]}}],"collection":[{"href":"https:\/\/yukibeauty.ch\/fr\/wp-json\/wp\/v2\/product"}],"about":[{"href":"https:\/\/yukibeauty.ch\/fr\/wp-json\/wp\/v2\/types\/product"}],"replies":[{"embeddable":true,"href":"https:\/\/yukibeauty.ch\/fr\/wp-json\/wp\/v2\/comments?post=2801"}],"wp:featuredmedia":[{"embeddable":true,"href":"https:\/\/yukibeauty.ch\/fr\/wp-json\/wp\/v2\/media\/4354"}],"wp:attachment":[{"href":"https:\/\/yukibeauty.ch\/fr\/wp-json\/wp\/v2\/media?parent=2801"}],"wp:term":[{"taxonomy":"product_brand","embeddable":true,"href":"https:\/\/yukibeauty.ch\/fr\/wp-json\/wp\/v2\/product_brand?post=2801"},{"taxonomy":"product_cat","embeddable":true,"href":"https:\/\/yukibeauty.ch\/fr\/wp-json\/wp\/v2\/product_cat?post=2801"},{"taxonomy":"product_tag","embeddable":true,"href":"https:\/\/yukibeauty.ch\/fr\/wp-json\/wp\/v2\/product_tag?post=2801"}],"curies":[{"name":"wp","href":"https:\/\/api.w.org\/{rel}","templated":true}]}}