{"id":2802,"date":"2025-07-25T15:15:58","date_gmt":"2025-07-25T13:15:58","guid":{"rendered":"https:\/\/yukibeauty.ch\/?post_type=product&#038;p=2802"},"modified":"2026-04-08T16:12:12","modified_gmt":"2026-04-08T14:12:12","slug":"nmn-stem-cell-face-mask","status":"publish","type":"product","link":"https:\/\/yukibeauty.ch\/fr\/shop\/korean-routine\/masks\/nmn-stem-cell-face-mask\/","title":{"rendered":"The Stem Cell - Masque pour le visage NMN"},"content":{"rendered":"<h2 data-start=\"0\" data-end=\"99\"><strong data-start=\"0\" data-end=\"39\">The Stem Cell - Masque pour le visage NMN avec Exosomes<\/strong><\/h2>\n<p data-start=\"0\" data-end=\"99\"><em data-start=\"42\" data-end=\"99\">Rajeunissement de nouvelle g\u00e9n\u00e9ration pour une peau jeune et \u00e9clatante<\/em><\/p>\n<p data-start=\"101\" data-end=\"462\">Le <strong data-start=\"175\" data-end=\"216\">Masque pour le visage aux cellules souches NMN avec exosomes<\/strong> est un traitement de nouvelle g\u00e9n\u00e9ration qui combine <a href=\"https:\/\/pmc.ncbi.nlm.nih.gov\/articles\/PMC7238909\/\" target=\"_blank\" rel=\"noopener\"><strong>NMN<\/strong><\/a> (Nicotinamide Mononucl\u00e9otide) avec une dose \u00e9lev\u00e9e de <strong data-start=\"175\" data-end=\"216\">Masque pour le visage \u00e0 base de cellules souches du NMN<\/strong>. Agissant au niveau cellulaire, il \u00e9nergise, renouvelle et transforme visiblement la peau. Gr\u00e2ce \u00e0 un syst\u00e8me d'administration par nano-liposomes pour une absorption en profondeur, ce masque avanc\u00e9 cible les rides, l'aspect terne et la pigmentation, et redonne \u00e0 la peau son \u00e9clat naturel, sa fermet\u00e9 et son \u00e9lasticit\u00e9.<\/p>\n<h2 data-start=\"469\" data-end=\"487\"><strong data-start=\"469\" data-end=\"485\">Ce qu'il fait<\/strong><\/h2>\n<ul data-start=\"488\" data-end=\"743\">\n<li data-start=\"488\" data-end=\"538\">\n<p data-start=\"490\" data-end=\"538\">Le masque facial aux cellules souches du NMN dynamise les cellules de la peau et favorise la r\u00e9g\u00e9n\u00e9ration.<\/p>\n<\/li>\n<li data-start=\"539\" data-end=\"591\">\n<p data-start=\"541\" data-end=\"591\">Estompe les taches brunes et inhibe la production de m\u00e9lanine<\/p>\n<\/li>\n<li data-start=\"592\" data-end=\"645\">\n<p data-start=\"594\" data-end=\"645\">Hydrate et raffermit en profondeur pour un aspect lift\u00e9<\/p>\n<\/li>\n<li data-start=\"646\" data-end=\"692\">\n<p data-start=\"648\" data-end=\"692\">Restaure l'\u00e9lasticit\u00e9 et lisse les ridules<\/p>\n<\/li>\n<li data-start=\"693\" data-end=\"743\">\n<p data-start=\"695\" data-end=\"743\">Renforce la luminosit\u00e9 et favorise un teint uniforme<\/p>\n<\/li>\n<\/ul>\n<h2 data-start=\"750\" data-end=\"771\"><strong data-start=\"750\" data-end=\"769\">Ingr\u00e9dients cl\u00e9s<\/strong><\/h2>\n<ul data-start=\"772\" data-end=\"1150\">\n<li data-start=\"772\" data-end=\"891\">\n<p data-start=\"774\" data-end=\"891\">NMN (Nicotinamide Mononucl\u00e9otide) - Une mol\u00e9cule puissante qui stimule l'\u00e9nergie cellulaire et favorise la long\u00e9vit\u00e9 de la peau.<\/p>\n<\/li>\n<li data-start=\"892\" data-end=\"987\">\n<p data-start=\"894\" data-end=\"987\">Exosomes de culture de cellules souches - Stimulent le renouvellement et am\u00e9liorent l'\u00e9lasticit\u00e9 \u00e0 un niveau plus profond.<\/p>\n<\/li>\n<li data-start=\"988\" data-end=\"1076\">\n<p data-start=\"990\" data-end=\"1076\">Nano-<a href=\"https:\/\/yukibeauty.ch\/fr\/shop\/korean-routine\/masks\/stem-cell-bio-mask\/\" target=\"_blank\" rel=\"noopener\">Liposomes<\/a> - Am\u00e9liorer la diffusion des actifs pour une absorption et une efficacit\u00e9 optimales<\/p>\n<\/li>\n<li data-start=\"1077\" data-end=\"1150\">\n<p data-start=\"1079\" data-end=\"1150\">Peptides \u00e9claircissants - Aident \u00e0 r\u00e9duire la pigmentation et favorisent la clart\u00e9.<\/p>\n<\/li>\n<\/ul>\n<h3 data-start=\"1157\" data-end=\"1329\"><strong data-start=\"1157\" data-end=\"1173\">Convient pour<\/strong><\/h3>\n<p data-start=\"1157\" data-end=\"1329\">Le masque pour le visage aux cellules souches du NMN est destin\u00e9 \u00e0 tous les types de peau pr\u00e9sentant des signes de vieillissement, d'irr\u00e9gularit\u00e9 du teint ou de fatigue. Il est particuli\u00e8rement b\u00e9n\u00e9fique pour les peaux pr\u00e9sentant des ridules, un teint terne et une perte de fermet\u00e9.<\/p>","protected":false},"excerpt":{"rendered":"<p>Masque pour le visage de nouvelle g\u00e9n\u00e9ration contenant du NMN et des exosomes de culture de cellules souches \u00e0 haute dose. Il aide \u00e0 lutter contre les rides et les taches brunes tout en r\u00e9tablissant l'hydratation, la fermet\u00e9 et l'\u00e9lasticit\u00e9.<\/p>","protected":false},"featured_media":2798,"comment_status":"open","ping_status":"closed","template":"","meta":[],"product_brand":[],"product_cat":[25,21],"product_tag":[],"class_list":{"0":"post-2802","1":"product","2":"type-product","3":"status-publish","4":"has-post-thumbnail","6":"product_cat-exclusive-face-masks","7":"product_cat-masks","9":"first","10":"instock","11":"sale","12":"shipping-taxable","13":"purchasable","14":"product-type-simple"},"_links":{"self":[{"href":"https:\/\/yukibeauty.ch\/fr\/wp-json\/wp\/v2\/product\/2802","targetHints":{"allow":["GET"]}}],"collection":[{"href":"https:\/\/yukibeauty.ch\/fr\/wp-json\/wp\/v2\/product"}],"about":[{"href":"https:\/\/yukibeauty.ch\/fr\/wp-json\/wp\/v2\/types\/product"}],"replies":[{"embeddable":true,"href":"https:\/\/yukibeauty.ch\/fr\/wp-json\/wp\/v2\/comments?post=2802"}],"wp:featuredmedia":[{"embeddable":true,"href":"https:\/\/yukibeauty.ch\/fr\/wp-json\/wp\/v2\/media\/2798"}],"wp:attachment":[{"href":"https:\/\/yukibeauty.ch\/fr\/wp-json\/wp\/v2\/media?parent=2802"}],"wp:term":[{"taxonomy":"product_brand","embeddable":true,"href":"https:\/\/yukibeauty.ch\/fr\/wp-json\/wp\/v2\/product_brand?post=2802"},{"taxonomy":"product_cat","embeddable":true,"href":"https:\/\/yukibeauty.ch\/fr\/wp-json\/wp\/v2\/product_cat?post=2802"},{"taxonomy":"product_tag","embeddable":true,"href":"https:\/\/yukibeauty.ch\/fr\/wp-json\/wp\/v2\/product_tag?post=2802"}],"curies":[{"name":"wp","href":"https:\/\/api.w.org\/{rel}","templated":true}]}}