{"id":2803,"date":"2025-07-25T15:16:48","date_gmt":"2025-07-25T13:16:48","guid":{"rendered":"https:\/\/yukibeauty.ch\/?post_type=product&#038;p=2803"},"modified":"2026-04-08T16:12:21","modified_gmt":"2026-04-08T14:12:21","slug":"stem-cell-facial-mask","status":"publish","type":"product","link":"https:\/\/yukibeauty.ch\/fr\/shop\/korean-routine\/masks\/stem-cell-facial-mask\/","title":{"rendered":"The Stem Cell - Masque de traitement du visage"},"content":{"rendered":"<h2 data-start=\"0\" data-end=\"68\"><strong data-start=\"0\" data-end=\"41\">The Stem Cell - Masque de traitement du visage<\/strong><\/h2>\n<p data-start=\"0\" data-end=\"68\"><em data-start=\"44\" data-end=\"68\">Affiner. Hydrater. \u00c9clatent. 150x plus puissant que les masques habituels<\/em><\/p>\n<p data-start=\"70\" data-end=\"395\">Ce masque de traitement intensif est enrichi en substances ferment\u00e9es. <strong data-start=\"127\" data-end=\"158\"><a href=\"https:\/\/pmc.ncbi.nlm.nih.gov\/articles\/PMC9657190\/\" target=\"_blank\" rel=\"noopener\">Galactomyces<\/a> liquide de culture <\/strong>- un ingr\u00e9dient tr\u00e8s pris\u00e9 des soins de la peau haut de gamme, connu pour son exceptionnel pouvoir revitalisant. D\u00e9bordant de vitamines, d'acides amin\u00e9s et de min\u00e9raux, il aide \u00e0 restaurer l'\u00e9quilibre naturel de la peau, \u00e0 am\u00e9liorer sa texture et \u00e0 lui donner un \u00e9clat lumineux et sain.<\/p>\n<h2 data-start=\"402\" data-end=\"420\"><strong data-start=\"402\" data-end=\"418\">Ce qu'il fait<\/strong><\/h2>\n<ul data-start=\"421\" data-end=\"670\">\n<li data-start=\"421\" data-end=\"462\">\n<p data-start=\"423\" data-end=\"462\">Hydratation profonde et durable<\/p>\n<\/li>\n<li data-start=\"463\" data-end=\"514\">\n<p data-start=\"465\" data-end=\"514\">Affine les pores et am\u00e9liore la texture g\u00e9n\u00e9rale de la peau<\/p>\n<\/li>\n<li data-start=\"515\" data-end=\"574\">\n<p data-start=\"517\" data-end=\"574\">\u00c9quilibre la production de s\u00e9bum et favorise un niveau de pH sain<\/p>\n<\/li>\n<li data-start=\"575\" data-end=\"613\">\n<p data-start=\"577\" data-end=\"613\">Am\u00e9liore l'\u00e9clat et la clart\u00e9 de la peau<\/p>\n<\/li>\n<li data-start=\"614\" data-end=\"670\">\n<p data-start=\"616\" data-end=\"670\">Laisse la peau douce comme de la soie, fra\u00eeche et visiblement plus saine.<\/p>\n<\/li>\n<\/ul>\n<h2 data-start=\"677\" data-end=\"698\"><strong data-start=\"677\" data-end=\"696\">Ingr\u00e9dients cl\u00e9s<\/strong><\/h2>\n<ul data-start=\"699\" data-end=\"964\">\n<li data-start=\"699\" data-end=\"808\">\n<p data-start=\"701\" data-end=\"808\">Filtrat de ferment Galactomyces - Un puissant ferment riche en probiotiques qui nourrit, hydrate et affine.<\/p>\n<\/li>\n<li data-start=\"809\" data-end=\"894\">\n<p data-start=\"811\" data-end=\"894\">Acides amin\u00e9s et min\u00e9raux - Renforcent la barri\u00e8re cutan\u00e9e et favorisent la r\u00e9tention d'eau<\/p>\n<\/li>\n<li data-start=\"895\" data-end=\"964\">\n<p data-start=\"897\" data-end=\"964\">Extraits botaniques - Apaisent, lissent et favorisent un teint uniforme.<\/p>\n<\/li>\n<\/ul>\n<h2 data-start=\"971\" data-end=\"1122\"><strong data-start=\"971\" data-end=\"987\">Convient pour<\/strong><\/h2>\n<p data-start=\"971\" data-end=\"1122\">Tous les types de peau, en particulier les peaux ternes, d\u00e9shydrat\u00e9es ou irr\u00e9guli\u00e8res. Excellent pour les peaux mixtes ou grasses gr\u00e2ce \u00e0 ses propri\u00e9t\u00e9s \u00e9quilibrantes.<\/p>","protected":false},"excerpt":{"rendered":"<p>Un masque de traitement profond\u00e9ment hydratant infus\u00e9 de liquide de culture Galactomyces ferment\u00e9 - un ingr\u00e9dient de soin de luxe riche en vitamines, en acides amin\u00e9s et en min\u00e9raux. Il hydrate, \u00e9quilibre et affine la peau pour un teint radieux et sain.<\/p>","protected":false},"featured_media":2797,"comment_status":"open","ping_status":"closed","template":"","meta":[],"product_brand":[],"product_cat":[25,21],"product_tag":[],"class_list":{"0":"post-2803","1":"product","2":"type-product","3":"status-publish","4":"has-post-thumbnail","6":"product_cat-exclusive-face-masks","7":"product_cat-masks","9":"first","10":"instock","11":"sale","12":"shipping-taxable","13":"purchasable","14":"product-type-simple"},"_links":{"self":[{"href":"https:\/\/yukibeauty.ch\/fr\/wp-json\/wp\/v2\/product\/2803","targetHints":{"allow":["GET"]}}],"collection":[{"href":"https:\/\/yukibeauty.ch\/fr\/wp-json\/wp\/v2\/product"}],"about":[{"href":"https:\/\/yukibeauty.ch\/fr\/wp-json\/wp\/v2\/types\/product"}],"replies":[{"embeddable":true,"href":"https:\/\/yukibeauty.ch\/fr\/wp-json\/wp\/v2\/comments?post=2803"}],"wp:featuredmedia":[{"embeddable":true,"href":"https:\/\/yukibeauty.ch\/fr\/wp-json\/wp\/v2\/media\/2797"}],"wp:attachment":[{"href":"https:\/\/yukibeauty.ch\/fr\/wp-json\/wp\/v2\/media?parent=2803"}],"wp:term":[{"taxonomy":"product_brand","embeddable":true,"href":"https:\/\/yukibeauty.ch\/fr\/wp-json\/wp\/v2\/product_brand?post=2803"},{"taxonomy":"product_cat","embeddable":true,"href":"https:\/\/yukibeauty.ch\/fr\/wp-json\/wp\/v2\/product_cat?post=2803"},{"taxonomy":"product_tag","embeddable":true,"href":"https:\/\/yukibeauty.ch\/fr\/wp-json\/wp\/v2\/product_tag?post=2803"}],"curies":[{"name":"wp","href":"https:\/\/api.w.org\/{rel}","templated":true}]}}