{"id":2804,"date":"2025-07-25T15:17:32","date_gmt":"2025-07-25T13:17:32","guid":{"rendered":"https:\/\/yukibeauty.ch\/?post_type=product&#038;p=2804"},"modified":"2026-04-08T16:11:39","modified_gmt":"2026-04-08T14:11:39","slug":"the-stem-cell-mask-bio-liposome","status":"publish","type":"product","link":"https:\/\/yukibeauty.ch\/fr\/shop\/korean-routine\/masks\/the-stem-cell-mask-bio-liposome\/","title":{"rendered":"The Stem Cell - Masque visage aux liposomes BIO"},"content":{"rendered":"<h2 data-start=\"0\" data-end=\"93\"><strong data-start=\"0\" data-end=\"40\">The Stem Cell Bio-Liposome Anti-Aging Overnight Recovery Mask (masque de nuit anti-\u00e2ge)<\/strong><\/h2>\n<p data-start=\"0\" data-end=\"93\"><em data-start=\"43\" data-end=\"93\">Au r\u00e9veil, la peau est visiblement renouvel\u00e9e et profond\u00e9ment hydrat\u00e9e.<\/em><\/p>\n<p data-start=\"95\" data-end=\"396\"><strong data-start=\"286\" data-end=\"321\">Masque aux cellules souches Bio-Liposome<\/strong> est un masque de nuit luxueux qui exploite le pouvoir des exosomes et des bio-liposomes pour offrir une hydratation et une r\u00e9g\u00e9n\u00e9ration intenses pendant le sommeil. Inspir\u00e9 par la science et la recherche avanc\u00e9es sur la peau, reconnues par l'Organisation mondiale de la sant\u00e9 (OMS). <a href=\"https:\/\/www.nobelprize.org\/prizes\/medicine\/2013\/press-release\/\" target=\"_blank\" rel=\"noopener\"><strong>Prix Nobel<\/strong><\/a>. Il imite les effets d'une nuit de repos compl\u00e8te, ravivant la peau terne et fatigu\u00e9e et lui redonnant un \u00e9clat jeune et radieux d\u00e8s le matin.<\/p>\n<h2 data-start=\"403\" data-end=\"421\"><strong data-start=\"403\" data-end=\"419\">Ce qu'il fait<\/strong><\/h2>\n<ul data-start=\"422\" data-end=\"719\">\n<li data-start=\"422\" data-end=\"487\">\n<p data-start=\"424\" data-end=\"487\">Hydrate durablement et repulpe la peau pendant la nuit.<\/p>\n<\/li>\n<li data-start=\"488\" data-end=\"557\">\n<p data-start=\"490\" data-end=\"557\">Am\u00e9liore la r\u00e9paration et la r\u00e9sistance de la peau gr\u00e2ce \u00e0 la synergie exosome-liposome<\/p>\n<\/li>\n<li data-start=\"558\" data-end=\"607\">\n<p data-start=\"560\" data-end=\"607\">Adoucit les ridules et lisse les irr\u00e9gularit\u00e9s de la texture.<\/p>\n<\/li>\n<li data-start=\"608\" data-end=\"664\">\n<p data-start=\"610\" data-end=\"664\">Am\u00e9liore la fermet\u00e9 et redonne \u00e0 la peau son \u00e9lasticit\u00e9 naturelle<\/p>\n<\/li>\n<li data-start=\"665\" data-end=\"719\">\n<p data-start=\"667\" data-end=\"719\">Renforce la barri\u00e8re d'humidit\u00e9 pour un confort durable<\/p>\n<\/li>\n<\/ul>\n<h2 data-start=\"726\" data-end=\"747\"><strong data-start=\"726\" data-end=\"745\">Ingr\u00e9dients cl\u00e9s<\/strong><\/h2>\n<ul data-start=\"748\" data-end=\"1107\">\n<li data-start=\"748\" data-end=\"845\">\n<p data-start=\"750\" data-end=\"845\"><strong data-start=\"750\" data-end=\"780\">Exosomes d\u00e9riv\u00e9s de cellules souches<\/strong> - De puissants messagers cellulaires qui stimulent la r\u00e9paration et le renouvellement.<\/p>\n<\/li>\n<li data-start=\"846\" data-end=\"948\">\n<p data-start=\"848\" data-end=\"948\"><strong data-start=\"848\" data-end=\"865\">Bio-Liposomes<\/strong> - Am\u00e9liore la diffusion des ingr\u00e9dients actifs en profondeur dans la peau pour une efficacit\u00e9 maximale<\/p>\n<\/li>\n<li data-start=\"949\" data-end=\"1030\">\n<p data-start=\"951\" data-end=\"1030\"><strong data-start=\"951\" data-end=\"978\"><a href=\"https:\/\/yukibeauty.ch\/fr\/shop\/korean-routine\/creme-pour-le-visage\/hyaluronic-acid-intensive-cream\/\" target=\"_blank\" rel=\"noopener\">Acide hyaluronique<\/a> Complexe<\/strong> - Hydratation multicouche et repulpation de la peau<\/p>\n<\/li>\n<li data-start=\"1031\" data-end=\"1107\">\n<p data-start=\"1033\" data-end=\"1107\"><strong data-start=\"1033\" data-end=\"1046\">C\u00e9ramides<\/strong> - Aide \u00e0 renforcer la barri\u00e8re cutan\u00e9e et \u00e0 pr\u00e9venir la perte d'hydratation<\/p>\n<\/li>\n<\/ul>\n<h3 data-start=\"1114\" data-end=\"1276\"><strong data-start=\"1114\" data-end=\"1130\">Convient pour<\/strong><\/h3>\n<p data-start=\"1114\" data-end=\"1276\">Le masque aux cellules souches est destin\u00e9 \u00e0 tous les types de peau, y compris les peaux s\u00e8ches, fatigu\u00e9es ou stress\u00e9es qui ont besoin d'un soin intensif pendant la nuit. Id\u00e9al en cas de signes de vieillissement, d'aspect terne ou de d\u00e9shydratation.<\/p>\n<p data-start=\"1114\" data-end=\"1276\">","protected":false},"excerpt":{"rendered":"<p>Ce masque aux bio liposomes procure une hydratation nocturne qui reproduit les effets d'une nuit de repos compl\u00e8te. Associant des exosomes \u00e0 des bioliposomes issus de la science r\u00e9g\u00e9n\u00e9ratrice de la peau, il restaure la fermet\u00e9, l'\u00e9lasticit\u00e9 et l'\u00e9clat de la jeunesse.<\/p>","protected":false},"featured_media":2796,"comment_status":"open","ping_status":"closed","template":"","meta":[],"product_brand":[],"product_cat":[25,21],"product_tag":[],"class_list":{"0":"post-2804","1":"product","2":"type-product","3":"status-publish","4":"has-post-thumbnail","6":"product_cat-exclusive-face-masks","7":"product_cat-masks","9":"first","10":"instock","11":"sale","12":"featured","13":"shipping-taxable","14":"purchasable","15":"product-type-simple"},"_links":{"self":[{"href":"https:\/\/yukibeauty.ch\/fr\/wp-json\/wp\/v2\/product\/2804","targetHints":{"allow":["GET"]}}],"collection":[{"href":"https:\/\/yukibeauty.ch\/fr\/wp-json\/wp\/v2\/product"}],"about":[{"href":"https:\/\/yukibeauty.ch\/fr\/wp-json\/wp\/v2\/types\/product"}],"replies":[{"embeddable":true,"href":"https:\/\/yukibeauty.ch\/fr\/wp-json\/wp\/v2\/comments?post=2804"}],"wp:featuredmedia":[{"embeddable":true,"href":"https:\/\/yukibeauty.ch\/fr\/wp-json\/wp\/v2\/media\/2796"}],"wp:attachment":[{"href":"https:\/\/yukibeauty.ch\/fr\/wp-json\/wp\/v2\/media?parent=2804"}],"wp:term":[{"taxonomy":"product_brand","embeddable":true,"href":"https:\/\/yukibeauty.ch\/fr\/wp-json\/wp\/v2\/product_brand?post=2804"},{"taxonomy":"product_cat","embeddable":true,"href":"https:\/\/yukibeauty.ch\/fr\/wp-json\/wp\/v2\/product_cat?post=2804"},{"taxonomy":"product_tag","embeddable":true,"href":"https:\/\/yukibeauty.ch\/fr\/wp-json\/wp\/v2\/product_tag?post=2804"}],"curies":[{"name":"wp","href":"https:\/\/api.w.org\/{rel}","templated":true}]}}