{"id":3690,"date":"2025-07-29T18:49:34","date_gmt":"2025-07-29T16:49:34","guid":{"rendered":"https:\/\/yukibeauty.ch\/?post_type=product&#038;p=3690"},"modified":"2025-10-28T08:32:04","modified_gmt":"2025-10-28T07:32:04","slug":"medicube-collagen-booster-set","status":"publish","type":"product","link":"https:\/\/yukibeauty.ch\/fr\/shop\/korean-routine\/cream\/medicube-collagen-booster-set\/","title":{"rendered":"Medicube Collagen Booster Set"},"content":{"rendered":"<h2 data-section-id=\"1m96lwi\" data-start=\"180\" data-end=\"216\"><strong data-start=\"184\" data-end=\"214\">Medicube Collagen Booster Set<\/strong><\/h2>\n<p data-start=\"217\" data-end=\"288\">Set professionnel de soins \u00e0 domicile pour une peau ferme, hydrat\u00e9e et jeune<\/p>\n<h2 data-start=\"295\" data-end=\"321\"><strong data-start=\"302\" data-end=\"319\">Ce qu'il y a \u00e0 l'int\u00e9rieur<\/strong><\/h2>\n<ul data-start=\"322\" data-end=\"550\">\n<li data-start=\"322\" data-end=\"389\">\n<p data-start=\"325\" data-end=\"389\"><a href=\"https:\/\/yukibeauty.ch\/fr\/shop\/beauty-tools\/medicube-booster-pro\/\">Medicube AGE-R Booster Pro<\/a> - Appareil de beaut\u00e9 avanc\u00e9 4 en 1<\/p>\n<\/li>\n<li data-start=\"390\" data-end=\"469\">\n<p data-start=\"393\" data-end=\"469\"><a href=\"https:\/\/yukibeauty.ch\/fr\/shop\/korean-routine\/cream\/medicube-collagen-jelly-cream-110ml\/\">Medicube Cr\u00e8me gel\u00e9e de collag\u00e8ne (110ml)<\/a> - Cr\u00e8me l\u00e9g\u00e8re raffermissante pour le visage<\/p>\n<\/li>\n<li data-start=\"470\" data-end=\"550\">\n<p data-start=\"473\" data-end=\"550\"><a href=\"https:\/\/yukibeauty.ch\/fr\/shop\/korean-routine\/masks\/collagen-night-wrapping-mask\/\">Medicube Masque d'enveloppement nocturne au collag\u00e8ne<\/a> - Masque de sommeil raffermissant pour la nuit<\/p>\n<\/li>\n<\/ul>\n<h3 data-start=\"557\" data-end=\"597\"><strong data-start=\"565\" data-end=\"595\">Une peau de verre \u00e0 la maison<\/strong><\/h3>\n<p data-start=\"598\" data-end=\"932\">Le <strong data-start=\"602\" data-end=\"632\">Medicube Collagen Glow Set<\/strong> associe une technologie innovante \u00e0 des soins de la peau cliniquement prouv\u00e9s pour am\u00e9liorer visiblement la fermet\u00e9, l'\u00e9lasticit\u00e9, l'hydratation et le teint de la peau, directement chez vous. Con\u00e7u pour une utilisation quotidienne, ce syst\u00e8me en trois \u00e9tapes am\u00e9liore l'absorption des ingr\u00e9dients actifs, stimule la production de collag\u00e8ne et aide \u00e0 restaurer l'\u00e9clat de la jeunesse.<\/p>\n<h2 data-section-id=\"1jyekfg\" data-start=\"939\" data-end=\"979\"><strong data-start=\"947\" data-end=\"977\">1. Medicube AGE-R Booster Pro<\/strong><\/h2>\n<p data-start=\"980\" data-end=\"1036\"><strong data-start=\"980\" data-end=\"1036\">Appareil de soin tout-en-un | 4 modes | 5 options LED<\/strong><\/p>\n<p data-start=\"1038\" data-end=\"1147\">Passez \u00e0 la vitesse sup\u00e9rieure en mati\u00e8re de soins de la peau avec le Booster Pro, un outil puissant qui s'appuie sur la science dermatologique.<\/p>\n<h3 data-start=\"1149\" data-end=\"1184\"><strong data-start=\"1149\" data-end=\"1184\">4 modes de traitement professionnel :<\/strong><\/h3>\n<ul data-start=\"1185\" data-end=\"1449\">\n<li data-start=\"1185\" data-end=\"1254\">\n<p data-start=\"1187\" data-end=\"1254\">Mode Air Shot : La technologie des micro-canaux am\u00e9liore l'\u00e9lasticit\u00e9 des pores.<\/p>\n<\/li>\n<li data-start=\"1255\" data-end=\"1321\">\n<p data-start=\"1257\" data-end=\"1321\">Mode Booster : L'\u00e9lectroporation augmente l'absorption de 785%<\/p>\n<\/li>\n<li data-start=\"1322\" data-end=\"1380\">\n<p data-start=\"1324\" data-end=\"1380\">Mode MC : Les microcourants soul\u00e8vent et tonifient les zones affaiss\u00e9es.<\/p>\n<\/li>\n<li data-start=\"1381\" data-end=\"1449\">\n<p data-start=\"1383\" data-end=\"1449\">Mode Derma Shot : La stimulation EMS permet de modeler et de raffermir le visage.<\/p>\n<\/li>\n<\/ul>\n<h3 data-start=\"1451\" data-end=\"1489\"><strong data-start=\"1451\" data-end=\"1487\">Personnalisable avec l'application AGE-R :<\/strong><\/h3>\n<ul data-start=\"1490\" data-end=\"1675\">\n<li data-start=\"1490\" data-end=\"1568\">\n<p data-start=\"1492\" data-end=\"1568\">Ajuster les lumi\u00e8res LED pour des pr\u00e9occupations cibl\u00e9es (bleu, vert, rouge, orange, violet)<\/p>\n<\/li>\n<li data-start=\"1569\" data-end=\"1614\">\n<p data-start=\"1571\" data-end=\"1614\">Acc\u00e9der \u00e0 des routines guid\u00e9es et suivre les progr\u00e8s<\/p>\n<\/li>\n<li data-start=\"1615\" data-end=\"1675\">\n<p data-start=\"1617\" data-end=\"1675\">A utiliser avec vos s\u00e9rums pr\u00e9f\u00e9r\u00e9s - pas besoin de gel conducteur<\/p>\n<\/li>\n<\/ul>\n<h4 data-start=\"1677\" data-end=\"1768\"><strong data-start=\"1677\" data-end=\"1691\">Id\u00e9al pour :<\/strong><\/h4>\n<p data-start=\"1677\" data-end=\"1768\">Tous les types de peau recherchant des bienfaits raffermissants, \u00e9clatants et anti-\u00e2ge.<\/p>\n<h2 data-section-id=\"1490soj\" data-start=\"1775\" data-end=\"1826\"><strong data-start=\"1783\" data-end=\"1824\">2. Medicube Cr\u00e8me gel\u00e9e de collag\u00e8ne (110ml)<\/strong><\/h2>\n<p data-start=\"1827\" data-end=\"1870\"><strong data-start=\"1827\" data-end=\"1868\">Hydratant quotidien hydratant et raffermissant<\/strong><\/p>\n<p data-start=\"1872\" data-end=\"1963\">Ce gel-cr\u00e8me riche en collag\u00e8ne offre une hydratation profonde et un lifting visible sans lourdeur.<\/p>\n<h3 data-start=\"1965\" data-end=\"1982\"><strong data-start=\"1965\" data-end=\"1982\">Principaux avantages :<\/strong><\/h3>\n<ul data-start=\"1983\" data-end=\"2170\">\n<li data-start=\"1983\" data-end=\"2022\">\n<p data-start=\"1985\" data-end=\"2022\">Am\u00e9liore l'\u00e9lasticit\u00e9 et le rebond de la peau<\/p>\n<\/li>\n<li data-start=\"2023\" data-end=\"2068\">\n<p data-start=\"2025\" data-end=\"2068\">Lisse les ridules et les peaux fatigu\u00e9es<\/p>\n<\/li>\n<li data-start=\"2069\" data-end=\"2117\">\n<p data-start=\"2071\" data-end=\"2117\">Texture l\u00e9g\u00e8re et respirante qui absorbe rapidement<\/p>\n<\/li>\n<li data-start=\"2118\" data-end=\"2170\">\n<p data-start=\"2120\" data-end=\"2170\">Convient \u00e0 tous les types de peau, y compris les peaux sensibles<\/p>\n<\/li>\n<\/ul>\n<h3 data-start=\"2172\" data-end=\"2351\"><strong data-start=\"2172\" data-end=\"2189\">Pourquoi \u00e7a marche :<\/strong><\/h3>\n<p data-start=\"2172\" data-end=\"2351\">Formul\u00e9e avec une forte concentration de collag\u00e8ne et d'agents hydratants, cette cr\u00e8me soutient la structure de la peau et retient l'hydratation pour un teint lisse et rebondi.<\/p>\n<h2 data-section-id=\"akwgw0\" data-start=\"2358\" data-end=\"2409\"><strong data-start=\"2366\" data-end=\"2407\">3. Masque d'enveloppement nocturne au collag\u00e8ne Medicube<\/strong><\/h2>\n<p data-start=\"2410\" data-end=\"2462\"><strong data-start=\"2410\" data-end=\"2462\">Masque de sommeil pour la nuit pour la fermet\u00e9 et l'hydratation<\/strong><\/p>\n<p data-start=\"2464\" data-end=\"2547\">Au r\u00e9veil, la peau est plus rebondie et d'apparence plus saine gr\u00e2ce \u00e0 ce masque de nuit stimulant le collag\u00e8ne.<\/p>\n<h3 data-start=\"2549\" data-end=\"2566\"><strong data-start=\"2549\" data-end=\"2566\">Ce qu'il fait :<\/strong><\/h3>\n<ul data-start=\"2567\" data-end=\"2773\">\n<li data-start=\"2567\" data-end=\"2610\">\n<p data-start=\"2569\" data-end=\"2610\">Renforce l'\u00e9lasticit\u00e9 de la peau pendant la nuit<\/p>\n<\/li>\n<li data-start=\"2611\" data-end=\"2660\">\n<p data-start=\"2613\" data-end=\"2660\">Hydrate en profondeur et restaure la barri\u00e8re d'hydratation<\/p>\n<\/li>\n<li data-start=\"2661\" data-end=\"2718\">\n<p data-start=\"2663\" data-end=\"2718\">Cible les ridules et les signes de vieillissement pendant le sommeil<\/p>\n<\/li>\n<li data-start=\"2719\" data-end=\"2773\">\n<p data-start=\"2721\" data-end=\"2773\">Texture l\u00e9g\u00e8re, non collante, adapt\u00e9e \u00e0 une utilisation nocturne<\/p>\n<\/li>\n<\/ul>\n<h3 data-start=\"2775\" data-end=\"2797\"><strong data-start=\"2775\" data-end=\"2795\">Recommand\u00e9 pour :<\/strong><\/h3>\n<ul data-start=\"2798\" data-end=\"2915\">\n<li data-start=\"2798\" data-end=\"2834\">\n<p data-start=\"2800\" data-end=\"2834\">Peau pr\u00e9sentant des signes visibles de vieillissement<\/p>\n<\/li>\n<li data-start=\"2835\" data-end=\"2870\">\n<p data-start=\"2837\" data-end=\"2870\">Peau d\u00e9shydrat\u00e9e, terne ou fatigu\u00e9e<\/p>\n<\/li>\n<li data-start=\"2871\" data-end=\"2915\">\n<p data-start=\"2873\" data-end=\"2915\">Tous ceux qui recherchent un effet raffermissant pendant la nuit<\/p>\n<\/li>\n<\/ul>\n<h2 data-section-id=\"oprav7\" data-start=\"3338\" data-end=\"3393\"><strong data-start=\"3345\" data-end=\"3391\">Pourquoi choisir l'ensemble Medicube Collagen Booster ?<\/strong><\/h2>\n<ul data-start=\"3394\" data-end=\"3651\">\n<li data-start=\"3394\" data-end=\"3461\">\n<p data-start=\"3396\" data-end=\"3461\">Associe une technologie professionnelle \u00e0 des soins de la peau de haute performance<\/p>\n<\/li>\n<li data-start=\"3462\" data-end=\"3515\">\n<p data-start=\"3464\" data-end=\"3515\">Raffermit, hydrate et revitalise visiblement la peau.<\/p>\n<\/li>\n<li data-start=\"3516\" data-end=\"3568\">\n<p data-start=\"3518\" data-end=\"3568\">Con\u00e7u pour tous les types de peau, y compris les peaux sensibles<\/p>\n<\/li>\n<li data-start=\"3569\" data-end=\"3604\">\n<p data-start=\"3571\" data-end=\"3604\">Aucun outil ou gel suppl\u00e9mentaire n'est n\u00e9cessaire<\/p>\n<\/li>\n<li data-start=\"3605\" data-end=\"3651\">\n<p data-start=\"3607\" data-end=\"3651\">Test\u00e9 par des dermatologues et cliniquement prouv\u00e9<\/p>\n<\/li>\n<\/ul>\n<p>Red\u00e9finissez vos soins de la peau avec le coffret Medicube Collagen Booster qui agit pendant que vous dormez - pour une peau \u00e9clatante, jeune et semblable \u00e0 du verre tous les jours.<\/p>","protected":false},"excerpt":{"rendered":"<p>Medicube Collagen Booster Set Professional Home Skincare Set for Firm, Hydrated &amp; Youthful Skin What&#8217;s Inside Medicube AGE-R Booster Pro<\/p>","protected":false},"featured_media":3713,"comment_status":"open","ping_status":"closed","template":"","meta":[],"product_brand":[],"product_cat":[26,310,23,320],"product_tag":[],"class_list":{"0":"post-3690","1":"product","2":"type-product","3":"status-publish","4":"has-post-thumbnail","6":"product_cat-beauty-tools","7":"product_cat-cream","8":"product_cat-face-cream","9":"product_cat-sets","11":"first","12":"outofstock","13":"featured","14":"purchasable","15":"product-type-woosb"},"_links":{"self":[{"href":"https:\/\/yukibeauty.ch\/fr\/wp-json\/wp\/v2\/product\/3690","targetHints":{"allow":["GET"]}}],"collection":[{"href":"https:\/\/yukibeauty.ch\/fr\/wp-json\/wp\/v2\/product"}],"about":[{"href":"https:\/\/yukibeauty.ch\/fr\/wp-json\/wp\/v2\/types\/product"}],"replies":[{"embeddable":true,"href":"https:\/\/yukibeauty.ch\/fr\/wp-json\/wp\/v2\/comments?post=3690"}],"wp:featuredmedia":[{"embeddable":true,"href":"https:\/\/yukibeauty.ch\/fr\/wp-json\/wp\/v2\/media\/3713"}],"wp:attachment":[{"href":"https:\/\/yukibeauty.ch\/fr\/wp-json\/wp\/v2\/media?parent=3690"}],"wp:term":[{"taxonomy":"product_brand","embeddable":true,"href":"https:\/\/yukibeauty.ch\/fr\/wp-json\/wp\/v2\/product_brand?post=3690"},{"taxonomy":"product_cat","embeddable":true,"href":"https:\/\/yukibeauty.ch\/fr\/wp-json\/wp\/v2\/product_cat?post=3690"},{"taxonomy":"product_tag","embeddable":true,"href":"https:\/\/yukibeauty.ch\/fr\/wp-json\/wp\/v2\/product_tag?post=3690"}],"curies":[{"name":"wp","href":"https:\/\/api.w.org\/{rel}","templated":true}]}}