{"id":3724,"date":"2025-07-29T19:12:18","date_gmt":"2025-07-29T17:12:18","guid":{"rendered":"https:\/\/yukibeauty.ch\/?post_type=product&#038;p=3724"},"modified":"2025-10-27T08:19:00","modified_gmt":"2025-10-27T07:19:00","slug":"anua-skincare-set","status":"publish","type":"product","link":"https:\/\/yukibeauty.ch\/fr\/shop\/korean-routine\/cleanser\/anua-skincare-set\/","title":{"rendered":"Set de nettoyage et de pr\u00e9paration de nuit Anua"},"content":{"rendered":"<h2 data-section-id=\"13bhhoy\" data-start=\"148\" data-end=\"193\"><strong data-start=\"152\" data-end=\"191\">Coffret de soins calmants Anua Heartle<\/strong><\/h2>\n<p data-start=\"194\" data-end=\"266\">Routine apaisante en 4 \u00e9tapes pour les peaux sensibles, irrit\u00e9es ou sujettes \u00e0 l'acn\u00e9<\/p>\n<p data-start=\"268\" data-end=\"648\">L'ensemble de soins calmants Heartle d'Anua est une routine compl\u00e8te con\u00e7ue pour hydrater, exfolier, apaiser et r\u00e9parer les peaux sensibles ou \u00e0 probl\u00e8mes. Infus\u00e9 avec de fortes concentrations d'extrait de Heartle (Houttuynia Cordata), cet ensemble aide \u00e0 r\u00e9duire les rougeurs, \u00e0 calmer les irritations, \u00e0 d\u00e9sobstruer les pores et \u00e0 renforcer la barri\u00e8re cutan\u00e9e - tout en gardant votre peau douce, claire et \u00e9quilibr\u00e9e.<\/p>\n<h2 data-start=\"655\" data-end=\"681\"><strong data-start=\"663\" data-end=\"681\">Ce qu'il y a \u00e0 l'int\u00e9rieur :<\/strong><\/h2>\n<p data-start=\"686\" data-end=\"945\"><a href=\"https:\/\/yukibeauty.ch\/fr\/shop\/pour-les-hommes\/toner-for-men\/anua-heartleaf-77-soothing-toner-250ml\/\" target=\"_blank\" rel=\"noopener\">Anua Heartleaf 77% Tonique apaisant (250ml)<\/a><br data-start=\"731\" data-end=\"734\" \/>Un tonique doux, sans alcool, contenant de l'extrait de feuille de c\u0153ur 77% pour calmer les irritations, r\u00e9duire les rougeurs et hydrater la peau sans l'alourdir. Aide \u00e0 restaurer la barri\u00e8re cutan\u00e9e et favorise la cicatrisation des peaux sensibles ou sujettes \u00e0 l'acn\u00e9.<\/p>\n<p data-start=\"950\" data-end=\"1260\"><a href=\"https:\/\/yukibeauty.ch\/fr\/shop\/pour-les-hommes\/cleanser-for-men\/anua-heartleaf-77-clear-pad\/\" target=\"_blank\" rel=\"noopener\">Anua Heartleaf 77% Clear Pads (70 pads)<\/a><br data-start=\"993\" data-end=\"996\" \/>Tampons toniques pr\u00e9-impr\u00e9gn\u00e9s avec une surface \u00e0 double texture pour exfolier en douceur, \u00e9liminer les impuret\u00e9s, \u00e9quilibrer la production de s\u00e9bum et pr\u00e9parer la peau. Infus\u00e9es de complexe anti-s\u00e9bum P pour resserrer les pores et contr\u00f4ler l'exc\u00e8s de s\u00e9bum. Peut \u00eatre utilis\u00e9 quotidiennement ou comme masque apaisant ponctuel.<\/p>\n<p data-start=\"1265\" data-end=\"1577\"><a href=\"https:\/\/yukibeauty.ch\/fr\/shop\/pour-les-hommes\/cleanser-for-men\/anua-heartleaf-peeling\/\">Anua Heartleaf LHA Moisture Peeling Gel (120ml)<\/a><br data-start=\"1316\" data-end=\"1319\" \/>Un exfoliant doux \u00e0 base de LHA et d'extrait de feuille de c\u0153ur. Ce gel non abrasif \u00e9limine les cellules mortes, lib\u00e8re les pores et hydrate gr\u00e2ce au hyaluronate de sodium et \u00e0 des antioxydants tels que la querc\u00e9tine et l'extrait de brocoli, laissant la peau douce et rafra\u00eechie.<\/p>\n<p data-start=\"1582\" data-end=\"1882\"><a href=\"https:\/\/yukibeauty.ch\/fr\/shop\/pour-les-hommes\/sheet-mask\/anua-heartleaf-cream-mask-night-solution\/\" target=\"_blank\" rel=\"noopener\">Anua Heartleaf Cream Mask Night Solution (1 feuille)<\/a><br data-start=\"1636\" data-end=\"1639\" \/>Masque-cr\u00e8me nourrissant et renfor\u00e7ant la barri\u00e8re cutan\u00e9e, enrichi de Heartleaf, de c\u00e9ramides et de panth\u00e9nol. Il apaise les irritations, hydrate en profondeur et favorise la r\u00e9paration de la peau pendant la nuit gr\u00e2ce \u00e0 une feuille Oeko-Tex\u00ae douce et respectueuse de l'environnement et \u00e0 une texture d'essence cr\u00e9meuse.<\/p>\n<h2 data-start=\"1889\" data-end=\"1914\"><strong data-start=\"1897\" data-end=\"1914\">Principaux avantages :<\/strong><\/h2>\n<ul data-start=\"1915\" data-end=\"2190\">\n<li data-start=\"1915\" data-end=\"1957\">\n<p data-start=\"1917\" data-end=\"1957\">Calme les rougeurs et apaise l'inflammation<\/p>\n<\/li>\n<li data-start=\"1958\" data-end=\"1993\">\n<p data-start=\"1960\" data-end=\"1993\">Hydrate sans obstruer les pores<\/p>\n<\/li>\n<li data-start=\"1994\" data-end=\"2036\">\n<p data-start=\"1996\" data-end=\"2036\">Exfolie en douceur et am\u00e9liore la texture<\/p>\n<\/li>\n<li data-start=\"2037\" data-end=\"2069\">\n<p data-start=\"2039\" data-end=\"2069\">Renforce la barri\u00e8re cutan\u00e9e<\/p>\n<\/li>\n<li data-start=\"2070\" data-end=\"2117\">\n<p data-start=\"2072\" data-end=\"2117\">R\u00e9duit les \u00e9ruptions cutan\u00e9es et favorise la clart\u00e9 de la peau<\/p>\n<\/li>\n<li data-start=\"2118\" data-end=\"2190\">\n<p data-start=\"2120\" data-end=\"2190\">Convient \u00e0 une utilisation quotidienne sur les peaux sensibles, irrit\u00e9es ou sujettes \u00e0 l'acn\u00e9.<\/p>\n<\/li>\n<\/ul>\n<p><strong data-start=\"2654\" data-end=\"2690\">L'indispensable coffret de soins calmants Anua Hearafleaf<\/strong>\u00a0pour ceux qui cherchent \u00e0 r\u00e9duire les irritations, \u00e0 contr\u00f4ler les \u00e9ruptions cutan\u00e9es et \u00e0 r\u00e9tablir l'\u00e9quilibre des peaux sensibles ou stress\u00e9es - un produit naturel, soutenu par la science.<\/p>\n<p>&nbsp;<\/p>","protected":false},"excerpt":{"rendered":"<p>Anua Heartleaf Calming Skincare Set Soothing 4-Step Routine for Sensitive, Irritated, or Acne-Prone Skin The Anua Heartleaf Calming Skincare Set<\/p>","protected":false},"featured_media":3694,"comment_status":"open","ping_status":"closed","template":"","meta":[],"product_brand":[],"product_cat":[17,18,320,19],"product_tag":[],"class_list":{"0":"post-3724","1":"product","2":"type-product","3":"status-publish","4":"has-post-thumbnail","6":"product_cat-cleanser","7":"product_cat-exfoliatiors","8":"product_cat-sets","9":"product_cat-toner","11":"first","12":"instock","13":"purchasable","14":"product-type-woosb"},"_links":{"self":[{"href":"https:\/\/yukibeauty.ch\/fr\/wp-json\/wp\/v2\/product\/3724","targetHints":{"allow":["GET"]}}],"collection":[{"href":"https:\/\/yukibeauty.ch\/fr\/wp-json\/wp\/v2\/product"}],"about":[{"href":"https:\/\/yukibeauty.ch\/fr\/wp-json\/wp\/v2\/types\/product"}],"replies":[{"embeddable":true,"href":"https:\/\/yukibeauty.ch\/fr\/wp-json\/wp\/v2\/comments?post=3724"}],"wp:featuredmedia":[{"embeddable":true,"href":"https:\/\/yukibeauty.ch\/fr\/wp-json\/wp\/v2\/media\/3694"}],"wp:attachment":[{"href":"https:\/\/yukibeauty.ch\/fr\/wp-json\/wp\/v2\/media?parent=3724"}],"wp:term":[{"taxonomy":"product_brand","embeddable":true,"href":"https:\/\/yukibeauty.ch\/fr\/wp-json\/wp\/v2\/product_brand?post=3724"},{"taxonomy":"product_cat","embeddable":true,"href":"https:\/\/yukibeauty.ch\/fr\/wp-json\/wp\/v2\/product_cat?post=3724"},{"taxonomy":"product_tag","embeddable":true,"href":"https:\/\/yukibeauty.ch\/fr\/wp-json\/wp\/v2\/product_tag?post=3724"}],"curies":[{"name":"wp","href":"https:\/\/api.w.org\/{rel}","templated":true}]}}