{"id":3726,"date":"2025-07-29T19:24:52","date_gmt":"2025-07-29T17:24:52","guid":{"rendered":"https:\/\/yukibeauty.ch\/?post_type=product&#038;p=3726"},"modified":"2025-10-28T08:22:51","modified_gmt":"2025-10-28T07:22:51","slug":"anti-ageing-set","status":"publish","type":"product","link":"https:\/\/yukibeauty.ch\/fr\/shop\/korean-routine\/cream\/anti-ageing-set\/","title":{"rendered":"Coffret hydratant anti-\u00e2ge"},"content":{"rendered":"<h2 data-section-id=\"b4uill\" data-start=\"202\" data-end=\"240\"><strong data-start=\"206\" data-end=\"238\">Coffret hydratant anti-\u00e2ge<\/strong><\/h2>\n<p data-start=\"241\" data-end=\"315\">Renouvellement en douceur, hydratation en profondeur et fermet\u00e9 visible : Pour tous les types de peau<\/p>\n<p data-start=\"317\" data-end=\"603\">Le coffret hydratant anti-\u00e2ge associe trois produits scientifiquement prouv\u00e9s. <a href=\"https:\/\/en.wikipedia.org\/wiki\/K-beauty\" target=\"_blank\" rel=\"noopener\">K-beaut\u00e9<\/a> pour nettoyer, r\u00e9parer et hydrater votre peau en profondeur. Que vous soyez confront\u00e9e aux premiers signes de l'\u00e2ge, \u00e0 la sensibilit\u00e9 de la peau ou \u00e0 la s\u00e9cheresse, cette routine compl\u00e8te offre des r\u00e9sultats puissants sans aucune irritation.<\/p>\n<h2 data-section-id=\"1b47htv\" data-start=\"610\" data-end=\"635\"><strong data-start=\"617\" data-end=\"635\">Ce qu'il y a \u00e0 l'int\u00e9rieur :<\/strong><\/h2>\n<h3 data-start=\"637\" data-end=\"708\"><a href=\"https:\/\/yukibeauty.ch\/fr\/shop\/korean-routine\/cleanser\/cosrx-low-ph-niacinamide-micellar-cleansing-water\/\" target=\"_blank\" rel=\"noopener\"><strong data-start=\"642\" data-end=\"706\">1. COSRX Eau nettoyante micellaire \u00e0 faible pH et \u00e0 base de niacinamide (400ml)<\/strong><\/a><\/h3>\n<p data-start=\"709\" data-end=\"972\">Un nettoyant micellaire \u00e9quilibrant qui \u00e9limine en douceur le maquillage, le s\u00e9bum et les impuret\u00e9s tout en renfor\u00e7ant la barri\u00e8re cutan\u00e9e. Infus\u00e9 de <strong data-start=\"836\" data-end=\"889\">Niacinamide, zinc, panth\u00e9nol et acide hyaluronique<\/strong>Il purifie les pores, apaise les rougeurs et maintient la peau fra\u00eeche, hydrat\u00e9e et rafra\u00eechie.<\/p>\n<h4 data-start=\"974\" data-end=\"993\"><strong data-start=\"974\" data-end=\"991\">Principaux avantages :<\/strong><\/h4>\n<ul data-start=\"994\" data-end=\"1156\">\n<li data-start=\"994\" data-end=\"1031\">\n<p data-start=\"996\" data-end=\"1031\">Nettoie en profondeur sans d\u00e9caper<\/p>\n<\/li>\n<li data-start=\"1032\" data-end=\"1073\">\n<p data-start=\"1034\" data-end=\"1073\">Affine les pores et contr\u00f4le l'exc\u00e8s de s\u00e9bum<\/p>\n<\/li>\n<li data-start=\"1074\" data-end=\"1114\">\n<p data-start=\"1076\" data-end=\"1114\">Calme les irritations et unifie le teint<\/p>\n<\/li>\n<li data-start=\"1115\" data-end=\"1156\">\n<p data-start=\"1117\" data-end=\"1156\">Laisse la peau douce, mate et \u00e9quilibr\u00e9e<\/p>\n<\/li>\n<\/ul>\n<h3 data-start=\"1163\" data-end=\"1229\"><a href=\"https:\/\/yukibeauty.ch\/fr\/shop\/korean-routine\/serum\/retinol-intense-serum\/\" target=\"_blank\" rel=\"noopener\"><strong data-start=\"1168\" data-end=\"1227\">2. SOME BY MI S\u00e9rum r\u00e9activant intense au r\u00e9tinol (30ml)<\/strong><\/a><\/h3>\n<p data-start=\"1230\" data-end=\"1531\">Un s\u00e9rum avanc\u00e9 \u00e0 trois r\u00e9tinols combinant le r\u00e9tinol, le r\u00e9tinal et le bakuchiol pour r\u00e9duire les rides, am\u00e9liorer l'\u00e9lasticit\u00e9 et lisser la texture de la peau. D\u00e9velopp\u00e9 avec la technologie Re-active et l'administration de liposomes \u00e9lastiques, il assure une p\u00e9n\u00e9tration profonde avec une irritation minimale, m\u00eame pour les peaux sensibles.<\/p>\n<h4 data-start=\"1533\" data-end=\"1552\"><strong data-start=\"1533\" data-end=\"1550\">Principaux avantages :<\/strong><\/h4>\n<ul data-start=\"1553\" data-end=\"1726\">\n<li data-start=\"1553\" data-end=\"1594\">\n<p data-start=\"1555\" data-end=\"1594\">Renforce le collag\u00e8ne et am\u00e9liore la fermet\u00e9<\/p>\n<\/li>\n<li data-start=\"1595\" data-end=\"1640\">\n<p data-start=\"1597\" data-end=\"1640\">Cible les ridules, l'affaissement et l'aspect terne.<\/p>\n<\/li>\n<li data-start=\"1641\" data-end=\"1683\">\n<p data-start=\"1643\" data-end=\"1683\">Doux pour les peaux r\u00e9actives et acn\u00e9iques<\/p>\n<\/li>\n<li data-start=\"1684\" data-end=\"1726\">\n<p data-start=\"1686\" data-end=\"1726\">Renforce et apaise la barri\u00e8re cutan\u00e9e<\/p>\n<\/li>\n<\/ul>\n<h3 data-start=\"1733\" data-end=\"1791\"><a href=\"https:\/\/yukibeauty.ch\/fr\/shop\/korean-routine\/creme-pour-le-visage\/hyaluronic-acid-intensive-cream\/\" target=\"_blank\" rel=\"noopener\"><strong data-start=\"1738\" data-end=\"1789\">3. COSRX Cr\u00e8me intensive \u00e0 l'acide hyaluronique (100g)<\/strong><\/a><\/h3>\n<p data-start=\"1792\" data-end=\"2012\">Cette cr\u00e8me profond\u00e9ment hydratante contient 3 000 ppm de hyaluronate de sodium et 57,8% d'eau d'argousier. Elle procure une hydratation durable, adoucit la peau squameuse et renforce la barri\u00e8re d'hydratation sans donner l'impression d'\u00eatre trop lourde.<\/p>\n<h4 data-start=\"2014\" data-end=\"2033\"><strong data-start=\"2014\" data-end=\"2031\">Principaux avantages :<\/strong><\/h4>\n<ul data-start=\"2034\" data-end=\"2179\">\n<li data-start=\"2034\" data-end=\"2079\">\n<p data-start=\"2036\" data-end=\"2079\">Hydratation intense pour les peaux s\u00e8ches et sensibles<\/p>\n<\/li>\n<li data-start=\"2080\" data-end=\"2116\">\n<p data-start=\"2082\" data-end=\"2116\">R\u00e9duit l'irritation et la rugosit\u00e9<\/p>\n<\/li>\n<li data-start=\"2117\" data-end=\"2151\">\n<p data-start=\"2119\" data-end=\"2151\">Finition l\u00e9g\u00e8re et non grasse<\/p>\n<\/li>\n<li data-start=\"2152\" data-end=\"2179\">\n<p data-start=\"2154\" data-end=\"2179\">Parfait pour une utilisation matin et soir<\/p>\n<\/li>\n<\/ul>\n<h4 data-section-id=\"1t9bsrc\" data-start=\"2186\" data-end=\"2209\"><strong data-start=\"2193\" data-end=\"2207\">Id\u00e9al pour :<\/strong><\/h4>\n<ul data-start=\"2210\" data-end=\"2421\">\n<li data-start=\"2210\" data-end=\"2244\">\n<p data-start=\"2212\" data-end=\"2244\">Peau s\u00e8che, d\u00e9shydrat\u00e9e ou squameuse<\/p>\n<\/li>\n<li data-start=\"2245\" data-end=\"2309\">\n<p data-start=\"2247\" data-end=\"2309\">Signes pr\u00e9coces de vieillissement : ridules, teint terne, perte de fermet\u00e9<\/p>\n<\/li>\n<li data-start=\"2310\" data-end=\"2340\">\n<p data-start=\"2312\" data-end=\"2340\">Peau sensible ou r\u00e9active<\/p>\n<\/li>\n<li data-start=\"2341\" data-end=\"2373\">\n<p data-start=\"2343\" data-end=\"2373\">Barri\u00e8re contre l'humidit\u00e9 compromise<\/p>\n<\/li>\n<li data-start=\"2374\" data-end=\"2421\">\n<p data-start=\"2376\" data-end=\"2421\">Soin anti-\u00e2ge doux avec boost d'hydratation<\/p>\n<\/li>\n<\/ul>\n<h2 data-start=\"2428\" data-end=\"2639\"><strong data-start=\"2428\" data-end=\"2471\">Trois \u00e9l\u00e9ments essentiels. Une routine puissante. Un set hydratant anti-\u00e2ge<\/strong><\/h2>\n<p data-start=\"2428\" data-end=\"2639\">Nettoyez, traitez et hydratez votre peau pour la rendre plus lisse, plus ferme et plus r\u00e9sistante, sans irritation. Parfait pour un usage quotidien et adapt\u00e9 \u00e0 tous les types de peau.<\/p>","protected":false},"excerpt":{"rendered":"<p>Anti-Ageing Moisturising Set Gentle Renewal, Deep Hydration &amp; Visible Firmness: For All Skin Types The Anti-Ageing Moisturising Set combines three<\/p>","protected":false},"featured_media":3692,"comment_status":"open","ping_status":"closed","template":"","meta":[],"product_brand":[],"product_cat":[310,23,312,320],"product_tag":[],"class_list":{"0":"post-3726","1":"product","2":"type-product","3":"status-publish","4":"has-post-thumbnail","6":"product_cat-cream","7":"product_cat-face-cream","8":"product_cat-serum","9":"product_cat-sets","11":"first","12":"instock","13":"purchasable","14":"product-type-woosb"},"_links":{"self":[{"href":"https:\/\/yukibeauty.ch\/fr\/wp-json\/wp\/v2\/product\/3726","targetHints":{"allow":["GET"]}}],"collection":[{"href":"https:\/\/yukibeauty.ch\/fr\/wp-json\/wp\/v2\/product"}],"about":[{"href":"https:\/\/yukibeauty.ch\/fr\/wp-json\/wp\/v2\/types\/product"}],"replies":[{"embeddable":true,"href":"https:\/\/yukibeauty.ch\/fr\/wp-json\/wp\/v2\/comments?post=3726"}],"wp:featuredmedia":[{"embeddable":true,"href":"https:\/\/yukibeauty.ch\/fr\/wp-json\/wp\/v2\/media\/3692"}],"wp:attachment":[{"href":"https:\/\/yukibeauty.ch\/fr\/wp-json\/wp\/v2\/media?parent=3726"}],"wp:term":[{"taxonomy":"product_brand","embeddable":true,"href":"https:\/\/yukibeauty.ch\/fr\/wp-json\/wp\/v2\/product_brand?post=3726"},{"taxonomy":"product_cat","embeddable":true,"href":"https:\/\/yukibeauty.ch\/fr\/wp-json\/wp\/v2\/product_cat?post=3726"},{"taxonomy":"product_tag","embeddable":true,"href":"https:\/\/yukibeauty.ch\/fr\/wp-json\/wp\/v2\/product_tag?post=3726"}],"curies":[{"name":"wp","href":"https:\/\/api.w.org\/{rel}","templated":true}]}}