{"id":3728,"date":"2025-07-29T19:34:20","date_gmt":"2025-07-29T17:34:20","guid":{"rendered":"https:\/\/yukibeauty.ch\/?post_type=product&#038;p=3728"},"modified":"2026-01-19T12:14:24","modified_gmt":"2026-01-19T11:14:24","slug":"k-beauty-routine-set","status":"publish","type":"product","link":"https:\/\/yukibeauty.ch\/fr\/shop\/korean-routine\/cleanser\/k-beauty-routine-set\/","title":{"rendered":"Set de routine de beaut\u00e9 cor\u00e9enne"},"content":{"rendered":"<h2 data-section-id=\"1v8tb6g\" data-start=\"204\" data-end=\"239\"><strong data-start=\"208\" data-end=\"237\">Set de routine de beaut\u00e9 cor\u00e9enne<\/strong><\/h2>\n<p data-start=\"240\" data-end=\"314\">Rituel de soin complet en 9 \u00e9tapes pour une peau hydrat\u00e9e, \u00e9clatante et r\u00e9sistante<\/p>\n<p data-start=\"316\" data-end=\"687\">L'ensemble de routine de beaut\u00e9 cor\u00e9enne est votre guide tout-en-un pour obtenir une peau \u00e9clatante, saine et \u00e9quilibr\u00e9e \u00e0 la mani\u00e8re de la K-beauty. Cette collection en 9 \u00e9tapes rassemble des produits cultes de marques r\u00e9put\u00e9es telles que SKIN1004, COSRX, ANUA, SOME BY MI, Medicube et Mixsoon, con\u00e7us pour nettoyer, hydrater, apaiser, \u00e9claircir et prot\u00e9ger votre peau en douceur tous les jours.<\/p>\n<h2 data-section-id=\"rge4xg\" data-start=\"694\" data-end=\"740\"><strong data-start=\"701\" data-end=\"740\">Ce qu'il y a \u00e0 l'int\u00e9rieur et pourquoi vous allez l'adorer :<\/strong><\/h2>\n<h3 data-start=\"742\" data-end=\"812\"><a href=\"https:\/\/yukibeauty.ch\/fr\/shop\/pour-les-hommes\/cleanser-for-men\/centella-cleansing-oil\/\" target=\"_blank\" rel=\"noopener\">1. SKIN1004 Huile d\u00e9maquillante l\u00e9g\u00e8re \u00e0 la centella de Madagascar (200ml)<\/a><\/h3>\n<p data-start=\"813\" data-end=\"1036\">Faites fondre le maquillage, la cr\u00e8me solaire et les impuret\u00e9s tout en calmant les irritations gr\u00e2ce \u00e0 la Centella Asiatica. Cette huile nettoyante v\u00e9g\u00e9talienne non grasse laisse la peau douce, respirable et fra\u00eeche.<br data-start=\"982\" data-end=\"985\" \/>Id\u00e9al pour : Peau sensible, s\u00e8che et irrit\u00e9e<\/p>\n<h3 data-start=\"1038\" data-end=\"1109\"><a href=\"https:\/\/yukibeauty.ch\/fr\/shop\/korean-routine\/cleanser\/cosrx-low-ph-niacinamide-micellar-cleansing-water\/\" target=\"_blank\" rel=\"noopener\"><strong data-start=\"1043\" data-end=\"1107\">2. COSRX Eau nettoyante micellaire \u00e0 faible pH et \u00e0 base de niacinamide (400ml)<\/strong><\/a><\/h3>\n<p data-start=\"1110\" data-end=\"1325\">Une eau micellaire rafra\u00eechissante et peu irritante qui \u00e9limine les r\u00e9sidus, l'exc\u00e8s de s\u00e9bum et les points noirs tout en affinant les pores et en apaisant les rougeurs gr\u00e2ce au niacinamide et au zinc.<br data-start=\"1275\" data-end=\"1278\" \/>Deuxi\u00e8me nettoyant parfait pour tout type de peau<\/p>\n<h3 data-start=\"1327\" data-end=\"1388\"><a href=\"https:\/\/yukibeauty.ch\/fr\/shop\/pour-les-hommes\/cleanser-for-men\/anua-heartleaf-peeling\/\" target=\"_blank\" rel=\"noopener\"><strong data-start=\"1332\" data-end=\"1386\">3. ANUA Heartleaf LHA Moisture Peeling Gel (120ml)<\/strong><\/a><\/h3>\n<p data-start=\"1389\" data-end=\"1627\">Ce gel gommant doux d\u00e9sobstrue les pores, lisse la texture et hydrate, sans perturber la peau sensible. Propuls\u00e9 par <a href=\"https:\/\/www.skinceuticals.com\/lha.html#:~:text=A%20derivative%20of%20salicylic%20acid,and%20refine%20the%20skin's%20surface.\" target=\"_blank\" rel=\"noopener\">LHA<\/a>Heartle, Hyaluronate de sodium et antioxydants.<br data-start=\"1571\" data-end=\"1574\" \/>Utiliser 2 \u00e0 3 fois par semaine pour r\u00e9v\u00e9ler une peau calme et \u00e9clatante.<\/p>\n<h3 data-start=\"1629\" data-end=\"1692\"><a href=\"https:\/\/yukibeauty.ch\/fr\/shop\/korean-routine\/toner\/skin1004-madagascar-centella-toning-toner\/\" target=\"_blank\" rel=\"noopener\"><strong data-start=\"1634\" data-end=\"1690\">4. SKIN1004 Tonique Centella de Madagascar (210ml)<\/strong><\/a><\/h3>\n<p data-start=\"1693\" data-end=\"1883\">Un tonique exfoliant quotidien, l\u00e9ger comme de l'eau, \u00e0 base de PHA et de 84% Centella Asiatica pour \u00e9claircir, \u00e9quilibrer le s\u00e9bum et favoriser l'absorption des s\u00e9rums. Pour les peaux ternes, irr\u00e9guli\u00e8res et sensibles.<\/p>\n<h3 data-start=\"1885\" data-end=\"1950\"><a href=\"https:\/\/yukibeauty.ch\/fr\/shop\/korean-routine\/essence\/6-peptide-skin-booster\/\" target=\"_blank\" rel=\"noopener\"><strong data-start=\"1890\" data-end=\"1948\">5. COSRX The 6 Peptide Skin Booster (100ml)<\/strong><\/a><\/h3>\n<p data-start=\"1951\" data-end=\"2137\">Ce s\u00e9rum l\u00e9ger, \u00e0 absorption rapide, contient 6 peptides am\u00e9liorant la qualit\u00e9 de la peau, pour une am\u00e9lioration compl\u00e8te de votre peau.<\/p>\n<h3 data-start=\"2139\" data-end=\"2191\"><a href=\"https:\/\/yukibeauty.ch\/fr\/shop\/korean-routine\/serum\/medicube-glutathione-glow-serum\/\" target=\"_blank\" rel=\"noopener\"><strong data-start=\"2144\" data-end=\"2189\">6. Medicube Glutathione Glow Serum (30ml)<\/strong><\/a><\/h3>\n<p data-start=\"2192\" data-end=\"2419\">\u00c9claircit la peau terne et r\u00e9duit la pigmentation gr\u00e2ce \u00e0 50 000 ppm de glutathion, de niacinamide et de lysat de ferment de Bifida. Raffermit et prot\u00e8ge gr\u00e2ce au collag\u00e8ne et \u00e0 l'ad\u00e9nosine. Cible les irr\u00e9gularit\u00e9s du teint, les ridules et la peau fatigu\u00e9e.<\/p>\n<h3 data-start=\"2421\" data-end=\"2485\"><a href=\"https:\/\/yukibeauty.ch\/fr\/shop\/pour-les-hommes\/sheet-mask\/anua-heartleaf-cream-mask-night-solution\/\" target=\"_blank\" rel=\"noopener\"><strong data-start=\"2426\" data-end=\"2483\">7. ANUA Heartleaf Cream Mask Night Solution (1 feuille)<\/strong><\/a><\/h3>\n<p data-start=\"2486\" data-end=\"2688\">Masque de nuit apaisant et r\u00e9parateur avec Heartleaf, c\u00e9ramides, panth\u00e9nol et une riche essence cr\u00e9meuse. Restaure la peau stress\u00e9e et d\u00e9shydrat\u00e9e pendant la nuit. Masque apaisant \u00e0 usage unique pour la r\u00e9initialisation de la peau<\/p>\n<h3 data-start=\"2690\" data-end=\"2751\"><a href=\"https:\/\/yukibeauty.ch\/fr\/shop\/korean-routine\/creme-pour-le-visage\/advanced-snail-92-all-in-one-cream\/\" target=\"_blank\" rel=\"noopener\"><strong data-start=\"2695\" data-end=\"2749\">8. COSRX Advanced Snail 92 Cr\u00e8me tout-en-un (100g)<\/strong><\/a><\/h3>\n<p data-start=\"2752\" data-end=\"2946\">Un gel-cr\u00e8me l\u00e9ger contenant de la mucine d'escargot 92%, de l'acide hyaluronique et de l'ad\u00e9nosine. Hydrate en profondeur, lisse et renforce la peau quotidiennement. Fixe l'hydratation sans alourdir la peau<\/p>\n<h3 data-start=\"2948\" data-end=\"3004\"><a href=\"https:\/\/yukibeauty.ch\/fr\/?s=sun+stick&amp;post_type=product\" target=\"_blank\" rel=\"noopener\"><strong data-start=\"2953\" data-end=\"3002\">9. Mixsoon Bean Sun Stick SPF50+ PA++++ (15g)<\/strong><\/a><\/h3>\n<p data-start=\"3005\" data-end=\"3200\">Un stick solaire l\u00e9ger, sans traces blanches, \u00e0 base d'extraits de plantes ferment\u00e9es et d'acides amin\u00e9s. Prot\u00e8ge et nourrit tout en lissant le grain de la peau. Parfait pour les soins solaires quotidiens et les r\u00e9applications.<\/p>\n<h2 data-section-id=\"1x08plw\" data-start=\"3574\" data-end=\"3600\"><strong data-start=\"3581\" data-end=\"3598\">Pour qui ?<\/strong><\/h2>\n<ul data-start=\"3601\" data-end=\"3789\">\n<li data-start=\"3601\" data-end=\"3632\">\n<p data-start=\"3603\" data-end=\"3632\">Peau sensible ou irrit\u00e9e<\/p>\n<\/li>\n<li data-start=\"3633\" data-end=\"3669\">\n<p data-start=\"3635\" data-end=\"3669\">Peau sujette \u00e0 l'acn\u00e9 ou post-\u00e9ruption<\/p>\n<\/li>\n<li data-start=\"3670\" data-end=\"3710\">\n<p data-start=\"3672\" data-end=\"3710\">Terne, texture rugueuse, teint in\u00e9gal<\/p>\n<\/li>\n<li data-start=\"3711\" data-end=\"3749\">\n<p data-start=\"3713\" data-end=\"3749\">Signes pr\u00e9coces de vieillissement ou ridules<\/p>\n<\/li>\n<li data-start=\"3750\" data-end=\"3789\">\n<p data-start=\"3752\" data-end=\"3789\">Barri\u00e8re cutan\u00e9e d\u00e9shydrat\u00e9e ou affaiblie<\/p>\n<\/li>\n<\/ul>\n<p data-start=\"3796\" data-end=\"3996\"><strong data-start=\"3796\" data-end=\"3861\">Tout ce dont votre peau a besoin - dans un ensemble complet de routine de beaut\u00e9 cor\u00e9enne<\/strong><br data-start=\"3861\" data-end=\"3864\" \/>Du nettoyage en douceur aux soins cibl\u00e9s et \u00e0 la protection solaire, ce kit en 9 \u00e9tapes offre des r\u00e9sultats visibles en termes de confort, d'\u00e9quilibre et d'\u00e9clat.<\/p>","protected":false},"excerpt":{"rendered":"<p>Korean Beauty Routine Set 9-Step Complete Skincare Ritual for Hydrated, Glowing &amp; Resilient Skin The Korean Beauty Routine Set is<\/p>","protected":false},"featured_media":4412,"comment_status":"open","ping_status":"closed","template":"","meta":[],"product_brand":[],"product_cat":[17,310,20,18,23,312,320,24,19],"product_tag":[],"class_list":{"0":"post-3728","1":"product","2":"type-product","3":"status-publish","4":"has-post-thumbnail","6":"product_cat-cleanser","7":"product_cat-cream","8":"product_cat-essence","9":"product_cat-exfoliatiors","10":"product_cat-face-cream","11":"product_cat-serum","12":"product_cat-sets","13":"product_cat-sun-protection","14":"product_cat-toner","16":"first","17":"instock","18":"purchasable","19":"product-type-woosb"},"_links":{"self":[{"href":"https:\/\/yukibeauty.ch\/fr\/wp-json\/wp\/v2\/product\/3728","targetHints":{"allow":["GET"]}}],"collection":[{"href":"https:\/\/yukibeauty.ch\/fr\/wp-json\/wp\/v2\/product"}],"about":[{"href":"https:\/\/yukibeauty.ch\/fr\/wp-json\/wp\/v2\/types\/product"}],"replies":[{"embeddable":true,"href":"https:\/\/yukibeauty.ch\/fr\/wp-json\/wp\/v2\/comments?post=3728"}],"wp:featuredmedia":[{"embeddable":true,"href":"https:\/\/yukibeauty.ch\/fr\/wp-json\/wp\/v2\/media\/4412"}],"wp:attachment":[{"href":"https:\/\/yukibeauty.ch\/fr\/wp-json\/wp\/v2\/media?parent=3728"}],"wp:term":[{"taxonomy":"product_brand","embeddable":true,"href":"https:\/\/yukibeauty.ch\/fr\/wp-json\/wp\/v2\/product_brand?post=3728"},{"taxonomy":"product_cat","embeddable":true,"href":"https:\/\/yukibeauty.ch\/fr\/wp-json\/wp\/v2\/product_cat?post=3728"},{"taxonomy":"product_tag","embeddable":true,"href":"https:\/\/yukibeauty.ch\/fr\/wp-json\/wp\/v2\/product_tag?post=3728"}],"curies":[{"name":"wp","href":"https:\/\/api.w.org\/{rel}","templated":true}]}}