{"id":3791,"date":"2025-07-29T20:41:19","date_gmt":"2025-07-29T18:41:19","guid":{"rendered":"https:\/\/yukibeauty.ch\/?post_type=product&#038;p=3791"},"modified":"2025-10-28T08:07:25","modified_gmt":"2025-10-28T07:07:25","slug":"stem-cell-set","status":"publish","type":"product","link":"https:\/\/yukibeauty.ch\/fr\/shop\/korean-routine\/cleanser\/stem-cell-set\/","title":{"rendered":"Coffret rajeunissement \u00e0 la niacinamide et aux cellules souches"},"content":{"rendered":"<h2 data-start=\"200\" data-end=\"244\"><strong data-start=\"203\" data-end=\"244\">Coffret rajeunissement \u00e0 la niacinamide et aux cellules souches<\/strong><\/h2>\n<p data-start=\"245\" data-end=\"394\"><strong data-start=\"245\" data-end=\"278\">\u00c9quilibre. Nettoyer. Rajeunir.<\/strong><br data-start=\"278\" data-end=\"281\" \/>Une puissante routine en 2 \u00e9tapes pour purifier la peau en profondeur, renforcer son \u00e9lasticit\u00e9 et apporter des b\u00e9n\u00e9fices anti-\u00e2ge visibles.<\/p>\n<p data-start=\"396\" data-end=\"711\">Le set Niacinamide &amp; Stem Cell Rejuvenation est un duo soigneusement s\u00e9lectionn\u00e9 qui associe un nettoyage micellaire avanc\u00e9 \u00e0 un soin \u00e0 base de cellules souches de nouvelle g\u00e9n\u00e9ration. Id\u00e9al pour les peaux grasses, mixtes ou vieillissantes, ce set aide \u00e0 \u00e9liminer les impuret\u00e9s, \u00e0 \u00e9quilibrer le s\u00e9bum et \u00e0 raffermir et \u00e9claircir visiblement le teint, le tout sans irritation.<\/p>\n<h2 data-start=\"718\" data-end=\"760\"><strong data-start=\"722\" data-end=\"760\">Ce qu'il y a \u00e0 l'int\u00e9rieur et pourquoi vous allez l'adorer<\/strong><\/h2>\n<h3 data-start=\"762\" data-end=\"830\"><a href=\"https:\/\/yukibeauty.ch\/fr\/shop\/korean-routine\/cleanser\/cosrx-low-ph-niacinamide-micellar-cleansing-water\/\" target=\"_blank\" rel=\"noopener\"><strong data-start=\"767\" data-end=\"828\">1. COSRX Eau nettoyante micellaire \u00e0 faible pH et \u00e0 base de niacinamide (400ml)<\/strong><\/a><\/h3>\n<p data-start=\"831\" data-end=\"1099\">Une eau nettoyante intelligente et r\u00e9paratrice pour la peau qui va au-del\u00e0 du d\u00e9maquillage.<br data-start=\"903\" data-end=\"906\" \/>Formul\u00e9 avec du niacinamide, du zinc, du panth\u00e9nol et de l'acide hyaluronique, il nettoie en profondeur tout en r\u00e9tablissant l'hydratation et l'\u00e9quilibre. Id\u00e9al comme premi\u00e8re \u00e9tape douce mais efficace de votre routine de soins de la peau.<\/p>\n<h4 data-start=\"1101\" data-end=\"1118\"><strong data-start=\"1101\" data-end=\"1118\">Principaux avantages :<\/strong><\/h4>\n<ul data-start=\"1119\" data-end=\"1406\">\n<li data-start=\"1119\" data-end=\"1175\">\n<p data-start=\"1121\" data-end=\"1175\">\u00c9limine le maquillage, l'exc\u00e8s de s\u00e9bum et les d\u00e9bris qui obstruent les pores.<\/p>\n<\/li>\n<li data-start=\"1176\" data-end=\"1220\">\n<p data-start=\"1178\" data-end=\"1220\">Aide \u00e0 affiner les pores et \u00e0 r\u00e9duire les points noirs<\/p>\n<\/li>\n<li data-start=\"1221\" data-end=\"1286\">\n<p data-start=\"1223\" data-end=\"1286\">Apaise les rougeurs et les irritations gr\u00e2ce au niacinamide et au panth\u00e9nol.<\/p>\n<\/li>\n<li data-start=\"1287\" data-end=\"1341\">\n<p data-start=\"1289\" data-end=\"1341\">Le zinc contr\u00f4le le s\u00e9bum et laisse un fini mat et frais.<\/p>\n<\/li>\n<li data-start=\"1342\" data-end=\"1406\">\n<p data-start=\"1344\" data-end=\"1406\">Formule l\u00e9g\u00e8re et non d\u00e9capante convenant \u00e0 tous les types de peau<\/p>\n<\/li>\n<\/ul>\n<h3 data-start=\"1413\" data-end=\"1460\"><a href=\"https:\/\/yukibeauty.ch\/fr\/shop\/korean-routine\/masks\/nmn-stem-cell-face-mask\/\" target=\"_blank\" rel=\"noopener\"><strong data-start=\"1418\" data-end=\"1458\">2. Masque facial NMN de THE STEM CELL (30 pi\u00e8ces)<\/strong><\/a><\/h3>\n<p data-start=\"1461\" data-end=\"1655\">Un masque anti-\u00e2ge de nouvelle g\u00e9n\u00e9ration, infus\u00e9 de NMN (mononucl\u00e9otide de nicotinamide) et d'exosomes d\u00e9riv\u00e9s de cellules souches. Hydrate et r\u00e9g\u00e9n\u00e8re en profondeur gr\u00e2ce \u00e0 l'apport de nano-liposomes.<\/p>\n<h4 data-start=\"1657\" data-end=\"1674\"><strong data-start=\"1657\" data-end=\"1674\">Principaux avantages :<\/strong><\/h4>\n<ul data-start=\"1675\" data-end=\"1914\">\n<li data-start=\"1675\" data-end=\"1721\">\n<p data-start=\"1677\" data-end=\"1721\">Renforce la r\u00e9g\u00e9n\u00e9ration de la peau et le renouvellement des cellules<\/p>\n<\/li>\n<li data-start=\"1722\" data-end=\"1769\">\n<p data-start=\"1724\" data-end=\"1769\">Am\u00e9liore la fermet\u00e9, le rebond et la densit\u00e9 de la peau<\/p>\n<\/li>\n<li data-start=\"1770\" data-end=\"1819\">\n<p data-start=\"1772\" data-end=\"1819\">Att\u00e9nue visiblement la pigmentation et \u00e9claircit le teint<\/p>\n<\/li>\n<li data-start=\"1820\" data-end=\"1872\">\n<p data-start=\"1822\" data-end=\"1872\">Hydrate en profondeur et renforce la barri\u00e8re cutan\u00e9e<\/p>\n<\/li>\n<li data-start=\"1873\" data-end=\"1914\">\n<p data-start=\"1875\" data-end=\"1914\">Id\u00e9al pour les peaux fatigu\u00e9es, matures ou irr\u00e9guli\u00e8res<\/p>\n<\/li>\n<\/ul>\n<h2 data-start=\"1921\" data-end=\"1941\"><strong data-start=\"1925\" data-end=\"1941\">Pour qui ?<\/strong><\/h2>\n<ul data-start=\"1942\" data-end=\"2195\">\n<li data-start=\"1942\" data-end=\"2018\">\n<p data-start=\"1944\" data-end=\"2018\">Peau grasse, mixte ou normale n\u00e9cessitant un nettoyage efficace mais doux<\/p>\n<\/li>\n<li data-start=\"2019\" data-end=\"2077\">\n<p data-start=\"2021\" data-end=\"2077\">Peau pr\u00e9sentant des signes de fatigue, de ternissement ou de ridules<\/p>\n<\/li>\n<li data-start=\"2078\" data-end=\"2144\">\n<p data-start=\"2080\" data-end=\"2144\">Ceux qui recherchent des avantages anti-\u00e2ge avec une approche de beaut\u00e9 propre<\/p>\n<\/li>\n<li data-start=\"2145\" data-end=\"2195\">\n<p data-start=\"2147\" data-end=\"2195\">Peaux sensibles (tests \u00e9picutan\u00e9s recommand\u00e9s)<\/p>\n<\/li>\n<\/ul>\n<p data-start=\"2202\" data-end=\"2364\" data-is-last-node=\"\" data-is-only-node=\"\"><strong data-start=\"2202\" data-end=\"2272\">R\u00e9initialisez votre peau quotidiennement gr\u00e2ce \u00e0 un nettoyage en profondeur et \u00e0 un rajeunissement hebdomadaire.<\/strong><br data-start=\"2272\" data-end=\"2275\" \/>Le coffret rajeunissement au niacinamide et aux cellules souches favorise une peau claire et \u00e9quilibr\u00e9e en surface et le renouvellement cellulaire \u00e0 l'int\u00e9rieur.<\/p>","protected":false},"excerpt":{"rendered":"<p>Niacinamide &amp; Stem Cell Rejuvenation Set Balance. Cleanse. Rejuvenate.A powerful 2-step routine to deeply purify the skin, support elasticity, and<\/p>","protected":false},"featured_media":4414,"comment_status":"open","ping_status":"closed","template":"","meta":[],"product_brand":[],"product_cat":[17,21,320],"product_tag":[],"class_list":{"0":"post-3791","1":"product","2":"type-product","3":"status-publish","4":"has-post-thumbnail","6":"product_cat-cleanser","7":"product_cat-masks","8":"product_cat-sets","10":"first","11":"instock","12":"purchasable","13":"product-type-woosb"},"_links":{"self":[{"href":"https:\/\/yukibeauty.ch\/fr\/wp-json\/wp\/v2\/product\/3791","targetHints":{"allow":["GET"]}}],"collection":[{"href":"https:\/\/yukibeauty.ch\/fr\/wp-json\/wp\/v2\/product"}],"about":[{"href":"https:\/\/yukibeauty.ch\/fr\/wp-json\/wp\/v2\/types\/product"}],"replies":[{"embeddable":true,"href":"https:\/\/yukibeauty.ch\/fr\/wp-json\/wp\/v2\/comments?post=3791"}],"wp:featuredmedia":[{"embeddable":true,"href":"https:\/\/yukibeauty.ch\/fr\/wp-json\/wp\/v2\/media\/4414"}],"wp:attachment":[{"href":"https:\/\/yukibeauty.ch\/fr\/wp-json\/wp\/v2\/media?parent=3791"}],"wp:term":[{"taxonomy":"product_brand","embeddable":true,"href":"https:\/\/yukibeauty.ch\/fr\/wp-json\/wp\/v2\/product_brand?post=3791"},{"taxonomy":"product_cat","embeddable":true,"href":"https:\/\/yukibeauty.ch\/fr\/wp-json\/wp\/v2\/product_cat?post=3791"},{"taxonomy":"product_tag","embeddable":true,"href":"https:\/\/yukibeauty.ch\/fr\/wp-json\/wp\/v2\/product_tag?post=3791"}],"curies":[{"name":"wp","href":"https:\/\/api.w.org\/{rel}","templated":true}]}}