{"id":3836,"date":"2025-07-30T11:56:31","date_gmt":"2025-07-30T09:56:31","guid":{"rendered":"https:\/\/yukibeauty.ch\/?post_type=product&#038;p=3836"},"modified":"2025-10-28T09:11:11","modified_gmt":"2025-10-28T08:11:11","slug":"miracle-care-set","status":"publish","type":"product","link":"https:\/\/yukibeauty.ch\/fr\/shop\/korean-routine\/cream\/miracle-care-set\/","title":{"rendered":"Set de soins \u00e9claircissants et miracles"},"content":{"rendered":"<h2 data-start=\"217\" data-end=\"257\"><strong data-start=\"221\" data-end=\"255\">Set de soins \u00e9claircissants et miracles<\/strong><\/h2>\n<p data-start=\"258\" data-end=\"415\"><strong data-start=\"258\" data-end=\"293\">Exfolier. \u00c9claircir. Transforme.<\/strong><br data-start=\"293\" data-end=\"296\" \/>Ce duo rehausse l'\u00e9clat de la peau en la resurfa\u00e7ant en douceur, en unifiant le teint et en l'hydratant en profondeur. Il est id\u00e9al pour les peaux ternes, irr\u00e9guli\u00e8res ou sujettes \u00e0 l'acn\u00e9.<\/p>\n<p data-start=\"417\" data-end=\"706\">Le coffret Brightening &amp; Miracle Care associe un tonique exfoliant mondialement appr\u00e9ci\u00e9 \u00e0 une cr\u00e8me \u00e9claircissante apaisante. Ensemble, ils r\u00e9duisent visiblement les taches brunes, affinent le grain de peau et redonnent de l'\u00e9clat \u00e0 la peau sans l'irriter. Il peut \u00eatre utilis\u00e9 quotidiennement, m\u00eame sur les peaux sensibles ou sujettes aux \u00e9ruptions cutan\u00e9es.<\/p>\n<h2 data-start=\"713\" data-end=\"759\"><strong data-start=\"720\" data-end=\"759\">Ce qu'il y a \u00e0 l'int\u00e9rieur et pourquoi vous allez l'adorer :<\/strong><\/h2>\n<h3 data-start=\"761\" data-end=\"815\"><a href=\"https:\/\/yukibeauty.ch\/fr\/shop\/korean-routine\/toner\/aha-bha-pha-30-days-miracle-toner-150ml\/\"><strong data-start=\"766\" data-end=\"813\">1. SOME BY MI 30 Days Miracle Toner (150ml)<\/strong><\/a><\/h3>\n<p data-start=\"816\" data-end=\"1038\">Un tonique multi-acide \u00e0 base d'AHA, de BHA, de PHA, d'extrait d'arbre \u00e0 th\u00e9 et de niacinamide. Cette formule culte exfolie, lib\u00e8re les pores, calme les inflammations et \u00e9claircit la peau - avec des r\u00e9sultats visibles en 30 jours.<\/p>\n<h4 data-start=\"1040\" data-end=\"1059\"><strong data-start=\"1040\" data-end=\"1057\">Principaux avantages :<\/strong><\/h4>\n<ul data-start=\"1060\" data-end=\"1272\">\n<li data-start=\"1060\" data-end=\"1106\">\n<p data-start=\"1062\" data-end=\"1106\">\u00c9limine en douceur les peaux mortes et d\u00e9sincruste les pores.<\/p>\n<\/li>\n<li data-start=\"1107\" data-end=\"1145\">\n<p data-start=\"1109\" data-end=\"1145\">Contr\u00f4le l'exc\u00e8s de s\u00e9bum et les points noirs<\/p>\n<\/li>\n<li data-start=\"1146\" data-end=\"1182\">\n<p data-start=\"1148\" data-end=\"1182\">Calme les peaux sensibles et sujettes \u00e0 l'acn\u00e9<\/p>\n<\/li>\n<li data-start=\"1183\" data-end=\"1228\">\n<p data-start=\"1185\" data-end=\"1228\">\u00c9claircit le teint in\u00e9gal et affine la texture.<\/p>\n<\/li>\n<li data-start=\"1229\" data-end=\"1272\">\n<p data-start=\"1231\" data-end=\"1272\">Test\u00e9 dermatologiquement et pH \u00e9quilibr\u00e9<\/p>\n<\/li>\n<\/ul>\n<h3 data-start=\"1279\" data-end=\"1341\"><a href=\"https:\/\/yukibeauty.ch\/fr\/shop\/pour-les-hommes\/moisturizer\/aplb-facial-cream\/\" target=\"_blank\" rel=\"noopener\"><strong data-start=\"1284\" data-end=\"1339\">2. APLB Cr\u00e8me visage Glutathione Niacinamide (50ml)<\/strong><\/a><\/h3>\n<p data-start=\"1342\" data-end=\"1534\">Cr\u00e8me l\u00e9g\u00e8re et non grasse contenant du glutathion, du niacinamide et du complexe Centella Asiatica. Elle cible la pigmentation, favorise la r\u00e9g\u00e9n\u00e9ration de la peau et offre une hydratation durable.<\/p>\n<h4 data-start=\"1536\" data-end=\"1555\"><strong data-start=\"1536\" data-end=\"1553\">Principaux avantages :<\/strong><\/h4>\n<ul data-start=\"1556\" data-end=\"1756\">\n<li data-start=\"1556\" data-end=\"1596\">\n<p data-start=\"1558\" data-end=\"1596\">Att\u00e9nue les taches brunes et unifie le teint<\/p>\n<\/li>\n<li data-start=\"1597\" data-end=\"1639\">\n<p data-start=\"1599\" data-end=\"1639\">Hydrate sans obstruer ni alourdir<\/p>\n<\/li>\n<li data-start=\"1640\" data-end=\"1672\">\n<p data-start=\"1642\" data-end=\"1672\">Calme les rougeurs et les irritations<\/p>\n<\/li>\n<li data-start=\"1673\" data-end=\"1705\">\n<p data-start=\"1675\" data-end=\"1705\">Renforce la barri\u00e8re cutan\u00e9e<\/p>\n<\/li>\n<li data-start=\"1706\" data-end=\"1756\">\n<p data-start=\"1708\" data-end=\"1756\">Hypoallerg\u00e9nique et adapt\u00e9 \u00e0 tous les types de peau<\/p>\n<\/li>\n<\/ul>\n<h4 data-start=\"2322\" data-end=\"2347\"><strong data-start=\"2329\" data-end=\"2345\">Parfait pour :<\/strong><\/h4>\n<ul data-start=\"2348\" data-end=\"2559\">\n<li data-start=\"2348\" data-end=\"2385\">\n<p data-start=\"2350\" data-end=\"2385\">Tonalit\u00e9 et pigmentation in\u00e9gales de la peau<\/p>\n<\/li>\n<li data-start=\"2386\" data-end=\"2425\">\n<p data-start=\"2388\" data-end=\"2425\">Peau sujette \u00e0 l'acn\u00e9, grasse ou sensible<\/p>\n<\/li>\n<li data-start=\"2426\" data-end=\"2473\">\n<p data-start=\"2428\" data-end=\"2473\">Terne, texture rugueuse et pores dilat\u00e9s<\/p>\n<\/li>\n<li data-start=\"2474\" data-end=\"2526\">\n<p data-start=\"2476\" data-end=\"2526\">Peau ayant besoin d'une exfoliation douce et d'une hydratation profonde<\/p>\n<\/li>\n<li data-start=\"2527\" data-end=\"2559\">\n<p data-start=\"2529\" data-end=\"2559\">\u00c9claircissement sans irritation<\/p>\n<\/li>\n<\/ul>\n<h4 data-start=\"2566\" data-end=\"2686\"><strong data-start=\"2566\" data-end=\"2594\">Briller sans compromis.<\/strong><\/h4>\n<p data-start=\"2566\" data-end=\"2686\">Ce duo transforme votre peau en douceur - en l'\u00e9claircissant, en la calmant et en l'\u00e9claircissant \u00e0 chaque utilisation.<\/p>","protected":false},"excerpt":{"rendered":"<p>Brightening &amp; Miracle Care Set Exfoliate. Brighten. Transform.A glow-enhancing duo to gently resurface, even tone, and deeply hydrate, perfect for<\/p>","protected":false},"featured_media":3699,"comment_status":"open","ping_status":"closed","template":"","meta":[],"product_brand":[],"product_cat":[310,23,320,19],"product_tag":[],"class_list":{"0":"post-3836","1":"product","2":"type-product","3":"status-publish","4":"has-post-thumbnail","6":"product_cat-cream","7":"product_cat-face-cream","8":"product_cat-sets","9":"product_cat-toner","11":"first","12":"instock","13":"purchasable","14":"product-type-woosb"},"_links":{"self":[{"href":"https:\/\/yukibeauty.ch\/fr\/wp-json\/wp\/v2\/product\/3836","targetHints":{"allow":["GET"]}}],"collection":[{"href":"https:\/\/yukibeauty.ch\/fr\/wp-json\/wp\/v2\/product"}],"about":[{"href":"https:\/\/yukibeauty.ch\/fr\/wp-json\/wp\/v2\/types\/product"}],"replies":[{"embeddable":true,"href":"https:\/\/yukibeauty.ch\/fr\/wp-json\/wp\/v2\/comments?post=3836"}],"wp:featuredmedia":[{"embeddable":true,"href":"https:\/\/yukibeauty.ch\/fr\/wp-json\/wp\/v2\/media\/3699"}],"wp:attachment":[{"href":"https:\/\/yukibeauty.ch\/fr\/wp-json\/wp\/v2\/media?parent=3836"}],"wp:term":[{"taxonomy":"product_brand","embeddable":true,"href":"https:\/\/yukibeauty.ch\/fr\/wp-json\/wp\/v2\/product_brand?post=3836"},{"taxonomy":"product_cat","embeddable":true,"href":"https:\/\/yukibeauty.ch\/fr\/wp-json\/wp\/v2\/product_cat?post=3836"},{"taxonomy":"product_tag","embeddable":true,"href":"https:\/\/yukibeauty.ch\/fr\/wp-json\/wp\/v2\/product_tag?post=3836"}],"curies":[{"name":"wp","href":"https:\/\/api.w.org\/{rel}","templated":true}]}}