{"id":3838,"date":"2025-07-30T12:10:00","date_gmt":"2025-07-30T10:10:00","guid":{"rendered":"https:\/\/yukibeauty.ch\/?post_type=product&#038;p=3838"},"modified":"2025-10-27T08:54:10","modified_gmt":"2025-10-27T07:54:10","slug":"heartleaf-set","status":"publish","type":"product","link":"https:\/\/yukibeauty.ch\/fr\/shop\/korean-routine\/exfoliatiors\/heartleaf-set\/","title":{"rendered":"Set de renouvellement de la peau \u00e0 la feuille d'or et \u00e0 la propolis"},"content":{"rendered":"<h2 data-start=\"201\" data-end=\"248\">Coffret de soins \u00e0 la feuille d'or et \u00e0 la propolis<\/h2>\n<p data-start=\"249\" data-end=\"381\"><strong data-start=\"249\" data-end=\"277\">Exfolier. Apaiser. \u00c9claire.<\/strong><br data-start=\"277\" data-end=\"280\" \/>Un duo doux et respectueux de la barri\u00e8re cutan\u00e9e pour une texture plus lisse, une hydratation \u00e9quilibr\u00e9e et une r\u00e9silience saine de la peau.<\/p>\n<p data-start=\"383\" data-end=\"724\">Le coffret Heartleaf &amp; Propolis Skin Renewal r\u00e9unit deux essentiels de la K-beauty qui se compl\u00e8tent parfaitement : un gel gommant doux \u00e0 base de LHA qui lib\u00e8re les pores et affine la texture, et une ampoule de propolis tr\u00e8s appr\u00e9ci\u00e9e qui hydrate, apaise et redonne de l'\u00e9clat \u00e0 la peau. Id\u00e9al pour les peaux ternes, sensibles ou congestionn\u00e9es qui ont besoin d'un renouveau calme.<\/p>\n<h2 data-start=\"731\" data-end=\"777\"><strong data-start=\"738\" data-end=\"777\">Ce qu'il y a \u00e0 l'int\u00e9rieur et pourquoi vous allez l'adorer :<\/strong><\/h2>\n<h3 data-start=\"779\" data-end=\"840\"><strong data-start=\"784\" data-end=\"838\">1. Anua Heartleaf LHA Moisture Peeling Gel (120ml)<\/strong><\/h3>\n<p data-start=\"841\" data-end=\"1038\">Un gel exfoliant doux \u00e0 base de LHA, Heartleaf, Hyaluronate de sodium et Querc\u00e9tine qui \u00e9limine en douceur les cellules mortes de la peau, lib\u00e8re les pores et lisse la texture - tout en hydratant et en apaisant la peau.<\/p>\n<h3 data-start=\"1040\" data-end=\"1059\"><strong data-start=\"1040\" data-end=\"1057\">Principaux avantages :<\/strong><\/h3>\n<ul data-start=\"1060\" data-end=\"1283\">\n<li data-start=\"1060\" data-end=\"1108\">\n<p data-start=\"1062\" data-end=\"1108\">Exfoliation non irritante pour les peaux sensibles<\/p>\n<\/li>\n<li data-start=\"1109\" data-end=\"1156\">\n<p data-start=\"1111\" data-end=\"1156\">R\u00e9duit les com\u00e9dons, la congestion et l'aspect terne.<\/p>\n<\/li>\n<li data-start=\"1157\" data-end=\"1189\">\n<p data-start=\"1159\" data-end=\"1189\">Calme les rougeurs et les irritations<\/p>\n<\/li>\n<li data-start=\"1190\" data-end=\"1227\">\n<p data-start=\"1192\" data-end=\"1227\">Renforce l'hydratation et la clart\u00e9 de la peau<\/p>\n<\/li>\n<li data-start=\"1228\" data-end=\"1283\">\n<p data-start=\"1230\" data-end=\"1283\">Protection antioxydante contre les dommages caus\u00e9s par l'environnement<\/p>\n<\/li>\n<\/ul>\n<h3 data-start=\"1290\" data-end=\"1348\"><strong data-start=\"1295\" data-end=\"1346\">2. COSRX Full Fit Propolis Light Ampoule (30ml)<\/strong><\/h3>\n<p data-start=\"1349\" data-end=\"1587\">Ce s\u00e9rum prim\u00e9 contient de l'extrait de propolis d'abeille noire 83.25%, riche en antioxydants et en compos\u00e9s anti-inflammatoires. Il renforce la barri\u00e8re cutan\u00e9e, am\u00e9liore l'\u00e9clat et calme les peaux irrit\u00e9es ou fatigu\u00e9es - avec un fini doux et non collant.<\/p>\n<h3 data-start=\"1589\" data-end=\"1608\"><strong data-start=\"1589\" data-end=\"1606\">Principaux avantages :<\/strong><\/h3>\n<ul data-start=\"1609\" data-end=\"1812\">\n<li data-start=\"1609\" data-end=\"1642\">\n<p data-start=\"1611\" data-end=\"1642\">Hydrate et nourrit en profondeur<\/p>\n<\/li>\n<li data-start=\"1643\" data-end=\"1691\">\n<p data-start=\"1645\" data-end=\"1691\">R\u00e9duit les rougeurs et renforce la barri\u00e8re cutan\u00e9e<\/p>\n<\/li>\n<li data-start=\"1692\" data-end=\"1735\">\n<p data-start=\"1694\" data-end=\"1735\">Apporte un soin antibact\u00e9rien et apaisant<\/p>\n<\/li>\n<li data-start=\"1736\" data-end=\"1767\">\n<p data-start=\"1738\" data-end=\"1767\">Laisse un effet de ros\u00e9e et de sant\u00e9<\/p>\n<\/li>\n<li data-start=\"1768\" data-end=\"1812\">\n<p data-start=\"1770\" data-end=\"1812\">Ingr\u00e9dients minimaux, tous de la cat\u00e9gorie verte de l'EWG<\/p>\n<\/li>\n<\/ul>\n<h3><strong data-start=\"2340\" data-end=\"2356\">Parfait pour :<\/strong><\/h3>\n<ul data-start=\"2359\" data-end=\"2584\">\n<li data-start=\"2359\" data-end=\"2396\">\n<p data-start=\"2361\" data-end=\"2396\">Peau sensible, terne ou r\u00e9active<\/p>\n<\/li>\n<li data-start=\"2397\" data-end=\"2444\">\n<p data-start=\"2399\" data-end=\"2444\">Congestion, pores obstru\u00e9s ou texture rugueuse<\/p>\n<\/li>\n<li data-start=\"2445\" data-end=\"2489\">\n<p data-start=\"2447\" data-end=\"2489\">Rougeurs, inflammations ou l\u00e9sions de la barri\u00e8re cutan\u00e9e<\/p>\n<\/li>\n<li data-start=\"2490\" data-end=\"2522\">\n<p data-start=\"2492\" data-end=\"2522\">Hydratation sans effet gras<\/p>\n<\/li>\n<li data-start=\"2523\" data-end=\"2584\">\n<p data-start=\"2525\" data-end=\"2584\">Un teint lisse et \u00e9clatant, \u00e9quilibr\u00e9 et apais\u00e9<\/p>\n<\/li>\n<\/ul>\n<h4 data-start=\"2591\" data-end=\"2733\"><strong data-start=\"2591\" data-end=\"2627\">Renouvellement en douceur. R\u00e9sultats visibles.<\/strong><\/h4>\n<p data-start=\"2591\" data-end=\"2733\">Ce coffret de soins \u00e0 la feuille d'or et \u00e0 la propolis r\u00e9initialise votre peau sans l'irriter - pour une apparence et une sensation plus claires, plus fra\u00eeches et plus r\u00e9sistantes.<\/p>","protected":false},"excerpt":{"rendered":"<p>Heartleaf &amp; Propolis Skincare Set Exfoliate. Soothe. Glow.A gentle, barrier-friendly duo for smoother texture, balanced hydration, and healthy skin resilience.<\/p>","protected":false},"featured_media":3707,"comment_status":"open","ping_status":"closed","template":"","meta":[],"product_brand":[],"product_cat":[18,312,320],"product_tag":[],"class_list":{"0":"post-3838","1":"product","2":"type-product","3":"status-publish","4":"has-post-thumbnail","6":"product_cat-exfoliatiors","7":"product_cat-serum","8":"product_cat-sets","10":"first","11":"instock","12":"purchasable","13":"product-type-woosb"},"_links":{"self":[{"href":"https:\/\/yukibeauty.ch\/fr\/wp-json\/wp\/v2\/product\/3838","targetHints":{"allow":["GET"]}}],"collection":[{"href":"https:\/\/yukibeauty.ch\/fr\/wp-json\/wp\/v2\/product"}],"about":[{"href":"https:\/\/yukibeauty.ch\/fr\/wp-json\/wp\/v2\/types\/product"}],"replies":[{"embeddable":true,"href":"https:\/\/yukibeauty.ch\/fr\/wp-json\/wp\/v2\/comments?post=3838"}],"wp:featuredmedia":[{"embeddable":true,"href":"https:\/\/yukibeauty.ch\/fr\/wp-json\/wp\/v2\/media\/3707"}],"wp:attachment":[{"href":"https:\/\/yukibeauty.ch\/fr\/wp-json\/wp\/v2\/media?parent=3838"}],"wp:term":[{"taxonomy":"product_brand","embeddable":true,"href":"https:\/\/yukibeauty.ch\/fr\/wp-json\/wp\/v2\/product_brand?post=3838"},{"taxonomy":"product_cat","embeddable":true,"href":"https:\/\/yukibeauty.ch\/fr\/wp-json\/wp\/v2\/product_cat?post=3838"},{"taxonomy":"product_tag","embeddable":true,"href":"https:\/\/yukibeauty.ch\/fr\/wp-json\/wp\/v2\/product_tag?post=3838"}],"curies":[{"name":"wp","href":"https:\/\/api.w.org\/{rel}","templated":true}]}}