{"id":3839,"date":"2025-07-30T12:10:04","date_gmt":"2025-07-30T10:10:04","guid":{"rendered":"https:\/\/yukibeauty.ch\/?post_type=product&#038;p=3839"},"modified":"2025-09-17T13:12:25","modified_gmt":"2025-09-17T11:12:25","slug":"3d-lifting-radiance-boost-set","status":"publish","type":"product","link":"https:\/\/yukibeauty.ch\/fr\/shop\/korean-routine\/creme-pour-les-yeux\/3d-lifting-radiance-boost-set\/","title":{"rendered":"Set 3D Lifting &amp; Radiance Boost"},"content":{"rendered":"<h3 data-start=\"217\" data-end=\"258\"><strong data-start=\"221\" data-end=\"256\">Set 3D Lifting &amp; Radiance Boost<\/strong><\/h3>\n<p data-start=\"259\" data-end=\"407\"><strong data-start=\"259\" data-end=\"290\">Soulever. \u00c9claircir. Illuminez.<\/strong><br data-start=\"290\" data-end=\"293\" \/>Un duo haute performance qui cible les ridules, le teint terne et les irr\u00e9gularit\u00e9s de la peau - pour des yeux plus fermes et une peau \u00e9clatante.<\/p>\n<p data-start=\"409\" data-end=\"756\">Le set 3D Lifting &amp; Radiance Boost associe le pouvoir lissant des rides de la cr\u00e8me pour les yeux riche en peptides de BIOHEAL BOH aux bienfaits \u00e9claircissants et r\u00e9parateurs de la lotion tonique Rice Glow Toner d'Anua. Ensemble, ils r\u00e9duisent visiblement les signes de fatigue, hydratent en profondeur et restaurent l'\u00e9clat de la jeunesse - tout en \u00e9tant sans danger pour les peaux sensibles.<\/p>\n<h3 data-start=\"763\" data-end=\"809\"><strong data-start=\"770\" data-end=\"809\">Ce qu'il y a \u00e0 l'int\u00e9rieur et pourquoi vous allez l'adorer :<\/strong><\/h3>\n<h4 data-start=\"811\" data-end=\"889\"><strong data-start=\"816\" data-end=\"887\">1. BIOHEAL BOH Probioderm 3D Lifting Eye &amp; Wrinkle Cream (25ml \u00d7 2)<\/strong><\/h4>\n<p data-start=\"890\" data-end=\"1072\">Une cr\u00e8me pour les yeux avanc\u00e9e enrichie de 17 peptides, EYESERYL, Probioderm\u2122 Complex, c\u00e9ramides et niacinamide pour visiblement lifter, raffermir et \u00e9claircir la zone sous les yeux.<\/p>\n<p data-start=\"1074\" data-end=\"1093\"><strong data-start=\"1074\" data-end=\"1091\">Principaux avantages :<\/strong><\/p>\n<ul data-start=\"1094\" data-end=\"1361\">\n<li data-start=\"1094\" data-end=\"1140\">\n<p data-start=\"1096\" data-end=\"1140\">Lisse les rides, les pattes d'oie et les ridules<\/p>\n<\/li>\n<li data-start=\"1141\" data-end=\"1179\">\n<p data-start=\"1143\" data-end=\"1179\">R\u00e9duit les poches et les cernes<\/p>\n<\/li>\n<li data-start=\"1180\" data-end=\"1219\">\n<p data-start=\"1182\" data-end=\"1219\">Raffermit et lifte les peaux fatigu\u00e9es et rel\u00e2ch\u00e9es<\/p>\n<\/li>\n<li data-start=\"1220\" data-end=\"1260\">\n<p data-start=\"1222\" data-end=\"1260\">Hydrate en profondeur gr\u00e2ce \u00e0 l'acide hyaluronique<\/p>\n<\/li>\n<li data-start=\"1261\" data-end=\"1310\">\n<p data-start=\"1263\" data-end=\"1310\">Renforce la barri\u00e8re cutan\u00e9e gr\u00e2ce au c\u00e9ramide NP<\/p>\n<\/li>\n<li data-start=\"1311\" data-end=\"1361\">\n<p data-start=\"1313\" data-end=\"1361\">Texture \u00e0 absorption rapide, id\u00e9ale pour le matin et le soir.<\/p>\n<\/li>\n<\/ul>\n<h4 data-start=\"1368\" data-end=\"1420\"><strong data-start=\"1373\" data-end=\"1418\">2. Anua Rice 70% Glow Milky Toner (250ml)<\/strong><\/h4>\n<p data-start=\"1421\" data-end=\"1641\">Un tonique quotidien doux contenant de l'eau de son de riz 70%, du niacinamide et des c\u00e9ramides pour \u00e9claircir, apaiser et hydrater en profondeur. Ce tonique laiteux et l\u00e9ger p\u00e9n\u00e8tre rapidement et laisse la peau visiblement radieuse, douce et uniforme.<\/p>\n<p data-start=\"1643\" data-end=\"1662\"><strong data-start=\"1643\" data-end=\"1660\">Principaux avantages :<\/strong><\/p>\n<ul data-start=\"1663\" data-end=\"1888\">\n<li data-start=\"1663\" data-end=\"1701\">\n<p data-start=\"1665\" data-end=\"1701\">\u00c9claircit la peau terne et unifie le teint<\/p>\n<\/li>\n<li data-start=\"1702\" data-end=\"1738\">\n<p data-start=\"1704\" data-end=\"1738\">Affine les pores et \u00e9quilibre le s\u00e9bum<\/p>\n<\/li>\n<li data-start=\"1739\" data-end=\"1783\">\n<p data-start=\"1741\" data-end=\"1783\">Calme les irritations et renforce la barri\u00e8re cutan\u00e9e<\/p>\n<\/li>\n<li data-start=\"1784\" data-end=\"1834\">\n<p data-start=\"1786\" data-end=\"1834\">Sans parfum et convient \u00e0 tous les types de peau<\/p>\n<\/li>\n<li data-start=\"1835\" data-end=\"1888\">\n<p data-start=\"1837\" data-end=\"1888\">Laisse la peau souple, lisse et naturellement \u00e9clatante.<\/p>\n<\/li>\n<\/ul>\n<h3 data-start=\"2397\" data-end=\"2422\"><strong data-start=\"2404\" data-end=\"2420\">Parfait pour :<\/strong><\/h3>\n<ul data-start=\"2423\" data-end=\"2664\">\n<li data-start=\"2423\" data-end=\"2468\">\n<p data-start=\"2425\" data-end=\"2468\">Fatigue, affaissement ou vieillissement du contour de l'\u0153il<\/p>\n<\/li>\n<li data-start=\"2469\" data-end=\"2505\">\n<p data-start=\"2471\" data-end=\"2505\">Peau terne, irr\u00e9guli\u00e8re ou d\u00e9shydrat\u00e9e<\/p>\n<\/li>\n<li data-start=\"2506\" data-end=\"2556\">\n<p data-start=\"2508\" data-end=\"2556\">Rougeur, sensibilit\u00e9 ou barri\u00e8re cutan\u00e9e affaiblie<\/p>\n<\/li>\n<li data-start=\"2557\" data-end=\"2612\">\n<p data-start=\"2559\" data-end=\"2612\">Hydratation et \u00e9claircissement l\u00e9gers mais efficaces<\/p>\n<\/li>\n<li data-start=\"2613\" data-end=\"2664\">\n<p data-start=\"2615\" data-end=\"2664\">Soins quotidiens qui se combinent bien avec d'autres produits<\/p>\n<\/li>\n<\/ul>\n<p data-start=\"2671\" data-end=\"2848\"><strong data-start=\"2671\" data-end=\"2735\">Lifting cibl\u00e9 + \u00e9clat global - en un seul set revitalisant pour la peau.<\/strong><br data-start=\"2735\" data-end=\"2738\" \/>Rajeunissez votre zone sous les yeux et illuminez votre teint gr\u00e2ce \u00e0 ce duo de soins cor\u00e9ens appr\u00e9ci\u00e9 des dermatologues.<\/p>","protected":false},"excerpt":{"rendered":"<p>3D Lifting &amp; Radiance Boost Set Lift. Brighten. Illuminate.A high-performance duo that targets fine lines, dullness, and uneven skin tone<\/p>","protected":false},"featured_media":3691,"comment_status":"open","ping_status":"closed","template":"","meta":[],"product_brand":[],"product_cat":[22,320,19],"product_tag":[],"class_list":{"0":"post-3839","1":"product","2":"type-product","3":"status-publish","4":"has-post-thumbnail","6":"product_cat-eye-cream","7":"product_cat-sets","8":"product_cat-toner","10":"first","11":"outofstock","12":"purchasable","13":"product-type-woosb"},"_links":{"self":[{"href":"https:\/\/yukibeauty.ch\/fr\/wp-json\/wp\/v2\/product\/3839","targetHints":{"allow":["GET"]}}],"collection":[{"href":"https:\/\/yukibeauty.ch\/fr\/wp-json\/wp\/v2\/product"}],"about":[{"href":"https:\/\/yukibeauty.ch\/fr\/wp-json\/wp\/v2\/types\/product"}],"replies":[{"embeddable":true,"href":"https:\/\/yukibeauty.ch\/fr\/wp-json\/wp\/v2\/comments?post=3839"}],"wp:featuredmedia":[{"embeddable":true,"href":"https:\/\/yukibeauty.ch\/fr\/wp-json\/wp\/v2\/media\/3691"}],"wp:attachment":[{"href":"https:\/\/yukibeauty.ch\/fr\/wp-json\/wp\/v2\/media?parent=3839"}],"wp:term":[{"taxonomy":"product_brand","embeddable":true,"href":"https:\/\/yukibeauty.ch\/fr\/wp-json\/wp\/v2\/product_brand?post=3839"},{"taxonomy":"product_cat","embeddable":true,"href":"https:\/\/yukibeauty.ch\/fr\/wp-json\/wp\/v2\/product_cat?post=3839"},{"taxonomy":"product_tag","embeddable":true,"href":"https:\/\/yukibeauty.ch\/fr\/wp-json\/wp\/v2\/product_tag?post=3839"}],"curies":[{"name":"wp","href":"https:\/\/api.w.org\/{rel}","templated":true}]}}