{"id":3841,"date":"2025-07-30T12:10:06","date_gmt":"2025-07-30T10:10:06","guid":{"rendered":"https:\/\/yukibeauty.ch\/?post_type=product&#038;p=3841"},"modified":"2025-10-27T08:28:56","modified_gmt":"2025-10-27T07:28:56","slug":"snail-vitamins-set","status":"publish","type":"product","link":"https:\/\/yukibeauty.ch\/fr\/shop\/korean-routine\/cleanser\/snail-vitamins-set\/","title":{"rendered":"Snail &amp; Vitamins Rejuvinating Set"},"content":{"rendered":"<h2 data-start=\"203\" data-end=\"246\"><strong data-start=\"207\" data-end=\"244\">Set rajeunissant escargot et vitamines<\/strong><\/h2>\n<p data-start=\"247\" data-end=\"412\"><strong data-start=\"247\" data-end=\"275\">R\u00e9paration. Calmer. R\u00e9\u00e9quilibrer.<\/strong><br data-start=\"275\" data-end=\"278\" \/>Un set cibl\u00e9 en 3 \u00e9tapes pour les peaux sujettes \u00e0 l'acn\u00e9, irrit\u00e9es ou fragilis\u00e9es - avec le pouvoir cicatrisant de la mucine d'escargot et des substances botaniques riches en vitamines.<\/p>\n<p data-start=\"414\" data-end=\"721\">Le set rajeunissant Snail &amp; Vitamins r\u00e9unit l'exfoliation, l'hydratation et la r\u00e9cup\u00e9ration active. Compos\u00e9 de 77% heartleaf toner pads, d'une cr\u00e8me \u00e0 base de mucine d'escargot et d'une puissante ampoule de provitamine B5, il calme l'inflammation, am\u00e9liore la texture de la peau et favorise une r\u00e9paration visible, en particulier apr\u00e8s des \u00e9ruptions cutan\u00e9es ou un stress cutan\u00e9.<\/p>\n<h2 data-start=\"728\" data-end=\"767\"><strong data-start=\"735\" data-end=\"767\">Ce qu'il y a dedans et pourquoi \u00e7a marche<\/strong><\/h2>\n<h3 data-start=\"769\" data-end=\"820\"><a href=\"https:\/\/yukibeauty.ch\/fr\/shop\/pour-les-hommes\/cleanser-for-men\/anua-heartleaf-77-clear-pad\/\" target=\"_blank\" rel=\"noopener\"><strong data-start=\"774\" data-end=\"818\">1. Anua Heartleaf 77% Clear Pad (70 pcs)<\/strong><\/a><\/h3>\n<p data-start=\"821\" data-end=\"937\">Des tampons toniques \u00e0 double texture imbib\u00e9s d'extrait de feuille de c\u0153ur pour apaiser les irritations, exfolier en douceur et contr\u00f4ler l'exc\u00e8s de s\u00e9bum.<\/p>\n<h4 data-start=\"939\" data-end=\"958\"><strong data-start=\"939\" data-end=\"956\">Principaux avantages :<\/strong><\/h4>\n<ul data-start=\"959\" data-end=\"1154\">\n<li data-start=\"959\" data-end=\"997\">\n<p data-start=\"961\" data-end=\"997\">Apaise les peaux sensibles et sujettes \u00e0 l'acn\u00e9<\/p>\n<\/li>\n<li data-start=\"998\" data-end=\"1037\">\n<p data-start=\"1000\" data-end=\"1037\">\u00c9limine les cellules mortes et le s\u00e9bum r\u00e9siduel<\/p>\n<\/li>\n<li data-start=\"1038\" data-end=\"1078\">\n<p data-start=\"1040\" data-end=\"1078\">Aide \u00e0 minimiser les pores et \u00e0 \u00e9quilibrer le s\u00e9bum<\/p>\n<\/li>\n<li data-start=\"1079\" data-end=\"1115\">\n<p data-start=\"1081\" data-end=\"1115\">Pr\u00e9pare la peau \u00e0 une absorption plus profonde<\/p>\n<\/li>\n<li data-start=\"1116\" data-end=\"1154\">\n<p data-start=\"1118\" data-end=\"1154\">Peut servir de patchs calmants<\/p>\n<\/li>\n<\/ul>\n<h3 data-start=\"1161\" data-end=\"1223\"><a href=\"https:\/\/yukibeauty.ch\/fr\/shop\/korean-routine\/creme-pour-le-visage\/advanced-snail-92-all-in-one-cream\/\" target=\"_blank\" rel=\"noopener\"><strong data-start=\"1166\" data-end=\"1221\">2. COSRX Advanced Snail 92 Cr\u00e8me tout-en-un (100ml)<\/strong><\/a><\/h3>\n<p data-start=\"1224\" data-end=\"1354\">Une cr\u00e8me multisolution \u00e0 succ\u00e8s contenant de la mucine d'escargot 92% pour hydrater, lisser et r\u00e9parer visiblement les peaux irrit\u00e9es sans les alourdir.<\/p>\n<h4 data-start=\"1356\" data-end=\"1375\"><strong data-start=\"1356\" data-end=\"1373\">Principaux avantages :<\/strong><\/h4>\n<ul data-start=\"1376\" data-end=\"1560\">\n<li data-start=\"1376\" data-end=\"1424\">\n<p data-start=\"1378\" data-end=\"1424\">Hydrate en profondeur et renforce l'\u00e9lasticit\u00e9 de la peau<\/p>\n<\/li>\n<li data-start=\"1425\" data-end=\"1465\">\n<p data-start=\"1427\" data-end=\"1465\">Lisse les ridules, estompe les marques d'acn\u00e9<\/p>\n<\/li>\n<li data-start=\"1466\" data-end=\"1516\">\n<p data-start=\"1468\" data-end=\"1516\">Calme l'inflammation et renforce la barri\u00e8re cutan\u00e9e<\/p>\n<\/li>\n<li data-start=\"1517\" data-end=\"1560\">\n<p data-start=\"1519\" data-end=\"1560\">L\u00e9ger, non gras, absorption rapide<\/p>\n<\/li>\n<\/ul>\n<h3 data-start=\"1567\" data-end=\"1629\"><a href=\"https:\/\/yukibeauty.ch\/fr\/shop\/korean-routine\/essence\/provitamin-b5-skin-essence\/\" target=\"_blank\" rel=\"noopener\"><strong data-start=\"1572\" data-end=\"1627\">3. Essence rajeunissante \u00e0 la provitamine B5 (ampoule de 1ml x 25pcs)<\/strong><\/a><\/h3>\n<p data-start=\"1630\" data-end=\"1765\">Une essence hautement active en dose unique pour traiter les \u00e9ruptions cutan\u00e9es et pr\u00e9venir les cicatrices post-acn\u00e9iques - id\u00e9ale pour les peaux sensibles, grasses ou fragilis\u00e9es.<\/p>\n<h4 data-start=\"1767\" data-end=\"1786\"><strong data-start=\"1767\" data-end=\"1784\">Principaux avantages :<\/strong><\/h4>\n<ul data-start=\"1787\" data-end=\"2020\">\n<li data-start=\"1787\" data-end=\"1820\">\n<p data-start=\"1789\" data-end=\"1820\">\u00c9claircit et pr\u00e9vient les imperfections<\/p>\n<\/li>\n<li data-start=\"1821\" data-end=\"1865\">\n<p data-start=\"1823\" data-end=\"1865\">Apaise les rougeurs, les irritations et les d\u00e9mangeaisons<\/p>\n<\/li>\n<li data-start=\"1866\" data-end=\"1923\">\n<p data-start=\"1868\" data-end=\"1923\">Renforce la barri\u00e8re cutan\u00e9e gr\u00e2ce au B5 et au ManYuNing\u00ae brevet\u00e9<\/p>\n<\/li>\n<li data-start=\"1924\" data-end=\"1974\">\n<p data-start=\"1926\" data-end=\"1974\">R\u00e9duit le risque de cicatrisation gr\u00e2ce au soutien du collag\u00e8ne<\/p>\n<\/li>\n<li data-start=\"1975\" data-end=\"2020\">\n<p data-start=\"1977\" data-end=\"2020\">Sans alcool, sans parfum, sans danger pour les voyageurs<\/p>\n<\/li>\n<\/ul>\n<h4 data-start=\"2624\" data-end=\"2649\"><strong data-start=\"2631\" data-end=\"2647\">Parfait pour :<\/strong><\/h4>\n<ul data-start=\"2650\" data-end=\"2838\">\n<li data-start=\"2650\" data-end=\"2696\">\n<p data-start=\"2652\" data-end=\"2696\">Peau \u00e0 tendance acn\u00e9ique, sensible ou mixte<\/p>\n<\/li>\n<li data-start=\"2697\" data-end=\"2754\">\n<p data-start=\"2699\" data-end=\"2754\">Peau se remettant d'une \u00e9ruption cutan\u00e9e, d'une irritation ou d'un stress<\/p>\n<\/li>\n<li data-start=\"2755\" data-end=\"2805\">\n<p data-start=\"2757\" data-end=\"2805\">Tonus in\u00e9gal, pores dilat\u00e9s et texture rugueuse<\/p>\n<\/li>\n<li data-start=\"2806\" data-end=\"2838\">\n<p data-start=\"2808\" data-end=\"2838\">R\u00e9paration de la barri\u00e8re et hydratation<\/p>\n<\/li>\n<\/ul>\n<p><strong data-start=\"3035\" data-end=\"3080\">Un trio puissant pour le r\u00e9tablissement de votre peau.<\/strong><br data-start=\"3080\" data-end=\"3083\" \/><strong data-start=\"3083\" data-end=\"3130\">Apaiser aujourd'hui. R\u00e9parer demain. Briller toujours.<\/strong><\/p>","protected":false},"excerpt":{"rendered":"<p>Snail &amp; Vitamins Rejuvenating Set Repair. Calm. Rebalance.A targeted 3-step set for acne-prone, irritated, or weakened skin \u2014 with the<\/p>","protected":false},"featured_media":3720,"comment_status":"open","ping_status":"closed","template":"","meta":[],"product_brand":[],"product_cat":[17,310,20,23,320],"product_tag":[],"class_list":{"0":"post-3841","1":"product","2":"type-product","3":"status-publish","4":"has-post-thumbnail","6":"product_cat-cleanser","7":"product_cat-cream","8":"product_cat-essence","9":"product_cat-face-cream","10":"product_cat-sets","12":"first","13":"instock","14":"purchasable","15":"product-type-woosb"},"_links":{"self":[{"href":"https:\/\/yukibeauty.ch\/fr\/wp-json\/wp\/v2\/product\/3841","targetHints":{"allow":["GET"]}}],"collection":[{"href":"https:\/\/yukibeauty.ch\/fr\/wp-json\/wp\/v2\/product"}],"about":[{"href":"https:\/\/yukibeauty.ch\/fr\/wp-json\/wp\/v2\/types\/product"}],"replies":[{"embeddable":true,"href":"https:\/\/yukibeauty.ch\/fr\/wp-json\/wp\/v2\/comments?post=3841"}],"wp:featuredmedia":[{"embeddable":true,"href":"https:\/\/yukibeauty.ch\/fr\/wp-json\/wp\/v2\/media\/3720"}],"wp:attachment":[{"href":"https:\/\/yukibeauty.ch\/fr\/wp-json\/wp\/v2\/media?parent=3841"}],"wp:term":[{"taxonomy":"product_brand","embeddable":true,"href":"https:\/\/yukibeauty.ch\/fr\/wp-json\/wp\/v2\/product_brand?post=3841"},{"taxonomy":"product_cat","embeddable":true,"href":"https:\/\/yukibeauty.ch\/fr\/wp-json\/wp\/v2\/product_cat?post=3841"},{"taxonomy":"product_tag","embeddable":true,"href":"https:\/\/yukibeauty.ch\/fr\/wp-json\/wp\/v2\/product_tag?post=3841"}],"curies":[{"name":"wp","href":"https:\/\/api.w.org\/{rel}","templated":true}]}}