{"id":3843,"date":"2025-07-30T12:58:36","date_gmt":"2025-07-30T10:58:36","guid":{"rendered":"https:\/\/yukibeauty.ch\/?post_type=product&#038;p=3843"},"modified":"2025-12-16T21:22:44","modified_gmt":"2025-12-16T20:22:44","slug":"medicube-booster-set","status":"publish","type":"product","link":"https:\/\/yukibeauty.ch\/fr\/shop\/korean-routine\/cream\/medicube-booster-set\/","title":{"rendered":"Coffret Hyaluronic Booster"},"content":{"rendered":"<h2 data-start=\"201\" data-end=\"229\"><strong data-start=\"205\" data-end=\"227\">Coffret Hyaluronic Booster<\/strong><\/h2>\n<p data-start=\"230\" data-end=\"482\"><strong data-start=\"230\" data-end=\"260\">Raffermir. Hydrater. Rajeunir.<\/strong><br data-start=\"260\" data-end=\"263\" \/>Les soins de la peau haute performance rencontrent la technologie de la beaut\u00e9. Ce coffret booster hyaluronique en 3 \u00e9tapes offre <strong>levage visible<\/strong>,<strong> hydratation en profondeur<\/strong>et<strong> \u00e9lasticit\u00e9 renforc\u00e9e<\/strong>L'objectif de ce programme est d'am\u00e9liorer la qualit\u00e9 de vie de la population en associant une technologie de qualit\u00e9 professionnelle \u00e0 des cr\u00e8mes test\u00e9es sous contr\u00f4le dermatologique pour une transformation \u00e0 domicile.<\/p>\n<h2 data-start=\"489\" data-end=\"528\"><strong data-start=\"496\" data-end=\"528\">Ce qu'il y a dedans et pourquoi \u00e7a marche<\/strong><\/h2>\n<h3 data-start=\"530\" data-end=\"594\"><a href=\"https:\/\/yukibeauty.ch\/fr\/shop\/beauty-tools\/medicube-age-r-booster-pro\/\" target=\"_blank\" rel=\"noopener\"><strong data-start=\"535\" data-end=\"592\">1. Medicube AGE-R Booster Pro - Dispositif intelligent de soins de la peau<\/strong><\/a><\/h3>\n<p data-start=\"595\" data-end=\"782\">Un outil de beaut\u00e9 multi-mode cliniquement prouv\u00e9 pour :<br data-start=\"641\" data-end=\"644\" \/>- Lifting et tonification des muscles du visage<br data-start=\"672\" data-end=\"675\" \/>- Approfondir l'absorption du produit (jusqu'\u00e0 785%)<br data-start=\"715\" data-end=\"718\" \/>- Resserre les pores et affine la texture<br data-start=\"752\" data-end=\"755\" \/>- Renforcer l'\u00e9lasticit\u00e9 et l'\u00e9clat<\/p>\n<h4 data-start=\"784\" data-end=\"805\"><strong data-start=\"784\" data-end=\"803\">4 Modes experts :<\/strong><\/h4>\n<ul data-start=\"806\" data-end=\"989\">\n<li data-start=\"806\" data-end=\"861\">\n<p data-start=\"808\" data-end=\"861\"><em data-start=\"808\" data-end=\"819\">Tir a\u00e9rien :<\/em> Microcanaux \u00e9lectriques pour le soin des pores<\/p>\n<\/li>\n<li data-start=\"862\" data-end=\"912\">\n<p data-start=\"864\" data-end=\"912\"><em data-start=\"864\" data-end=\"874\">Booster :<\/em> Electroporation pour une absorption en profondeur<\/p>\n<\/li>\n<li data-start=\"913\" data-end=\"948\">\n<p data-start=\"915\" data-end=\"948\"><em data-start=\"915\" data-end=\"925\">Mode MC :<\/em> Lifting par microcourant<\/p>\n<\/li>\n<li data-start=\"949\" data-end=\"989\">\n<p data-start=\"951\" data-end=\"989\"><em data-start=\"951\" data-end=\"964\">Derma Shot :<\/em> Stimulation musculaire EMS<\/p>\n<\/li>\n<\/ul>\n<h4 data-start=\"991\" data-end=\"1117\"><strong data-start=\"991\" data-end=\"1001\">Bonus :<\/strong><\/h4>\n<p data-start=\"991\" data-end=\"1117\">- Th\u00e9rapie LED r\u00e9glable en 5 couleurs<br data-start=\"1042\" data-end=\"1045\" \/>- Int\u00e9gration d'applications pour des soins de la peau sur mesure avec fonction audio<br data-start=\"1084\" data-end=\"1087\" \/>- Pas de gel conducteur n\u00e9cessaire<\/p>\n<h3 data-start=\"1124\" data-end=\"1175\"><a href=\"https:\/\/yukibeauty.ch\/fr\/shop\/korean-routine\/creme-pour-le-visage\/medicube-jelly-cream\/\" target=\"_blank\" rel=\"noopener\"><strong data-start=\"1129\" data-end=\"1173\">2. Medicube Cr\u00e8me gel\u00e9e de collag\u00e8ne (110ml)<\/strong><\/a><\/h3>\n<p data-start=\"1176\" data-end=\"1346\">Cette cr\u00e8me g\u00e9lifi\u00e9e riche en collag\u00e8ne hydrate, raffermit et redonne de l'\u00e9lasticit\u00e9 aux peaux fatigu\u00e9es. L\u00e9g\u00e8re mais profond\u00e9ment nourrissante, elle am\u00e9liore l'\u00e9lasticit\u00e9 et r\u00e9duit les signes de l'\u00e2ge.<\/p>\n<h4 data-start=\"1348\" data-end=\"1367\"><strong data-start=\"1348\" data-end=\"1365\">Principaux avantages :<\/strong><\/h4>\n<ul data-start=\"1368\" data-end=\"1525\">\n<li data-start=\"1368\" data-end=\"1398\">\n<p data-start=\"1370\" data-end=\"1398\">Repulpe et hydrate en profondeur<\/p>\n<\/li>\n<li data-start=\"1399\" data-end=\"1445\">\n<p data-start=\"1401\" data-end=\"1445\">Favorise la fermet\u00e9 de la peau et les niveaux de collag\u00e8ne<\/p>\n<\/li>\n<li data-start=\"1446\" data-end=\"1479\">\n<p data-start=\"1448\" data-end=\"1479\">Texture rafra\u00eechissante et non grasse<\/p>\n<\/li>\n<li data-start=\"1480\" data-end=\"1525\">\n<p data-start=\"1482\" data-end=\"1525\">Id\u00e9al pour les peaux ternes, d\u00e9shydrat\u00e9es ou vieillissantes<\/p>\n<\/li>\n<\/ul>\n<h3 data-start=\"1532\" data-end=\"1585\"><a href=\"https:\/\/yukibeauty.ch\/fr\/shop\/korean-routine\/creme-pour-le-visage\/hyaluronic-acid-intensive-cream\/\" target=\"_blank\" rel=\"noopener\"><strong data-start=\"1537\" data-end=\"1583\">3. Cr\u00e8me intensive \u00e0 l'acide hyaluronique (100ml)<\/strong><\/a><\/h3>\n<p data-start=\"1586\" data-end=\"1722\">Une cr\u00e8me ultra-hydratante, riche en vitamines, \u00e0 base d'eau d'argousier et de hyaluronate de sodium pour apaiser, nourrir et restaurer la barri\u00e8re cutan\u00e9e.<\/p>\n<h4 data-start=\"1724\" data-end=\"1743\"><strong data-start=\"1724\" data-end=\"1741\">Principaux avantages :<\/strong><\/h4>\n<ul data-start=\"1744\" data-end=\"1897\">\n<li data-start=\"1744\" data-end=\"1778\">\n<p data-start=\"1746\" data-end=\"1778\">Hydratation longue dur\u00e9e<\/p>\n<\/li>\n<li data-start=\"1779\" data-end=\"1814\">\n<p data-start=\"1781\" data-end=\"1814\">R\u00e9duit la desquamation et les tiraillements<\/p>\n<\/li>\n<li data-start=\"1815\" data-end=\"1857\">\n<p data-start=\"1817\" data-end=\"1857\">Renforce les peaux sensibles ou stress\u00e9es<\/p>\n<\/li>\n<li data-start=\"1858\" data-end=\"1897\">\n<p data-start=\"1860\" data-end=\"1897\">Id\u00e9al sous le maquillage ou comme soin de nuit<\/p>\n<\/li>\n<\/ul>\n<h3 data-start=\"2487\" data-end=\"2512\"><strong data-start=\"2494\" data-end=\"2510\">Parfait pour :<\/strong><\/h3>\n<ul data-start=\"2513\" data-end=\"2670\">\n<li data-start=\"2513\" data-end=\"2552\">\n<p data-start=\"2515\" data-end=\"2552\">Peau pr\u00e9sentant des signes de vieillissement ou de rel\u00e2chement<\/p>\n<\/li>\n<li data-start=\"2553\" data-end=\"2595\">\n<p data-start=\"2555\" data-end=\"2595\">Teint terne, d\u00e9shydrat\u00e9 ou fatigu\u00e9<\/p>\n<\/li>\n<li data-start=\"2596\" data-end=\"2631\">\n<p data-start=\"2598\" data-end=\"2631\">Entretien de la peau apr\u00e8s le salon de coiffure<\/p>\n<\/li>\n<li data-start=\"2632\" data-end=\"2670\">\n<p data-start=\"2634\" data-end=\"2670\">Tous les types de peau (y compris les peaux sensibles)<\/p>\n<\/li>\n<\/ul>\n<p><strong data-start=\"2864\" data-end=\"2888\">Soins \u00e0 domicile. Sur\u00e9lev\u00e9.<\/strong><br data-start=\"2888\" data-end=\"2891\" \/><strong data-start=\"2891\" data-end=\"2956\">C'est l'\u00e8re de l'\u00e9clat, de l'hydratation et du contr\u00f4le avec le kit Hyaluronic Booster.<\/strong><\/p>","protected":false},"excerpt":{"rendered":"<p>Hyaluronic Booster Set Firm. Hydrate. Rejuvenate.High-performance skincare meets beauty tech. This 3-step Hyaluronic Booster Set delivers visible lifting, deep hydration,<\/p>","protected":false},"featured_media":3701,"comment_status":"open","ping_status":"closed","template":"","meta":[],"product_brand":[],"product_cat":[26,310,23,49,333],"product_tag":[],"class_list":{"0":"post-3843","1":"product","2":"type-product","3":"status-publish","4":"has-post-thumbnail","6":"product_cat-beauty-tools","7":"product_cat-cream","8":"product_cat-face-cream","9":"product_cat-for-men","10":"product_cat-men-sets","12":"first","13":"outofstock","14":"sale","15":"purchasable","16":"product-type-simple"},"_links":{"self":[{"href":"https:\/\/yukibeauty.ch\/fr\/wp-json\/wp\/v2\/product\/3843","targetHints":{"allow":["GET"]}}],"collection":[{"href":"https:\/\/yukibeauty.ch\/fr\/wp-json\/wp\/v2\/product"}],"about":[{"href":"https:\/\/yukibeauty.ch\/fr\/wp-json\/wp\/v2\/types\/product"}],"replies":[{"embeddable":true,"href":"https:\/\/yukibeauty.ch\/fr\/wp-json\/wp\/v2\/comments?post=3843"}],"wp:featuredmedia":[{"embeddable":true,"href":"https:\/\/yukibeauty.ch\/fr\/wp-json\/wp\/v2\/media\/3701"}],"wp:attachment":[{"href":"https:\/\/yukibeauty.ch\/fr\/wp-json\/wp\/v2\/media?parent=3843"}],"wp:term":[{"taxonomy":"product_brand","embeddable":true,"href":"https:\/\/yukibeauty.ch\/fr\/wp-json\/wp\/v2\/product_brand?post=3843"},{"taxonomy":"product_cat","embeddable":true,"href":"https:\/\/yukibeauty.ch\/fr\/wp-json\/wp\/v2\/product_cat?post=3843"},{"taxonomy":"product_tag","embeddable":true,"href":"https:\/\/yukibeauty.ch\/fr\/wp-json\/wp\/v2\/product_tag?post=3843"}],"curies":[{"name":"wp","href":"https:\/\/api.w.org\/{rel}","templated":true}]}}