{"id":3845,"date":"2025-07-30T13:18:49","date_gmt":"2025-07-30T11:18:49","guid":{"rendered":"https:\/\/yukibeauty.ch\/?post_type=product&#038;p=3845"},"modified":"2025-12-02T17:41:12","modified_gmt":"2025-12-02T16:41:12","slug":"keep-it-simple-set","status":"publish","type":"product","link":"https:\/\/yukibeauty.ch\/fr\/shop\/pour-les-hommes\/cleanser-for-men\/keep-it-simple-set\/","title":{"rendered":"Un ensemble simple"},"content":{"rendered":"<h2 data-start=\"130\" data-end=\"158\"><strong data-start=\"134\" data-end=\"156\">Set \"Keep It Simple<\/strong><\/h2>\n<p data-start=\"159\" data-end=\"199\"><strong data-start=\"159\" data-end=\"199\">D\u00e9gage les pores. Calme la peau. R\u00e9pare en profondeur.<\/strong><\/p>\n<p data-start=\"201\" data-end=\"446\">Un set quotidien en 3 \u00e9tapes pour purifier, affiner et restaurer. Con\u00e7u pour celles et ceux qui veulent des soins efficaces et sans chichis, il contient des ingr\u00e9dients de pointe tels que <strong>exosomes<\/strong>, <strong>mucine d'escargot<\/strong>et <strong>acides doux<\/strong>. Id\u00e9al pour les peaux grasses, mixtes, sensibles ou post-acn\u00e9iques.<\/p>\n<h2 data-start=\"453\" data-end=\"505\"><a href=\"https:\/\/yukibeauty.ch\/fr\/shop\/korean-routine\/cleanser\/zero-pore-pad-2\/\" target=\"_blank\" rel=\"noopener\"><strong data-start=\"460\" data-end=\"503\">1. Medicube Zero Pore Pad 2.0 (70 tampons)<\/strong><\/a><\/h2>\n<p data-start=\"506\" data-end=\"594\">Coussinets exfoliants \u00e0 double texture pour r\u00e9duire visiblement les pores et les points noirs.<\/p>\n<h3 data-start=\"506\" data-end=\"594\"><strong data-start=\"579\" data-end=\"592\">Avantages :<\/strong><\/h3>\n<ul data-start=\"595\" data-end=\"766\">\n<li data-start=\"595\" data-end=\"631\">\n<p data-start=\"597\" data-end=\"631\">Exfolie en douceur avec des AHA et des BHA<\/p>\n<\/li>\n<li data-start=\"632\" data-end=\"668\">\n<p data-start=\"634\" data-end=\"668\">\u00c9limine les points noirs et l'exc\u00e8s de s\u00e9bum<\/p>\n<\/li>\n<li data-start=\"669\" data-end=\"706\">\n<p data-start=\"671\" data-end=\"706\">Affine les pores et lisse la texture<\/p>\n<\/li>\n<li data-start=\"707\" data-end=\"742\">\n<p data-start=\"709\" data-end=\"742\">Apaise gr\u00e2ce \u00e0 des extraits botaniques<\/p>\n<\/li>\n<li data-start=\"743\" data-end=\"766\">\n<p data-start=\"745\" data-end=\"766\">Id\u00e9al pour un usage quotidien<\/p>\n<\/li>\n<\/ul>\n<h2 data-start=\"773\" data-end=\"838\"><a href=\"https:\/\/yukibeauty.ch\/fr\/shop\/korean-routine\/serum\/medicube-exosome-ampoule-2000\/\" target=\"_blank\" rel=\"noopener\"><strong data-start=\"780\" data-end=\"836\">2. Medicube One Day Exosome Shot Pore Ampoule 2000 (30ml)<\/strong><\/a><\/h2>\n<p data-start=\"839\" data-end=\"945\">Une ampoule nouvelle g\u00e9n\u00e9ration contenant des micro-spicules et 15 millions d'exosomes pour un renouvellement visible de la peau.<\/p>\n<h3 data-start=\"839\" data-end=\"945\"><strong data-start=\"930\" data-end=\"943\">Avantages :<\/strong><\/h3>\n<ul data-start=\"946\" data-end=\"1147\">\n<li data-start=\"946\" data-end=\"985\">\n<p data-start=\"948\" data-end=\"985\">Affine les pores et renforce l'\u00e9lasticit\u00e9<\/p>\n<\/li>\n<li data-start=\"986\" data-end=\"1027\">\n<p data-start=\"988\" data-end=\"1027\">Am\u00e9liore l'absorption gr\u00e2ce \u00e0 la technologie des spicules<\/p>\n<\/li>\n<li data-start=\"1028\" data-end=\"1065\">\n<p data-start=\"1030\" data-end=\"1065\">Exfolie en douceur (AHA, BHA, PHA)<\/p>\n<\/li>\n<li data-start=\"1066\" data-end=\"1103\">\n<p data-start=\"1068\" data-end=\"1103\">Calme et hydrate gr\u00e2ce au panth\u00e9nol<\/p>\n<\/li>\n<li data-start=\"1104\" data-end=\"1147\">\n<p data-start=\"1106\" data-end=\"1147\">Id\u00e9al pour les peaux grasses, fatigu\u00e9es ou textur\u00e9es<\/p>\n<\/li>\n<\/ul>\n<h2 data-start=\"1154\" data-end=\"1218\"><a href=\"https:\/\/yukibeauty.ch\/fr\/shop\/korean-routine\/creme-pour-le-visage\/advanced-snail-92-all-in-one-cream\/\" target=\"_blank\" rel=\"noopener\"><strong data-start=\"1161\" data-end=\"1216\">3. COSRX Advanced Snail 92 All In One Cream (100ml)<\/strong><\/a><\/h2>\n<p data-start=\"1219\" data-end=\"1300\">Une cr\u00e8me l\u00e9g\u00e8re avec de la mucine d'escargot 92% pour r\u00e9parer et hydrater.<\/p>\n<h3 data-start=\"1219\" data-end=\"1300\"><strong data-start=\"1285\" data-end=\"1298\">Avantages :<\/strong><\/h3>\n<ul data-start=\"1301\" data-end=\"1474\">\n<li data-start=\"1301\" data-end=\"1336\">\n<p data-start=\"1303\" data-end=\"1336\">Hydratation en profondeur sans lourdeur<\/p>\n<\/li>\n<li data-start=\"1337\" data-end=\"1367\">\n<p data-start=\"1339\" data-end=\"1367\">Favorise la cicatrisation post-acn\u00e9ique<\/p>\n<\/li>\n<li data-start=\"1368\" data-end=\"1406\">\n<p data-start=\"1370\" data-end=\"1406\">Am\u00e9liore l'\u00e9lasticit\u00e9 et la douceur<\/p>\n<\/li>\n<li data-start=\"1407\" data-end=\"1441\">\n<p data-start=\"1409\" data-end=\"1441\">Apaise les rougeurs et les irritations<\/p>\n<\/li>\n<li data-start=\"1442\" data-end=\"1474\">\n<p data-start=\"1444\" data-end=\"1474\">Renforce la barri\u00e8re cutan\u00e9e<\/p>\n<\/li>\n<\/ul>\n<h2 data-start=\"1705\" data-end=\"1727\"><strong data-start=\"1712\" data-end=\"1725\">Meilleur pour :<\/strong><\/h2>\n<ul data-start=\"1728\" data-end=\"1881\">\n<li data-start=\"1728\" data-end=\"1746\">\n<p data-start=\"1730\" data-end=\"1746\">Pores dilat\u00e9s<\/p>\n<\/li>\n<li data-start=\"1747\" data-end=\"1776\">\n<p data-start=\"1749\" data-end=\"1776\">Points noirs et exc\u00e8s de s\u00e9bum<\/p>\n<\/li>\n<li data-start=\"1777\" data-end=\"1809\">\n<p data-start=\"1779\" data-end=\"1809\">Texture de la peau rugueuse ou in\u00e9gale<\/p>\n<\/li>\n<li data-start=\"1810\" data-end=\"1841\">\n<p data-start=\"1812\" data-end=\"1841\">Peau sensible ou post-acn\u00e9ique<\/p>\n<\/li>\n<li data-start=\"1842\" data-end=\"1881\">\n<p data-start=\"1844\" data-end=\"1881\">Routines de soins rapides et minimalistes<\/p>\n<\/li>\n<\/ul>\n<p>&nbsp;<\/p>\n<p>Keep It Simple Set est destin\u00e9 \u00e0 tous les sexes et est aussi rapide qu'il en a l'air. Parfait pour les personnes qui n'ont pas beaucoup de temps.<\/p>","protected":false},"excerpt":{"rendered":"<p>Keep It Simple Set Clear pores. Calm skin. Deep repair. A 3-step daily set to purify, refine, and restore. Designed<\/p>","protected":false},"featured_media":3710,"comment_status":"open","ping_status":"closed","template":"","meta":[],"product_brand":[],"product_cat":[313,17,310,23,333,315,312,320],"product_tag":[],"class_list":{"0":"post-3845","1":"product","2":"type-product","3":"status-publish","4":"has-post-thumbnail","6":"product_cat-cleanser-for-men","7":"product_cat-cleanser","8":"product_cat-cream","9":"product_cat-face-cream","10":"product_cat-men-sets","11":"product_cat-serum-for-men","12":"product_cat-serum","13":"product_cat-sets","15":"first","16":"outofstock","17":"sale","18":"purchasable","19":"product-type-woosb"},"_links":{"self":[{"href":"https:\/\/yukibeauty.ch\/fr\/wp-json\/wp\/v2\/product\/3845","targetHints":{"allow":["GET"]}}],"collection":[{"href":"https:\/\/yukibeauty.ch\/fr\/wp-json\/wp\/v2\/product"}],"about":[{"href":"https:\/\/yukibeauty.ch\/fr\/wp-json\/wp\/v2\/types\/product"}],"replies":[{"embeddable":true,"href":"https:\/\/yukibeauty.ch\/fr\/wp-json\/wp\/v2\/comments?post=3845"}],"wp:featuredmedia":[{"embeddable":true,"href":"https:\/\/yukibeauty.ch\/fr\/wp-json\/wp\/v2\/media\/3710"}],"wp:attachment":[{"href":"https:\/\/yukibeauty.ch\/fr\/wp-json\/wp\/v2\/media?parent=3845"}],"wp:term":[{"taxonomy":"product_brand","embeddable":true,"href":"https:\/\/yukibeauty.ch\/fr\/wp-json\/wp\/v2\/product_brand?post=3845"},{"taxonomy":"product_cat","embeddable":true,"href":"https:\/\/yukibeauty.ch\/fr\/wp-json\/wp\/v2\/product_cat?post=3845"},{"taxonomy":"product_tag","embeddable":true,"href":"https:\/\/yukibeauty.ch\/fr\/wp-json\/wp\/v2\/product_tag?post=3845"}],"curies":[{"name":"wp","href":"https:\/\/api.w.org\/{rel}","templated":true}]}}