{"id":3846,"date":"2025-07-30T13:29:53","date_gmt":"2025-07-30T11:29:53","guid":{"rendered":"https:\/\/yukibeauty.ch\/?post_type=product&#038;p=3846"},"modified":"2025-10-27T08:53:01","modified_gmt":"2025-10-27T07:53:01","slug":"anua-heartleaf-duo","status":"publish","type":"product","link":"https:\/\/yukibeauty.ch\/fr\/shop\/korean-routine\/exfoliatiors\/anua-heartleaf-duo\/","title":{"rendered":"Anua Heartleaf Glow Duo"},"content":{"rendered":"<h2 data-start=\"80\" data-end=\"117\">Anua Heartleaf Glow Duo<\/h2>\n<p data-start=\"118\" data-end=\"177\"><strong data-start=\"118\" data-end=\"177\">Exfoliation douce + r\u00e9paration de la barri\u00e8re cutan\u00e9e en un seul duo apaisant<\/strong><\/p>\n<p data-start=\"179\" data-end=\"388\">Une routine apaisante en 2 \u00e9tapes pour les peaux sensibles, ternes ou stress\u00e9es. Ce coffret associe la puissance d'un peeling doux \u00e0 une alimentation de nuit - pour vous aider \u00e0 lisser, hydrater et restaurer votre peau sans l'irriter.<\/p>\n<h2 data-start=\"395\" data-end=\"458\"><strong data-start=\"402\" data-end=\"456\">1. Anua Heartleaf LHA Moisture Peeling Gel [120ml] (en anglais)<\/strong><\/h2>\n<p data-start=\"459\" data-end=\"572\">Un exfoliant non abrasif \u00e0 base de LHA et d'extrait de feuille de corail pour affiner le grain de peau et d\u00e9sincruster les pores.<\/p>\n<h3 data-start=\"459\" data-end=\"572\"><strong data-start=\"553\" data-end=\"570\">Principaux avantages :<\/strong><\/h3>\n<ul data-start=\"573\" data-end=\"764\">\n<li data-start=\"573\" data-end=\"607\">\n<p data-start=\"575\" data-end=\"607\">\u00c9limine en douceur les cellules mortes de la peau<\/p>\n<\/li>\n<li data-start=\"608\" data-end=\"650\">\n<p data-start=\"610\" data-end=\"650\">Affine la texture et r\u00e9duit la congestion<\/p>\n<\/li>\n<li data-start=\"651\" data-end=\"687\">\n<p data-start=\"653\" data-end=\"687\">Calme avec Heartleaf et Allantoin<\/p>\n<\/li>\n<li data-start=\"688\" data-end=\"724\">\n<p data-start=\"690\" data-end=\"724\">Hydrate gr\u00e2ce au hyaluronate de sodium<\/p>\n<\/li>\n<li data-start=\"725\" data-end=\"764\">\n<p data-start=\"727\" data-end=\"764\">Laisse la peau lisse, douce et fra\u00eeche<\/p>\n<\/li>\n<\/ul>\n<h2 data-start=\"771\" data-end=\"837\"><strong data-start=\"778\" data-end=\"835\">2. Anua Heartleaf Cream Mask Night Solution [1 feuille]<\/strong><\/h2>\n<p data-start=\"838\" data-end=\"921\">Un masque en feuille richement infus\u00e9 de cr\u00e8me pour r\u00e9parer la barri\u00e8re pendant la nuit.<\/p>\n<h3 data-start=\"838\" data-end=\"921\"><strong data-start=\"902\" data-end=\"919\">Principaux avantages :<\/strong><\/h3>\n<ul data-start=\"922\" data-end=\"1152\">\n<li data-start=\"922\" data-end=\"962\">\n<p data-start=\"924\" data-end=\"962\">Calme les rougeurs et apaise les irritations<\/p>\n<\/li>\n<li data-start=\"963\" data-end=\"1005\">\n<p data-start=\"965\" data-end=\"1005\">Renforce la barri\u00e8re cutan\u00e9e pendant la nuit<\/p>\n<\/li>\n<li data-start=\"1006\" data-end=\"1054\">\n<p data-start=\"1008\" data-end=\"1054\">Hydrate en profondeur gr\u00e2ce aux c\u00e9ramides et au panth\u00e9nol<\/p>\n<\/li>\n<li data-start=\"1055\" data-end=\"1103\">\n<p data-start=\"1057\" data-end=\"1103\">Laisse la peau douce, souple et repos\u00e9e<\/p>\n<\/li>\n<li data-start=\"1104\" data-end=\"1152\">\n<p data-start=\"1106\" data-end=\"1152\">Feuille v\u00e9g\u00e9talienne et \u00e9cologique pour les peaux sensibles<\/p>\n<\/li>\n<\/ul>\n<h3 data-start=\"1400\" data-end=\"1422\"><strong data-start=\"1407\" data-end=\"1420\">Meilleur pour :<\/strong><\/h3>\n<ul data-start=\"1423\" data-end=\"1570\">\n<li data-start=\"1423\" data-end=\"1467\">\n<p data-start=\"1425\" data-end=\"1467\">Peau sensible, irrit\u00e9e ou d\u00e9shydrat\u00e9e<\/p>\n<\/li>\n<li data-start=\"1468\" data-end=\"1504\">\n<p data-start=\"1470\" data-end=\"1504\">Texture in\u00e9gale de la peau ou teint terne<\/p>\n<\/li>\n<li data-start=\"1505\" data-end=\"1537\">\n<p data-start=\"1507\" data-end=\"1537\">Congestion et pores obstru\u00e9s<\/p>\n<\/li>\n<li data-start=\"1538\" data-end=\"1570\">\n<p data-start=\"1540\" data-end=\"1570\">Barri\u00e8re cutan\u00e9e faible ou endommag\u00e9e<\/p>\n<\/li>\n<\/ul>","protected":false},"excerpt":{"rendered":"<p>Anua Heartleaf Glow Duo Exfoliation douce + r\u00e9paration de la barri\u00e8re en un duo apaisant Une routine apaisante en 2 \u00e9tapes pour les peaux sensibles et ternes,<\/p>","protected":false},"featured_media":3695,"comment_status":"open","ping_status":"closed","template":"","meta":[],"product_brand":[],"product_cat":[18,21,320],"product_tag":[],"class_list":{"0":"post-3846","1":"product","2":"type-product","3":"status-publish","4":"has-post-thumbnail","6":"product_cat-exfoliatiors","7":"product_cat-masks","8":"product_cat-sets","10":"first","11":"instock","12":"purchasable","13":"product-type-woosb"},"_links":{"self":[{"href":"https:\/\/yukibeauty.ch\/fr\/wp-json\/wp\/v2\/product\/3846","targetHints":{"allow":["GET"]}}],"collection":[{"href":"https:\/\/yukibeauty.ch\/fr\/wp-json\/wp\/v2\/product"}],"about":[{"href":"https:\/\/yukibeauty.ch\/fr\/wp-json\/wp\/v2\/types\/product"}],"replies":[{"embeddable":true,"href":"https:\/\/yukibeauty.ch\/fr\/wp-json\/wp\/v2\/comments?post=3846"}],"wp:featuredmedia":[{"embeddable":true,"href":"https:\/\/yukibeauty.ch\/fr\/wp-json\/wp\/v2\/media\/3695"}],"wp:attachment":[{"href":"https:\/\/yukibeauty.ch\/fr\/wp-json\/wp\/v2\/media?parent=3846"}],"wp:term":[{"taxonomy":"product_brand","embeddable":true,"href":"https:\/\/yukibeauty.ch\/fr\/wp-json\/wp\/v2\/product_brand?post=3846"},{"taxonomy":"product_cat","embeddable":true,"href":"https:\/\/yukibeauty.ch\/fr\/wp-json\/wp\/v2\/product_cat?post=3846"},{"taxonomy":"product_tag","embeddable":true,"href":"https:\/\/yukibeauty.ch\/fr\/wp-json\/wp\/v2\/product_tag?post=3846"}],"curies":[{"name":"wp","href":"https:\/\/api.w.org\/{rel}","templated":true}]}}