{"id":3859,"date":"2025-07-30T13:36:58","date_gmt":"2025-07-30T11:36:58","guid":{"rendered":"https:\/\/yukibeauty.ch\/?post_type=product&#038;p=3859"},"modified":"2025-10-28T09:08:44","modified_gmt":"2025-10-28T08:08:44","slug":"anua-peach-heartleaf-set","status":"publish","type":"product","link":"https:\/\/yukibeauty.ch\/fr\/shop\/korean-routine\/serum\/anua-peach-heartleaf-set\/","title":{"rendered":"Anua Peach &amp; Heartleaf Radiance Set"},"content":{"rendered":"<h2 data-start=\"86\" data-end=\"131\"><strong data-start=\"90\" data-end=\"129\">Anua Peach &amp; Heartleaf Radiance Set<\/strong><\/h2>\n<p data-start=\"132\" data-end=\"202\"><strong data-start=\"132\" data-end=\"202\">L'\u00e9clat rencontre le calme - pour une peau lumineuse, \u00e9quilibr\u00e9e et d'apparence saine<\/strong><\/p>\n<p data-start=\"204\" data-end=\"489\">Ce duo en deux \u00e9tapes, \u00e0 la fois puissant et doux, r\u00e9unit l'\u00e9nergie \u00e9claircissante de la p\u00eache et la force apaisante de la feuille de c\u0153ur. Id\u00e9al pour les peaux ternes, irr\u00e9guli\u00e8res ou sensibles, cet ensemble permet d'unifier le teint, d'hydrater en profondeur et de r\u00e9duire les rougeurs, tout en favorisant une barri\u00e8re cutan\u00e9e forte et saine.<\/p>\n<h2 data-start=\"496\" data-end=\"546\"><a href=\"https:\/\/yukibeauty.ch\/fr\/shop\/pour-les-hommes\/serum-for-men\/anua-peach-70-serum\/\" target=\"_blank\" rel=\"noopener\"><strong data-start=\"503\" data-end=\"544\">1. Anua Peach 70% S\u00e9rum de Niacine [30ml]<\/strong><\/a><\/h2>\n<p data-start=\"547\" data-end=\"644\">Ce s\u00e9rum booster d'\u00e9clat contient 70% d'extrait de p\u00eache et 5% de niacinamide.<\/p>\n<h3 data-start=\"547\" data-end=\"644\"><strong data-start=\"625\" data-end=\"642\">Principaux avantages :<\/strong><\/h3>\n<ul data-start=\"645\" data-end=\"871\">\n<li data-start=\"645\" data-end=\"689\">\n<p data-start=\"647\" data-end=\"689\">\u00c9claircit la peau terne et estompe les taches brunes<\/p>\n<\/li>\n<li data-start=\"690\" data-end=\"737\">\n<p data-start=\"692\" data-end=\"737\">Hydrate en profondeur gr\u00e2ce au triple acide hyaluronique<\/p>\n<\/li>\n<li data-start=\"738\" data-end=\"790\">\n<p data-start=\"740\" data-end=\"790\">Le complexe de yogourt \u00e0 la p\u00eache lisse en douceur la texture du produit.<\/p>\n<\/li>\n<li data-start=\"791\" data-end=\"828\">\n<p data-start=\"793\" data-end=\"828\">Laisse un fini brillant et non collant<\/p>\n<\/li>\n<li data-start=\"829\" data-end=\"871\">\n<p data-start=\"831\" data-end=\"871\">Formule naturellement rose, sans parfum<\/p>\n<\/li>\n<\/ul>\n<h2 data-start=\"878\" data-end=\"935\"><a href=\"https:\/\/yukibeauty.ch\/fr\/shop\/pour-les-hommes\/toner-for-men\/anua-heartleaf-77-soothing-toner-250ml\/\" target=\"_blank\" rel=\"noopener\"><strong data-start=\"885\" data-end=\"933\">2. Anua Heartleaf 77% Tonique apaisant [250ml]<\/strong><\/a><\/h2>\n<p data-start=\"936\" data-end=\"1032\">Un tonique apaisant \u00e0 l'extrait de feuille de c\u0153ur 77% pour r\u00e9tablir l'\u00e9quilibre et le confort.<\/p>\n<h3 data-start=\"936\" data-end=\"1032\"><strong data-start=\"1013\" data-end=\"1030\">Principaux avantages :<\/strong><\/h3>\n<ul data-start=\"1033\" data-end=\"1215\">\n<li data-start=\"1033\" data-end=\"1067\">\n<p data-start=\"1035\" data-end=\"1067\">Apaise les rougeurs et les irritations<\/p>\n<\/li>\n<li data-start=\"1068\" data-end=\"1098\">\n<p data-start=\"1070\" data-end=\"1098\">Hydrate sans alourdir<\/p>\n<\/li>\n<li data-start=\"1099\" data-end=\"1131\">\n<p data-start=\"1101\" data-end=\"1131\">Renforce la barri\u00e8re cutan\u00e9e<\/p>\n<\/li>\n<li data-start=\"1132\" data-end=\"1173\">\n<p data-start=\"1134\" data-end=\"1173\">Aide \u00e0 r\u00e9duire les \u00e9ruptions cutan\u00e9es et les ridules<\/p>\n<\/li>\n<li data-start=\"1174\" data-end=\"1215\">\n<p data-start=\"1176\" data-end=\"1215\">Sans danger pour les peaux sensibles ou sujettes \u00e0 l'acn\u00e9<\/p>\n<\/li>\n<\/ul>\n<h3><strong data-start=\"1479\" data-end=\"1492\">Meilleur pour :<\/strong><\/h3>\n<ul data-start=\"1495\" data-end=\"1652\">\n<li data-start=\"1495\" data-end=\"1530\">\n<p data-start=\"1497\" data-end=\"1530\">Peau terne, fatigu\u00e9e ou d\u00e9shydrat\u00e9e<\/p>\n<\/li>\n<li data-start=\"1531\" data-end=\"1569\">\n<p data-start=\"1533\" data-end=\"1569\">Rougeur, sensibilit\u00e9 ou \u00e9ruptions cutan\u00e9es<\/p>\n<\/li>\n<li data-start=\"1570\" data-end=\"1617\">\n<p data-start=\"1572\" data-end=\"1617\">Tonalit\u00e9 in\u00e9gale, texture rugueuse ou pigmentation<\/p>\n<\/li>\n<li data-start=\"1618\" data-end=\"1652\">\n<p data-start=\"1620\" data-end=\"1652\">Toutes celles qui recherchent un \u00e9clat calme et frais<\/p>\n<\/li>\n<\/ul>","protected":false},"excerpt":{"rendered":"<p>Anua Peach &amp; Heartleaf Radiance Set Glow meets calm \u2014 for luminous, balanced, and healthy-looking skin This powerful yet gentle<\/p>","protected":false},"featured_media":3696,"comment_status":"open","ping_status":"closed","template":"","meta":[],"product_brand":[],"product_cat":[312,320,19],"product_tag":[],"class_list":{"0":"post-3859","1":"product","2":"type-product","3":"status-publish","4":"has-post-thumbnail","6":"product_cat-serum","7":"product_cat-sets","8":"product_cat-toner","10":"first","11":"instock","12":"featured","13":"purchasable","14":"product-type-woosb"},"_links":{"self":[{"href":"https:\/\/yukibeauty.ch\/fr\/wp-json\/wp\/v2\/product\/3859","targetHints":{"allow":["GET"]}}],"collection":[{"href":"https:\/\/yukibeauty.ch\/fr\/wp-json\/wp\/v2\/product"}],"about":[{"href":"https:\/\/yukibeauty.ch\/fr\/wp-json\/wp\/v2\/types\/product"}],"replies":[{"embeddable":true,"href":"https:\/\/yukibeauty.ch\/fr\/wp-json\/wp\/v2\/comments?post=3859"}],"wp:featuredmedia":[{"embeddable":true,"href":"https:\/\/yukibeauty.ch\/fr\/wp-json\/wp\/v2\/media\/3696"}],"wp:attachment":[{"href":"https:\/\/yukibeauty.ch\/fr\/wp-json\/wp\/v2\/media?parent=3859"}],"wp:term":[{"taxonomy":"product_brand","embeddable":true,"href":"https:\/\/yukibeauty.ch\/fr\/wp-json\/wp\/v2\/product_brand?post=3859"},{"taxonomy":"product_cat","embeddable":true,"href":"https:\/\/yukibeauty.ch\/fr\/wp-json\/wp\/v2\/product_cat?post=3859"},{"taxonomy":"product_tag","embeddable":true,"href":"https:\/\/yukibeauty.ch\/fr\/wp-json\/wp\/v2\/product_tag?post=3859"}],"curies":[{"name":"wp","href":"https:\/\/api.w.org\/{rel}","templated":true}]}}