{"id":3860,"date":"2025-07-30T13:36:58","date_gmt":"2025-07-30T11:36:58","guid":{"rendered":"https:\/\/yukibeauty.ch\/?post_type=product&#038;p=3860"},"modified":"2025-12-19T16:55:21","modified_gmt":"2025-12-19T15:55:21","slug":"anua-soothing-redness-relief-set","status":"publish","type":"product","link":"https:\/\/yukibeauty.ch\/fr\/shop\/korean-routine\/serum\/anua-soothing-redness-relief-set\/","title":{"rendered":"Anua Set apaisant et anti-rougeurs"},"content":{"rendered":"<h3 data-start=\"88\" data-end=\"132\"><strong data-start=\"92\" data-end=\"130\">Anua Set apaisant et anti-rougeurs<\/strong><\/h3>\n<p data-start=\"133\" data-end=\"188\"><strong data-start=\"133\" data-end=\"188\">Soin extra-doux pour les peaux sensibles et sujettes aux rougeurs<\/strong><\/p>\n<p data-start=\"190\" data-end=\"464\">Une routine apaisante en 2 \u00e9tapes con\u00e7ue pour hydrater en profondeur, apaiser les irritations et r\u00e9duire les rougeurs. Comprenant deux des produits les plus appr\u00e9ci\u00e9s d'Anua - le tonique Heartleaf en format g\u00e9ant et le s\u00e9rum Azelaic qui att\u00e9nue les rougeurs - cet ensemble est id\u00e9al pour les types de peaux sensibles, acn\u00e9iques ou r\u00e9actives.<\/p>\n<h3 data-start=\"471\" data-end=\"534\"><strong data-start=\"478\" data-end=\"532\">1. Anua Heartleaf 77% Soothing Toner [250ml Jumbo]<\/strong><\/h3>\n<p data-start=\"535\" data-end=\"628\">Un tonique sans alcool \u00e0 succ\u00e8s, enrichi en extrait de feuille de c\u0153ur 77%.<br data-start=\"606\" data-end=\"609\" \/><strong data-start=\"609\" data-end=\"626\">Principaux avantages :<\/strong><\/p>\n<ul data-start=\"629\" data-end=\"867\">\n<li data-start=\"629\" data-end=\"663\">\n<p data-start=\"631\" data-end=\"663\">Apaise et calme l'inflammation<\/p>\n<\/li>\n<li data-start=\"664\" data-end=\"710\">\n<p data-start=\"666\" data-end=\"710\">R\u00e9tablit l'\u00e9quilibre naturel du pH de la peau (5,5-6)<\/p>\n<\/li>\n<li data-start=\"711\" data-end=\"744\">\n<p data-start=\"713\" data-end=\"744\">Hydrate et adoucit la peau<\/p>\n<\/li>\n<li data-start=\"745\" data-end=\"804\">\n<p data-start=\"747\" data-end=\"804\">R\u00e9duit les rougeurs gr\u00e2ce au panth\u00e9nol, \u00e0 la centella et \u00e0 la camomille<\/p>\n<\/li>\n<li data-start=\"805\" data-end=\"867\">\n<p data-start=\"807\" data-end=\"867\">Sans alcool, sans parab\u00e8ne, sans parfum et sans huiles essentielles<\/p>\n<\/li>\n<\/ul>\n<h3 data-start=\"874\" data-end=\"950\"><strong data-start=\"881\" data-end=\"948\">2. Anua Azelaic Acid 10% Hyaluron Redness Soothing Serum [30ml]<\/strong><\/h3>\n<p data-start=\"951\" data-end=\"1052\">Un s\u00e9rum l\u00e9ger, \u00e0 absorption rapide, pour calmer la sensibilit\u00e9 et unifier le teint.<br data-start=\"1030\" data-end=\"1033\" \/><strong data-start=\"1033\" data-end=\"1050\">Principaux avantages :<\/strong><\/p>\n<ul data-start=\"1053\" data-end=\"1284\">\n<li data-start=\"1053\" data-end=\"1095\">\n<p data-start=\"1055\" data-end=\"1095\">R\u00e9duit visiblement les rougeurs et les irritations<\/p>\n<\/li>\n<li data-start=\"1096\" data-end=\"1138\">\n<p data-start=\"1098\" data-end=\"1138\">Att\u00e9nue les marques et la pigmentation post-acn\u00e9iques<\/p>\n<\/li>\n<li data-start=\"1139\" data-end=\"1186\">\n<p data-start=\"1141\" data-end=\"1186\">Hydrate en profondeur gr\u00e2ce au triple acide hyaluronique<\/p>\n<\/li>\n<li data-start=\"1187\" data-end=\"1235\">\n<p data-start=\"1189\" data-end=\"1235\">Apaise gr\u00e2ce \u00e0 l'alo\u00e8s, la tanaisie bleue et le th\u00e9 vert.<\/p>\n<\/li>\n<li data-start=\"1236\" data-end=\"1284\">\n<p data-start=\"1238\" data-end=\"1284\">Formule non collante et respirante pour une utilisation quotidienne<\/p>\n<\/li>\n<\/ul>\n<h3 data-start=\"1291\" data-end=\"1313\"><strong data-start=\"1297\" data-end=\"1311\">Comment l'utiliser<\/strong><\/h3>\n<ol data-start=\"1314\" data-end=\"1513\">\n<li data-start=\"1314\" data-end=\"1389\">\n<p data-start=\"1317\" data-end=\"1389\">Apr\u00e8s le nettoyage, appliquer <strong data-start=\"1340\" data-end=\"1359\">Tonique Heartleaf<\/strong> avec les mains ou un coton.<\/p>\n<\/li>\n<li data-start=\"1390\" data-end=\"1513\">\n<p data-start=\"1393\" data-end=\"1513\">Suivre avec <strong data-start=\"1405\" data-end=\"1422\">S\u00e9rum az\u00e9la\u00efque<\/strong>et faire p\u00e9n\u00e9trer en tapotant d\u00e9licatement sur la peau.<br data-start=\"1449\" data-end=\"1452\" \/>Utiliser matin et soir. Appliquez toujours un \u00e9cran solaire pendant la journ\u00e9e.<\/p>\n<\/li>\n<\/ol>\n<h3 data-start=\"1520\" data-end=\"1542\"><strong data-start=\"1527\" data-end=\"1540\">Meilleur pour :<\/strong><\/h3>\n<ul data-start=\"1543\" data-end=\"1684\">\n<li data-start=\"1543\" data-end=\"1576\">\n<p data-start=\"1545\" data-end=\"1576\">Peau sensible et sujette aux rougeurs<\/p>\n<\/li>\n<li data-start=\"1577\" data-end=\"1608\">\n<p data-start=\"1579\" data-end=\"1608\">Peau \u00e0 tendance acn\u00e9ique ou r\u00e9active<\/p>\n<\/li>\n<li data-start=\"1609\" data-end=\"1650\">\n<p data-start=\"1611\" data-end=\"1650\">S\u00e9cheresse, irritation ou texture rugueuse<\/p>\n<\/li>\n<li data-start=\"1651\" data-end=\"1684\">\n<p data-start=\"1653\" data-end=\"1684\">R\u00e9tablir l'hydratation et l'\u00e9quilibre<\/p>\n<\/li>\n<\/ul>","protected":false},"excerpt":{"rendered":"<p>Anua Soothing &amp; Redness Relief Set Extra-gentle care for sensitive, redness-prone skin A calming 2-step routine designed to deeply hydrate,<\/p>","protected":false},"featured_media":3697,"comment_status":"open","ping_status":"closed","template":"","meta":[],"product_brand":[],"product_cat":[312,320,19],"product_tag":[],"class_list":{"0":"post-3860","1":"product","2":"type-product","3":"status-publish","4":"has-post-thumbnail","6":"product_cat-serum","7":"product_cat-sets","8":"product_cat-toner","10":"first","11":"instock","12":"purchasable","13":"product-type-woosb"},"_links":{"self":[{"href":"https:\/\/yukibeauty.ch\/fr\/wp-json\/wp\/v2\/product\/3860","targetHints":{"allow":["GET"]}}],"collection":[{"href":"https:\/\/yukibeauty.ch\/fr\/wp-json\/wp\/v2\/product"}],"about":[{"href":"https:\/\/yukibeauty.ch\/fr\/wp-json\/wp\/v2\/types\/product"}],"replies":[{"embeddable":true,"href":"https:\/\/yukibeauty.ch\/fr\/wp-json\/wp\/v2\/comments?post=3860"}],"wp:featuredmedia":[{"embeddable":true,"href":"https:\/\/yukibeauty.ch\/fr\/wp-json\/wp\/v2\/media\/3697"}],"wp:attachment":[{"href":"https:\/\/yukibeauty.ch\/fr\/wp-json\/wp\/v2\/media?parent=3860"}],"wp:term":[{"taxonomy":"product_brand","embeddable":true,"href":"https:\/\/yukibeauty.ch\/fr\/wp-json\/wp\/v2\/product_brand?post=3860"},{"taxonomy":"product_cat","embeddable":true,"href":"https:\/\/yukibeauty.ch\/fr\/wp-json\/wp\/v2\/product_cat?post=3860"},{"taxonomy":"product_tag","embeddable":true,"href":"https:\/\/yukibeauty.ch\/fr\/wp-json\/wp\/v2\/product_tag?post=3860"}],"curies":[{"name":"wp","href":"https:\/\/api.w.org\/{rel}","templated":true}]}}