{"id":3861,"date":"2025-07-30T13:36:59","date_gmt":"2025-07-30T11:36:59","guid":{"rendered":"https:\/\/yukibeauty.ch\/?post_type=product&#038;p=3861"},"modified":"2025-10-28T09:05:57","modified_gmt":"2025-10-28T08:05:57","slug":"anua-glow-set-essentials","status":"publish","type":"product","link":"https:\/\/yukibeauty.ch\/fr\/shop\/korean-routine\/serum\/anua-glow-set-essentials\/","title":{"rendered":"Anua Brightening &amp; Glow Essentials (Essentiels pour l'\u00e9clat et la brillance)"},"content":{"rendered":"<h2 data-start=\"92\" data-end=\"136\"><strong data-start=\"96\" data-end=\"134\">Anua Brightening &amp; Glow Essentials (Essentiels pour l'\u00e9clat et la brillance)<\/strong><\/h2>\n<p data-start=\"137\" data-end=\"214\"><strong data-start=\"137\" data-end=\"214\">Ciblez les taches sombres, l'aspect terne et le teint in\u00e9gal avec ce duo booster d'\u00e9clat.<\/strong><\/p>\n<p data-start=\"216\" data-end=\"529\">Une routine d'\u00e9claircissement en 2 \u00e9tapes, douce et puissante, qui estompe les taches brunes, unifie le teint et vous donne un teint frais et \u00e9clatant. L'ensemble Brightening &amp; Glow Essentials d'Anua combine les produits de haute performance de la gamme Brightening &amp; Glow Essentials d'Anua. <strong data-start=\"394\" data-end=\"421\">Niacinamide + TXA Serum<\/strong> avec le nourrissant <strong data-start=\"442\" data-end=\"470\">Rice 70 Glow Milky Toner<\/strong> pour une peau visiblement plus lisse, plus claire et naturellement \u00e9clatante.<\/p>\n<h2 data-start=\"536\" data-end=\"593\"><a href=\"https:\/\/yukibeauty.ch\/fr\/shop\/pour-les-hommes\/serum-for-men\/niacinamide-serum\/\" target=\"_blank\" rel=\"noopener\"><strong data-start=\"542\" data-end=\"591\">1. Anua Niacinamide 10% + TXA 4% Serum [30ml]<\/strong><\/a><\/h2>\n<p data-start=\"594\" data-end=\"685\">Un traitement cibl\u00e9 pour r\u00e9duire les cicatrices d'acn\u00e9, la pigmentation et les rougeurs.<\/p>\n<h3 data-start=\"594\" data-end=\"685\"><strong data-start=\"666\" data-end=\"683\">Principaux avantages :<\/strong><\/h3>\n<ul data-start=\"686\" data-end=\"917\">\n<li data-start=\"686\" data-end=\"738\">\n<p data-start=\"688\" data-end=\"738\">\u00c9claircit et unifie le teint sans irritation<\/p>\n<\/li>\n<li data-start=\"739\" data-end=\"779\">\n<p data-start=\"741\" data-end=\"779\">Att\u00e9nue les taches brunes et les marques post-acn\u00e9iques<\/p>\n<\/li>\n<li data-start=\"780\" data-end=\"817\">\n<p data-start=\"782\" data-end=\"817\">Affine les pores et lisse la texture<\/p>\n<\/li>\n<li data-start=\"818\" data-end=\"861\">\n<p data-start=\"820\" data-end=\"861\">Renforce la barri\u00e8re cutan\u00e9e gr\u00e2ce aux c\u00e9ramides<\/p>\n<\/li>\n<li data-start=\"862\" data-end=\"917\">\n<p data-start=\"864\" data-end=\"917\">Formule l\u00e9g\u00e8re, sans parfum, \u00e0 absorption rapide<\/p>\n<\/li>\n<\/ul>\n<h3 data-start=\"919\" data-end=\"942\"><strong data-start=\"919\" data-end=\"940\">Ingr\u00e9dients vedettes :<\/strong><\/h3>\n<ul data-start=\"943\" data-end=\"1184\">\n<li data-start=\"943\" data-end=\"1013\">\n<p data-start=\"945\" data-end=\"1013\"><strong data-start=\"945\" data-end=\"964\">10% Niacinamide<\/strong> - Anti-rougeur, affineur de pores et \u00e9claircissant<\/p>\n<\/li>\n<li data-start=\"1014\" data-end=\"1068\">\n<p data-start=\"1016\" data-end=\"1068\"><strong data-start=\"1016\" data-end=\"1038\">4% Acide tranexamique<\/strong> - R\u00e9duit l'hyperpigmentation<\/p>\n<\/li>\n<li data-start=\"1069\" data-end=\"1116\">\n<p data-start=\"1071\" data-end=\"1116\"><strong data-start=\"1071\" data-end=\"1085\">2% Arbutin<\/strong> - \u00c9claircit en douceur les taches brunes<\/p>\n<\/li>\n<li data-start=\"1117\" data-end=\"1184\">\n<p data-start=\"1119\" data-end=\"1184\"><strong data-start=\"1119\" data-end=\"1150\">Acide hyaluronique + C\u00e9ramides<\/strong> - Hydratation et soutien de la barri\u00e8re<\/p>\n<\/li>\n<\/ul>\n<h2 data-start=\"1191\" data-end=\"1245\"><a href=\"https:\/\/yukibeauty.ch\/fr\/shop\/pour-les-hommes\/toner-for-men\/rice-milky-toner\/\" target=\"_blank\" rel=\"noopener\"><strong data-start=\"1198\" data-end=\"1243\">2. Anua Rice 70% Glow Milky Toner [250ml]<\/strong><\/a><\/h2>\n<p data-start=\"1246\" data-end=\"1328\">Un tonique laiteux et apaisant pour une hydratation et un \u00e9claircissement quotidiens.<\/p>\n<h3 data-start=\"1246\" data-end=\"1328\"><strong data-start=\"1309\" data-end=\"1326\">Principaux avantages :<\/strong><\/h3>\n<ul data-start=\"1329\" data-end=\"1567\">\n<li data-start=\"1329\" data-end=\"1385\">\n<p data-start=\"1331\" data-end=\"1385\">L'eau de son de riz 70% \u00e9claircit la peau terne et irr\u00e9guli\u00e8re.<\/p>\n<\/li>\n<li data-start=\"1386\" data-end=\"1438\">\n<p data-start=\"1388\" data-end=\"1438\">Hydrate en profondeur gr\u00e2ce \u00e0 l'acide hyaluronique et \u00e0 la b\u00e9ta\u00efne<\/p>\n<\/li>\n<li data-start=\"1439\" data-end=\"1487\">\n<p data-start=\"1441\" data-end=\"1487\">Calme les irritations et favorise la r\u00e9paration de la barri\u00e8re cutan\u00e9e<\/p>\n<\/li>\n<li data-start=\"1488\" data-end=\"1523\">\n<p data-start=\"1490\" data-end=\"1523\">Renforce la peau gr\u00e2ce aux c\u00e9ramides<\/p>\n<\/li>\n<li data-start=\"1524\" data-end=\"1567\">\n<p data-start=\"1526\" data-end=\"1567\">L\u00e9ger, non collant, sans parfum<\/p>\n<\/li>\n<\/ul>\n<h3 data-start=\"1569\" data-end=\"1592\"><strong data-start=\"1569\" data-end=\"1590\">Ingr\u00e9dients vedettes :<\/strong><\/h3>\n<ul data-start=\"1593\" data-end=\"1834\">\n<li data-start=\"1593\" data-end=\"1666\">\n<p data-start=\"1595\" data-end=\"1666\"><strong data-start=\"1595\" data-end=\"1620\">Eau de son de riz (70%)<\/strong> - Acides amin\u00e9s revitalisants et antioxydants<\/p>\n<\/li>\n<li data-start=\"1667\" data-end=\"1723\">\n<p data-start=\"1669\" data-end=\"1723\"><strong data-start=\"1669\" data-end=\"1684\">Niacinamide<\/strong> - Renforce l'\u00e9clat et am\u00e9liore la texture<\/p>\n<\/li>\n<li data-start=\"1724\" data-end=\"1773\">\n<p data-start=\"1726\" data-end=\"1773\"><strong data-start=\"1726\" data-end=\"1746\">C\u00e9ramide AP &amp; NP<\/strong> - Renforcer la barri\u00e8re cutan\u00e9e<\/p>\n<\/li>\n<li data-start=\"1774\" data-end=\"1834\">\n<p data-start=\"1776\" data-end=\"1834\"><strong data-start=\"1776\" data-end=\"1811\">Panth\u00e9nol, glyc\u00e9rine et allanto\u00efne<\/strong> - Apaiser et prot\u00e9ger<\/p>\n<\/li>\n<\/ul>\n<h3><strong data-start=\"2098\" data-end=\"2112\">Id\u00e9al pour :<\/strong><\/h3>\n<ul data-start=\"2115\" data-end=\"2261\">\n<li data-start=\"2115\" data-end=\"2145\">\n<p data-start=\"2117\" data-end=\"2145\">Peau terne ou d'aspect fatigu\u00e9<\/p>\n<\/li>\n<li data-start=\"2146\" data-end=\"2190\">\n<p data-start=\"2148\" data-end=\"2190\">Taches sombres, rougeurs et marques post-acn\u00e9iques<\/p>\n<\/li>\n<li data-start=\"2191\" data-end=\"2222\">\n<p data-start=\"2193\" data-end=\"2222\">Tonalit\u00e9 ou texture de la peau in\u00e9gale<\/p>\n<\/li>\n<li data-start=\"2223\" data-end=\"2261\">\n<p data-start=\"2225\" data-end=\"2261\">Peau sensible sujette aux irritations<\/p>\n<\/li>\n<\/ul>","protected":false},"excerpt":{"rendered":"<p>Anua Brightening &amp; Glow Essentials Target dark spots, dullness &amp; uneven tone with this radiance-boosting duo A gentle yet powerful<\/p>","protected":false},"featured_media":3693,"comment_status":"open","ping_status":"closed","template":"","meta":[],"product_brand":[],"product_cat":[312,320,19],"product_tag":[],"class_list":{"0":"post-3861","1":"product","2":"type-product","3":"status-publish","4":"has-post-thumbnail","6":"product_cat-serum","7":"product_cat-sets","8":"product_cat-toner","10":"first","11":"outofstock","12":"purchasable","13":"product-type-woosb"},"_links":{"self":[{"href":"https:\/\/yukibeauty.ch\/fr\/wp-json\/wp\/v2\/product\/3861","targetHints":{"allow":["GET"]}}],"collection":[{"href":"https:\/\/yukibeauty.ch\/fr\/wp-json\/wp\/v2\/product"}],"about":[{"href":"https:\/\/yukibeauty.ch\/fr\/wp-json\/wp\/v2\/types\/product"}],"replies":[{"embeddable":true,"href":"https:\/\/yukibeauty.ch\/fr\/wp-json\/wp\/v2\/comments?post=3861"}],"wp:featuredmedia":[{"embeddable":true,"href":"https:\/\/yukibeauty.ch\/fr\/wp-json\/wp\/v2\/media\/3693"}],"wp:attachment":[{"href":"https:\/\/yukibeauty.ch\/fr\/wp-json\/wp\/v2\/media?parent=3861"}],"wp:term":[{"taxonomy":"product_brand","embeddable":true,"href":"https:\/\/yukibeauty.ch\/fr\/wp-json\/wp\/v2\/product_brand?post=3861"},{"taxonomy":"product_cat","embeddable":true,"href":"https:\/\/yukibeauty.ch\/fr\/wp-json\/wp\/v2\/product_cat?post=3861"},{"taxonomy":"product_tag","embeddable":true,"href":"https:\/\/yukibeauty.ch\/fr\/wp-json\/wp\/v2\/product_tag?post=3861"}],"curies":[{"name":"wp","href":"https:\/\/api.w.org\/{rel}","templated":true}]}}