{"id":3863,"date":"2025-07-30T13:37:02","date_gmt":"2025-07-30T11:37:02","guid":{"rendered":"https:\/\/yukibeauty.ch\/?post_type=product&#038;p=3863"},"modified":"2025-10-27T08:20:35","modified_gmt":"2025-10-27T07:20:35","slug":"cosrx-hydration-set","status":"publish","type":"product","link":"https:\/\/yukibeauty.ch\/fr\/shop\/korean-routine\/cleanser\/cosrx-hydration-set\/","title":{"rendered":"COSRX Set de nettoyage et d'hydratation"},"content":{"rendered":"<h2 data-start=\"81\" data-end=\"122\"><strong data-start=\"85\" data-end=\"120\">COSRX Set de nettoyage et d'hydratation<\/strong><\/h2>\n<p data-start=\"123\" data-end=\"201\"><strong data-start=\"123\" data-end=\"201\">Le nettoyage en douceur rencontre la r\u00e9paration intense - pour une peau claire, calme et hydrat\u00e9e<\/strong><\/p>\n<p data-start=\"203\" data-end=\"476\">Cet ensemble en deux \u00e9tapes associe un nettoyant micellaire intelligent \u00e0 une cr\u00e8me hydratante tout-en-un pour donner \u00e0 votre peau un nouveau d\u00e9part et la nourrir durablement. Qu'il s'agisse de se d\u00e9maquiller ou d'apaiser les irritations post-\u00e9ruptions, ce duo vous couvre du premier coup de pinceau jusqu'\u00e0 l'\u00e9clat final.<\/p>\n<h2 data-start=\"483\" data-end=\"556\"><strong data-start=\"490\" data-end=\"554\">1. COSRX Eau nettoyante micellaire \u00e0 faible pH et \u00e0 base de niacinamide [400ml]<\/strong><\/h2>\n<p data-start=\"557\" data-end=\"685\">Une eau micellaire rafra\u00eechissante et respectueuse de la peau qui \u00e9limine les impuret\u00e9s tout en apaisant et en r\u00e9\u00e9quilibrant la peau.<\/p>\n<h3 data-start=\"557\" data-end=\"685\"><strong data-start=\"666\" data-end=\"683\">Principaux avantages :<\/strong><\/h3>\n<ul data-start=\"686\" data-end=\"911\">\n<li data-start=\"686\" data-end=\"730\">\n<p data-start=\"688\" data-end=\"730\">Elimine le maquillage, l'exc\u00e8s de s\u00e9bum et les d\u00e9bris des pores<\/p>\n<\/li>\n<li data-start=\"731\" data-end=\"776\">\n<p data-start=\"733\" data-end=\"776\">Aide \u00e0 r\u00e9duire les points noirs et \u00e0 contr\u00f4ler le s\u00e9bum<\/p>\n<\/li>\n<li data-start=\"777\" data-end=\"818\">\n<p data-start=\"779\" data-end=\"818\">Unifie le teint gr\u00e2ce au niacinamide et au zinc 3%<\/p>\n<\/li>\n<li data-start=\"819\" data-end=\"871\">\n<p data-start=\"821\" data-end=\"871\">Hydrate en profondeur gr\u00e2ce \u00e0 l'acide hyaluronique et au panth\u00e9nol<\/p>\n<\/li>\n<li data-start=\"872\" data-end=\"911\">\n<p data-start=\"874\" data-end=\"911\">Laisse un fini mat mais rafra\u00eechi<\/p>\n<\/li>\n<\/ul>\n<h3 data-start=\"913\" data-end=\"936\"><strong data-start=\"913\" data-end=\"934\">Ingr\u00e9dients vedettes :<\/strong><\/h3>\n<ul data-start=\"937\" data-end=\"1092\">\n<li data-start=\"937\" data-end=\"997\">\n<p data-start=\"939\" data-end=\"997\">Niacinamide + Zinc - R\u00e9duit les rougeurs et affine les pores<\/p>\n<\/li>\n<li data-start=\"998\" data-end=\"1048\">\n<p data-start=\"1000\" data-end=\"1048\">Panth\u00e9nol - Renforce et apaise la peau<\/p>\n<\/li>\n<li data-start=\"1049\" data-end=\"1092\">\n<p data-start=\"1051\" data-end=\"1092\">Acide hyaluronique - Restaure l'hydratation<\/p>\n<\/li>\n<\/ul>\n<h3 data-start=\"1094\" data-end=\"1209\"><strong data-start=\"1094\" data-end=\"1106\">Texture :<\/strong><\/h3>\n<p data-start=\"1094\" data-end=\"1209\">Formule l\u00e9g\u00e8re comme de l'eau avec une sensation douce et rafra\u00eechissante. Ne n\u00e9cessite pas de rin\u00e7age (mais peut \u00eatre suivi d'un rin\u00e7age \u00e0 l'eau).<\/p>\n<h2 data-start=\"1216\" data-end=\"1280\">\u00a0<strong data-start=\"1223\" data-end=\"1278\">2. COSRX Advanced Snail 92 Cr\u00e8me tout-en-un [100ml]<\/strong><\/h2>\n<p data-start=\"1281\" data-end=\"1386\">Un gel-cr\u00e8me culte qui r\u00e9pare et hydrate en profondeur gr\u00e2ce \u00e0 la mucine d'escargot 92%.<\/p>\n<h2 data-start=\"1281\" data-end=\"1386\"><strong data-start=\"1367\" data-end=\"1384\">Principaux avantages :<\/strong><\/h2>\n<ul data-start=\"1387\" data-end=\"1581\">\n<li data-start=\"1387\" data-end=\"1422\">\n<p data-start=\"1389\" data-end=\"1422\">Hydratation en profondeur et r\u00e9paration visible<\/p>\n<\/li>\n<li data-start=\"1423\" data-end=\"1469\">\n<p data-start=\"1425\" data-end=\"1469\">Lisse les ridules et renforce la barri\u00e8re cutan\u00e9e<\/p>\n<\/li>\n<li data-start=\"1470\" data-end=\"1507\">\n<p data-start=\"1472\" data-end=\"1507\">Calme les rougeurs et les marques post-acn\u00e9iques<\/p>\n<\/li>\n<li data-start=\"1508\" data-end=\"1546\">\n<p data-start=\"1510\" data-end=\"1546\">Am\u00e9liore la texture et l'\u00e9lasticit\u00e9 de la peau<\/p>\n<\/li>\n<li data-start=\"1547\" data-end=\"1581\">\n<p data-start=\"1549\" data-end=\"1581\">Finition l\u00e9g\u00e8re et non grasse<\/p>\n<\/li>\n<\/ul>\n<h2 data-start=\"1583\" data-end=\"1606\"><strong data-start=\"1583\" data-end=\"1604\">Ingr\u00e9dients vedettes :<\/strong><\/h2>\n<ul data-start=\"1607\" data-end=\"1778\">\n<li data-start=\"1607\" data-end=\"1657\">\n<p data-start=\"1609\" data-end=\"1657\">92% Snail Mucin - Hydrate, r\u00e9pare, calme<\/p>\n<\/li>\n<li data-start=\"1658\" data-end=\"1713\">\n<p data-start=\"1660\" data-end=\"1713\">Acide hyaluronique - Fixation de l'hydratation et repulpation<\/p>\n<\/li>\n<li data-start=\"1714\" data-end=\"1778\">\n<p data-start=\"1716\" data-end=\"1778\">Panth\u00e9nol et Ad\u00e9nosine - Apaisent et ciblent les signes du vieillissement<\/p>\n<\/li>\n<\/ul>\n<h3 data-start=\"1780\" data-end=\"1879\"><strong data-start=\"1780\" data-end=\"1792\">Texture :<\/strong><\/h3>\n<p data-start=\"1780\" data-end=\"1879\">Gel-cr\u00e8me soyeux qui se fond dans la peau avec une sensation de ros\u00e9e mais sans poids. Ne colle pas.<\/p>","protected":false},"excerpt":{"rendered":"<p>COSRX Cleansing &amp; Hydration Set Gentle cleansing meets intense repair \u2014 for clear, calm, and hydrated skin This 2-step set<\/p>","protected":false},"featured_media":3703,"comment_status":"open","ping_status":"closed","template":"","meta":[],"product_brand":[],"product_cat":[17,310,23,320],"product_tag":[],"class_list":{"0":"post-3863","1":"product","2":"type-product","3":"status-publish","4":"has-post-thumbnail","6":"product_cat-cleanser","7":"product_cat-cream","8":"product_cat-face-cream","9":"product_cat-sets","11":"first","12":"instock","13":"purchasable","14":"product-type-woosb"},"_links":{"self":[{"href":"https:\/\/yukibeauty.ch\/fr\/wp-json\/wp\/v2\/product\/3863","targetHints":{"allow":["GET"]}}],"collection":[{"href":"https:\/\/yukibeauty.ch\/fr\/wp-json\/wp\/v2\/product"}],"about":[{"href":"https:\/\/yukibeauty.ch\/fr\/wp-json\/wp\/v2\/types\/product"}],"replies":[{"embeddable":true,"href":"https:\/\/yukibeauty.ch\/fr\/wp-json\/wp\/v2\/comments?post=3863"}],"wp:featuredmedia":[{"embeddable":true,"href":"https:\/\/yukibeauty.ch\/fr\/wp-json\/wp\/v2\/media\/3703"}],"wp:attachment":[{"href":"https:\/\/yukibeauty.ch\/fr\/wp-json\/wp\/v2\/media?parent=3863"}],"wp:term":[{"taxonomy":"product_brand","embeddable":true,"href":"https:\/\/yukibeauty.ch\/fr\/wp-json\/wp\/v2\/product_brand?post=3863"},{"taxonomy":"product_cat","embeddable":true,"href":"https:\/\/yukibeauty.ch\/fr\/wp-json\/wp\/v2\/product_cat?post=3863"},{"taxonomy":"product_tag","embeddable":true,"href":"https:\/\/yukibeauty.ch\/fr\/wp-json\/wp\/v2\/product_tag?post=3863"}],"curies":[{"name":"wp","href":"https:\/\/api.w.org\/{rel}","templated":true}]}}