{"id":3864,"date":"2025-07-30T13:37:03","date_gmt":"2025-07-30T11:37:03","guid":{"rendered":"https:\/\/yukibeauty.ch\/?post_type=product&#038;p=3864"},"modified":"2025-10-27T08:46:41","modified_gmt":"2025-10-27T07:46:41","slug":"anti-aging-boost-set","status":"publish","type":"product","link":"https:\/\/yukibeauty.ch\/fr\/shop\/korean-routine\/cream\/anti-aging-boost-set\/","title":{"rendered":"COSRX Hydratation &amp; Anti-\u00e2ge Boost"},"content":{"rendered":"<h2 data-start=\"81\" data-end=\"129\"><strong data-start=\"85\" data-end=\"127\">COSRX Hydration &amp; Anti-Aging Boost Set<\/strong><\/h2>\n<p data-start=\"130\" data-end=\"212\"><strong data-start=\"130\" data-end=\"212\">Hydratation en profondeur + renouvellement par les peptides - pour une peau lisse, \u00e9clatante et r\u00e9sistante<\/strong><\/p>\n<p data-start=\"214\" data-end=\"433\">Cette routine en deux \u00e9tapes combine une hydratation avanc\u00e9e et des soins anti-\u00e2ge multi-cibles en un duo sans effort. Con\u00e7ue pour renforcer, lisser et r\u00e9g\u00e9n\u00e9rer en profondeur, cette routine est le parfait coup de pouce quotidien pour une peau saine et \u00e9clatante.<\/p>\n<h2 data-start=\"440\" data-end=\"501\"><a href=\"https:\/\/yukibeauty.ch\/fr\/shop\/korean-routine\/creme-pour-le-visage\/hyaluronic-acid-intensive-cream\/\" target=\"_blank\" rel=\"noopener\"><strong data-start=\"447\" data-end=\"499\">1. COSRX Cr\u00e8me intensive \u00e0 l'acide hyaluronique [100ml]<\/strong><\/a><\/h2>\n<p data-start=\"502\" data-end=\"629\">Un hydratant l\u00e9ger et ultra-hydratant qui soulage instantan\u00e9ment la s\u00e9cheresse et maintient l'hydratation toute la journ\u00e9e.<\/p>\n<h3 data-start=\"502\" data-end=\"629\"><strong data-start=\"610\" data-end=\"627\">Principaux avantages :<\/strong><\/h3>\n<ul data-start=\"630\" data-end=\"847\">\n<li data-start=\"630\" data-end=\"699\">\n<p data-start=\"632\" data-end=\"699\">Hydratation longue dur\u00e9e gr\u00e2ce \u00e0 3 000 ppm de hyaluronate de sodium<\/p>\n<\/li>\n<li data-start=\"700\" data-end=\"756\">\n<p data-start=\"702\" data-end=\"756\">Revitalise la peau terne gr\u00e2ce \u00e0 57,8% d'eau d'argousier<\/p>\n<\/li>\n<li data-start=\"757\" data-end=\"801\">\n<p data-start=\"759\" data-end=\"801\">Apaise et renforce la barri\u00e8re cutan\u00e9e<\/p>\n<\/li>\n<li data-start=\"802\" data-end=\"847\">\n<p data-start=\"804\" data-end=\"847\">Laisse la peau douce, fra\u00eeche et non grasse<\/p>\n<\/li>\n<\/ul>\n<h3 data-start=\"849\" data-end=\"872\"><strong data-start=\"849\" data-end=\"870\">Ingr\u00e9dients vedettes :<\/strong><\/h3>\n<ul data-start=\"873\" data-end=\"1131\">\n<li data-start=\"873\" data-end=\"946\">\n<p data-start=\"875\" data-end=\"946\">Hyaluronate de sodium - Attire et fixe l'hydratation en profondeur dans la peau.<\/p>\n<\/li>\n<li data-start=\"947\" data-end=\"1014\">\n<p data-start=\"949\" data-end=\"1014\">Eau d'argousier - Calme, nourrit et renforce l'\u00e9clat.<\/p>\n<\/li>\n<li data-start=\"1015\" data-end=\"1072\">\n<p data-start=\"1017\" data-end=\"1072\">Panth\u00e9nol et Allanto\u00efne - Apaisent et r\u00e9duisent les rougeurs<\/p>\n<\/li>\n<li data-start=\"1073\" data-end=\"1131\">\n<p data-start=\"1075\" data-end=\"1131\">Huiles de tournesol et de macadamia - Soutiennent la barri\u00e8re lipidique<\/p>\n<\/li>\n<\/ul>\n<h3 data-start=\"1133\" data-end=\"1251\"><strong data-start=\"1133\" data-end=\"1145\">Texture :<\/strong><\/h3>\n<p data-start=\"1133\" data-end=\"1251\">Texture soyeuse et cr\u00e9meuse qui p\u00e9n\u00e8tre rapidement. Ne colle pas, ne laisse pas de r\u00e9sidus. Id\u00e9al sous le maquillage ou la cr\u00e8me solaire.<\/p>\n<h2 data-start=\"1258\" data-end=\"1319\"><a href=\"https:\/\/yukibeauty.ch\/fr\/shop\/korean-routine\/essence\/6-peptide-skin-booster\/\" target=\"_blank\" rel=\"noopener\"><strong data-start=\"1265\" data-end=\"1317\">2. COSRX The 6 Peptide Skin Booster Serum [30ml]<\/strong><\/a><\/h2>\n<p data-start=\"1320\" data-end=\"1448\">Un s\u00e9rum de premi\u00e8re \u00e9tape l\u00e9ger comme une plume, enrichi de 6 peptides pour lisser, raffermir et unifier visiblement votre peau.<\/p>\n<h3 data-start=\"1320\" data-end=\"1448\"><strong data-start=\"1429\" data-end=\"1446\">Principaux avantages :<\/strong><\/h3>\n<ul data-start=\"1449\" data-end=\"1622\">\n<li data-start=\"1449\" data-end=\"1489\">\n<p data-start=\"1451\" data-end=\"1489\">Am\u00e9liore la tonicit\u00e9, la texture et la fermet\u00e9<\/p>\n<\/li>\n<li data-start=\"1490\" data-end=\"1526\">\n<p data-start=\"1492\" data-end=\"1526\">Affine les pores et \u00e9quilibre le s\u00e9bum<\/p>\n<\/li>\n<li data-start=\"1527\" data-end=\"1571\">\n<p data-start=\"1529\" data-end=\"1571\">Apaise la sensibilit\u00e9 et lisse les ridules<\/p>\n<\/li>\n<li data-start=\"1572\" data-end=\"1622\">\n<p data-start=\"1574\" data-end=\"1622\">Renforce l'\u00e9lasticit\u00e9 et la barri\u00e8re cutan\u00e9e<\/p>\n<\/li>\n<\/ul>\n<h3 data-start=\"1624\" data-end=\"1650\"><strong data-start=\"1624\" data-end=\"1648\">6 Peptides puissants :<\/strong><\/h3>\n<ul data-start=\"1651\" data-end=\"1987\">\n<li data-start=\"1651\" data-end=\"1696\">\n<p data-start=\"1653\" data-end=\"1696\">SH-Polypeptide-121 - Booster de collag\u00e8ne<\/p>\n<\/li>\n<li data-start=\"1697\" data-end=\"1750\">\n<p data-start=\"1699\" data-end=\"1750\">Tripeptide-1 de cuivre - Lisse et renouvelle la peau<\/p>\n<\/li>\n<li data-start=\"1751\" data-end=\"1815\">\n<p data-start=\"1753\" data-end=\"1815\">Dipeptide Diaminobutyroyl - Contr\u00f4le du s\u00e9bum, affinage des pores<\/p>\n<\/li>\n<li data-start=\"1816\" data-end=\"1875\">\n<p data-start=\"1818\" data-end=\"1875\">Oligopeptide-68 - \u00c9claircissant et anti-pigmentation<\/p>\n<\/li>\n<li data-start=\"1876\" data-end=\"1929\">\n<p data-start=\"1878\" data-end=\"1929\">Palmitoyl Tripeptide-8 - Calme les peaux sensibles<\/p>\n<\/li>\n<li data-start=\"1930\" data-end=\"1987\">\n<p data-start=\"1932\" data-end=\"1987\">Acetyl Hexapeptide-8 - Cible les ridules et le vieillissement<\/p>\n<\/li>\n<\/ul>\n<h3 data-start=\"1989\" data-end=\"2085\"><strong data-start=\"1989\" data-end=\"2001\">Texture :<\/strong><\/h3>\n<p data-start=\"1989\" data-end=\"2085\">S\u00e9rum l\u00e9ger et aqueux qui p\u00e9n\u00e8tre en quelques secondes. Se superpose parfaitement \u00e0 tous les soins de la peau gr\u00e2ce au coffret COSRX Hydration &amp; Anti-Aging Boost.<\/p>","protected":false},"excerpt":{"rendered":"<p>COSRX Hydration &amp; Anti-Aging Boost Set Deep hydration + peptide-powered renewal \u2014 for smooth, radiant, resilient skin This 2-step routine<\/p>","protected":false},"featured_media":3704,"comment_status":"open","ping_status":"closed","template":"","meta":[],"product_brand":[],"product_cat":[310,20,23,320],"product_tag":[],"class_list":{"0":"post-3864","1":"product","2":"type-product","3":"status-publish","4":"has-post-thumbnail","6":"product_cat-cream","7":"product_cat-essence","8":"product_cat-face-cream","9":"product_cat-sets","11":"first","12":"instock","13":"purchasable","14":"product-type-woosb"},"_links":{"self":[{"href":"https:\/\/yukibeauty.ch\/fr\/wp-json\/wp\/v2\/product\/3864","targetHints":{"allow":["GET"]}}],"collection":[{"href":"https:\/\/yukibeauty.ch\/fr\/wp-json\/wp\/v2\/product"}],"about":[{"href":"https:\/\/yukibeauty.ch\/fr\/wp-json\/wp\/v2\/types\/product"}],"replies":[{"embeddable":true,"href":"https:\/\/yukibeauty.ch\/fr\/wp-json\/wp\/v2\/comments?post=3864"}],"wp:featuredmedia":[{"embeddable":true,"href":"https:\/\/yukibeauty.ch\/fr\/wp-json\/wp\/v2\/media\/3704"}],"wp:attachment":[{"href":"https:\/\/yukibeauty.ch\/fr\/wp-json\/wp\/v2\/media?parent=3864"}],"wp:term":[{"taxonomy":"product_brand","embeddable":true,"href":"https:\/\/yukibeauty.ch\/fr\/wp-json\/wp\/v2\/product_brand?post=3864"},{"taxonomy":"product_cat","embeddable":true,"href":"https:\/\/yukibeauty.ch\/fr\/wp-json\/wp\/v2\/product_cat?post=3864"},{"taxonomy":"product_tag","embeddable":true,"href":"https:\/\/yukibeauty.ch\/fr\/wp-json\/wp\/v2\/product_tag?post=3864"}],"curies":[{"name":"wp","href":"https:\/\/api.w.org\/{rel}","templated":true}]}}