{"id":3865,"date":"2025-07-30T13:37:03","date_gmt":"2025-07-30T11:37:03","guid":{"rendered":"https:\/\/yukibeauty.ch\/?post_type=product&#038;p=3865"},"modified":"2025-10-28T08:39:34","modified_gmt":"2025-10-28T07:39:34","slug":"cosrx-acne-power-set","status":"publish","type":"product","link":"https:\/\/yukibeauty.ch\/fr\/shop\/korean-routine\/masks\/cosrx-acne-power-set\/","title":{"rendered":"COSRX Acne &amp; Propolis Power Set"},"content":{"rendered":"<h2 data-start=\"103\" data-end=\"144\"><strong data-start=\"107\" data-end=\"142\">COSRX Acne &amp; Propolis Power Set<\/strong><\/h2>\n<p data-start=\"145\" data-end=\"217\"><strong data-start=\"145\" data-end=\"217\">Calme les \u00e9ruptions cutan\u00e9es + renforce la barri\u00e8re cutan\u00e9e - le tout en un duo intelligent<\/strong><\/p>\n<p data-start=\"219\" data-end=\"394\">Ce coffret associe deux best-sellers COSRX pour lutter contre les imperfections et les irritations tout en redonnant \u00e9clat et r\u00e9sistance \u00e0 votre peau. Id\u00e9al pour les peaux sujettes \u00e0 l'acn\u00e9, stress\u00e9es ou sensibles.<\/p>\n<h2 data-start=\"401\" data-end=\"456\"><a href=\"https:\/\/yukibeauty.ch\/fr\/shop\/korean-routine\/masks\/acne-pimple-master-patch-24pcs\/\" target=\"_blank\" rel=\"noopener\">\u00a0<strong data-start=\"408\" data-end=\"454\">1. COSRX Acne Pimple Master Patch [24 pcs]<\/strong><\/a><\/h2>\n<p data-start=\"457\" data-end=\"510\"><strong data-start=\"457\" data-end=\"510\">Traitement ponctuel de nuit pour une gu\u00e9rison rapide des boutons<\/strong><\/p>\n<p data-start=\"512\" data-end=\"805\">Dites adieu aux points blancs et aux boutons enflamm\u00e9s - sans douleur. Ces patchs hydrocollo\u00efdes fins \u00e9liminent les impuret\u00e9s, r\u00e9duisent les rougeurs et acc\u00e9l\u00e8rent la cicatrisation pendant la nuit. Ils cr\u00e9ent une barri\u00e8re protectrice contre les bact\u00e9ries et les piq\u00fbres, aidant \u00e0 pr\u00e9venir les cicatrices tout en permettant \u00e0 la peau de se r\u00e9parer naturellement.<\/p>\n<h3 data-start=\"807\" data-end=\"826\"><strong data-start=\"807\" data-end=\"824\">Principaux avantages :<\/strong><\/h3>\n<ul data-start=\"827\" data-end=\"1072\">\n<li data-start=\"827\" data-end=\"877\">\n<p data-start=\"829\" data-end=\"877\">Aplatit les boutons et r\u00e9duit les rougeurs pendant la nuit<\/p>\n<\/li>\n<li data-start=\"878\" data-end=\"926\">\n<p data-start=\"880\" data-end=\"926\">Absorbe le pus, l'huile et les d\u00e9bris des points blancs<\/p>\n<\/li>\n<li data-start=\"927\" data-end=\"970\">\n<p data-start=\"929\" data-end=\"970\">Acc\u00e9l\u00e8re la cicatrisation et pr\u00e9vient la formation de cicatrices<\/p>\n<\/li>\n<li data-start=\"971\" data-end=\"1015\">\n<p data-start=\"973\" data-end=\"1015\">Prot\u00e8ge des bact\u00e9ries et du contact avec les doigts<\/p>\n<\/li>\n<li data-start=\"1016\" data-end=\"1072\">\n<p data-start=\"1018\" data-end=\"1072\">Doux et sans irritation - m\u00eame pour les peaux sensibles<\/p>\n<\/li>\n<\/ul>\n<h3 data-start=\"1074\" data-end=\"1093\"><strong data-start=\"1074\" data-end=\"1091\">Pourquoi \u00e7a marche :<\/strong><\/h3>\n<ul data-start=\"1094\" data-end=\"1244\">\n<li data-start=\"1094\" data-end=\"1138\">\n<p data-start=\"1096\" data-end=\"1138\">Maintient la peau humide pour une gu\u00e9rison plus rapide<\/p>\n<\/li>\n<li data-start=\"1139\" data-end=\"1184\">\n<p data-start=\"1141\" data-end=\"1184\">Pr\u00e9vient les contacts et les infections secondaires<\/p>\n<\/li>\n<li data-start=\"1185\" data-end=\"1244\">\n<p data-start=\"1187\" data-end=\"1244\">Plus efficace sur les boutons de surface et les taches \u00e0 un stade pr\u00e9coce<\/p>\n<\/li>\n<\/ul>\n<h3 data-start=\"1246\" data-end=\"1266\"><strong data-start=\"1246\" data-end=\"1264\">Ce qu'il y a \u00e0 l'int\u00e9rieur :<\/strong><\/h3>\n<ul data-start=\"1267\" data-end=\"1355\">\n<li data-start=\"1267\" data-end=\"1355\">\n<p data-start=\"1269\" data-end=\"1355\">24 patchs en 3 tailles :<br data-start=\"1291\" data-end=\"1294\" \/>- Petit (10 pi\u00e8ces)<br data-start=\"1312\" data-end=\"1315\" \/>- Moyen (5 pi\u00e8ces)<br data-start=\"1333\" data-end=\"1336\" \/>- Grand (9 pi\u00e8ces)<\/p>\n<\/li>\n<\/ul>\n<h3 data-start=\"1357\" data-end=\"1378\"><strong data-start=\"1357\" data-end=\"1376\">Texture et toucher :<\/strong><\/h3>\n<ul data-start=\"1379\" data-end=\"1502\">\n<li data-start=\"1379\" data-end=\"1419\">\n<p data-start=\"1381\" data-end=\"1419\">Hydrocollo\u00efde ultra-mince et transparent<\/p>\n<\/li>\n<li data-start=\"1420\" data-end=\"1454\">\n<p data-start=\"1422\" data-end=\"1454\">Adh\u00e8re bien, se fond dans la peau<\/p>\n<\/li>\n<li data-start=\"1455\" data-end=\"1502\">\n<p data-start=\"1457\" data-end=\"1502\">A porter pendant la nuit ou sous le maquillage pendant la journ\u00e9e<\/p>\n<\/li>\n<\/ul>\n<h2 data-start=\"1509\" data-end=\"1569\"><a href=\"https:\/\/yukibeauty.ch\/fr\/shop\/korean-routine\/serum\/cosrx-full-fit-propolis-light-ampoule\/\" target=\"_blank\" rel=\"noopener\"><strong data-start=\"1516\" data-end=\"1567\">2. COSRX Full Fit Propolis Light Ampoule [30ml]<\/strong><\/a><\/h2>\n<p data-start=\"1570\" data-end=\"1634\"><strong data-start=\"1570\" data-end=\"1634\">Ampoule raviveur d'\u00e9clat avec 83.25% Extrait de propolis d'abeille noire<\/strong><\/p>\n<p data-start=\"1636\" data-end=\"1883\">Puissante mais douce, cette ampoule offre une nutrition intense et un soin anti-inflammatoire sans effet collant. Riche en antioxydants et en ingr\u00e9dients apaisants pour la peau, elle aide \u00e0 restaurer l'\u00e9clat, \u00e0 r\u00e9duire les rougeurs et \u00e0 renforcer la barri\u00e8re naturelle de votre peau.<\/p>\n<h3 data-start=\"1885\" data-end=\"1904\"><strong data-start=\"1885\" data-end=\"1902\">Principaux avantages :<\/strong><\/h3>\n<ul data-start=\"1905\" data-end=\"2092\">\n<li data-start=\"1905\" data-end=\"1947\">\n<p data-start=\"1907\" data-end=\"1947\">Apaise les irritations et les rougeurs visibles<\/p>\n<\/li>\n<li data-start=\"1948\" data-end=\"1980\">\n<p data-start=\"1950\" data-end=\"1980\">Renforce la barri\u00e8re cutan\u00e9e<\/p>\n<\/li>\n<li data-start=\"1981\" data-end=\"2014\">\n<p data-start=\"1983\" data-end=\"2014\">Renforce l'\u00e9clat et la vitalit\u00e9 de la peau<\/p>\n<\/li>\n<li data-start=\"2015\" data-end=\"2052\">\n<p data-start=\"2017\" data-end=\"2052\">Hydrate en profondeur sans alourdir<\/p>\n<\/li>\n<li data-start=\"2053\" data-end=\"2092\">\n<p data-start=\"2055\" data-end=\"2092\">Laisse la peau douce, ros\u00e9e et \u00e9clatante<\/p>\n<\/li>\n<\/ul>\n<h3 data-start=\"2094\" data-end=\"2117\"><strong data-start=\"2094\" data-end=\"2115\">Ingr\u00e9dients vedettes :<\/strong><\/h3>\n<ul data-start=\"2118\" data-end=\"2313\">\n<li data-start=\"2118\" data-end=\"2198\">\n<p data-start=\"2120\" data-end=\"2198\"><strong data-start=\"2120\" data-end=\"2159\">Extrait de propolis d'abeille noire (83.25%)<\/strong> - Calme, cicatrise et renforce la peau<\/p>\n<\/li>\n<li data-start=\"2199\" data-end=\"2249\">\n<p data-start=\"2201\" data-end=\"2249\"><strong data-start=\"2201\" data-end=\"2224\">Extrait de graines de cassia<\/strong> - Lisse et hydrate<\/p>\n<\/li>\n<li data-start=\"2250\" data-end=\"2313\">\n<p data-start=\"2252\" data-end=\"2313\"><strong data-start=\"2252\" data-end=\"2270\">1,2-Hexanediol<\/strong> - Am\u00e9liore l'absorption et l'hydratation<\/p>\n<\/li>\n<\/ul>\n<h3 data-start=\"2315\" data-end=\"2336\"><strong data-start=\"2315\" data-end=\"2334\">Texture et toucher :<\/strong><\/h3>\n<ul data-start=\"2337\" data-end=\"2441\">\n<li data-start=\"2337\" data-end=\"2370\">\n<p data-start=\"2339\" data-end=\"2370\">S\u00e9rum l\u00e9ger en gel\u00e9e aqueuse<\/p>\n<\/li>\n<li data-start=\"2371\" data-end=\"2406\">\n<p data-start=\"2373\" data-end=\"2406\">Absorbe rapidement et se superpose bien<\/p>\n<\/li>\n<li data-start=\"2407\" data-end=\"2441\">\n<p data-start=\"2409\" data-end=\"2441\">Convient pour une utilisation quotidienne matin et soir<\/p>\n<\/li>\n<\/ul>\n<h3 data-start=\"2443\" data-end=\"2463\"><strong data-start=\"2443\" data-end=\"2461\">Faits sur la formule :<\/strong><\/h3>\n<ul data-start=\"2464\" data-end=\"2581\">\n<li data-start=\"2464\" data-end=\"2493\">\n<p data-start=\"2466\" data-end=\"2493\">Seulement 11 ingr\u00e9dients propres<\/p>\n<\/li>\n<li data-start=\"2494\" data-end=\"2529\">\n<p data-start=\"2496\" data-end=\"2529\">EWG Green Grade, hypoallerg\u00e9nique<\/p>\n<\/li>\n<li data-start=\"2530\" data-end=\"2581\">\n<p data-start=\"2532\" data-end=\"2581\">Sans alcool, sans parfum artificiel, sans parab\u00e8ne<\/p>\n<\/li>\n<\/ul>","protected":false},"excerpt":{"rendered":"<p>COSRX Acne &amp; Propolis Power Set Calm breakouts + strengthen your skin barrier \u2014 all in one smart duo This<\/p>","protected":false},"featured_media":3702,"comment_status":"open","ping_status":"closed","template":"","meta":[],"product_brand":[],"product_cat":[21,312,320],"product_tag":[],"class_list":{"0":"post-3865","1":"product","2":"type-product","3":"status-publish","4":"has-post-thumbnail","6":"product_cat-masks","7":"product_cat-serum","8":"product_cat-sets","10":"first","11":"instock","12":"purchasable","13":"product-type-woosb"},"_links":{"self":[{"href":"https:\/\/yukibeauty.ch\/fr\/wp-json\/wp\/v2\/product\/3865","targetHints":{"allow":["GET"]}}],"collection":[{"href":"https:\/\/yukibeauty.ch\/fr\/wp-json\/wp\/v2\/product"}],"about":[{"href":"https:\/\/yukibeauty.ch\/fr\/wp-json\/wp\/v2\/types\/product"}],"replies":[{"embeddable":true,"href":"https:\/\/yukibeauty.ch\/fr\/wp-json\/wp\/v2\/comments?post=3865"}],"wp:featuredmedia":[{"embeddable":true,"href":"https:\/\/yukibeauty.ch\/fr\/wp-json\/wp\/v2\/media\/3702"}],"wp:attachment":[{"href":"https:\/\/yukibeauty.ch\/fr\/wp-json\/wp\/v2\/media?parent=3865"}],"wp:term":[{"taxonomy":"product_brand","embeddable":true,"href":"https:\/\/yukibeauty.ch\/fr\/wp-json\/wp\/v2\/product_brand?post=3865"},{"taxonomy":"product_cat","embeddable":true,"href":"https:\/\/yukibeauty.ch\/fr\/wp-json\/wp\/v2\/product_cat?post=3865"},{"taxonomy":"product_tag","embeddable":true,"href":"https:\/\/yukibeauty.ch\/fr\/wp-json\/wp\/v2\/product_tag?post=3865"}],"curies":[{"name":"wp","href":"https:\/\/api.w.org\/{rel}","templated":true}]}}