{"id":3867,"date":"2025-07-30T13:37:06","date_gmt":"2025-07-30T11:37:06","guid":{"rendered":"https:\/\/yukibeauty.ch\/?post_type=product&#038;p=3867"},"modified":"2025-10-27T08:58:41","modified_gmt":"2025-10-27T07:58:41","slug":"medicube-lifting-set","status":"publish","type":"product","link":"https:\/\/yukibeauty.ch\/fr\/shop\/korean-routine\/cream\/medicube-lifting-set\/","title":{"rendered":"Medicube Collagen &amp; Lifting Set"},"content":{"rendered":"<h2 data-start=\"137\" data-end=\"178\"><strong data-start=\"141\" data-end=\"176\">Medicube Collagen &amp; Lifting Set<\/strong><\/h2>\n<p data-start=\"179\" data-end=\"230\"><strong data-start=\"179\" data-end=\"230\">Trio de soins raffermissants et anti-\u00e2ge multi-actions<\/strong><\/p>\n<p data-start=\"232\" data-end=\"509\">Une routine de premi\u00e8re qualit\u00e9 en 3 \u00e9tapes con\u00e7ue pour lifter, hydrater et restaurer la vitalit\u00e9 de la jeunesse sur une peau fatigu\u00e9e ou vieillissante. Compos\u00e9 d'actifs stimulant le collag\u00e8ne, de complexes peptidiques et de PDRN de haute puret\u00e9, cet ensemble Medicube Collagen &amp; Lifting offre des r\u00e9sultats visibles en termes d'\u00e9lasticit\u00e9, de douceur et d'\u00e9clat, sans irritation.<\/p>\n<h2 data-start=\"516\" data-end=\"560\"><a href=\"https:\/\/yukibeauty.ch\/fr\/shop\/korean-routine\/creme-pour-le-visage\/medicube-jelly-cream\/\" target=\"_blank\" rel=\"noopener\"><strong data-start=\"523\" data-end=\"558\">1. Cr\u00e8me gel\u00e9e de collag\u00e8ne (110ml)<\/strong><\/a><\/h2>\n<p data-start=\"561\" data-end=\"613\"><strong data-start=\"561\" data-end=\"613\">Hydratation l\u00e9g\u00e8re et rebondissante avec action raffermissante<\/strong><\/p>\n<p data-start=\"615\" data-end=\"821\">Cette cr\u00e8me rafra\u00eechissante \u00e0 la texture g\u00e9lifi\u00e9e est infus\u00e9e de collag\u00e8ne pour hydrater en profondeur et restaurer l'\u00e9lasticit\u00e9 de la peau. Id\u00e9ale pour un usage quotidien, elle s'absorbe facilement, att\u00e9nue les ridules et laisse la peau rebondie, lisse et \u00e9clatante.<\/p>\n<h3 data-start=\"823\" data-end=\"839\"><strong data-start=\"823\" data-end=\"839\">Principaux avantages<\/strong><\/h3>\n<ul data-start=\"840\" data-end=\"1021\">\n<li data-start=\"840\" data-end=\"884\">\n<p data-start=\"842\" data-end=\"884\">Raffermit et hydrate la peau fatigu\u00e9e ou rel\u00e2ch\u00e9e<\/p>\n<\/li>\n<li data-start=\"885\" data-end=\"925\">\n<p data-start=\"887\" data-end=\"925\">R\u00e9duit les ridules sans alourdir la peau<\/p>\n<\/li>\n<li data-start=\"926\" data-end=\"971\">\n<p data-start=\"928\" data-end=\"971\">Texture g\u00e9lifi\u00e9e, l\u00e9g\u00e8re et \u00e0 absorption rapide<\/p>\n<\/li>\n<li data-start=\"972\" data-end=\"1021\">\n<p data-start=\"974\" data-end=\"1021\">Id\u00e9al pour tous les types de peau, y compris les peaux sensibles<\/p>\n<\/li>\n<\/ul>\n<h3 data-start=\"1023\" data-end=\"1042\"><strong data-start=\"1023\" data-end=\"1042\">Ingr\u00e9dients cl\u00e9s<\/strong><\/h3>\n<ul data-start=\"1043\" data-end=\"1142\">\n<li data-start=\"1043\" data-end=\"1096\">\n<p data-start=\"1045\" data-end=\"1096\">Collag\u00e8ne - am\u00e9liore l'\u00e9lasticit\u00e9 et la structure de la peau<\/p>\n<\/li>\n<li data-start=\"1097\" data-end=\"1142\">\n<p data-start=\"1099\" data-end=\"1142\">Glyc\u00e9rine et Panth\u00e9nol - hydratent et apaisent<\/p>\n<\/li>\n<\/ul>\n<h2 data-start=\"1149\" data-end=\"1205\"><a href=\"https:\/\/yukibeauty.ch\/fr\/shop\/korean-routine\/creme-pour-les-yeux\/medicube-deep-lifting-peptide-eye-cream\/\" target=\"_blank\" rel=\"noopener\"><strong data-start=\"1157\" data-end=\"1203\">2. Cr\u00e8me pour les yeux \u00e0 base de peptides pour le visage, \u00e0 effet lifting profond<\/strong><\/a><\/h2>\n<p data-start=\"1206\" data-end=\"1245\"><strong data-start=\"1206\" data-end=\"1245\">Lift cibl\u00e9 pour les yeux, le visage et le cou<\/strong><\/p>\n<p data-start=\"1247\" data-end=\"1491\">Une cr\u00e8me pour les yeux \u00e0 la fois puissante et douce, formul\u00e9e avec un complexe de peptides biomim\u00e9tiques de 20 000 ppm, 7 types de collag\u00e8ne et la technologie de lifting 3D Tension Some. Utilisez-la sur le contour des yeux ou sur l'ensemble du visage pour un lifting visible et une r\u00e9duction des rides.<\/p>\n<h3 data-start=\"1493\" data-end=\"1509\"><strong data-start=\"1493\" data-end=\"1509\">Principaux avantages<\/strong><\/h3>\n<ul data-start=\"1510\" data-end=\"1699\">\n<li data-start=\"1510\" data-end=\"1560\">\n<p data-start=\"1512\" data-end=\"1560\">Lifte et raffermit le contour des yeux et les lignes du visage<\/p>\n<\/li>\n<li data-start=\"1561\" data-end=\"1599\">\n<p data-start=\"1563\" data-end=\"1599\">Lisse les ridules et les pattes d'oie<\/p>\n<\/li>\n<li data-start=\"1600\" data-end=\"1648\">\n<p data-start=\"1602\" data-end=\"1648\">R\u00e9hydrate et renforce la barri\u00e8re cutan\u00e9e<\/p>\n<\/li>\n<li data-start=\"1649\" data-end=\"1699\">\n<p data-start=\"1651\" data-end=\"1699\">Convient aux zones sensibles et \u00e0 l'utilisation du visage entier<\/p>\n<\/li>\n<\/ul>\n<h3 data-start=\"1701\" data-end=\"1715\"><strong data-start=\"1701\" data-end=\"1715\">Propuls\u00e9 par<\/strong><\/h3>\n<ul data-start=\"1716\" data-end=\"1989\">\n<li data-start=\"1716\" data-end=\"1784\">\n<p data-start=\"1718\" data-end=\"1784\">4 peptides biomim\u00e9tiques - soutiennent le collag\u00e8ne et l'\u00e9lasticit\u00e9 de la peau<\/p>\n<\/li>\n<li data-start=\"1785\" data-end=\"1854\">\n<p data-start=\"1787\" data-end=\"1854\">3D Tension Some - film liftant brevet\u00e9 pour un lissage instantan\u00e9<\/p>\n<\/li>\n<li data-start=\"1855\" data-end=\"1932\">\n<p data-start=\"1857\" data-end=\"1932\">7x Collag\u00e8ne + 7x Acide Hyaluronique - hydratation et rebond multicouches<\/p>\n<\/li>\n<li data-start=\"1933\" data-end=\"1989\">\n<p data-start=\"1935\" data-end=\"1989\">Beurre de karit\u00e9 et squalane - nourrissent et adoucissent la peau<\/p>\n<\/li>\n<\/ul>\n<h2><a href=\"https:\/\/yukibeauty.ch\/fr\/shop\/korean-routine\/serum\/one-day-salmon-pdrn-ampoule\/\" target=\"_blank\" rel=\"noopener\"><strong data-start=\"2003\" data-end=\"2050\">3. Ampoule de saumon PDRN d'un jour (usage unique) [10pcs]<\/strong><\/a><\/h2>\n<p data-start=\"2053\" data-end=\"2094\"><strong data-start=\"2053\" data-end=\"2094\">Booster de r\u00e9g\u00e9n\u00e9ration haute performance<\/strong><\/p>\n<p data-start=\"2096\" data-end=\"2279\">Une ampoule ultra-puissante aliment\u00e9e par <strong data-start=\"2131\" data-end=\"2155\">99% pure Salmon PDRN<\/strong> pour r\u00e9g\u00e9n\u00e9rer, hydrater et \u00e9claircir rapidement la peau. R\u00e9sultats visibles en 2 semaines : une peau plus ferme, plus lisse et plus \u00e9clatante.<\/p>\n<h3 data-start=\"2281\" data-end=\"2297\"><strong data-start=\"2281\" data-end=\"2297\">Principaux avantages<\/strong><\/h3>\n<ul data-start=\"2298\" data-end=\"2570\">\n<li data-start=\"2298\" data-end=\"2370\">\n<p data-start=\"2300\" data-end=\"2370\">+58,7% hydratation | +38,8% \u00e9clat | +0,484 densit\u00e9 de la peau (apr\u00e8s 2 semaines)<\/p>\n<\/li>\n<li data-start=\"2371\" data-end=\"2414\">\n<p data-start=\"2373\" data-end=\"2414\">R\u00e9g\u00e9n\u00e9ration et raffermissement en profondeur avec PDRN<\/p>\n<\/li>\n<li data-start=\"2415\" data-end=\"2463\">\n<p data-start=\"2417\" data-end=\"2463\">Ingr\u00e9dients de qualit\u00e9 ophtalmique pour une grande s\u00e9curit\u00e9<\/p>\n<\/li>\n<li data-start=\"2464\" data-end=\"2519\">\n<p data-start=\"2466\" data-end=\"2519\">Buse de pr\u00e9cision pour une application cibl\u00e9e et hygi\u00e9nique<\/p>\n<\/li>\n<li data-start=\"2520\" data-end=\"2570\">\n<p data-start=\"2522\" data-end=\"2570\">Hypoallerg\u00e9nique et adapt\u00e9 aux peaux sensibles<\/p>\n<\/li>\n<\/ul>\n<h2 data-start=\"2577\" data-end=\"2598\">\u00a0<strong data-start=\"2583\" data-end=\"2598\">Parfait pour<\/strong><\/h2>\n<ul data-start=\"2599\" data-end=\"2805\">\n<li data-start=\"2599\" data-end=\"2656\">\n<p data-start=\"2601\" data-end=\"2656\">Peau pr\u00e9sentant des signes de vieillissement : rel\u00e2chement, rides, aspect terne<\/p>\n<\/li>\n<li data-start=\"2657\" data-end=\"2694\">\n<p data-start=\"2659\" data-end=\"2694\">Peau d\u00e9shydrat\u00e9e ou en perte de rebond<\/p>\n<\/li>\n<li data-start=\"2695\" data-end=\"2749\">\n<p data-start=\"2697\" data-end=\"2749\">Peau d\u00e9licate ou sensible n\u00e9cessitant un soin lifting<\/p>\n<\/li>\n<li data-start=\"2750\" data-end=\"2805\">\n<p data-start=\"2752\" data-end=\"2805\">Am\u00e9lioration visible et rapide avant les \u00e9v\u00e9nements ou la r\u00e9cup\u00e9ration<\/p>\n<\/li>\n<\/ul>\n<p>Il n'y a plus de journ\u00e9e sans un set Medicube Collagen &amp; Lifting !<\/p>","protected":false},"excerpt":{"rendered":"<p>Medicube Collagen &amp; Lifting Set Multi-Action Firming &amp; Anti-Aging Skincare Trio A premium 3-step routine designed to lift, hydrate, and<\/p>","protected":false},"featured_media":3712,"comment_status":"open","ping_status":"closed","template":"","meta":[],"product_brand":[],"product_cat":[310,22,23,312,320],"product_tag":[],"class_list":{"0":"post-3867","1":"product","2":"type-product","3":"status-publish","4":"has-post-thumbnail","6":"product_cat-cream","7":"product_cat-eye-cream","8":"product_cat-face-cream","9":"product_cat-serum","10":"product_cat-sets","12":"first","13":"outofstock","14":"purchasable","15":"product-type-woosb"},"_links":{"self":[{"href":"https:\/\/yukibeauty.ch\/fr\/wp-json\/wp\/v2\/product\/3867","targetHints":{"allow":["GET"]}}],"collection":[{"href":"https:\/\/yukibeauty.ch\/fr\/wp-json\/wp\/v2\/product"}],"about":[{"href":"https:\/\/yukibeauty.ch\/fr\/wp-json\/wp\/v2\/types\/product"}],"replies":[{"embeddable":true,"href":"https:\/\/yukibeauty.ch\/fr\/wp-json\/wp\/v2\/comments?post=3867"}],"wp:featuredmedia":[{"embeddable":true,"href":"https:\/\/yukibeauty.ch\/fr\/wp-json\/wp\/v2\/media\/3712"}],"wp:attachment":[{"href":"https:\/\/yukibeauty.ch\/fr\/wp-json\/wp\/v2\/media?parent=3867"}],"wp:term":[{"taxonomy":"product_brand","embeddable":true,"href":"https:\/\/yukibeauty.ch\/fr\/wp-json\/wp\/v2\/product_brand?post=3867"},{"taxonomy":"product_cat","embeddable":true,"href":"https:\/\/yukibeauty.ch\/fr\/wp-json\/wp\/v2\/product_cat?post=3867"},{"taxonomy":"product_tag","embeddable":true,"href":"https:\/\/yukibeauty.ch\/fr\/wp-json\/wp\/v2\/product_tag?post=3867"}],"curies":[{"name":"wp","href":"https:\/\/api.w.org\/{rel}","templated":true}]}}