{"id":5182,"date":"2025-12-04T10:41:42","date_gmt":"2025-12-04T09:41:42","guid":{"rendered":"https:\/\/yukibeauty.ch\/?post_type=product&#038;p=5182"},"modified":"2025-12-04T12:10:51","modified_gmt":"2025-12-04T11:10:51","slug":"the-ultimate-moisture-ritual","status":"publish","type":"product","link":"https:\/\/yukibeauty.ch\/fr\/shop\/korean-routine\/cream\/the-ultimate-moisture-ritual\/","title":{"rendered":"Le rituel d'hydratation ultime"},"content":{"rendered":"<h1><b>Le rituel d'hydratation ultime<\/b><\/h1>\n<p><b>Hydratation profonde - \u00c9clat - Renouvellement de la peau<\/b><\/p>\n<p><span style=\"font-weight: 400;\">Le Rituel d'hydratation ultime est un syst\u00e8me complet d'hydratation, d'\u00e9claircissement et de renouvellement de la peau en trois \u00e9tapes, con\u00e7u pour raviver les peaux ternes, s\u00e8ches, irr\u00e9guli\u00e8res ou d'apparence fatigu\u00e9e. Aliment\u00e9 par des actifs cliniquement prouv\u00e9s - vitamine C encapsul\u00e9e, propolis d'abeille noire et PDRN de saumon pur 99% - ce rituel offre une hydratation intense, un \u00e9clat accru et une am\u00e9lioration visible de la peau \u00e0 court et \u00e0 long terme.<\/span><\/p>\n<p><span style=\"font-weight: 400;\">Chaque produit agit en synergie pour hydrater en profondeur, unifier le teint, renforcer la barri\u00e8re cutan\u00e9e et redonner de l'\u00e9clat \u00e0 la peau, tout en restant doux et adapt\u00e9 aux peaux sensibles.<\/span><\/p>\n<h1><b>Ce qu'il y a \u00e0 l'int\u00e9rieur<\/b><\/h1>\n<h2><b>1. Medicube Deep Vita C Capsule Cream<\/b><\/h2>\n<p><span style=\"font-weight: 400;\">Une cr\u00e8me \u00e9claircissante et hydratante \u00e0 double texture contenant de la vitamine C encapsul\u00e9e, du niacinamide, de l'argousier et de l'acide hyaluronique.<\/span><span style=\"font-weight: 400;\"><br \/>\n<\/span><b>Ce qu'il fait :<\/b><\/p>\n<ul>\n<li style=\"font-weight: 400;\" aria-level=\"1\"><span style=\"font-weight: 400;\">R\u00e9duit les taches sombres et \u00e9claircit visiblement les yeux<\/span><\/li>\n<li style=\"font-weight: 400;\" aria-level=\"1\"><span style=\"font-weight: 400;\">Unifie le teint et lisse la texture de la peau<\/span><\/li>\n<li style=\"font-weight: 400;\" aria-level=\"1\"><span style=\"font-weight: 400;\">Hydrate en profondeur sans alourdir<\/span><\/li>\n<li style=\"font-weight: 400;\" aria-level=\"1\"><span style=\"font-weight: 400;\">Am\u00e9liore l'\u00e9lasticit\u00e9 et les ridules<\/span><\/li>\n<li style=\"font-weight: 400;\" aria-level=\"1\"><span style=\"font-weight: 400;\">Prot\u00e8ge contre le stress oxydatif et environnemental<\/span><\/li>\n<li style=\"font-weight: 400;\" aria-level=\"1\"><span style=\"font-weight: 400;\">Test\u00e9 dermatologiquement et faiblement irritant<\/span><\/li>\n<\/ul>\n<p><b>Pourquoi il est unique :<\/b><b><br \/>\n<\/b><span style=\"font-weight: 400;\">La vitamine C encapsul\u00e9e garantit une fra\u00eecheur maximale, une meilleure absorption et une lib\u00e9ration progressive. La conception double gel + capsule de vitamine vous permet de personnaliser l'hydratation et l'intensit\u00e9 de l'\u00e9claircissement.<\/span><\/p>\n<h2><b>2. COSRX Full Fit Propolis Light Ampoule<\/b><\/h2>\n<p><span style=\"font-weight: 400;\">Une ampoule qui donne de l'\u00e9clat et contient 83.25% d'extrait de propolis d'abeille noire pour apaiser, donner de l'\u00e9clat et renforcer la barri\u00e8re cutan\u00e9e.<\/span><span style=\"font-weight: 400;\"><br \/>\n<\/span><b>Ce qu'il fait :<\/b><\/p>\n<ul>\n<li style=\"font-weight: 400;\" aria-level=\"1\"><span style=\"font-weight: 400;\">Calme les irritations et r\u00e9duit les rougeurs<\/span><\/li>\n<li style=\"font-weight: 400;\" aria-level=\"1\"><span style=\"font-weight: 400;\">Fournit un soutien antioxydant, antibact\u00e9rien et anti-inflammatoire puissant.<\/span><\/li>\n<li style=\"font-weight: 400;\" aria-level=\"1\"><span style=\"font-weight: 400;\">Renforce l'\u00e9clat et la vitalit\u00e9 de la peau<\/span><\/li>\n<li style=\"font-weight: 400;\" aria-level=\"1\"><span style=\"font-weight: 400;\">Am\u00e9liore l'hydratation et la texture<\/span><\/li>\n<li style=\"font-weight: 400;\" aria-level=\"1\"><span style=\"font-weight: 400;\">Finition l\u00e9g\u00e8re et non collante<\/span><\/li>\n<\/ul>\n<p><span style=\"font-weight: 400;\">Avec seulement 11 ingr\u00e9dients - tous EWG Green - cette ampoule est hypoallerg\u00e9nique, douce et convient m\u00eame aux peaux tr\u00e8s sensibles.<\/span><\/p>\n<h2><b>3. Ampoule PDRN d'un jour pour le saumon (10 pi\u00e8ces)<\/b><\/h2>\n<p><span style=\"font-weight: 400;\">Une ampoule de renouvellement intensif avec <\/span><b>99% pure Salmon PDRN<\/b><span style=\"font-weight: 400;\">Le produit est conditionn\u00e9 dans des flacons \u00e0 usage unique pour une fra\u00eecheur maximale.<\/span><span style=\"font-weight: 400;\"><br \/>\n<\/span><b>Ce qu'il fait :<\/b><\/p>\n<ul>\n<li style=\"font-weight: 400;\" aria-level=\"1\"><span style=\"font-weight: 400;\">Am\u00e9liore l'hydratation, l'\u00e9clat et la densit\u00e9 de la peau<\/span><\/li>\n<li style=\"font-weight: 400;\" aria-level=\"1\"><span style=\"font-weight: 400;\">Favorise la r\u00e9g\u00e9n\u00e9ration et l'anti-\u00e2ge<\/span><\/li>\n<li style=\"font-weight: 400;\" aria-level=\"1\"><span style=\"font-weight: 400;\">Hydrate en profondeur gr\u00e2ce \u00e0 7 types d'acide hyaluronique<\/span><\/li>\n<li style=\"font-weight: 400;\" aria-level=\"1\"><span style=\"font-weight: 400;\">Ingr\u00e9dients de qualit\u00e9 ophtalmique pour une s\u00e9curit\u00e9 maximale de la peau<\/span><\/li>\n<li style=\"font-weight: 400;\" aria-level=\"1\"><span style=\"font-weight: 400;\">Test\u00e9 par des dermatologues et hypoallerg\u00e9nique<\/span><\/li>\n<\/ul>\n<p><b>R\u00e9sultats cliniquement prouv\u00e9s apr\u00e8s 2 semaines :<\/b><b><br \/>\n<\/b><span style=\"font-weight: 400;\">+58.7% humidit\u00e9 de la peau<\/span><span style=\"font-weight: 400;\"><br \/>\n<\/span><span style=\"font-weight: 400;\">+38.8% lueur visible<\/span><span style=\"font-weight: 400;\"><br \/>\n<\/span><span style=\"font-weight: 400;\">+0,484 am\u00e9lioration de la densit\u00e9 de la peau<\/span><\/p>\n<p><span style=\"font-weight: 400;\">Parfait pour les peaux ternes, irr\u00e9guli\u00e8res ou fatigu\u00e9es qui ont besoin d'un coup d'\u00e9clat rapide.<\/span><\/p>\n<h1><b>Pourquoi ce rituel fonctionne-t-il ?<\/b><\/h1>\n<ul>\n<li style=\"font-weight: 400;\" aria-level=\"1\"><b>Hydratation intensive \u00e0 tous les niveaux :<\/b><span style=\"font-weight: 400;\"> M\u00e9langes d'acides hyaluroniques (7 types), textures gels et actifs hydratants.<\/span><\/li>\n<li style=\"font-weight: 400;\" aria-level=\"1\"><b>\u00c9claircissement visible :<\/b><span style=\"font-weight: 400;\"> Capsules de vitamine C, argousier, niacinamide et soutien antioxydant de type glutathion provenant de la propolis.<\/span><\/li>\n<li style=\"font-weight: 400;\" aria-level=\"1\"><b>Renforcement de la r\u00e9g\u00e9n\u00e9ration :<\/b><span style=\"font-weight: 400;\"> Le PDRN de haute puret\u00e9 am\u00e9liore la r\u00e9paration, la fermet\u00e9 et l'\u00e9clat g\u00e9n\u00e9ral.<\/span><\/li>\n<li style=\"font-weight: 400;\" aria-level=\"1\"><b>Renforcement des barri\u00e8res :<\/b><span style=\"font-weight: 400;\"> Propolis, niacinamide, acide ferulique et ingr\u00e9dients respectueux du NMF.<\/span><\/li>\n<li style=\"font-weight: 400;\" aria-level=\"1\"><b>Formules douces :<\/b><span style=\"font-weight: 400;\"> Tous les produits ont \u00e9t\u00e9 test\u00e9s pour une faible irritation et conviennent aux peaux sensibles.<\/span><\/li>\n<\/ul>\n<h1><b>Parfait pour vous si vous le souhaitez :<\/b><\/h1>\n<ul>\n<li><span style=\"font-weight: 400;\">Hydratation longue dur\u00e9e<\/span><\/li>\n<li><span style=\"font-weight: 400;\">Un teint plus clair et plus uniforme<\/span><span style=\"font-weight: 400;\"><br \/>\n<\/span><\/li>\n<li><span style=\"font-weight: 400;\">Texture plus lisse et \u00e9clat renouvel\u00e9<\/span><\/li>\n<li><span style=\"font-weight: 400;\">Une barri\u00e8re cutan\u00e9e plus forte et plus saine<\/span><\/li>\n<li><span style=\"font-weight: 400;\">Des r\u00e9sultats rapides gr\u00e2ce \u00e0 des formules douces et s\u00fbres<\/span><\/li>\n<li><span style=\"font-weight: 400;\">Une routine d'hydratation et d'am\u00e9lioration de l'\u00e9clat de premi\u00e8re qualit\u00e9<\/span><\/li>\n<\/ul>\n<h2><b>Fonctions principales<\/b><\/h2>\n<ul>\n<li style=\"font-weight: 400;\" aria-level=\"1\"><span style=\"font-weight: 400;\">Hydratation profonde et durable<\/span><\/li>\n<li style=\"font-weight: 400;\" aria-level=\"1\"><span style=\"font-weight: 400;\">\u00c9claircit la peau et att\u00e9nue les taches brunes<\/span><\/li>\n<li style=\"font-weight: 400;\" aria-level=\"1\"><span style=\"font-weight: 400;\">Am\u00e9liore l'\u00e9clat et la luminosit\u00e9<\/span><\/li>\n<li style=\"font-weight: 400;\" aria-level=\"1\"><span style=\"font-weight: 400;\">Lisse la texture et r\u00e9duit les ridules<\/span><\/li>\n<li style=\"font-weight: 400;\" aria-level=\"1\"><span style=\"font-weight: 400;\">Renforce la barri\u00e8re d'humidit\u00e9<\/span><\/li>\n<li style=\"font-weight: 400;\" aria-level=\"1\"><span style=\"font-weight: 400;\">Apaise les rougeurs et les irritations<\/span><\/li>\n<li style=\"font-weight: 400;\" aria-level=\"1\"><span style=\"font-weight: 400;\">Favorise la densit\u00e9 et la r\u00e9g\u00e9n\u00e9ration de la peau<\/span><\/li>\n<li style=\"font-weight: 400;\" aria-level=\"1\"><span style=\"font-weight: 400;\">Fournit une protection antioxydante et anti-inflammatoire<\/span><\/li>\n<\/ul>\n<h2><b>S\u00e9curit\u00e9 et essais<\/b><\/h2>\n<ul>\n<li style=\"font-weight: 400;\" aria-level=\"1\"><span style=\"font-weight: 400;\">Test\u00e9 par des dermatologues<\/span><\/li>\n<li style=\"font-weight: 400;\" aria-level=\"1\"><span style=\"font-weight: 400;\">Formules hypoallerg\u00e9niques \/ \u00e0 faible irritation<\/span><\/li>\n<li style=\"font-weight: 400;\" aria-level=\"1\"><span style=\"font-weight: 400;\">Sans parab\u00e8nes, sans parfum artificiel, sans alcool dess\u00e9chant<\/span><\/li>\n<li style=\"font-weight: 400;\" aria-level=\"1\"><span style=\"font-weight: 400;\">Convient \u00e0 un usage quotidien<\/span><\/li>\n<\/ul>\n<p>&nbsp;<\/p>","protected":false},"excerpt":{"rendered":"<p>The Ultimate Moisture Ritual Hydratation en profondeur - \u00c9clat - Renouvellement de la peau The Ultimate Moisture Ritual est un soin hydratant complet en 3 \u00e9tapes,<\/p>","protected":false},"featured_media":5179,"comment_status":"closed","ping_status":"closed","template":"","meta":[],"product_brand":[],"product_cat":[310,20,312,320],"product_tag":[],"class_list":{"0":"post-5182","1":"product","2":"type-product","3":"status-publish","4":"has-post-thumbnail","6":"product_cat-cream","7":"product_cat-essence","8":"product_cat-serum","9":"product_cat-sets","11":"first","12":"outofstock","13":"sale","14":"purchasable","15":"product-type-woosb"},"_links":{"self":[{"href":"https:\/\/yukibeauty.ch\/fr\/wp-json\/wp\/v2\/product\/5182","targetHints":{"allow":["GET"]}}],"collection":[{"href":"https:\/\/yukibeauty.ch\/fr\/wp-json\/wp\/v2\/product"}],"about":[{"href":"https:\/\/yukibeauty.ch\/fr\/wp-json\/wp\/v2\/types\/product"}],"replies":[{"embeddable":true,"href":"https:\/\/yukibeauty.ch\/fr\/wp-json\/wp\/v2\/comments?post=5182"}],"wp:featuredmedia":[{"embeddable":true,"href":"https:\/\/yukibeauty.ch\/fr\/wp-json\/wp\/v2\/media\/5179"}],"wp:attachment":[{"href":"https:\/\/yukibeauty.ch\/fr\/wp-json\/wp\/v2\/media?parent=5182"}],"wp:term":[{"taxonomy":"product_brand","embeddable":true,"href":"https:\/\/yukibeauty.ch\/fr\/wp-json\/wp\/v2\/product_brand?post=5182"},{"taxonomy":"product_cat","embeddable":true,"href":"https:\/\/yukibeauty.ch\/fr\/wp-json\/wp\/v2\/product_cat?post=5182"},{"taxonomy":"product_tag","embeddable":true,"href":"https:\/\/yukibeauty.ch\/fr\/wp-json\/wp\/v2\/product_tag?post=5182"}],"curies":[{"name":"wp","href":"https:\/\/api.w.org\/{rel}","templated":true}]}}