{"id":5183,"date":"2025-12-04T10:45:51","date_gmt":"2025-12-04T09:45:51","guid":{"rendered":"https:\/\/yukibeauty.ch\/?post_type=product&#038;p=5183"},"modified":"2026-01-19T12:14:32","modified_gmt":"2026-01-19T11:14:32","slug":"apres-ski-recovery-set","status":"publish","type":"product","link":"https:\/\/yukibeauty.ch\/fr\/shop\/korean-routine\/cream\/apres-ski-recovery-set\/","title":{"rendered":"Set de r\u00e9cup\u00e9ration apr\u00e8s-ski"},"content":{"rendered":"<h1><b>Set de r\u00e9cup\u00e9ration apr\u00e8s-ski<\/b><\/h1>\n<p><b>Apaiser - Hydrater - Restaurer apr\u00e8s une exposition au froid, au soleil et au vent<\/b><\/p>\n<p><span style=\"font-weight: 400;\">Le coffret de r\u00e9cup\u00e9ration apr\u00e8s-ski est votre ultime rituel de secours apr\u00e8s l'hiver, la montagne et le temps froid. Con\u00e7u pour calmer les irritations, hydrater en profondeur, reconstituer la barri\u00e8re cutan\u00e9e et adoucir les l\u00e8vres s\u00e8ches et gerc\u00e9es, ce coffret associe de puissants ingr\u00e9dients apaisants, des hydratants r\u00e9parateurs et une protection solaire l\u00e9g\u00e8re pour aider votre peau \u00e0 se r\u00e9tablir instantan\u00e9ment apr\u00e8s de longues journ\u00e9es pass\u00e9es \u00e0 l'ext\u00e9rieur.<\/span><\/p>\n<p><span style=\"font-weight: 400;\">Parfait pour le ski, le snowboard, la randonn\u00e9e ou \u00e0 chaque fois que votre peau est stress\u00e9e, tendue, br\u00fbl\u00e9e par le vent ou d\u00e9shydrat\u00e9e.<\/span><\/p>\n<h1><b>Ce qu'il y a \u00e0 l'int\u00e9rieur<\/b><\/h1>\n<h2><b>1. LANEIGE Masque de sommeil pour les l\u00e8vres<\/b><\/h2>\n<p><span style=\"font-weight: 400;\">Traitement intensif de nuit pour des l\u00e8vres douces, lisses et hydrat\u00e9es.<\/span><span style=\"font-weight: 400;\"><br \/>\n<\/span><b>Ce qu'il fait :<\/b><\/p>\n<ul>\n<li style=\"font-weight: 400;\" aria-level=\"1\"><span style=\"font-weight: 400;\">Fait fondre la peau s\u00e8che et squameuse<\/span><\/li>\n<li style=\"font-weight: 400;\" aria-level=\"1\"><span style=\"font-weight: 400;\">Hydrate en profondeur gr\u00e2ce aux beurres de karit\u00e9 et de murumuru.<\/span><\/li>\n<li style=\"font-weight: 400;\" aria-level=\"1\"><span style=\"font-weight: 400;\">Smooths &amp; revitalises with Berry Mix Complex\u2122<\/span><\/li>\n<li style=\"font-weight: 400;\" aria-level=\"1\"><span style=\"font-weight: 400;\">Locks moisture for up to 8 hours with Moisture Wrap\u2122<\/span><\/li>\n<li style=\"font-weight: 400;\" aria-level=\"1\"><span style=\"font-weight: 400;\">Pr\u00e9pare parfaitement les l\u00e8vres pour le maquillage<\/span><\/li>\n<\/ul>\n<p><span style=\"font-weight: 400;\">Livr\u00e9 avec une spatule hygi\u00e9nique pour une application facile.<\/span><\/p>\n<h2><b>2. Mixsoon Bean Sun Stick SPF50+ PA++++<\/b><\/h2>\n<p><span style=\"font-weight: 400;\">Un stick solaire portable, l\u00e9ger et mat avec une protection UV puissante.<\/span><span style=\"font-weight: 400;\"><br \/>\n<\/span><b>Ce qu'il fait :<\/b><\/p>\n<ul>\n<li style=\"font-weight: 400;\" aria-level=\"1\"><span style=\"font-weight: 400;\">SPF50+ PA++++ prot\u00e8ge des UVA\/UVB<\/span><\/li>\n<li style=\"font-weight: 400;\" aria-level=\"1\"><span style=\"font-weight: 400;\">Les extraits de soja ferment\u00e9, d'orge et de grenade hydratent et \u00e9claircissent.<\/span><\/li>\n<li style=\"font-weight: 400;\" aria-level=\"1\"><span style=\"font-weight: 400;\">Am\u00e9liore l'\u00e9lasticit\u00e9 et la douceur gr\u00e2ce \u00e0 des acides amin\u00e9s d'origine v\u00e9g\u00e9tale.<\/span><\/li>\n<li style=\"font-weight: 400;\" aria-level=\"1\"><span style=\"font-weight: 400;\">Laisse un fini doux, poudr\u00e9 et sans traces blanches.<\/span><\/li>\n<li style=\"font-weight: 400;\" aria-level=\"1\"><span style=\"font-weight: 400;\">Id\u00e9al pour une r\u00e9application en d\u00e9placement<\/span><\/li>\n<\/ul>\n<p><span style=\"font-weight: 400;\">Parfait pour prot\u00e9ger la peau des reflets du soleil sur la neige.<\/span><\/p>\n<h2><b>3. SKIN1004 Madagascar Centella Ampoule<\/b><\/h2>\n<p><span style=\"font-weight: 400;\">100% extrait pur de Centella Asiatica pour un apaisement et une hydratation en profondeur.<\/span><span style=\"font-weight: 400;\"><br \/>\n<\/span><b>Ce qu'il fait :<\/b><\/p>\n<ul>\n<li style=\"font-weight: 400;\" aria-level=\"1\"><span style=\"font-weight: 400;\">Calme instantan\u00e9ment les rougeurs, les irritations et la sensibilit\u00e9 au vent<\/span><\/li>\n<li style=\"font-weight: 400;\" aria-level=\"1\"><span style=\"font-weight: 400;\">Hydrate en profondeur et r\u00e9tablit l'\u00e9quilibre<\/span><\/li>\n<li style=\"font-weight: 400;\" aria-level=\"1\"><span style=\"font-weight: 400;\">Favorise une r\u00e9gulation huile-eau saine<\/span><\/li>\n<li style=\"font-weight: 400;\" aria-level=\"1\"><span style=\"font-weight: 400;\">Renforce la barri\u00e8re cutan\u00e9e<\/span><\/li>\n<li style=\"font-weight: 400;\" aria-level=\"1\"><span style=\"font-weight: 400;\">Aide \u00e0 maintenir l'\u00e9lasticit\u00e9 et la texture lisse<\/span><\/li>\n<\/ul>\n<p><span style=\"font-weight: 400;\">L\u00e9ger, non collant et id\u00e9al pour les peaux tr\u00e8s sensibles.<\/span><\/p>\n<h2><b>4. Some By Mi AHA\/BHA\/PHA 30 Days Miracle Cream<\/b><\/h2>\n<p><span style=\"font-weight: 400;\">Un gel-cr\u00e8me r\u00e9parateur pour les peaux sujettes \u00e0 l'acn\u00e9, irrit\u00e9es ou stress\u00e9es.<\/span><span style=\"font-weight: 400;\"><br \/>\n<\/span><b>Ce qu'il fait :<\/b><\/p>\n<ul>\n<li style=\"font-weight: 400;\" aria-level=\"1\"><span style=\"font-weight: 400;\">Calme les rougeurs et les \u00e9ruptions cutan\u00e9es avec Centella + 4-Cica Care<\/span><\/li>\n<li style=\"font-weight: 400;\" aria-level=\"1\"><span style=\"font-weight: 400;\">Exfolie en douceur pour affiner la texture gr\u00e2ce aux AHA\/BHA\/PHA<\/span><\/li>\n<li style=\"font-weight: 400;\" aria-level=\"1\"><span style=\"font-weight: 400;\">\u00c9quilibre le s\u00e9bum et pr\u00e9vient l'obstruction des pores<\/span><\/li>\n<li style=\"font-weight: 400;\" aria-level=\"1\"><span style=\"font-weight: 400;\">\u00c9claircit gr\u00e2ce au Niacinamide<\/span><\/li>\n<li style=\"font-weight: 400;\" aria-level=\"1\"><span style=\"font-weight: 400;\">Am\u00e9liore l'\u00e9lasticit\u00e9 gr\u00e2ce \u00e0 l'ad\u00e9nosine<\/span><\/li>\n<li style=\"font-weight: 400;\" aria-level=\"1\"><span style=\"font-weight: 400;\">Hydratation l\u00e9g\u00e8re sans effet gras<\/span><\/li>\n<\/ul>\n<p><span style=\"font-weight: 400;\">Particuli\u00e8rement utile apr\u00e8s une forte exposition au soleil ou une s\u00e9cheresse due au froid.<\/span><\/p>\n<h2><b>5. Provitamine B5 Skin Rejuvenating Essence (25 ampoules \u00e0 usage unique)<\/b><\/h2>\n<p><span style=\"font-weight: 400;\">Une essence r\u00e9paratrice hygi\u00e9nique et facile \u00e0 transporter pour les peaux r\u00e9actives ou sujettes \u00e0 l'acn\u00e9.<\/span><span style=\"font-weight: 400;\"><br \/>\n<\/span><b>Ce qu'il fait :<\/b><\/p>\n<ul>\n<li style=\"font-weight: 400;\" aria-level=\"1\"><span style=\"font-weight: 400;\">Cible les \u00e9ruptions cutan\u00e9es gr\u00e2ce au salicylate de b\u00e9ta\u00efne et au QUORASTOP\u00ae.<\/span><\/li>\n<li style=\"font-weight: 400;\" aria-level=\"1\"><span style=\"font-weight: 400;\">Apaise les irritations, les d\u00e9mangeaisons et les inflammations<\/span><\/li>\n<li style=\"font-weight: 400;\" aria-level=\"1\"><span style=\"font-weight: 400;\">R\u00e9pare et renforce la barri\u00e8re cutan\u00e9e gr\u00e2ce \u00e0 la provitamine B5 et au ManYuNing\u00ae.<\/span><\/li>\n<li style=\"font-weight: 400;\" aria-level=\"1\"><span style=\"font-weight: 400;\">Le collag\u00e8ne soluble repulpe et aide \u00e0 pr\u00e9venir les indentations post-acn\u00e9iques.<\/span><\/li>\n<li style=\"font-weight: 400;\" aria-level=\"1\"><span style=\"font-weight: 400;\">Sans danger pour les peaux sensibles, grasses et sujettes \u00e0 l'acn\u00e9<\/span><\/li>\n<\/ul>\n<p><span style=\"font-weight: 400;\">Parfait pour r\u00e9cup\u00e9rer apr\u00e8s des conditions m\u00e9t\u00e9orologiques extr\u00eames ou de longues journ\u00e9es en plein air.<\/span><\/p>\n<h1><b>Pourquoi cet ensemble est parfait pour l'apr\u00e8s-ski<\/b><\/h1>\n<ul>\n<li style=\"font-weight: 400;\" aria-level=\"1\"><b>Calme les irritations :<\/b><span style=\"font-weight: 400;\"> Centella, Cica Complex, Tea Tree, plantes apaisantes<\/span><\/li>\n<li style=\"font-weight: 400;\" aria-level=\"1\"><b>Restaure l'hydratation :<\/b><span style=\"font-weight: 400;\"> acide hyaluronique, textures g\u00e9lifi\u00e9es hydratantes, extraits ferment\u00e9s<\/span><\/li>\n<li style=\"font-weight: 400;\" aria-level=\"1\"><b>Renforce la barri\u00e8re :<\/b><span style=\"font-weight: 400;\"> Centella Asiatica, Provitamine B5, complexes de soutien du NMF<\/span><\/li>\n<li style=\"font-weight: 400;\" aria-level=\"1\"><b>Prot\u00e8ge :<\/b><span style=\"font-weight: 400;\"> SPF50+ PA++++ pour une exposition aux UV en haute altitude<\/span><\/li>\n<li style=\"font-weight: 400;\" aria-level=\"1\"><b>Traite la s\u00e9cheresse :<\/b><span style=\"font-weight: 400;\"> Masque \u00e0 l\u00e8vres LANEIGE pour les l\u00e8vres gerc\u00e9es et craquel\u00e9es<\/span><\/li>\n<li style=\"font-weight: 400;\" aria-level=\"1\"><b>Am\u00e9liore la texture :<\/b><span style=\"font-weight: 400;\"> acides exfoliants doux (AHA\/BHA\/PHA et salicylate de b\u00e9ta\u00efne)<\/span><\/li>\n<\/ul>\n<p><span style=\"font-weight: 400;\">Ce coffret permet \u00e0 la peau \u00e9puis\u00e9e, expos\u00e9e au froid, br\u00fbl\u00e9e par le vent ou stress\u00e9e par le soleil de retrouver confort, \u00e9quilibre et hydratation.<\/span><\/p>\n<h2><b>Fonctions principales<\/b><\/h2>\n<ul>\n<li style=\"font-weight: 400;\" aria-level=\"1\"><span style=\"font-weight: 400;\">Hydratation en profondeur et r\u00e9cup\u00e9ration de l'humidit\u00e9 apr\u00e8s une exposition au froid ou au vent<\/span><\/li>\n<li style=\"font-weight: 400;\" aria-level=\"1\"><span style=\"font-weight: 400;\">Calme les irritations, les rougeurs et la sensibilit\u00e9 environnementale<\/span><\/li>\n<li style=\"font-weight: 400;\" aria-level=\"1\"><span style=\"font-weight: 400;\">Renforce la barri\u00e8re cutan\u00e9e<\/span><\/li>\n<li style=\"font-weight: 400;\" aria-level=\"1\"><span style=\"font-weight: 400;\">Prot\u00e8ge des rayons UV agressifs en haute altitude<\/span><\/li>\n<li style=\"font-weight: 400;\" aria-level=\"1\"><span style=\"font-weight: 400;\">Lisse et r\u00e9pare les l\u00e8vres gerc\u00e9es et s\u00e8ches pendant la nuit<\/span><\/li>\n<li style=\"font-weight: 400;\" aria-level=\"1\"><span style=\"font-weight: 400;\">Aide \u00e0 pr\u00e9venir les \u00e9ruptions cutan\u00e9es et les pores obstru\u00e9s<\/span><\/li>\n<li style=\"font-weight: 400;\" aria-level=\"1\"><span style=\"font-weight: 400;\">Apaise la peau surexfoli\u00e9e ou stress\u00e9e<\/span><\/li>\n<li style=\"font-weight: 400;\" aria-level=\"1\"><span style=\"font-weight: 400;\">\u00c9claircit et favorise un teint plus uniforme<\/span><\/li>\n<li style=\"font-weight: 400;\" aria-level=\"1\"><span style=\"font-weight: 400;\">Soins hygi\u00e9niques de l'acn\u00e9 \u00e0 usage unique<\/span><\/li>\n<\/ul>\n<h2><b>S\u00e9curit\u00e9 et essais<\/b><\/h2>\n<ul>\n<li style=\"font-weight: 400;\" aria-level=\"1\"><span style=\"font-weight: 400;\">Hypoallerg\u00e9nique (si indiqu\u00e9)<\/span><\/li>\n<li style=\"font-weight: 400;\" aria-level=\"1\"><span style=\"font-weight: 400;\">Test\u00e9 sous contr\u00f4le dermatologique (ampoule et cr\u00e8me Some By Mi)<\/span><\/li>\n<li style=\"font-weight: 400;\" aria-level=\"1\"><span style=\"font-weight: 400;\">Sans parfum artificiel, sans alcool et sans ingr\u00e9dients agressifs (selon les sp\u00e9cifications du produit)<\/span><\/li>\n<li style=\"font-weight: 400;\" aria-level=\"1\"><span style=\"font-weight: 400;\">Convient \u00e0 un usage quotidien<\/span><\/li>\n<\/ul>\n<h1><b>SP\u00c9CIFICATIONS DU PRODUIT - Kit de r\u00e9cup\u00e9ration apr\u00e8s-ski<\/b><\/h1>\n<p><b>Type d'ensemble :<\/b><span style=\"font-weight: 400;\"> Routine de r\u00e9cup\u00e9ration et d'apaisement apr\u00e8s le ski et le froid<\/span><span style=\"font-weight: 400;\"><br \/>\n<\/span><b>Pr\u00e9occupations de la peau :<\/b><span style=\"font-weight: 400;\"> S\u00e9cheresse, br\u00fblures dues au vent, irritation, rougeurs, l\u00e8vres gerc\u00e9es, exposition aux UV, \u00e9ruptions cutan\u00e9es, sensibilit\u00e9<\/span><span style=\"font-weight: 400;\"><br \/>\n<\/span><b>Types de peau :<\/b><span style=\"font-weight: 400;\"> Tous les types de peau - y compris les peaux sensibles, acn\u00e9iques, s\u00e8ches et r\u00e9actives<\/span><span style=\"font-weight: 400;\"><br \/>\n<\/span><b>Utilisation courante :<\/b><span style=\"font-weight: 400;\"> AM &amp; PM (et r\u00e9application du SPF en d\u00e9placement)<\/span><\/p>","protected":false},"excerpt":{"rendered":"<p>Apr\u00e8s-Ski Recovery Set Soothe \u2022 Hydrate \u2022 Restore After Cold, Sun &amp; Wind Exposure The Apr\u00e8s-Ski Recovery Set is your<\/p>","protected":false},"featured_media":5176,"comment_status":"closed","ping_status":"closed","template":"","meta":[],"product_brand":[],"product_cat":[310,20,21,333,312,320,24],"product_tag":[],"class_list":{"0":"post-5183","1":"product","2":"type-product","3":"status-publish","4":"has-post-thumbnail","6":"product_cat-cream","7":"product_cat-essence","8":"product_cat-masks","9":"product_cat-men-sets","10":"product_cat-serum","11":"product_cat-sets","12":"product_cat-sun-protection","14":"first","15":"instock","16":"sale","17":"purchasable","18":"product-type-woosb"},"_links":{"self":[{"href":"https:\/\/yukibeauty.ch\/fr\/wp-json\/wp\/v2\/product\/5183","targetHints":{"allow":["GET"]}}],"collection":[{"href":"https:\/\/yukibeauty.ch\/fr\/wp-json\/wp\/v2\/product"}],"about":[{"href":"https:\/\/yukibeauty.ch\/fr\/wp-json\/wp\/v2\/types\/product"}],"replies":[{"embeddable":true,"href":"https:\/\/yukibeauty.ch\/fr\/wp-json\/wp\/v2\/comments?post=5183"}],"wp:featuredmedia":[{"embeddable":true,"href":"https:\/\/yukibeauty.ch\/fr\/wp-json\/wp\/v2\/media\/5176"}],"wp:attachment":[{"href":"https:\/\/yukibeauty.ch\/fr\/wp-json\/wp\/v2\/media?parent=5183"}],"wp:term":[{"taxonomy":"product_brand","embeddable":true,"href":"https:\/\/yukibeauty.ch\/fr\/wp-json\/wp\/v2\/product_brand?post=5183"},{"taxonomy":"product_cat","embeddable":true,"href":"https:\/\/yukibeauty.ch\/fr\/wp-json\/wp\/v2\/product_cat?post=5183"},{"taxonomy":"product_tag","embeddable":true,"href":"https:\/\/yukibeauty.ch\/fr\/wp-json\/wp\/v2\/product_tag?post=5183"}],"curies":[{"name":"wp","href":"https:\/\/api.w.org\/{rel}","templated":true}]}}