{"id":5184,"date":"2025-12-04T10:51:50","date_gmt":"2025-12-04T09:51:50","guid":{"rendered":"https:\/\/yukibeauty.ch\/?post_type=product&#038;p=5184"},"modified":"2025-12-04T12:01:14","modified_gmt":"2025-12-04T11:01:14","slug":"time-to-shine-deluxe-set","status":"publish","type":"product","link":"https:\/\/yukibeauty.ch\/fr\/shop\/korean-routine\/cream\/time-to-shine-deluxe-set\/","title":{"rendered":"Coffret de luxe \"Time to Shine"},"content":{"rendered":"<h1><b>Coffret de luxe \"Time to Shine<\/b><\/h1>\n<p><b>Votre rituel complet d'\u00e9claircissement, de raffermissement et de renouvellement au r\u00e9tinol<\/b><\/p>\n<p><span style=\"font-weight: 400;\">Le coffret Time to Shine Deluxe est un syst\u00e8me de rajeunissement avanc\u00e9, en plusieurs \u00e9tapes, con\u00e7u pour cibler les signes pr\u00e9coces et visibles du vieillissement, am\u00e9liorer la texture de la peau, affiner les pores, renforcer la barri\u00e8re cutan\u00e9e et restaurer un teint radieux, lisse et ferme.<\/span><\/p>\n<p><span style=\"font-weight: 400;\">Cet ensemble de produits combine la puissance de <\/span><b>triple r\u00e9tino\u00efdes, technologie de stimulation par micro-aiguilles, peptides, niacinamide, extrait de riz \u00e9claircissant, c\u00e9ramides et complexes botaniques apaisants.<\/b><span style=\"font-weight: 400;\"> - ce qui en fait le produit id\u00e9al pour tous ceux qui recherchent une routine anti-\u00e2ge \u00e0 la fois transformatrice et douce.<\/span><\/p>\n<p><span style=\"font-weight: 400;\">Parfait pour le teint terne, la perte de fermet\u00e9, les ridules, le teint in\u00e9gal, les pores dilat\u00e9s, la sensibilit\u00e9 et les probl\u00e8mes de texture.<\/span><\/p>\n<h1><b>CE QU'IL Y A \u00c0 L'INT\u00c9RIEUR<\/b><\/h1>\n<h2><b>1. SOME BY MI Retinol Intense Advanced Triple Action Eye Cream<\/b><\/h2>\n<p><span style=\"font-weight: 400;\">Un traitement anti-\u00e2ge cibl\u00e9 et multi-zones pour les yeux, les l\u00e8vres, le front et le cou.<\/span><span style=\"font-weight: 400;\"><br \/>\n<\/span><b>Ce qu'il fait :<\/b><\/p>\n<ul>\n<li style=\"font-weight: 400;\" aria-level=\"1\"><span style=\"font-weight: 400;\">Lisse les rides et ridules (0.1% Retinol + Retinal)<\/span><\/li>\n<li style=\"font-weight: 400;\" aria-level=\"1\"><span style=\"font-weight: 400;\">Raffermit la peau rel\u00e2ch\u00e9e gr\u00e2ce aux peptides et au collag\u00e8ne v\u00e9g\u00e9tal<\/span><\/li>\n<li style=\"font-weight: 400;\" aria-level=\"1\"><span style=\"font-weight: 400;\">\u00c9claircit les cernes et la pigmentation (niacinamide)<\/span><\/li>\n<li style=\"font-weight: 400;\" aria-level=\"1\"><span style=\"font-weight: 400;\">Hydrate et renforce la barri\u00e8re cutan\u00e9e (acide hyaluronique + eau glaciale)<\/span><\/li>\n<li style=\"font-weight: 400;\" aria-level=\"1\"><span style=\"font-weight: 400;\">Calme les peaux sensibles (Centella, panth\u00e9nol)<\/span><span style=\"font-weight: 400;\"><br \/>\n<\/span><span style=\"font-weight: 400;\">L\u00e9ger, doux, il convient m\u00eame aux peaux r\u00e9actives.<\/span><\/li>\n<\/ul>\n<h2><b>2. SOME BY MI S\u00e9rum r\u00e9activant intense au r\u00e9tinol<\/b><\/h2>\n<p><span style=\"font-weight: 400;\">Un s\u00e9rum au r\u00e9tinol doux et efficace, dot\u00e9 d'une technologie d'administration avanc\u00e9e.<\/span><span style=\"font-weight: 400;\"><br \/>\n<\/span><b>Ce qu'il fait :<\/b><\/p>\n<ul>\n<li style=\"font-weight: 400;\" aria-level=\"1\"><span style=\"font-weight: 400;\">Lisse les rides, renforce l'\u00e9lasticit\u00e9 et am\u00e9liore la texture (Retinol 0.1% + Retinal + Bakuchiol)<\/span><\/li>\n<li style=\"font-weight: 400;\" aria-level=\"1\"><span style=\"font-weight: 400;\">Strengthens barrier &amp; reduces irritation (TruCica\u2122, beta-glucan, ceramides, panthenol)<\/span><\/li>\n<li style=\"font-weight: 400;\" aria-level=\"1\"><span style=\"font-weight: 400;\">Calme les rougeurs et hydrate les peaux sensibles<\/span><\/li>\n<li style=\"font-weight: 400;\" aria-level=\"1\"><span style=\"font-weight: 400;\">Non com\u00e9dog\u00e8ne, sans 20 ingr\u00e9dients nocifs<\/span><span style=\"font-weight: 400;\"><br \/>\n<\/span><span style=\"font-weight: 400;\">Id\u00e9al pour les signes de vieillissement pr\u00e9coce, les peaux sensibles et les d\u00e9butants en r\u00e9tinol.<\/span><\/li>\n<\/ul>\n<h2><b>3. VT Reedle Shot 300<\/b><\/h2>\n<p><span style=\"font-weight: 400;\">Un booster de peau de nouvelle g\u00e9n\u00e9ration utilisant la technologie des micro-aiguilles pour une meilleure absorption et un meilleur renouvellement de la peau.<\/span><span style=\"font-weight: 400;\"><br \/>\n<\/span><b>Ce qu'il fait :<\/b><\/p>\n<ul>\n<li style=\"font-weight: 400;\" aria-level=\"1\"><span style=\"font-weight: 400;\">Affine la texture et resserre les pores<\/span><\/li>\n<li style=\"font-weight: 400;\" aria-level=\"1\"><span style=\"font-weight: 400;\">Am\u00e9liore l'absorption des autres soins de la peau<\/span><\/li>\n<li style=\"font-weight: 400;\" aria-level=\"1\"><span style=\"font-weight: 400;\">Soothes irritation (Propolis, Cica Reedle\u2122)<\/span><\/li>\n<li style=\"font-weight: 400;\" aria-level=\"1\"><span style=\"font-weight: 400;\">\u00c9claircit et am\u00e9liore l'\u00e9lasticit\u00e9 (niacinamide, ad\u00e9nosine, acides amin\u00e9s)<\/span><\/li>\n<li style=\"font-weight: 400;\" aria-level=\"1\"><span style=\"font-weight: 400;\">Recommand\u00e9 un jour sur deux<\/span><span style=\"font-weight: 400;\"><br \/>\n<\/span><span style=\"font-weight: 400;\">Parfait pour les peaux ternes, congestionn\u00e9es ou irr\u00e9guli\u00e8res.<\/span><\/li>\n<\/ul>\n<h2><b>4. Anua Rice 70% Glow Milky Toner (250 ml)<\/b><\/h2>\n<p><span style=\"font-weight: 400;\">Un tonique \u00e9claircissant, hydratant et soutenant la barri\u00e8re cutan\u00e9e.<\/span><span style=\"font-weight: 400;\"><br \/>\n<\/span><b>Ce qu'il fait :<\/b><\/p>\n<ul>\n<li style=\"font-weight: 400;\" aria-level=\"1\"><span style=\"font-weight: 400;\">Eclaircit le teint (70% eau de son de riz + niacinamide)<\/span><\/li>\n<li style=\"font-weight: 400;\" aria-level=\"1\"><span style=\"font-weight: 400;\">Renforce la barri\u00e8re d'hydratation (C\u00e9ramide AP &amp; NP)<\/span><\/li>\n<li style=\"font-weight: 400;\" aria-level=\"1\"><span style=\"font-weight: 400;\">Apaise et hydrate les peaux sensibles (hyaluronate de sodium, b\u00e9ta\u00efne, panth\u00e9nol, glyc\u00e9rine, allanto\u00efne).<\/span><\/li>\n<li style=\"font-weight: 400;\" aria-level=\"1\"><span style=\"font-weight: 400;\">Texture l\u00e9g\u00e8re et laiteuse ; sans parfum<\/span><span style=\"font-weight: 400;\"><br \/>\n<\/span><span style=\"font-weight: 400;\">Laisse la peau douce, \u00e9clatante, lisse et parfaitement pr\u00e9par\u00e9e.<\/span><\/li>\n<\/ul>\n<h2><b>5. Le s\u00e9rum booster de peau aux 6 peptides<\/b><\/h2>\n<p><span style=\"font-weight: 400;\">Un s\u00e9rum l\u00e9ger de premi\u00e8re \u00e9tape qui am\u00e9liore la fermet\u00e9, la texture, le teint, les pores et la sensibilit\u00e9.<\/span><span style=\"font-weight: 400;\"><br \/>\n<\/span><b>Ce qu'il fait :<\/b><\/p>\n<ul>\n<li style=\"font-weight: 400;\" aria-level=\"1\"><span style=\"font-weight: 400;\">Raffermit et lisse (6 peptides cliniquement prouv\u00e9s)<\/span><\/li>\n<li style=\"font-weight: 400;\" aria-level=\"1\"><span style=\"font-weight: 400;\">R\u00e9gule le s\u00e9bum et r\u00e9duit les pores<\/span><\/li>\n<li style=\"font-weight: 400;\" aria-level=\"1\"><span style=\"font-weight: 400;\">\u00c9claircit le teint in\u00e9gal<\/span><\/li>\n<li style=\"font-weight: 400;\" aria-level=\"1\"><span style=\"font-weight: 400;\">Calme la sensibilit\u00e9 et renforce la barri\u00e8re<\/span><\/li>\n<li style=\"font-weight: 400;\" aria-level=\"1\"><span style=\"font-weight: 400;\">Absorbe instantan\u00e9ment sans coller<\/span><\/li>\n<\/ul>\n<p><span style=\"font-weight: 400;\">Une couche de base id\u00e9ale pour tous les autres traitements.<\/span><\/p>\n<h1>POURQUOI CET ENSEMBLE FONCTIONNE<\/h1>\n<ul>\n<li style=\"font-weight: 400;\" aria-level=\"1\">Triple r\u00e9tino\u00efdes = soin avanc\u00e9 des rides + texture plus lisse<\/li>\n<li style=\"font-weight: 400;\" aria-level=\"1\">Peptides + Niacinamide = fermet\u00e9 et \u00e9claircissement<\/li>\n<li style=\"font-weight: 400;\" aria-level=\"1\">Technologie des micro-aiguilles = absorption et renouvellement accrus<\/li>\n<li style=\"font-weight: 400;\" aria-level=\"1\">Extrait de riz + c\u00e9ramides = barri\u00e8re solide et r\u00e9sistante<\/li>\n<li style=\"font-weight: 400;\" aria-level=\"1\">Complexes Cica + panth\u00e9nol = apaisant pour les peaux sensibles<\/li>\n<li style=\"font-weight: 400;\" aria-level=\"1\">Textures l\u00e9g\u00e8res et faciles \u00e0 superposer = parfaites pour une utilisation quotidienne<\/li>\n<\/ul>\n<p><span style=\"font-weight: 400;\">Le r\u00e9sultat : <\/span>une peau plus ferme, plus lisse, plus lumineuse et d'apparence plus saine.<\/p>\n<h2>Fonctions principales<\/h2>\n<ul>\n<li aria-level=\"1\"><b>R\u00e9duit les rides et les ridules<\/b><\/li>\n<\/ul>\n<ul>\n<li aria-level=\"1\"><b>Raffermit et am\u00e9liore l'\u00e9lasticit\u00e9<\/b><\/li>\n<\/ul>\n<ul>\n<li aria-level=\"1\"><b>Unifie le teint et \u00e9claircit le teint terne<\/b><\/li>\n<\/ul>\n<ul>\n<li aria-level=\"1\"><b>Affine les pores et lisse la texture<\/b><\/li>\n<\/ul>\n<ul>\n<li aria-level=\"1\"><b>Renforce la barri\u00e8re cutan\u00e9e<\/b><\/li>\n<\/ul>\n<ul>\n<li aria-level=\"1\"><b>Hydrate sans alourdir<\/b><\/li>\n<\/ul>\n<ul>\n<li aria-level=\"1\"><b>Am\u00e9liore l'absorption des ingr\u00e9dients actifs<\/b><\/li>\n<\/ul>\n<ul>\n<li aria-level=\"1\"><b>Calme les irritations et les rougeurs<\/b><\/li>\n<\/ul>\n<ul>\n<li aria-level=\"1\"><b>Convient aux peaux sensibles et acn\u00e9iques<\/b><\/li>\n<\/ul>\n<h2><b>S\u00e9curit\u00e9<\/b><\/h2>\n<ul>\n<li aria-level=\"1\"><b>Formules hypoallerg\u00e9niques (si indiqu\u00e9)<\/b><\/li>\n<\/ul>\n<ul>\n<li aria-level=\"1\"><b>S\u00e9rum non com\u00e9dog\u00e8ne<\/b><\/li>\n<\/ul>\n<ul>\n<li aria-level=\"1\"><b>Test\u00e9 dermatologiquement<\/b><\/li>\n<\/ul>\n<ul>\n<li aria-level=\"1\"><b>Exempt de 20 ingr\u00e9dients nocifs (s\u00e9rum au r\u00e9tinol)<\/b><\/li>\n<\/ul>\n<ul>\n<li aria-level=\"1\"><b>Tonique sans parfum<\/b><\/li>\n<\/ul>\n<h1><b>SP\u00c9CIFICATIONS DU PRODUIT - Set de luxe Time to Shine<\/b><\/h1>\n<p><b>Type d'ensemble :<\/b><span style=\"font-weight: 400;\"> Routine avanc\u00e9e d'\u00e9claircissement, de raffermissement et de renouvellement au r\u00e9tinol<\/span><span style=\"font-weight: 400;\"><br \/>\n<\/span><b>Pr\u00e9occupations de la peau :<\/b><span style=\"font-weight: 400;\"> Rides, ridules, teint terne, pores dilat\u00e9s, teint in\u00e9gal, texture rugueuse, perte de fermet\u00e9, vieillissement pr\u00e9coce.<\/span><span style=\"font-weight: 400;\"><br \/>\n<\/span><b>Types de peau :<\/b><span style=\"font-weight: 400;\"> Tous les types de peau - en particulier les peaux ternes, textur\u00e9es, vieillissantes, sensibles et mixtes<\/span><span style=\"font-weight: 400;\"><br \/>\n<\/span><b>Utilisation courante :<\/b><span style=\"font-weight: 400;\"> Concentr\u00e9 PM (r\u00e9tinol) + AM radiance &amp; prep<\/span><\/p>","protected":false},"excerpt":{"rendered":"<p>Time to Shine Deluxe Set Your Complete Brightening - Firming - Renewing Retinol Ritual The Time to Shine Deluxe Set<\/p>","protected":false},"featured_media":5180,"comment_status":"closed","ping_status":"closed","template":"","meta":[],"product_brand":[],"product_cat":[310,20,22,333,312,320,19],"product_tag":[],"class_list":{"0":"post-5184","1":"product","2":"type-product","3":"status-publish","4":"has-post-thumbnail","6":"product_cat-cream","7":"product_cat-essence","8":"product_cat-eye-cream","9":"product_cat-men-sets","10":"product_cat-serum","11":"product_cat-sets","12":"product_cat-toner","14":"first","15":"outofstock","16":"sale","17":"purchasable","18":"product-type-woosb"},"_links":{"self":[{"href":"https:\/\/yukibeauty.ch\/fr\/wp-json\/wp\/v2\/product\/5184","targetHints":{"allow":["GET"]}}],"collection":[{"href":"https:\/\/yukibeauty.ch\/fr\/wp-json\/wp\/v2\/product"}],"about":[{"href":"https:\/\/yukibeauty.ch\/fr\/wp-json\/wp\/v2\/types\/product"}],"replies":[{"embeddable":true,"href":"https:\/\/yukibeauty.ch\/fr\/wp-json\/wp\/v2\/comments?post=5184"}],"wp:featuredmedia":[{"embeddable":true,"href":"https:\/\/yukibeauty.ch\/fr\/wp-json\/wp\/v2\/media\/5180"}],"wp:attachment":[{"href":"https:\/\/yukibeauty.ch\/fr\/wp-json\/wp\/v2\/media?parent=5184"}],"wp:term":[{"taxonomy":"product_brand","embeddable":true,"href":"https:\/\/yukibeauty.ch\/fr\/wp-json\/wp\/v2\/product_brand?post=5184"},{"taxonomy":"product_cat","embeddable":true,"href":"https:\/\/yukibeauty.ch\/fr\/wp-json\/wp\/v2\/product_cat?post=5184"},{"taxonomy":"product_tag","embeddable":true,"href":"https:\/\/yukibeauty.ch\/fr\/wp-json\/wp\/v2\/product_tag?post=5184"}],"curies":[{"name":"wp","href":"https:\/\/api.w.org\/{rel}","templated":true}]}}