{"id":5196,"date":"2025-12-28T10:30:11","date_gmt":"2025-12-28T09:30:11","guid":{"rendered":"https:\/\/yukibeauty.ch\/?post_type=product&#038;p=5196"},"modified":"2025-12-28T11:00:51","modified_gmt":"2025-12-28T10:00:51","slug":"anua-pore-refining-exosome-set","status":"publish","type":"product","link":"https:\/\/yukibeauty.ch\/fr\/shop\/korean-routine\/cleanser\/anua-pore-refining-exosome-set\/","title":{"rendered":"Anua Pore Refining Exosome Set"},"content":{"rendered":"<h2 data-start=\"143\" data-end=\"185\"><strong data-start=\"147\" data-end=\"185\">Anua Pore Refining Exosome Set<\/strong><\/h2>\n<p data-start=\"186\" data-end=\"243\"><strong data-start=\"186\" data-end=\"243\">Le soin avanc\u00e9 des pores rencontre le renouvellement de la peau de nouvelle g\u00e9n\u00e9ration<\/strong><\/p>\n<p data-start=\"245\" data-end=\"526\">A powerful duo designed for experienced skincare users looking to deeply refine pores, resurface texture, and boost skin regeneration. The Anua Pore Refining Exosome Set combines the high-intensity Exosome Shot Ampoule with daily exfoliating Anua Pore Pads for maximum clarity, smoothness, and glow.<\/p>\n<h2 data-start=\"533\" data-end=\"596\"><a href=\"https:\/\/yukibeauty.ch\/fr\/shop\/korean-routine\/serum\/medicube-exosome-ampoule-7500\/\" target=\"_blank\" rel=\"noopener\"><strong data-start=\"540\" data-end=\"594\">1. Medicube One Day Exosome Shot Pore Ampoule 7500<\/strong><\/a><\/h2>\n<p data-start=\"597\" data-end=\"660\"><strong data-start=\"597\" data-end=\"660\">Ampoule haute performance avec 7 500 spicules enrob\u00e9es d'exosomes<\/strong><\/p>\n<p data-start=\"662\" data-end=\"941\">D\u00e9couvrez le niveau sup\u00e9rieur de la technologie des soins de la peau. Cette ampoule puissante utilise 7 500 micro-spicules enrob\u00e9es de substances actives d\u00e9riv\u00e9es du lait. <strong data-start=\"783\" data-end=\"795\">exosomes<\/strong>La peau se r\u00e9g\u00e9n\u00e8re visiblement gr\u00e2ce \u00e0 la pr\u00e9sence d'acides gras om\u00e9ga-3, de peptides et de facteurs de croissance qui stimulent l'absorption, affinent les pores et renouvellent visiblement l'\u00e9piderme. Attendez-vous \u00e0 une sensation de picotement et \u00e0 un signe d'action en profondeur.<\/p>\n<h3 data-start=\"943\" data-end=\"959\"><strong data-start=\"943\" data-end=\"959\">Principaux avantages<\/strong><\/h3>\n<ul data-start=\"960\" data-end=\"1224\">\n<li data-start=\"960\" data-end=\"1014\">\n<p data-start=\"962\" data-end=\"1014\">Renouvellement en profondeur de la peau gr\u00e2ce \u00e0 des micro-aiguilles recouvertes d'exosomes<\/p>\n<\/li>\n<li data-start=\"1015\" data-end=\"1056\">\n<p data-start=\"1017\" data-end=\"1056\">Affine les pores et am\u00e9liore l'\u00e9lasticit\u00e9<\/p>\n<\/li>\n<li data-start=\"1057\" data-end=\"1098\">\n<p data-start=\"1059\" data-end=\"1098\">Exfolie en douceur avec des AHA, BHA et PHA<\/p>\n<\/li>\n<li data-start=\"1099\" data-end=\"1143\">\n<p data-start=\"1101\" data-end=\"1143\">Contr\u00f4le le s\u00e9bum et lisse la texture rugueuse<\/p>\n<\/li>\n<li data-start=\"1144\" data-end=\"1184\">\n<p data-start=\"1146\" data-end=\"1184\">Le Niacinamide \u00e9claircit le teint de la peau<\/p>\n<\/li>\n<li data-start=\"1185\" data-end=\"1224\">\n<p data-start=\"1187\" data-end=\"1224\">Apaise et hydrate gr\u00e2ce au panth\u00e9nol<\/p>\n<\/li>\n<\/ul>\n<h3 data-start=\"1226\" data-end=\"1244\"><strong data-start=\"1226\" data-end=\"1244\">Texture et sensation<\/strong><\/h3>\n<ul data-start=\"1245\" data-end=\"1413\">\n<li data-start=\"1245\" data-end=\"1294\">\n<p data-start=\"1247\" data-end=\"1294\">S\u00e9rum laiteux avec picotements dus aux micro-spicules<\/p>\n<\/li>\n<li data-start=\"1295\" data-end=\"1332\">\n<p data-start=\"1297\" data-end=\"1332\">Recommand\u00e9 pour les utilisateurs exp\u00e9riment\u00e9s<\/p>\n<\/li>\n<li data-start=\"1333\" data-end=\"1413\">\n<p data-start=\"1335\" data-end=\"1413\">Version haute intensit\u00e9 (7500 spicules) ; version plus douce disponible pour les d\u00e9butants<\/p>\n<\/li>\n<\/ul>\n<h4 data-start=\"1415\" data-end=\"1550\"><strong data-start=\"1415\" data-end=\"1441\">Pr\u00e9occupations cutan\u00e9es cibl\u00e9es<\/strong><\/h4>\n<p data-start=\"1415\" data-end=\"1550\">- Pores dilat\u00e9s<br data-start=\"1458\" data-end=\"1461\" \/>- Imperfections et texture rugueuse<br data-start=\"1490\" data-end=\"1493\" \/>- Ternissement et teint in\u00e9gal<br data-start=\"1519\" data-end=\"1522\" \/>- Peau stress\u00e9e et congestionn\u00e9e<\/p>\n<h4 data-start=\"1552\" data-end=\"1693\"><strong data-start=\"1552\" data-end=\"1567\">Pr\u00e9cautions<\/strong><\/h4>\n<p data-start=\"1552\" data-end=\"1693\">- Effectuer un test \u00e9picutan\u00e9 avant utilisation<br data-start=\"1601\" data-end=\"1604\" \/>- Utiliser un \u00e9cran solaire pendant la journ\u00e9e<br data-start=\"1634\" data-end=\"1637\" \/>- D\u00e9conseill\u00e9 aux peaux tr\u00e8s sensibles ou ab\u00eem\u00e9es<\/p>\n<p>&nbsp;<\/p>\n<h2 data-start=\"148\" data-end=\"181\"><a href=\"https:\/\/yukibeauty.ch\/fr\/shop\/pour-les-hommes\/cleanser-for-men\/anua-heartleaf-77-clear-pad\/\">2. Anua Heartleaf 77% Clear Pad [70pcs]<\/a><\/h2>\n<p data-start=\"182\" data-end=\"244\"><strong data-start=\"182\" data-end=\"244\">Tampons toniques apaisants pour une peau plus claire, plus calme et plus lisse<\/strong><\/p>\n<p data-start=\"246\" data-end=\"610\">Am\u00e9liorez votre routine de soins de la peau avec <a href=\"https:\/\/yukibeauty.ch\/fr\/shop\/pour-les-hommes\/cleanser-for-men\/anua-heartleaf-77-clear-pad\/\"><strong data-start=\"281\" data-end=\"314\">Anua Heartleaf 77% Clear Pads (tampons transparents)<\/strong><\/a> - tampons toner multit\u00e2ches imbib\u00e9s de 77% <strong data-start=\"355\" data-end=\"383\">Tonique apaisant Heartleaf<\/strong>Ces coussinets sont con\u00e7us pour hydrater, calmer les irritations et affiner le grain de la peau. Ces tampons \u00e0 double texture exfolient en douceur, \u00e9liminent les impuret\u00e9s et aident \u00e0 \u00e9quilibrer les niveaux de s\u00e9bum, ce qui en fait un must pour les peaux sensibles et sujettes \u00e0 l'acn\u00e9.<\/p>\n<h2 data-start=\"612\" data-end=\"631\">Principaux avantages<\/h2>\n<ul data-start=\"633\" data-end=\"1220\">\n<li data-start=\"633\" data-end=\"749\">\n<p data-start=\"635\" data-end=\"749\"><strong data-start=\"635\" data-end=\"694\">Infus\u00e9 avec 77% Extrait de feuille de c\u0153ur (Houttuynia Cordata)<\/strong> pour calmer les rougeurs et apaiser les peaux sensibles et irrit\u00e9es<\/p>\n<\/li>\n<li data-start=\"750\" data-end=\"828\">\n<p data-start=\"752\" data-end=\"828\"><strong data-start=\"752\" data-end=\"789\">Hydrate tout en exfoliant en douceur<\/strong> les cellules mortes de la peau et les d\u00e9p\u00f4ts r\u00e9siduels<\/p>\n<\/li>\n<li data-start=\"829\" data-end=\"989\">\n<p data-start=\"831\" data-end=\"989\"><strong data-start=\"831\" data-end=\"855\">Complexe anti-s\u00e9bum P<\/strong> (feuilles de Pinus Palustris, onagre, racines d'Ulmus, extraits de racines de Pueraria) aide <strong data-start=\"939\" data-end=\"956\">resserre les pores<\/strong> et <strong data-start=\"961\" data-end=\"987\">contr\u00f4ler la production de p\u00e9trole<\/strong><\/p>\n<\/li>\n<li data-start=\"990\" data-end=\"1071\">\n<p data-start=\"992\" data-end=\"1071\"><strong data-start=\"992\" data-end=\"1009\">C\u00f4t\u00e9 gaufr\u00e9<\/strong> \u00e9limine les impuret\u00e9s et les cellules mortes pour une texture plus lisse<\/p>\n<\/li>\n<li data-start=\"1072\" data-end=\"1153\">\n<p data-start=\"1074\" data-end=\"1153\"><strong data-start=\"1074\" data-end=\"1087\">C\u00f4t\u00e9 doux<\/strong> tonifie et pr\u00e9pare la peau pour une meilleure absorption des s\u00e9rums et des cr\u00e8mes<\/p>\n<\/li>\n<li data-start=\"1154\" data-end=\"1220\">\n<p data-start=\"1156\" data-end=\"1220\"><strong data-start=\"1156\" data-end=\"1177\">Formule multi-usages<\/strong> - peut \u00e9galement \u00eatre utilis\u00e9 comme masque apaisant localis\u00e9<\/p>\n<\/li>\n<\/ul>\n<h2 data-start=\"1222\" data-end=\"1237\">Id\u00e9al pour<\/h2>\n<ul data-start=\"1239\" data-end=\"1362\">\n<li data-start=\"1239\" data-end=\"1270\">\n<p data-start=\"1241\" data-end=\"1270\">Peau sensible ou irrit\u00e9e<\/p>\n<\/li>\n<li data-start=\"1271\" data-end=\"1300\">\n<p data-start=\"1273\" data-end=\"1300\">Peau grasse et mixte<\/p>\n<\/li>\n<li data-start=\"1301\" data-end=\"1326\">\n<p data-start=\"1303\" data-end=\"1326\">Texture terne ou rugueuse<\/p>\n<\/li>\n<li data-start=\"1327\" data-end=\"1362\">\n<p data-start=\"1329\" data-end=\"1362\">Pores dilat\u00e9s ou exc\u00e8s de s\u00e9bum<\/p>\n<\/li>\n<\/ul>\n<h4 data-start=\"2488\" data-end=\"2623\"><strong data-start=\"2488\" data-end=\"2504\">Convient pour<\/strong><\/h4>\n<p data-start=\"2488\" data-end=\"2623\">- Peau grasse, mixte et acn\u00e9ique<br data-start=\"2545\" data-end=\"2548\" \/>- Peau congestionn\u00e9e ou rugueuse<br data-start=\"2573\" data-end=\"2576\" \/>- Peau sensible (formule douce sans alcool)<\/p>\n<p data-start=\"2488\" data-end=\"2623\">The Anua Pore Refining Exosome Set is perfect for all genders.<\/p>","protected":false},"excerpt":{"rendered":"<p>Anua Pore Refining Exosome Set Advanced pore care meets next-generation skin renewal A powerful duo designed for experienced skincare users<\/p>","protected":false},"featured_media":5198,"comment_status":"open","ping_status":"closed","template":"","meta":[],"product_brand":[],"product_cat":[17,312,320],"product_tag":[],"class_list":{"0":"post-5196","1":"product","2":"type-product","3":"status-publish","4":"has-post-thumbnail","6":"product_cat-cleanser","7":"product_cat-serum","8":"product_cat-sets","10":"first","11":"instock","12":"purchasable","13":"product-type-woosb"},"_links":{"self":[{"href":"https:\/\/yukibeauty.ch\/fr\/wp-json\/wp\/v2\/product\/5196","targetHints":{"allow":["GET"]}}],"collection":[{"href":"https:\/\/yukibeauty.ch\/fr\/wp-json\/wp\/v2\/product"}],"about":[{"href":"https:\/\/yukibeauty.ch\/fr\/wp-json\/wp\/v2\/types\/product"}],"replies":[{"embeddable":true,"href":"https:\/\/yukibeauty.ch\/fr\/wp-json\/wp\/v2\/comments?post=5196"}],"wp:featuredmedia":[{"embeddable":true,"href":"https:\/\/yukibeauty.ch\/fr\/wp-json\/wp\/v2\/media\/5198"}],"wp:attachment":[{"href":"https:\/\/yukibeauty.ch\/fr\/wp-json\/wp\/v2\/media?parent=5196"}],"wp:term":[{"taxonomy":"product_brand","embeddable":true,"href":"https:\/\/yukibeauty.ch\/fr\/wp-json\/wp\/v2\/product_brand?post=5196"},{"taxonomy":"product_cat","embeddable":true,"href":"https:\/\/yukibeauty.ch\/fr\/wp-json\/wp\/v2\/product_cat?post=5196"},{"taxonomy":"product_tag","embeddable":true,"href":"https:\/\/yukibeauty.ch\/fr\/wp-json\/wp\/v2\/product_tag?post=5196"}],"curies":[{"name":"wp","href":"https:\/\/api.w.org\/{rel}","templated":true}]}}