{"id":148,"date":"2025-06-19T12:44:02","date_gmt":"2025-06-19T10:44:02","guid":{"rendered":"https:\/\/yukibeauty.ch\/?page_id=148"},"modified":"2025-09-15T11:23:50","modified_gmt":"2025-09-15T09:23:50","slug":"delivery-and-payment","status":"publish","type":"page","link":"https:\/\/yukibeauty.ch\/it\/delivery-and-payment\/","title":{"rendered":"Consegna e pagamento"},"content":{"rendered":"<div data-elementor-type=\"wp-page\" data-elementor-id=\"148\" class=\"elementor elementor-148\" data-elementor-post-type=\"page\">\n\t\t\t\t<div class=\"elementor-element elementor-element-e16b917 e-con-full wd-section-stretch-content e-flex e-con e-parent\" data-id=\"e16b917\" data-element_type=\"container\" data-e-type=\"container\">\n\t\t\t\t<div class=\"elementor-element elementor-element-00d5c75 elementor-widget elementor-widget-woocommerce-breadcrumb\" data-id=\"00d5c75\" data-element_type=\"widget\" data-e-type=\"widget\" data-widget_type=\"woocommerce-breadcrumb.default\">\n\t\t\t\t<div class=\"elementor-widget-container\">\n\t\t\t\t\t<nav class=\"wd-breadcrumbs woocommerce-breadcrumb\" aria-label=\"Briciola di pane\">\t\t\t\t<span class=\"wd-last\">\n\t\t\t\t\tMain page\t\t\t\t<\/span>\n\t\t\t<\/nav>\t\t\t\t<\/div>\n\t\t\t\t<\/div>\n\t\t\t\t<div class=\"elementor-element elementor-element-cab42b5 elementor-widget-widescreen__width-initial elementor-widget elementor-widget-heading\" data-id=\"cab42b5\" data-element_type=\"widget\" data-e-type=\"widget\" data-widget_type=\"heading.default\">\n\t\t\t\t<div class=\"elementor-widget-container\">\n\t\t\t\t\t<h2 class=\"elementor-heading-title elementor-size-default\">Spedizione e pagamento<\/h2>\t\t\t\t<\/div>\n\t\t\t\t<\/div>\n\t\t<div class=\"elementor-element elementor-element-66f7950 e-con-full e-flex e-con e-child\" data-id=\"66f7950\" data-element_type=\"container\" data-e-type=\"container\">\n\t\t<div class=\"elementor-element elementor-element-65979ca e-con-full e-flex e-con e-child\" data-id=\"65979ca\" data-element_type=\"container\" data-e-type=\"container\">\n\t\t\t\t<div class=\"elementor-element elementor-element-ed06557 elementor-widget elementor-widget-heading\" data-id=\"ed06557\" data-element_type=\"widget\" data-e-type=\"widget\" data-widget_type=\"heading.default\">\n\t\t\t\t<div class=\"elementor-widget-container\">\n\t\t\t\t\t<p class=\"elementor-heading-title elementor-size-default\">Spedizione<\/p>\t\t\t\t<\/div>\n\t\t\t\t<\/div>\n\t\t\t\t<div class=\"elementor-element elementor-element-fcc16f7 color-scheme-inherit text-left elementor-widget elementor-widget-text-editor\" data-id=\"fcc16f7\" data-element_type=\"widget\" data-e-type=\"widget\" data-widget_type=\"text-editor.default\">\n\t\t\t\t<div class=\"elementor-widget-container\">\n\t\t\t\t\t\t\t\t\t<p>Consegniamo in tutta la Svizzera entro 3-5 giorni lavorativi dal momento della conferma dell'ordine. Le spese di spedizione sono calcolate al momento del checkout e sono a carico del cliente.<\/p>\n<p>Godetevi la spedizione gratuita su tutti gli ordini superiori a CHF 80 (escluse le maschere in fogli, che non rientrano nella soglia di spedizione gratuita).Un piccolo ringraziamento da parte di Yuki Beauty!<\/p>\n<p>Sono disponibili anche spedizioni internazionali - le tariffe dipendono dal servizio di corriere selezionato.<\/p>\t\t\t\t\t\t\t\t<\/div>\n\t\t\t\t<\/div>\n\t\t\t\t<\/div>\n\t\t<div class=\"elementor-element elementor-element-0834d86 e-con-full e-flex e-con e-child\" data-id=\"0834d86\" data-element_type=\"container\" data-e-type=\"container\">\n\t\t\t\t<div class=\"elementor-element elementor-element-8e43490 elementor-widget elementor-widget-heading\" data-id=\"8e43490\" data-element_type=\"widget\" data-e-type=\"widget\" data-widget_type=\"heading.default\">\n\t\t\t\t<div class=\"elementor-widget-container\">\n\t\t\t\t\t<p class=\"elementor-heading-title elementor-size-default\">Pagamento<\/p>\t\t\t\t<\/div>\n\t\t\t\t<\/div>\n\t\t\t\t<div class=\"elementor-element elementor-element-6acbe15 color-scheme-inherit text-left elementor-widget elementor-widget-text-editor\" data-id=\"6acbe15\" data-element_type=\"widget\" data-e-type=\"widget\" data-widget_type=\"text-editor.default\">\n\t\t\t\t<div class=\"elementor-widget-container\">\n\t\t\t\t\t\t\t\t\t<p>Il vostro comfort \u00e8 la nostra priorit\u00e0.<br \/>Ecco perch\u00e9 supportiamo i metodi di pagamento pi\u00f9 affidabili e convenienti della Svizzera:<\/p><ul><li>Twint<\/li><li>PayPal<\/li><li>Apple Pay<\/li><li>Carte di credito (Visa \/ MasterCard \/ altre)<\/li><li>Revolut<\/li><\/ul><p>Scegliete ci\u00f2 che pi\u00f9 vi aggrada: alla sicurezza e alla semplicit\u00e0 ci pensiamo noi.<\/p>\t\t\t\t\t\t\t\t<\/div>\n\t\t\t\t<\/div>\n\t\t\t\t<\/div>\n\t\t\t\t<\/div>\n\t\t\t\t<\/div>\n\t\t\t\t<\/div>","protected":false},"excerpt":{"rendered":"<p>Shipping and Payment Shipping We deliver across Switzerland within 3\u20135 business days from the moment your order is confirmed. Shipping<\/p>","protected":false},"author":1,"featured_media":0,"parent":0,"menu_order":0,"comment_status":"closed","ping_status":"closed","template":"","meta":{"footnotes":""},"class_list":["post-148","page","type-page","status-publish","hentry"],"_links":{"self":[{"href":"https:\/\/yukibeauty.ch\/it\/wp-json\/wp\/v2\/pages\/148","targetHints":{"allow":["GET"]}}],"collection":[{"href":"https:\/\/yukibeauty.ch\/it\/wp-json\/wp\/v2\/pages"}],"about":[{"href":"https:\/\/yukibeauty.ch\/it\/wp-json\/wp\/v2\/types\/page"}],"author":[{"embeddable":true,"href":"https:\/\/yukibeauty.ch\/it\/wp-json\/wp\/v2\/users\/1"}],"replies":[{"embeddable":true,"href":"https:\/\/yukibeauty.ch\/it\/wp-json\/wp\/v2\/comments?post=148"}],"version-history":[{"count":0,"href":"https:\/\/yukibeauty.ch\/it\/wp-json\/wp\/v2\/pages\/148\/revisions"}],"wp:attachment":[{"href":"https:\/\/yukibeauty.ch\/it\/wp-json\/wp\/v2\/media?parent=148"}],"curies":[{"name":"wp","href":"https:\/\/api.w.org\/{rel}","templated":true}]}}