{"id":1046,"date":"2025-06-25T11:14:00","date_gmt":"2025-06-25T09:14:00","guid":{"rendered":"https:\/\/yukibeauty.ch\/?post_type=product&#038;p=1046"},"modified":"2025-12-18T16:07:48","modified_gmt":"2025-12-18T15:07:48","slug":"medicube-age-r-booster-pro","status":"publish","type":"product","link":"https:\/\/yukibeauty.ch\/it\/negozio\/beauty-tools\/medicube-age-r-booster-pro\/","title":{"rendered":"Medicube - Age-R Booster Pro"},"content":{"rendered":"<h2 data-start=\"223\" data-end=\"281\">Medicube AGE-R Booster Pro - Ottenere una pelle di vetro a casa propria<\/h2>\n<p data-start=\"283\" data-end=\"627\"><strong data-start=\"283\" data-end=\"345\">Luminosit\u00e0 mai vista prima con Medicube AGE-R Booster Pro<\/strong> - un dispositivo per la cura della pelle tutto in uno, progettato per donare una pelle luminosa, liscia e simile al vetro. Sostenuto da un'innovativa tecnologia dermatologica, questo potente strumento aumenta l'assorbimento, migliora l'elasticit\u00e0, restringe i pori e migliora l'intera routine di cura della pelle. Adatto a tutti i tipi di pelle.<\/p>\n<h2 data-start=\"629\" data-end=\"677\">4 modalit\u00e0 avanzate, 1 dispositivo - Risultati visibili<\/h2>\n<p data-start=\"679\" data-end=\"1024\"><strong data-start=\"679\" data-end=\"738\">Modalit\u00e0 Air Shot - Micro-canalizzazione elettrica per la cura dei pori<\/strong><br data-start=\"738\" data-end=\"741\" \/>Grazie alla tecnologia non invasiva dell'ago elettrico, la modalit\u00e0 Air Shot crea micro-passaggi sulla superficie della pelle, contribuendo a migliorare l'elasticit\u00e0 dei pori senza causare danni. I risultati clinici mostrano un <strong data-start=\"928\" data-end=\"963\">791% incremento della permeabilit\u00e0 cutanea<\/strong>rendendo i prodotti per la cura della pelle molto pi\u00f9 efficaci.<\/p>\n<p data-start=\"1026\" data-end=\"1348\"><strong data-start=\"1026\" data-end=\"1080\">Modalit\u00e0 Booster - Elettroporazione per un assorbimento profondo<\/strong><br data-start=\"1080\" data-end=\"1083\" \/>La modalit\u00e0 Booster migliora l'assorbimento dei principi attivi grazie all'avanzata tecnologia di elettroporazione. Crea micro-canali temporanei per una penetrazione profonda del prodotto, migliorando la luminosit\u00e0 della pelle e lo splendore generale. \u00c8 clinicamente dimostrato che aumenta l'assorbimento di <strong data-start=\"1339\" data-end=\"1347\">785%<\/strong>.<\/p>\n<p data-start=\"1350\" data-end=\"1578\"><strong data-start=\"1350\" data-end=\"1397\">Modalit\u00e0 MC - Microcorrente per il sollevamento e il volume<\/strong><br data-start=\"1397\" data-end=\"1400\" \/>\u00c8 indicato per le aree soggette a cedimento, come il contorno occhi e la bocca. Le microcorrenti stimolano delicatamente i muscoli facciali, aiutando a sollevare e a volumizzare la pelle per un aspetto pi\u00f9 giovane.<\/p>\n<p data-start=\"1580\" data-end=\"1794\"><strong data-start=\"1580\" data-end=\"1627\">Modalit\u00e0 Derma Shot - EMS per il contorno del viso<\/strong><br data-start=\"1627\" data-end=\"1630\" \/>Stimola i muscoli del viso con la tecnologia EMS a media frequenza. La modalit\u00e0 Derma Shot aiuta a rassodare e contornare il viso lavorando in profondit\u00e0 sui muscoli che hanno perso elasticit\u00e0.<\/p>\n<p data-start=\"1580\" data-end=\"1794\"><img fetchpriority=\"high\" decoding=\"async\" class=\"alignnone size-full wp-image-3206\" src=\"https:\/\/yukibeauty.ch\/wp-content\/uploads\/2025\/06\/HIKOCO_Medicube_Age-R_Booster_Pro_32.webp.gif\" alt=\"\" width=\"700\" height=\"408\" srcset=\"https:\/\/yukibeauty.ch\/wp-content\/uploads\/2025\/06\/HIKOCO_Medicube_Age-R_Booster_Pro_32.webp.gif 700w, https:\/\/yukibeauty.ch\/wp-content\/uploads\/2025\/06\/HIKOCO_Medicube_Age-R_Booster_Pro_32.webp-18x10.gif 18w, https:\/\/yukibeauty.ch\/wp-content\/uploads\/2025\/06\/HIKOCO_Medicube_Age-R_Booster_Pro_32.webp-600x350.gif 600w, https:\/\/yukibeauty.ch\/wp-content\/uploads\/2025\/06\/HIKOCO_Medicube_Age-R_Booster_Pro_32.webp-150x87.gif 150w\" sizes=\"(max-width: 700px) 100vw, 700px\" \/><\/p>\n<h2 data-start=\"1796\" data-end=\"1844\">Esperienza personalizzata con l'App AGE-R<\/h2>\n<p data-start=\"1845\" data-end=\"2077\">Assumete il pieno controllo della vostra cura della pelle con il programma <strong data-start=\"1889\" data-end=\"1902\">App AGE-R<\/strong>. Accedete a video guidati, seguite i vostri progressi e personalizzate le impostazioni dei LED per le vostre specifiche problematiche cutanee. L'applicazione garantisce una routine di cura della pelle su misura che si adatta ai vostri obiettivi.<\/p>\n<h2 data-start=\"2079\" data-end=\"2130\">5 opzioni di luce LED per soluzioni cutanee mirate<\/h2>\n<p data-start=\"2132\" data-end=\"2218\">Ciascun colore dei LED si rivolge a un problema specifico, lavorando in armonia con le modalit\u00e0 del dispositivo:<\/p>\n<ul data-start=\"2220\" data-end=\"2562\">\n<li data-start=\"2220\" data-end=\"2277\">\n<p data-start=\"2222\" data-end=\"2277\"><strong data-start=\"2222\" data-end=\"2244\">Viola (390~455nm)<\/strong> - Migliora l'assorbimento del trattamento<\/p>\n<\/li>\n<li data-start=\"2278\" data-end=\"2339\">\n<p data-start=\"2280\" data-end=\"2339\"><strong data-start=\"2280\" data-end=\"2300\">Blu (455~492nm)<\/strong> - Minimizza i pori e controlla il sebo<\/p>\n<\/li>\n<li data-start=\"2340\" data-end=\"2390\">\n<p data-start=\"2342\" data-end=\"2390\"><strong data-start=\"2342\" data-end=\"2363\">Verde (492~577nm)<\/strong> - Aggiunge volume e rimbalzo<\/p>\n<\/li>\n<li data-start=\"2391\" data-end=\"2439\">\n<p data-start=\"2393\" data-end=\"2439\"><strong data-start=\"2393\" data-end=\"2415\">Arancione (597~622nm)<\/strong> - Illumina la pelle spenta<\/p>\n<\/li>\n<li data-start=\"2440\" data-end=\"2562\">\n<p data-start=\"2442\" data-end=\"2562\"><strong data-start=\"2442\" data-end=\"2461\">Rosso (622~780nm)<\/strong> - Aumenta l'elasticit\u00e0 e la compattezza<br data-start=\"2494\" data-end=\"2497\" \/><em data-start=\"2497\" data-end=\"2562\">Le luci LED sono preimpostate per modalit\u00e0 e regolabili tramite l'App AGE-R.<\/em><\/p>\n<\/li>\n<\/ul>\n<p><img decoding=\"async\" class=\"alignnone size-full wp-image-3197\" src=\"https:\/\/yukibeauty.ch\/wp-content\/uploads\/2025\/06\/HIKOCO_Medicube_Age-R_Booster_Pro_31.webp.gif\" alt=\"\" width=\"700\" height=\"455\" srcset=\"https:\/\/yukibeauty.ch\/wp-content\/uploads\/2025\/06\/HIKOCO_Medicube_Age-R_Booster_Pro_31.webp.gif 700w, https:\/\/yukibeauty.ch\/wp-content\/uploads\/2025\/06\/HIKOCO_Medicube_Age-R_Booster_Pro_31.webp-18x12.gif 18w, https:\/\/yukibeauty.ch\/wp-content\/uploads\/2025\/06\/HIKOCO_Medicube_Age-R_Booster_Pro_31.webp-600x390.gif 600w, https:\/\/yukibeauty.ch\/wp-content\/uploads\/2025\/06\/HIKOCO_Medicube_Age-R_Booster_Pro_31.webp-150x98.gif 150w\" sizes=\"(max-width: 700px) 100vw, 700px\" \/><\/p>\n<h2 data-start=\"2564\" data-end=\"2596\">Non \u00e8 necessario il gel conduttivo<\/h2>\n<p data-start=\"2597\" data-end=\"2795\">\u00c8 sufficiente abbinare il Booster Pro ai sieri o alle essenze preferite, senza bisogno di gel conduttore. La sua perfetta integrazione nella routine esistente rende la cura della pelle pi\u00f9 intelligente, pi\u00f9 facile e pi\u00f9 efficace.<\/p>\n<p data-start=\"2802\" data-end=\"2964\"><strong data-start=\"2802\" data-end=\"2868\">Liberate il potere della cura della pelle di livello clinico nelle vostre mani.<\/strong><br data-start=\"2868\" data-end=\"2871\" \/>Medicube AGE-R Booster Pro non \u00e8 solo un dispositivo di bellezza: \u00e8 il vostro laboratorio personale per la cura della pelle.<\/p>","protected":false},"excerpt":{"rendered":"<p>Medicube AGE-R Booster Pro \u2013 Achieve Glass Skin at Home Glow like never before with the Medicube AGE-R Booster Pro<\/p>","protected":false},"featured_media":3207,"comment_status":"open","ping_status":"closed","template":"","meta":[],"product_brand":[],"product_cat":[26,49],"product_tag":[],"class_list":{"0":"post-1046","1":"product","2":"type-product","3":"status-publish","4":"has-post-thumbnail","6":"product_cat-beauty-tools","7":"product_cat-for-men","9":"first","10":"instock","11":"shipping-taxable","12":"purchasable","13":"product-type-simple"},"_links":{"self":[{"href":"https:\/\/yukibeauty.ch\/it\/wp-json\/wp\/v2\/product\/1046","targetHints":{"allow":["GET"]}}],"collection":[{"href":"https:\/\/yukibeauty.ch\/it\/wp-json\/wp\/v2\/product"}],"about":[{"href":"https:\/\/yukibeauty.ch\/it\/wp-json\/wp\/v2\/types\/product"}],"replies":[{"embeddable":true,"href":"https:\/\/yukibeauty.ch\/it\/wp-json\/wp\/v2\/comments?post=1046"}],"wp:featuredmedia":[{"embeddable":true,"href":"https:\/\/yukibeauty.ch\/it\/wp-json\/wp\/v2\/media\/3207"}],"wp:attachment":[{"href":"https:\/\/yukibeauty.ch\/it\/wp-json\/wp\/v2\/media?parent=1046"}],"wp:term":[{"taxonomy":"product_brand","embeddable":true,"href":"https:\/\/yukibeauty.ch\/it\/wp-json\/wp\/v2\/product_brand?post=1046"},{"taxonomy":"product_cat","embeddable":true,"href":"https:\/\/yukibeauty.ch\/it\/wp-json\/wp\/v2\/product_cat?post=1046"},{"taxonomy":"product_tag","embeddable":true,"href":"https:\/\/yukibeauty.ch\/it\/wp-json\/wp\/v2\/product_tag?post=1046"}],"curies":[{"name":"wp","href":"https:\/\/api.w.org\/{rel}","templated":true}]}}