{"id":2089,"date":"2025-07-08T14:59:32","date_gmt":"2025-07-08T12:59:32","guid":{"rendered":"https:\/\/yukibeauty.ch\/product\/anua-heartleaf-77-clear-pad\/"},"modified":"2025-12-23T17:36:07","modified_gmt":"2025-12-23T16:36:07","slug":"anua-heartleaf-77-clear-pad","status":"publish","type":"product","link":"https:\/\/yukibeauty.ch\/it\/negozio\/per-gli-uomini\/cleanser-for-men\/anua-heartleaf-77-clear-pad\/","title":{"rendered":"Anua Heartleaf 77 Pad trasparente"},"content":{"rendered":"<h2 data-start=\"148\" data-end=\"181\">Anua Heartleaf 77% tampone trasparente [70pz]<\/h2>\n<p data-start=\"182\" data-end=\"244\"><strong data-start=\"182\" data-end=\"244\">Tamponi tonici lenitivi per una pelle pi\u00f9 chiara, pi\u00f9 calma e pi\u00f9 liscia<\/strong><\/p>\n<p data-start=\"246\" data-end=\"610\">Migliorate la vostra routine di cura della pelle con <strong data-start=\"281\" data-end=\"314\">Anua Heartleaf 77% pastiglie trasparenti<\/strong> - pastiglie di toner multitasking impregnate di 77% <strong data-start=\"355\" data-end=\"383\">Tonico lenitivo Heartleaf<\/strong>studiati per idratare, calmare le irritazioni e affinare la grana della pelle. Questi dischetti a doppia testura forniscono un'esfoliazione delicata, rimuovono le impurit\u00e0 e aiutano a bilanciare i livelli di sebo, rendendoli un must-have per le pelli sensibili e a tendenza acneica.<\/p>\n<h2 data-start=\"612\" data-end=\"631\">Vantaggi principali<\/h2>\n<ul data-start=\"633\" data-end=\"1220\">\n<li data-start=\"633\" data-end=\"749\">\n<p data-start=\"635\" data-end=\"749\"><strong data-start=\"635\" data-end=\"694\">Infuso con estratto di foglie di cuore 77% (Houttuynia Cordata)<\/strong> per calmare gli arrossamenti e lenire la pelle sensibile e irritata<\/p>\n<\/li>\n<li data-start=\"750\" data-end=\"828\">\n<p data-start=\"752\" data-end=\"828\"><strong data-start=\"752\" data-end=\"789\">Idrata mentre esfolia delicatamente<\/strong> cellule morte e accumuli residui di pelle<\/p>\n<\/li>\n<li data-start=\"829\" data-end=\"989\">\n<p data-start=\"831\" data-end=\"989\"><strong data-start=\"831\" data-end=\"855\">Complesso anti-sebo P<\/strong> (Foglie di Pinus Palustris, Enotera, Radice di Ulmus, Estratti di Radice di Pueraria) aiuta <strong data-start=\"939\" data-end=\"956\">restringere i pori<\/strong> e <strong data-start=\"961\" data-end=\"987\">controllare la produzione di olio<\/strong><\/p>\n<\/li>\n<li data-start=\"990\" data-end=\"1071\">\n<p data-start=\"992\" data-end=\"1071\"><strong data-start=\"992\" data-end=\"1009\">Lato in rilievo<\/strong> rimuove le impurit\u00e0 e le cellule morte della pelle per una texture pi\u00f9 liscia<\/p>\n<\/li>\n<li data-start=\"1072\" data-end=\"1153\">\n<p data-start=\"1074\" data-end=\"1153\"><strong data-start=\"1074\" data-end=\"1087\">Lato morbido<\/strong> tonifica e prepara la pelle per un migliore assorbimento di sieri e creme<\/p>\n<\/li>\n<li data-start=\"1154\" data-end=\"1220\">\n<p data-start=\"1156\" data-end=\"1220\"><strong data-start=\"1156\" data-end=\"1177\">Formula multiuso<\/strong> - pu\u00f2 essere utilizzato anche come maschera lenitiva per le macchie<\/p>\n<\/li>\n<\/ul>\n<h2 data-start=\"1222\" data-end=\"1237\">Ideale per<\/h2>\n<ul data-start=\"1239\" data-end=\"1362\">\n<li data-start=\"1239\" data-end=\"1270\">\n<p data-start=\"1241\" data-end=\"1270\">Pelle sensibile o irritata<\/p>\n<\/li>\n<li data-start=\"1271\" data-end=\"1300\">\n<p data-start=\"1273\" data-end=\"1300\">Pelle grassa e mista<\/p>\n<\/li>\n<li data-start=\"1301\" data-end=\"1326\">\n<p data-start=\"1303\" data-end=\"1326\">Consistenza opaca o ruvida<\/p>\n<\/li>\n<li data-start=\"1327\" data-end=\"1362\">\n<p data-start=\"1329\" data-end=\"1362\">Pori dilatati o eccesso di sebo<\/p>\n<\/li>\n<\/ul>","protected":false},"excerpt":{"rendered":"<p>Anua Heartleaf 77% Clear Pad [70pcs] Soothing toner pads for clearer, calmer, and smoother skin Elevate your skincare routine with<\/p>","protected":false},"featured_media":3113,"comment_status":"open","ping_status":"closed","template":"","meta":[],"product_brand":[],"product_cat":[313,17,49,15,314,19],"product_tag":[],"class_list":{"0":"post-2089","1":"product","2":"type-product","3":"status-publish","4":"has-post-thumbnail","6":"product_cat-cleanser-for-men","7":"product_cat-cleanser","8":"product_cat-for-men","9":"product_cat-korean-routine","10":"product_cat-toner-for-men","11":"product_cat-toner","13":"first","14":"instock","15":"purchasable","16":"product-type-simple"},"_links":{"self":[{"href":"https:\/\/yukibeauty.ch\/it\/wp-json\/wp\/v2\/product\/2089","targetHints":{"allow":["GET"]}}],"collection":[{"href":"https:\/\/yukibeauty.ch\/it\/wp-json\/wp\/v2\/product"}],"about":[{"href":"https:\/\/yukibeauty.ch\/it\/wp-json\/wp\/v2\/types\/product"}],"replies":[{"embeddable":true,"href":"https:\/\/yukibeauty.ch\/it\/wp-json\/wp\/v2\/comments?post=2089"}],"wp:featuredmedia":[{"embeddable":true,"href":"https:\/\/yukibeauty.ch\/it\/wp-json\/wp\/v2\/media\/3113"}],"wp:attachment":[{"href":"https:\/\/yukibeauty.ch\/it\/wp-json\/wp\/v2\/media?parent=2089"}],"wp:term":[{"taxonomy":"product_brand","embeddable":true,"href":"https:\/\/yukibeauty.ch\/it\/wp-json\/wp\/v2\/product_brand?post=2089"},{"taxonomy":"product_cat","embeddable":true,"href":"https:\/\/yukibeauty.ch\/it\/wp-json\/wp\/v2\/product_cat?post=2089"},{"taxonomy":"product_tag","embeddable":true,"href":"https:\/\/yukibeauty.ch\/it\/wp-json\/wp\/v2\/product_tag?post=2089"}],"curies":[{"name":"wp","href":"https:\/\/api.w.org\/{rel}","templated":true}]}}